{"id":54366,"date":"2026-03-19T02:18:42","date_gmt":"2026-03-19T02:18:42","guid":{"rendered":"https:\/\/soydeaqui.ddns.net\/pachuca\/index.php\/producto\/gateway-lorawan-de-uso-exterior-para-el-internet-de-las-cosas\/"},"modified":"2026-03-19T02:18:51","modified_gmt":"2026-03-19T02:18:51","slug":"gateway-lorawan-de-uso-exterior-para-el-internet-de-las-cosas","status":"publish","type":"product","link":"https:\/\/soydeaqui.ddns.net\/pachuca\/index.php\/producto\/gateway-lorawan-de-uso-exterior-para-el-internet-de-las-cosas\/","title":{"rendered":"Gateway LoRaWAN\u00ae de Uso Exterior Para el Internet de Las Cosas."},"content":{"rendered":"<div style='width: 100%; max-width: 1200px; margin: 0 auto; font-family: sans-serif; line-height: 1.6; color: inherit; background-color: transparent;'>\n<div style='display: flex; flex-wrap: wrap; gap: 30px; margin-bottom: 30px;'>\n<div style='flex: 1 1 300px; min-width: 280px;'>\n<h3 style='font-size: 22px; border-bottom: 2px solid currentColor; padding-bottom: 5px; margin-top: 0; color: inherit; opacity: 0.8;'>Caracter\u00edsticas<\/h3>\n<p style='font-size: 15px; color: inherit; text-align: justify;'>El Wirnet iStation es un dispositivo que funciona como una puerta de enlace para la red LoRaWAN. Es ideal para instalaciones en exteriores&comma; como ciudades inteligentes&comma; industrias inteligentes u otros proyectos inteligentes. Es f\u00e1cil de instalar y ofrece una cobertura superior y una excelente capacidad operativa.<\/p>\n<p style='font-size: 15px; color: inherit; text-align: justify;'>El Wirnet iStation cumple con los requisitos est\u00e1ndar de operadores p\u00fablicos&comma; empresas privadas o autoridades p\u00fablicas que desean implementar redes confiables y escalables de IoT. Tambi\u00e9n es f\u00e1cil de usar&comma; incluso para usuarios no especializados en telecomunicaciones.<\/p>\n<p style='font-size: 15px; color: inherit; text-align: justify;'>Este dispositivo cuenta con caracter\u00edsticas exclusivas para su monitoreo remoto&comma; configuraci\u00f3n avanzada de la red de radio y gesti\u00f3n de backhauling. Es compatible con la soluci\u00f3n Wanesy Small Private Network para implementar una red privada independiente de LoRaWAN.<\/p>\n<p style='font-size: 15px; color: inherit; text-align: justify;'>El Wirnet iStation es resistente y compatible con una amplia gama de industrias. Tiene conectividad de backhaul&comma; antenas integradas y un dise\u00f1o resistente para uso industrial. Adem\u00e1s&comma; cuenta con filtros de alta rechazo para evitar interferencias con otros dispositivos de radio.<\/p>\n<p style='font-size: 15px; color: inherit; text-align: justify;'>La seguridad es una prioridad con el Wirnet iStation. Est\u00e1 dise\u00f1ado con una arquitectura de hardware y software innovadora e incluye caracter\u00edsticas de seguridad como SecureBoot y SecureStorage.<\/p>\n<p style='font-size: 15px; color: inherit; text-align: justify;'>Cuando se integra con el Kerlink Wanesy Management Center&comma; la configuraci\u00f3n&comma; gesti\u00f3n&comma; actualizaci\u00f3n y monitoreo es r\u00e1pido y conveniente.<\/p>\n<\/p><\/div>\n<\/p><\/div>\n<div style='display: flex; flex-wrap: wrap; gap: 20px; margin-bottom: 30px;'>\n<div style='flex: 1 1 250px; border: 1px solid rgba(150&comma; 150&comma; 150&comma; 0.4); border-radius: 8px; overflow: hidden; display: flex; flex-direction: column;'>\n<div style='padding: 15px; border-bottom: 1px solid rgba(150&comma; 150&comma; 150&comma; 0.2); font-weight: bold; font-size: 18px; color: inherit;'>Especificaciones<\/div>\n<div style='padding: 15px; color: inherit;'>\n<ul style='padding-left: 20px; margin: 0; font-size: 14px; list-style-type: disc;'>\n<li style='margin-bottom: 5px;'><strong>Necesitara el modelo<\/strong> ACCIOTKAN02 que es el KIT de antena&comma; cable y abrazaderas de sujeci\u00f3n<\/li>\n<li style='margin-bottom: 5px;'><strong>Sniffer para LBT (Listen Before Talk)<\/strong><\/li>\n<li style='margin-bottom: 5px;'><strong>Filtros SAW de alta rechazo incorporados<\/strong><\/li>\n<li style='margin-bottom: 5px;'><strong>Sensibilidad de recepci\u00f3n:<\/strong> -141 dBm (SF12)<\/li>\n<li style='margin-bottom: 5px;'><strong>Potencia de transmisi\u00f3n conducida:<\/strong> configurable desde 5dBm hasta 27 dBm<\/li>\n<li style='margin-bottom: 5px;'><strong>Rango:<\/strong> -40\u00b0C +60\u00b0C<\/li>\n<li style='margin-bottom: 5px;'><strong>Humedad:<\/strong> 95%<\/li>\n<li style='margin-bottom: 5px;'><strong>Tama\u00f1o:<\/strong> 265 x 165 x 100 mm<\/li>\n<li style='margin-bottom: 5px;'><strong>Peso:<\/strong> 1&comma;4kg (kit de montaje incluido)<\/li>\n<li style='margin-bottom: 5px;'><strong>Compatible con an\u00e1lisis de espectro<\/strong><\/li>\n<li style='margin-bottom: 5px;'><strong>Capacitor para apagado limpio de aplicaciones en caso de falla de energ\u00eda<\/strong><\/li>\n<li style='margin-bottom: 5px;'><strong>Carcasa:<\/strong> Alu IP67 (trasera)&comma; Policarbonato (frontal)&comma; Inox (kit de montaje)<\/li>\n<li style='margin-bottom: 5px;'><strong>Protecci\u00f3n contra sobretensiones del enlace RF LoRa<\/strong> (opcional)<\/li>\n<li style='margin-bottom: 5px;'><strong>CPU:<\/strong> ARM Cortex A9<\/li>\n<li style='margin-bottom: 5px;'><strong>DDRAM:<\/strong> 256MB<\/li>\n<li style='margin-bottom: 5px;'><strong>8GB eMMC (6GB disponibles para el usuario)<\/strong><\/li>\n<\/ul><\/div>\n<\/p><\/div>\n<\/p><\/div>\n<div style='display: flex; flex-wrap: wrap; gap: 20px; margin-bottom: 30px;'>\n<div style='flex: 1 1 250px; border: 1px solid rgba(150&comma; 150&comma; 150&comma; 0.4); border-radius: 8px; overflow: hidden; display: flex; flex-direction: column;'>\n<div style='padding: 15px; border-bottom: 1px solid rgba(150&comma; 150&comma; 150&comma; 0.2); font-weight: bold; font-size: 18px; color: inherit;'>Documentaci\u00f3n<\/div>\n<div style='padding: 15px; color: inherit;'>\n<p style='font-size: 15px; color: inherit; text-align: justify;'><strong>Descargar ficha t\u00e9cnica:<\/strong> <a href='ficha-tecnica-gateway-lorawan-kerlink-istation.pdf' target='_blank' style='color: inherit; text-decoration: underline;'>Ficha t\u00e9cnica Gateway LoRaWAN\u00ae de Uso Exterior Para el Internet de Las Cosas<\/a><\/p>\n<\/p><\/div>\n<\/p><\/div>\n<\/p><\/div>\n<div style='display: flex; flex-wrap: wrap; gap: 20px; margin-bottom: 30px;'>\n<div style='flex: 1 1 250px; border: 1px solid rgba(150&comma; 150&comma; 150&comma; 0.4); border-radius: 8px; overflow: hidden; display: flex; flex-direction: column;'>\n<div style='padding: 15px; border-bottom: 1px solid rgba(150&comma; 150&comma; 150&comma; 0.2); font-weight: bold; font-size: 18px; color: inherit;'>Im\u00e1genes<\/div>\n<div style='padding: 15px; color: inherit;'> <img style='width: 100%; height: auto; border: 1px solid rgba(150&comma;150&comma;150&comma;0.3); border-radius: 8px;' src='data:image\/png;base64&comma;iVBORw0KGgoAAAANSUhEUgAAAKAAAAD1CAYAAADXjP5pAAAAAXNSR0IArs4c6QAAIABJREFUeF7sXQd4FFXXPjOzfTcVQolIAkZQG9kRQYpYEClWQAWxgAhIFwOon0oAQVB\/QJAlTIIi0kVQigqoIFKjBRt47oXQe+89YJq89\/85d2ZnSUIK2O6v387Dk3tzz9177j33zPc99z11ZASgE3D1RwA6D0KvKQj433h8Q80gD99zH4apqA333Xh4fHx8eX1Gv9GpYFAPwZ9KLnCzWGauih03\/z8j2pDw9vqN8CJrT8S\/MieYYQavSuqYel96olOfA3EhZcGgWZQ0EwGIDPzgYxKSlJ1Gq1QmZmJh5P70d+U7CqH1t5z8rFV+g5ruocXysA1LoP2mBQWtGDIqBKzWQyMdnZ2eTz8vJyqFq1qj4jI0Pv8\/Q+8DcFq\/rZle9ZufgCPctVneNrBYDa90EHTKqL0oqOFwFVamZmJpOeno4+X71eD2VlZc6zZ8849u07UHj69GmXy+UWvF4v53a7hYqKClYUxZiYmGir1Wq1xMTEWAwGg91isVhNJoPdZDLZGIZxMAzj4TjOzXEcZ7PZ7KzZbLZzHOfhOO48y3IejuPcDMP44uLi4u12u91ms9k5juPtdrvTbrdHcRz3v6SkpBir1Rq1evVq89q1a41r1641y99ZLJZQfHx8yO12G2+66Sb2zTffZGfOnGmUv7NarZ4LHd9rAoB69+7NlZaWslu3bjVJkqR78MEH7S+\/\/PI9Vqu1jizL1E2D9KzK91YFm9aFv0YB6LSCW7Vq5Vi6dCk5T82aNU16vV6qV6+eV7Zs2Qp2u710eHh4aYvFYrVYrDaWZSsYjUa7zWazGQyGqKioqEi9Xh8mCIKd47hQnU5nZ1nWwXGcQ6fT2RmGcTAM42EYxq3T6ZwMw7gZhnFzHOfhOM7D87wX\/0YpSP6OYRi3IAh+QRB8+DfHcT78G6Ug+ZvneR\/5G38XBEHAc1AqQv7G33mO430cx4XwPz6fz1dSUlJcUFBw7vz580UnT548V1BQcP7MmTPFZ8+eLT158uS53Nzc4qNHj5bJ31mtVh9+Z7PZfPjO6XQa09LS9Pfee689OzvbKk1QpWp\/BIDh34sAcN26dY64uDi92+123HjjjZ6GDRs6o6OjK9tsNltsbGwZs9lsY1nWzjCMg2EYB8MwXoZhfBzH+TmO8\/M878e\/8Tf8Hf+G6pD8jZKQ\/43SkPwN36M0JH9HqUj+HqUj+XuUjOQvSkeUjPz4Hf6G3+Hv+Dv+JgiC4WQ4MBoPf5XK5PB6P3+12e5xOp9fj8Zw7f\/78+ZKSEu+5c+fOnj59+uyZM2fO5uXlnT158uS5nJwce87OnWfOnj173u12e2RJiP9555137A8\/\/PB0j8fjwH6gKpim51N1H9V91Z4v9P1XH4C6QoGQlJTEy5IwLi7OZbPZbHfddVf5Vq1a1a1YsWJ1q9V6M8dxJZnNZqfZbA41Go12g8FgZxjGwXGcG6UgykC9Xu81GAxeg8FgN5lMdpSBBqPR6DAYDA6DwWAnMlCv13sZhnFzHOdDGej1elE68vE870Np6Pf7A5Wf53k\/9gPle6D8D6UjSkdUj5T\/4Xf4Hv9DpSP5G6UjSkf8Hf8jS0e\/3+87f\/78eZfL5S0uLq44f\/78hZKSkvP5+fn5+fn5F\/Ly8s6fO3fubG5ubuGxY8fK5O+MRqMf31mtVj8qQ1mW2u1244QJE2yTJ082y32gXq9X7oV8IQC03H8v0GZ4+D8EgEYj8GyZQ1G4oFQpW1FR0ZmHH374wY8\/\/niXzWbLQ2V44cKFi86C5uTkWJ9++un7b7rpprE6na4M9oP0er1cB8L1gOoB1QOqB1QPaNQD6gP4PwSARqMRvLm5uY7bbrvtyVdeeWV2cXHxTQ6Hw459oLw0QfV6vV8aIPoKoHqA6gHVA6oHVA+oHlA9oHog9D2gfgD\/QwCkDqB6gOoB1QOqB1QPBK8H1A\/g\/wgAqQOoHlA9oHpA9YDqgeB5QP0A\/gcBkDqA6gHVA6oHVA+oHgheD6gfwP8QAKkDqB5QPaB6QPWA6oHgeUD9AP6HAEgdQPWA6gHVA6oHVA8ErwfUD+B\/CAAPA6A28AA==' alt=''> <\/div>\n<\/p><\/div>\n<\/p><\/div>\n<hr style='border: 0; border-top: 1px solid rgba(150&comma; 150&comma; 150&comma; 0.3); margin: 30px 0;'> <\/div>\n","protected":false},"excerpt":{"rendered":"<p>Gateway LoRaWAN\u00ae de Uso Exterior Para el Internet de Las Cosas.<\/p>\n","protected":false},"featured_media":54365,"comment_status":"open","ping_status":"closed","template":"","meta":[],"product_brand":[],"product_cat":[1458],"product_tag":[1459,1471,1437],"class_list":{"0":"post-54366","1":"product","2":"type-product","3":"status-publish","4":"has-post-thumbnail","6":"product_cat-gateways-y-routers","7":"product_tag-gateways-y-routers","8":"product_tag-kerlink","9":"product_tag-lorawan","11":"first","12":"instock","13":"sale","14":"shipping-taxable","15":"purchasable","16":"product-type-simple"},"_links":{"self":[{"href":"https:\/\/soydeaqui.ddns.net\/pachuca\/index.php\/wp-json\/wp\/v2\/product\/54366","targetHints":{"allow":["GET"]}}],"collection":[{"href":"https:\/\/soydeaqui.ddns.net\/pachuca\/index.php\/wp-json\/wp\/v2\/product"}],"about":[{"href":"https:\/\/soydeaqui.ddns.net\/pachuca\/index.php\/wp-json\/wp\/v2\/types\/product"}],"replies":[{"embeddable":true,"href":"https:\/\/soydeaqui.ddns.net\/pachuca\/index.php\/wp-json\/wp\/v2\/comments?post=54366"}],"wp:featuredmedia":[{"embeddable":true,"href":"https:\/\/soydeaqui.ddns.net\/pachuca\/index.php\/wp-json\/wp\/v2\/media\/54365"}],"wp:attachment":[{"href":"https:\/\/soydeaqui.ddns.net\/pachuca\/index.php\/wp-json\/wp\/v2\/media?parent=54366"}],"wp:term":[{"taxonomy":"product_brand","embeddable":true,"href":"https:\/\/soydeaqui.ddns.net\/pachuca\/index.php\/wp-json\/wp\/v2\/product_brand?post=54366"},{"taxonomy":"product_cat","embeddable":true,"href":"https:\/\/soydeaqui.ddns.net\/pachuca\/index.php\/wp-json\/wp\/v2\/product_cat?post=54366"},{"taxonomy":"product_tag","embeddable":true,"href":"https:\/\/soydeaqui.ddns.net\/pachuca\/index.php\/wp-json\/wp\/v2\/product_tag?post=54366"}],"curies":[{"name":"wp","href":"https:\/\/api.w.org\/{rel}","templated":true}]}}