{"id":54358,"date":"2026-03-19T02:18:28","date_gmt":"2026-03-19T02:18:28","guid":{"rendered":"https:\/\/soydeaqui.ddns.net\/pachuca\/index.php\/producto\/gateway-lorawan-para-el-internet-de-las-cosas\/"},"modified":"2026-03-19T02:18:40","modified_gmt":"2026-03-19T02:18:40","slug":"gateway-lorawan-para-el-internet-de-las-cosas","status":"publish","type":"product","link":"https:\/\/soydeaqui.ddns.net\/pachuca\/index.php\/producto\/gateway-lorawan-para-el-internet-de-las-cosas\/","title":{"rendered":"Gateway LoRaWAN Para el Internet de Las Cosas."},"content":{"rendered":"<div style='width: 100%; max-width: 1200px; margin: 0 auto; font-family: sans-serif; line-height: 1.6; color: inherit; background-color: transparent;'>\n<div style='display: flex; flex-wrap: wrap; gap: 30px; margin-bottom: 30px;'>\n<div style='flex: 1 1 300px; min-width: 280px;'> <img style='width: 100%; height: auto; border: 1px solid rgba(150&comma;150&comma;150&comma;0.3); border-radius: 8px;' src='https:\/\/ftp3.syscom.mx\/usuarios\/fotos\/IFEMTOCELLEVOLUTION\/216246-ifemtocell_2.png' alt=''> <\/div>\n<div style='flex: 1 1 300px; min-width: 280px;'>\n<p style='text-align: center; font-size: 18px; margin-bottom: 10px;'><strong>Wirnet<sup>TM<\/sup> iFemtoCell-evolution<\/strong><\/p>\n<p style='text-align: center; font-size: 16px; margin-bottom: 20px;'><strong>Gateway LoRaWAN\u00ae de interior para el Internet de las cosas<\/strong><\/p>\n<ul style='padding-left: 20px; font-size: 15px; color: inherit;'>\n<li style='margin-bottom: 10px;'>El Wirnet\u2122 iFemtoCell-evolution es el Gateway ideal para dar soporte a su ciudad inteligente&comma; edificio inteligente o cualquier proyecto inteligente que requiera cobertura dedicada en interiores y\/o densificaci\u00f3n de red&comma; proporcionando tanto una cobertura superior \u00fanica y excelencia operativa con un backhaul interno 3G\/4G.<\/li>\n<li style='margin-bottom: 10px;'>Es una Puerta de Enlace LoRaWAN de Kerlink que forma parte de la gama de gateways interiores de LoRaWAN&comma; compartiendo hardware y software con el Wirnet iFemtoCell&comma; diferenci\u00e1ndose solo en el tipo de conexi\u00f3n de backhaul.<\/li>\n<li style='margin-bottom: 10px;'>Ideal para soportar edificios inteligentes&comma; ciudades inteligentes o cualquier proyecto que requiera una cobertura interior dedicada y\/o densificaci\u00f3n de red&comma; brindando una cobertura superior \u00fanica y una excelente operaci\u00f3n.<\/li>\n<li style='margin-bottom: 10px;'>Ofrece alto rendimiento en entornos exigentes (s\u00f3tanos&comma; subterr\u00e1neos&comma; estacionamientos&comma; ascensores&#8230;) para conectar medidores de energ\u00eda&comma; sensores de estacionamiento o actuadores de equipo.<\/li>\n<li style='margin-bottom: 10px;'>La gama Wirnet iFemtoCell aprovecha el exitoso dise\u00f1o t\u00e9cnico de RF LoRa y el software com\u00fan de las puertas de enlace de la serie Wirnet i.<\/li>\n<li style='margin-bottom: 10px;'>Incluye filtros integrados de alta rechazo y una arquitectura de software segura para ser puertas de enlace confiables en el n\u00facleo de su aplicaci\u00f3n inteligente.<\/li>\n<li style='margin-bottom: 10px;'>F\u00e1cil de administrar y configurar&comma; con funciones exclusivas para monitoreo y gesti\u00f3n remota con las soluciones de operaciones de red de Kerlink&comma; el Wanesy Management Center.<\/li>\n<li style='margin-bottom: 10px;'>Compatible con la soluci\u00f3n de red privada Wanesy Small Private Network para implementar redes privadas LoRaWAN aut\u00f3nomas y autooperativas.<\/li>\n<\/ul><\/div>\n<\/p><\/div>\n<div style='display: flex; flex-wrap: wrap; gap: 20px; margin-bottom: 30px;'>\n<div style='flex: 1 1 250px; border: 1px solid rgba(150&comma; 150&comma; 150&comma; 0.4); border-radius: 8px; overflow: hidden; display: flex; flex-direction: column;'>\n<div style='padding: 15px; border-bottom: 1px solid rgba(150&comma; 150&comma; 150&comma; 0.2); font-weight: bold; font-size: 18px; color: inherit;'>Caracter\u00edsticas Principales<\/div>\n<div style='padding: 15px; color: inherit;'>\n<ul style='padding-left: 20px; margin: 0; font-size: 14px; list-style-type: disc;'>\n<li style='margin-bottom: 5px;'>Protecci\u00f3n de entrada (IP30)<\/li>\n<li style='margin-bottom: 5px;'>8 canales RX (125 kHz&comma; multi Spreading Factor)<\/li>\n<li style='margin-bottom: 5px;'>1 canal RX (250KHz o 500kHz&comma; mono Spreading Factor)<\/li>\n<li style='margin-bottom: 5px;'>1 canal RX (FSK) para obtener 10 canales RX + 1 canal TX<\/li>\n<li style='margin-bottom: 5px;'>Filtros integrados de alta rechazo<\/li>\n<li style='margin-bottom: 5px;'>Suministro de energ\u00eda (230VAC\/12VDC) con conector jack suministrado de 2&comma;5 mm\/5&comma;5 mm<\/li>\n<li style='margin-bottom: 5px;'>Dispositivo altamente seguro con n\u00facleo de hardware seguro<\/li>\n<li style='margin-bottom: 5px;'>Conectividad de backhaul: M\u00f3dulo mundial 4G con retroceso 3G\/2G y Ethernet (RJ45)<\/li>\n<\/ul><\/div>\n<\/p><\/div>\n<\/p><\/div>\n<hr style='border: 0; border-top: 1px solid rgba(150&comma; 150&comma; 150&comma; 0.3); margin: 30px 0;'> <\/div>\n","protected":false},"excerpt":{"rendered":"<p>Gateway LoRaWAN Para el Internet de Las Cosas.<\/p>\n","protected":false},"featured_media":54357,"comment_status":"open","ping_status":"closed","template":"","meta":[],"product_brand":[],"product_cat":[1458],"product_tag":[1459,1471,1437],"class_list":{"0":"post-54358","1":"product","2":"type-product","3":"status-publish","4":"has-post-thumbnail","6":"product_cat-gateways-y-routers","7":"product_tag-gateways-y-routers","8":"product_tag-kerlink","9":"product_tag-lorawan","11":"first","12":"instock","13":"sale","14":"shipping-taxable","15":"purchasable","16":"product-type-simple"},"_links":{"self":[{"href":"https:\/\/soydeaqui.ddns.net\/pachuca\/index.php\/wp-json\/wp\/v2\/product\/54358","targetHints":{"allow":["GET"]}}],"collection":[{"href":"https:\/\/soydeaqui.ddns.net\/pachuca\/index.php\/wp-json\/wp\/v2\/product"}],"about":[{"href":"https:\/\/soydeaqui.ddns.net\/pachuca\/index.php\/wp-json\/wp\/v2\/types\/product"}],"replies":[{"embeddable":true,"href":"https:\/\/soydeaqui.ddns.net\/pachuca\/index.php\/wp-json\/wp\/v2\/comments?post=54358"}],"wp:featuredmedia":[{"embeddable":true,"href":"https:\/\/soydeaqui.ddns.net\/pachuca\/index.php\/wp-json\/wp\/v2\/media\/54357"}],"wp:attachment":[{"href":"https:\/\/soydeaqui.ddns.net\/pachuca\/index.php\/wp-json\/wp\/v2\/media?parent=54358"}],"wp:term":[{"taxonomy":"product_brand","embeddable":true,"href":"https:\/\/soydeaqui.ddns.net\/pachuca\/index.php\/wp-json\/wp\/v2\/product_brand?post=54358"},{"taxonomy":"product_cat","embeddable":true,"href":"https:\/\/soydeaqui.ddns.net\/pachuca\/index.php\/wp-json\/wp\/v2\/product_cat?post=54358"},{"taxonomy":"product_tag","embeddable":true,"href":"https:\/\/soydeaqui.ddns.net\/pachuca\/index.php\/wp-json\/wp\/v2\/product_tag?post=54358"}],"curies":[{"name":"wp","href":"https:\/\/api.w.org\/{rel}","templated":true}]}}