{"id":54346,"date":"2026-03-19T02:18:05","date_gmt":"2026-03-19T02:18:05","guid":{"rendered":"https:\/\/soydeaqui.ddns.net\/pachuca\/index.php\/producto\/mini-burbuja-de-led-serie-x62-color-rojo\/"},"modified":"2026-03-19T02:18:09","modified_gmt":"2026-03-19T02:18:09","slug":"mini-burbuja-de-led-serie-x62-color-rojo","status":"publish","type":"product","link":"https:\/\/soydeaqui.ddns.net\/pachuca\/index.php\/producto\/mini-burbuja-de-led-serie-x62-color-rojo\/","title":{"rendered":"Mini Burbuja de LED Serie X62, Color Rojo"},"content":{"rendered":"<div style='width: 100%; max-width: 1200px; margin: 0 auto; font-family: sans-serif; line-height: 1.6; color: inherit; background-color: transparent;'>\n<div style='display: flex; flex-wrap: wrap; gap: 30px; margin-bottom: 30px;'>\n<div style='flex: 1 1 300px; min-width: 280px;'>\n<h3 style='font-size: 22px; border-bottom: 2px solid currentColor; padding-bottom: 5px; margin-top: 0; color: inherit; opacity: 0.8;'>Caracter\u00edsticas Principales<\/h3>\n<ul style='padding-left: 20px; font-size: 15px; color: inherit;'>\n<li style='margin-bottom: 5px;'><strong>Amplio rango de voltaje:<\/strong> 12 &#8211; 80 VCC<\/li>\n<li style='margin-bottom: 5px;'><strong>Material:<\/strong> Domo de policarbonato<\/li>\n<li style='margin-bottom: 5px;'><strong>Protecci\u00f3n:<\/strong> IP66\/67<\/li>\n<li style='margin-bottom: 5px;'><strong>Consumo:<\/strong> 0.5 amperios<\/li>\n<li style='margin-bottom: 5px;'><strong>LEDs:<\/strong> 3 unidades de \u00faltima generaci\u00f3n<\/li>\n<li style='margin-bottom: 5px;'><strong>Conformidad:<\/strong> SAE J845 Clase III&comma; UL&comma; CE&comma; R10<\/li>\n<li style='margin-bottom: 5px;'><strong>Vida \u00fatil:<\/strong> Larga duraci\u00f3n<\/li>\n<li style='margin-bottom: 5px;'><strong>Protecci\u00f3n el\u00e9ctrica:<\/strong> Contra picos de voltaje<\/li>\n<li style='margin-bottom: 5px;'><strong>Montaje:<\/strong> Permanente<\/li>\n<li style='margin-bottom: 5px;'><strong>Parpadeo:<\/strong> 8 flashes por ciclo (70 FPM)<\/li>\n<\/ul><\/div>\n<div style='flex: 1 1 300px; min-width: 280px;'>\n<h3 style='font-size: 22px; border-bottom: 2px solid currentColor; padding-bottom: 5px; margin-top: 0; color: inherit; opacity: 0.8;'>Especificaciones T\u00e9cnicas<\/h3>\n<ul style='padding-left: 20px; font-size: 15px; color: inherit;'>\n<li style='margin-bottom: 5px;'><strong>Voltaje operativo:<\/strong> DC 10V &#8211; DC 110V<\/li>\n<li style='margin-bottom: 5px;'><strong>Corriente m\u00e1xima:<\/strong> \u22640.6A@12V<\/li>\n<li style='margin-bottom: 5px;'><strong>Consumo:<\/strong> 0.5A<\/li>\n<li style='margin-bottom: 5px;'><strong>Voltaje recomendado:<\/strong> 12 &#8211; 80 VCC<\/li>\n<li style='margin-bottom: 5px;'><strong>Dimensiones:<\/strong> 3.9&#8242; x 4.9&#8242; (Base x Altura)<\/li>\n<li style='margin-bottom: 5px;'><strong>Patr\u00f3n de flash:<\/strong> 1<\/li>\n<\/ul><\/div>\n<div style='flex: 1 1 300px; min-width: 280px;'>\n<h3 style='font-size: 22px; border-bottom: 2px solid currentColor; padding-bottom: 5px; margin-top: 0; color: inherit; opacity: 0.8;'>Aplicaciones<\/h3>\n<ul style='padding-left: 20px; font-size: 15px; color: inherit;'>\n<li style='margin-bottom: 5px;'>Dise\u00f1ada para uso exterior en veh\u00edculos<\/li>\n<li style='margin-bottom: 5px;'>Ideal para se\u00f1alizaci\u00f3n en ambientes exigentes<\/li>\n<li style='margin-bottom: 5px;'>Soluci\u00f3n econ\u00f3mica para m\u00faltiples aplicaciones<\/li>\n<li style='margin-bottom: 5px;'>Requiere ventilaci\u00f3n normal y disipaci\u00f3n de calor<\/li>\n<\/ul><\/div>\n<\/p><\/div>\n<div style='display: flex; flex-wrap: wrap; gap: 20px; margin-bottom: 30px;'>\n<div style='flex: 1 1 250px; border: 1px solid rgba(150&comma; 150&comma; 150&comma; 0.4); border-radius: 8px; overflow: hidden; display: flex; flex-direction: column;'>\n<div style='padding: 15px; border-bottom: 1px solid rgba(150&comma; 150&comma; 150&comma; 0.2); font-weight: bold; font-size: 18px; color: inherit;'>Conexi\u00f3n El\u00e9ctrica<\/div>\n<div style='padding: 15px; color: inherit;'>\n<ul style='padding-left: 20px; margin: 0; font-size: 14px; list-style-type: disc;'>\n<li style='margin-bottom: 5px;'><strong>Longitud de cable expuesto:<\/strong> 300\u00b110mm<\/li>\n<li style='margin-bottom: 5px;'><strong>Cable rojo:<\/strong> VIN+<\/li>\n<li style='margin-bottom: 5px;'><strong>Cable negro:<\/strong> VIN-<\/li>\n<\/ul><\/div>\n<\/p><\/div>\n<div style='flex: 1 1 250px; border: 1px solid rgba(150&comma; 150&comma; 150&comma; 0.4); border-radius: 8px; overflow: hidden; display: flex; flex-direction: column;'>\n<div style='padding: 15px; border-bottom: 1px solid rgba(150&comma; 150&comma; 150&comma; 0.2); font-weight: bold; font-size: 18px; color: inherit;'>Garant\u00eda<\/div>\n<div style='padding: 15px; color: inherit;'>\n<ul style='padding-left: 20px; margin: 0; font-size: 14px; list-style-type: disc;'>\n<li style='margin-bottom: 5px;'>3 a\u00f1os de garant\u00eda<\/li>\n<\/ul><\/div>\n<\/p><\/div>\n<\/p><\/div>\n<hr style='border: 0; border-top: 1px solid rgba(150&comma; 150&comma; 150&comma; 0.3); margin: 30px 0;'> <\/div>\n","protected":false},"excerpt":{"rendered":"<p>Mini Burbuja de LED Serie X62, Color Rojo<\/p>\n","protected":false},"featured_media":54345,"comment_status":"open","ping_status":"closed","template":"","meta":[],"product_brand":[],"product_cat":[499],"product_tag":[1237,500,501],"class_list":{"0":"post-54346","1":"product","2":"type-product","3":"status-publish","4":"has-post-thumbnail","6":"product_cat-rojo-azul-verde","7":"product_tag-epcom-industrial-signaling","8":"product_tag-estrobos-burbujas-vehiculares","9":"product_tag-rojo-azul-verde","11":"first","12":"instock","13":"sale","14":"shipping-taxable","15":"purchasable","16":"product-type-simple"},"_links":{"self":[{"href":"https:\/\/soydeaqui.ddns.net\/pachuca\/index.php\/wp-json\/wp\/v2\/product\/54346","targetHints":{"allow":["GET"]}}],"collection":[{"href":"https:\/\/soydeaqui.ddns.net\/pachuca\/index.php\/wp-json\/wp\/v2\/product"}],"about":[{"href":"https:\/\/soydeaqui.ddns.net\/pachuca\/index.php\/wp-json\/wp\/v2\/types\/product"}],"replies":[{"embeddable":true,"href":"https:\/\/soydeaqui.ddns.net\/pachuca\/index.php\/wp-json\/wp\/v2\/comments?post=54346"}],"wp:featuredmedia":[{"embeddable":true,"href":"https:\/\/soydeaqui.ddns.net\/pachuca\/index.php\/wp-json\/wp\/v2\/media\/54345"}],"wp:attachment":[{"href":"https:\/\/soydeaqui.ddns.net\/pachuca\/index.php\/wp-json\/wp\/v2\/media?parent=54346"}],"wp:term":[{"taxonomy":"product_brand","embeddable":true,"href":"https:\/\/soydeaqui.ddns.net\/pachuca\/index.php\/wp-json\/wp\/v2\/product_brand?post=54346"},{"taxonomy":"product_cat","embeddable":true,"href":"https:\/\/soydeaqui.ddns.net\/pachuca\/index.php\/wp-json\/wp\/v2\/product_cat?post=54346"},{"taxonomy":"product_tag","embeddable":true,"href":"https:\/\/soydeaqui.ddns.net\/pachuca\/index.php\/wp-json\/wp\/v2\/product_tag?post=54346"}],"curies":[{"name":"wp","href":"https:\/\/api.w.org\/{rel}","templated":true}]}}