{"id":54331,"date":"2026-03-19T02:17:33","date_gmt":"2026-03-19T02:17:33","guid":{"rendered":"https:\/\/soydeaqui.ddns.net\/pachuca\/index.php\/producto\/sensor-de-combustible-ultrasonico-para-equipo-vl802-sin-perforar-tanque-se-coloca-abajo-del-tanque\/"},"modified":"2026-03-19T02:17:38","modified_gmt":"2026-03-19T02:17:38","slug":"sensor-de-combustible-ultrasonico-para-equipo-vl802-sin-perforar-tanque-se-coloca-abajo-del-tanque","status":"publish","type":"product","link":"https:\/\/soydeaqui.ddns.net\/pachuca\/index.php\/producto\/sensor-de-combustible-ultrasonico-para-equipo-vl802-sin-perforar-tanque-se-coloca-abajo-del-tanque\/","title":{"rendered":"Sensor de Combustible Ultras\u00f3nico para equipo VL802, SIN PERFORAR TANQUE (se coloca abajo del tanque)"},"content":{"rendered":"<div style='width: 100%; max-width: 1200px; margin: 0 auto; font-family: sans-serif; line-height: 1.6; color: inherit; background-color: transparent;'> <!-- Imagen principal --> <\/p>\n<div style='display: flex; justify-content: center; margin-bottom: 30px;'> <img style='width: 100%; max-width: 750px; height: auto; border: 1px solid rgba(150&comma;150&comma;150&comma;0.3); border-radius: 8px;' src='https:\/\/www.jimiiot.com\/wp-content\/uploads\/2024\/12\/lQDPJwkbys9qKgXNAu7NAu6wP5q995K0swIHQWN9Hyw6AA_750_750.jpg' alt=''> <\/div>\n<p> <!-- Descripci\u00f3n general --> <\/p>\n<div style='margin-bottom: 30px; font-size: 15px;'>\n<p>El Sensor Ultras\u00f3nico de Nivel de Combustible UL212 es un dispositivo avanzado dise\u00f1ado para medir el nivel de combustible en tanques sin necesidad de perforaciones&comma; utilizando tecnolog\u00eda ultras\u00f3nica para una instalaci\u00f3n sencilla y no invasiva.<\/p>\n<\/p><\/div>\n<p> <!-- Caracter\u00edsticas principales --> <\/p>\n<div style='display: flex; flex-wrap: wrap; gap: 30px; margin-bottom: 30px;'>\n<div style='flex: 1 1 300px; min-width: 280px;'>\n<h3 style='font-size: 22px; border-bottom: 2px solid currentColor; padding-bottom: 5px; margin-top: 0; color: inherit; opacity: 0.8;'>Caracter\u00edsticas principales<\/h3>\n<ul style='padding-left: 20px; font-size: 15px; color: inherit;'>\n<li style='margin-bottom: 5px;'><strong>Tecnolog\u00eda sin contacto:<\/strong> Detecta el nivel de combustible sin perforar el tanque&comma; lo que facilita la instalaci\u00f3n y evita posibles fugas.<\/li>\n<li style='margin-bottom: 5px;'><strong>Compatibilidad con diversos l\u00edquidos y materiales:<\/strong> Adecuado para medir niveles de di\u00e9sel&comma; gasolina&comma; agua y otros l\u00edquidos en tanques de metal&comma; aluminio&comma; acero inoxidable&comma; fibra o pl\u00e1stico.<\/li>\n<li style='margin-bottom: 5px;'><strong>Alta precisi\u00f3n y resoluci\u00f3n:<\/strong> Ofrece una resoluci\u00f3n de 0.1 mm y una precisi\u00f3n del 99.5% (en di\u00e9sel a 25\u00b0C)&comma; garantizando mediciones exactas.<\/li>\n<li style='margin-bottom: 5px;'><strong>Rango de medici\u00f3n:<\/strong> Disponible en dos modelos: UL212 con un rango m\u00e1ximo de 100 cm y UL212-E con un rango de hasta 250 cm.<\/li>\n<li style='margin-bottom: 5px;'><strong>Resistencia y durabilidad:<\/strong> Construido con carcasa de pl\u00e1stico PPS resistente a la corrosi\u00f3n&comma; altas temperaturas (hasta 300~400\u00b0C) y con clasificaci\u00f3n IP68 a prueba de agua&comma; adecuado para entornos exigentes.<\/li>\n<\/ul><\/div>\n<\/p><\/div>\n<p> <!-- Especificaciones t\u00e9cnicas --> <\/p>\n<div style='display: flex; flex-wrap: wrap; gap: 20px; margin-bottom: 30px;'>\n<div style='flex: 1 1 250px; border: 1px solid rgba(150&comma; 150&comma; 150&comma; 0.4); border-radius: 8px; overflow: hidden; display: flex; flex-direction: column;'>\n<div style='padding: 15px; border-bottom: 1px solid rgba(150&comma; 150&comma; 150&comma; 0.2); font-weight: bold; font-size: 18px; color: inherit;'>Especificaciones t\u00e9cnicas<\/div>\n<div style='padding: 15px; color: inherit;'>\n<ul style='padding-left: 20px; margin: 0; font-size: 14px; list-style-type: disc;'>\n<li style='margin-bottom: 5px;'><strong>Alimentaci\u00f3n:<\/strong> 9~80V DC<\/li>\n<li style='margin-bottom: 5px;'><strong>Consumo m\u00e1ximo de energ\u00eda:<\/strong> 0.7W @12V DC<\/li>\n<li style='margin-bottom: 5px;'><strong>Espesor m\u00e1ximo del tanque soportado:<\/strong> 8~12 mm<\/li>\n<li style='margin-bottom: 5px;'><strong>Temperatura de funcionamiento:<\/strong> -40~85\u00b0C<\/li>\n<li style='margin-bottom: 5px;'><strong>Humedad de funcionamiento:<\/strong> 5~99%<\/li>\n<li style='margin-bottom: 5px;'><strong>Clasificaci\u00f3n a prueba de explosiones:<\/strong> Exd II CT5<\/li>\n<\/ul><\/div>\n<\/p><\/div>\n<\/p><\/div>\n<p> <!-- Aplicaciones --> <\/p>\n<div style='margin-bottom: 30px; font-size: 15px;'>\n<p>Este sensor es ideal para aplicaciones en gesti\u00f3n de flotas&comma; monitoreo de consumo de combustible y prevenci\u00f3n de robos&comma; proporcionando datos precisos y en tiempo real para una administraci\u00f3n eficiente.<\/p>\n<\/p><\/div>\n<p> <!-- Nota de compatibilidad --> <\/p>\n<div style='margin-bottom: 30px; font-size: 15px;'>\n<p><strong>NOTA:<\/strong> Se recomienda utilizar este sensor en EpcomGPS \/ EpcomGPSCODE para mejor desempe\u00f1o&comma; no es recomendado para TrackSolidPro.<\/p>\n<\/p><\/div>\n<p> <!-- Separador final --> <\/p>\n<hr style='border: 0; border-top: 1px solid rgba(150&comma; 150&comma; 150&comma; 0.3); margin: 30px 0;'> <\/div>\n","protected":false},"excerpt":{"rendered":"<p>Sensor de Combustible Ultras\u00f3nico para equipo VL802, SIN PERFORAR TANQUE (se coloca abajo del tanque)<\/p>\n","protected":false},"featured_media":54330,"comment_status":"open","ping_status":"closed","template":"","meta":[],"product_brand":[],"product_cat":[1348,1346],"product_tag":[93,1350,1349,1420],"class_list":{"0":"post-54331","1":"product","2":"type-product","3":"status-publish","4":"has-post-thumbnail","6":"product_cat-accesorios-gps-y-telematica","7":"product_cat-iot","8":"product_tag-accesorios","9":"product_tag-gps-y-telematica","10":"product_tag-iot","11":"product_tag-jimiiot","13":"first","14":"instock","15":"sale","16":"shipping-taxable","17":"purchasable","18":"product-type-simple"},"_links":{"self":[{"href":"https:\/\/soydeaqui.ddns.net\/pachuca\/index.php\/wp-json\/wp\/v2\/product\/54331","targetHints":{"allow":["GET"]}}],"collection":[{"href":"https:\/\/soydeaqui.ddns.net\/pachuca\/index.php\/wp-json\/wp\/v2\/product"}],"about":[{"href":"https:\/\/soydeaqui.ddns.net\/pachuca\/index.php\/wp-json\/wp\/v2\/types\/product"}],"replies":[{"embeddable":true,"href":"https:\/\/soydeaqui.ddns.net\/pachuca\/index.php\/wp-json\/wp\/v2\/comments?post=54331"}],"wp:featuredmedia":[{"embeddable":true,"href":"https:\/\/soydeaqui.ddns.net\/pachuca\/index.php\/wp-json\/wp\/v2\/media\/54330"}],"wp:attachment":[{"href":"https:\/\/soydeaqui.ddns.net\/pachuca\/index.php\/wp-json\/wp\/v2\/media?parent=54331"}],"wp:term":[{"taxonomy":"product_brand","embeddable":true,"href":"https:\/\/soydeaqui.ddns.net\/pachuca\/index.php\/wp-json\/wp\/v2\/product_brand?post=54331"},{"taxonomy":"product_cat","embeddable":true,"href":"https:\/\/soydeaqui.ddns.net\/pachuca\/index.php\/wp-json\/wp\/v2\/product_cat?post=54331"},{"taxonomy":"product_tag","embeddable":true,"href":"https:\/\/soydeaqui.ddns.net\/pachuca\/index.php\/wp-json\/wp\/v2\/product_tag?post=54331"}],"curies":[{"name":"wp","href":"https:\/\/api.w.org\/{rel}","templated":true}]}}