{"id":54318,"date":"2026-03-19T02:17:11","date_gmt":"2026-03-19T02:17:11","guid":{"rendered":"https:\/\/soydeaqui.ddns.net\/pachuca\/index.php\/producto\/kit-rastreador-vehicular-magnetico-especial-para-contenedores-u-oculto-en-vehiculo-bateria-de-larga-duracion-incluye-una-licencia-anual-para-plataforma-tracksolidpro\/"},"modified":"2026-03-19T02:17:11","modified_gmt":"2026-03-19T02:17:11","slug":"kit-rastreador-vehicular-magnetico-especial-para-contenedores-u-oculto-en-vehiculo-bateria-de-larga-duracion-incluye-una-licencia-anual-para-plataforma-tracksolidpro","status":"publish","type":"product","link":"https:\/\/soydeaqui.ddns.net\/pachuca\/index.php\/producto\/kit-rastreador-vehicular-magnetico-especial-para-contenedores-u-oculto-en-vehiculo-bateria-de-larga-duracion-incluye-una-licencia-anual-para-plataforma-tracksolidpro\/","title":{"rendered":"KIT Rastreador vehicular magn\u00e9tico \/ Especial para contenedores u oculto en veh\u00edculo \/ bater\u00eda de larga duraci\u00f3n \/ incluye una licencia anual para plataforma TracksolidPro"},"content":{"rendered":"<div style='width: 100%; max-width: 1200px; margin: 0 auto; font-family: sans-serif; line-height: 1.6; color: inherit; background-color: transparent;'> <!-- Secci\u00f3n de descripci\u00f3n principal --> <\/p>\n<div style='margin-bottom: 30px;'>\n<h2 style='font-size: 20px; color: inherit; margin-top: 0; margin-bottom: 15px; font-weight: bold;'>Localizador vehicular 4G Con antenas internas + 1 licencia para plataforma TracksolidPro<\/h2>\n<p> <!-- Video tutorial --> <\/p>\n<div style='position: relative; padding-bottom: 56.25%; height: 0; overflow: hidden; margin-bottom: 30px;'>   <\/div>\n<p> <!-- Descripci\u00f3n principal --> <\/p>\n<p style='font-size: 15px; margin-bottom: 15px; color: inherit;'>Concox <strong>LL301<\/strong> es un rastreador inteligente y tecnolog\u00eda de red <strong>4G<\/strong>&comma; con antena satelital y antena GSM internas&comma; no requiere instalaci\u00f3n ya que se adhiere al veh\u00edculo por medio de imanes industriales integrados en su estructura&comma; lo hacen perfecto para la remolques&comma; ya que tiene una bater\u00eda de gran durabilidad&comma; tambi\u00e9n tiene micr\u00f3fono integrado&comma; esto lo hace especial para llevar un control de la flota.<\/p>\n<p> <!-- Caracter\u00edsticas principales --> <\/p>\n<ul style='padding-left: 20px; font-size: 15px; color: inherit;'>\n<li style='margin-bottom: 5px;'><strong>Programaci\u00f3n del dispositivo:<\/strong> mediante SMS<\/li>\n<li style='margin-bottom: 5px;'><strong>Tipo de SIM:<\/strong> tama\u00f1o NANO<\/li>\n<li style='margin-bottom: 5px;'><strong>Incluye:<\/strong> PTSCX<\/li>\n<\/ul><\/div>\n<p> <!-- Secci\u00f3n de caracter\u00edsticas --> <\/p>\n<div style='display: flex; flex-wrap: wrap; gap: 30px; margin-bottom: 30px;'>\n<div style='flex: 1 1 300px; min-width: 280px;'>\n<h3 style='font-size: 22px; border-bottom: 2px solid currentColor; padding-bottom: 5px; margin-top: 0; color: inherit; opacity: 0.8;'>Caracter\u00edsticas<\/h3>\n<ul style='padding-left: 20px; font-size: 15px; color: inherit;'>\n<li style='margin-bottom: 5px;'>Magneto industrial<\/li>\n<li style='margin-bottom: 5px;'>Bater\u00eda de litio de larga duraci\u00f3n (Dura la carga hasta 2 a\u00f1os reportando una vez al d\u00eda)<\/li>\n<li style='margin-bottom: 5px;'>Alerta por manipulaci\u00f3n<\/li>\n<li style='margin-bottom: 5px;'>Bot\u00f3n de encendido<\/li>\n<li style='margin-bottom: 5px;'>Protecci\u00f3n IP65<\/li>\n<li style='margin-bottom: 5px;'>Memoria de 32 Mb<\/li>\n<li style='margin-bottom: 5px;'>Programaci\u00f3n por cable y\/o SMS<\/li>\n<li style='margin-bottom: 5px;'>Cable cargador incluido (Solo cable para que sea conectado a alguna fuente de alimentaci\u00f3n)<\/li>\n<\/ul><\/div>\n<p> <!-- Especificaciones --> <\/p>\n<div style='flex: 1 1 300px; min-width: 280px;'>\n<h3 style='font-size: 22px; border-bottom: 2px solid currentColor; padding-bottom: 5px; margin-top: 0; color: inherit; opacity: 0.8;'>Especificaciones<\/h3>\n<ul style='padding-left: 20px; font-size: 15px; color: inherit;'>\n<li style='margin-bottom: 5px;'>Bater\u00eda de pol\u00edmero de litio 10000 mAh \/ 3.7V<\/li>\n<li style='margin-bottom: 5px;'>Dimensiones: 108.0 x 61.0 x 30.0 mm<\/li>\n<li style='margin-bottom: 5px;'>Frecuencias: GSM: 850\/900\/1800\/1900 MHz&comma; WCDMA: 850\/900\/1900\/2100 MHz<\/li>\n<li style='margin-bottom: 5px;'>Peso: 286g<\/li>\n<\/ul><\/div>\n<\/p><\/div>\n<p> <!-- Nota importante --> <\/p>\n<div style='background-color: rgba(52&comma; 52&comma; 52&comma; 0.05); border-left: 4px solid #333; padding: 15px; margin-bottom: 30px; border-radius: 4px;'>\n<p style='margin: 0; font-size: 14px; color: inherit;'> <strong>Nota:<\/strong> La licencia de este KIT no es cancelable o transferible <\/p>\n<\/p><\/div>\n<p> <!-- Separador --> <\/p>\n<hr style='border: 0; border-top: 1px solid rgba(150&comma; 150&comma; 150&comma; 0.3); margin: 30px 0;'> <\/div>\n","protected":false},"excerpt":{"rendered":"<p>KIT Rastreador vehicular magn\u00e9tico \/ Especial para contenedores u oculto en veh\u00edculo \/ bater\u00eda de larga duraci\u00f3n \/ incluye una licencia anual para plataforma TracksolidPro<\/p>\n","protected":false},"featured_media":54317,"comment_status":"open","ping_status":"closed","template":"","meta":[],"product_brand":[],"product_cat":[1346,1388],"product_tag":[1350,1349,1420,1389],"class_list":{"0":"post-54318","1":"product","2":"type-product","3":"status-publish","4":"has-post-thumbnail","6":"product_cat-iot","7":"product_cat-trackers-gps","8":"product_tag-gps-y-telematica","9":"product_tag-iot","10":"product_tag-jimiiot","11":"product_tag-trackers-gps","13":"first","14":"instock","15":"sale","16":"shipping-taxable","17":"purchasable","18":"product-type-simple"},"_links":{"self":[{"href":"https:\/\/soydeaqui.ddns.net\/pachuca\/index.php\/wp-json\/wp\/v2\/product\/54318","targetHints":{"allow":["GET"]}}],"collection":[{"href":"https:\/\/soydeaqui.ddns.net\/pachuca\/index.php\/wp-json\/wp\/v2\/product"}],"about":[{"href":"https:\/\/soydeaqui.ddns.net\/pachuca\/index.php\/wp-json\/wp\/v2\/types\/product"}],"replies":[{"embeddable":true,"href":"https:\/\/soydeaqui.ddns.net\/pachuca\/index.php\/wp-json\/wp\/v2\/comments?post=54318"}],"wp:featuredmedia":[{"embeddable":true,"href":"https:\/\/soydeaqui.ddns.net\/pachuca\/index.php\/wp-json\/wp\/v2\/media\/54317"}],"wp:attachment":[{"href":"https:\/\/soydeaqui.ddns.net\/pachuca\/index.php\/wp-json\/wp\/v2\/media?parent=54318"}],"wp:term":[{"taxonomy":"product_brand","embeddable":true,"href":"https:\/\/soydeaqui.ddns.net\/pachuca\/index.php\/wp-json\/wp\/v2\/product_brand?post=54318"},{"taxonomy":"product_cat","embeddable":true,"href":"https:\/\/soydeaqui.ddns.net\/pachuca\/index.php\/wp-json\/wp\/v2\/product_cat?post=54318"},{"taxonomy":"product_tag","embeddable":true,"href":"https:\/\/soydeaqui.ddns.net\/pachuca\/index.php\/wp-json\/wp\/v2\/product_tag?post=54318"}],"curies":[{"name":"wp","href":"https:\/\/api.w.org\/{rel}","templated":true}]}}