{"id":54316,"date":"2026-03-19T02:17:08","date_gmt":"2026-03-19T02:17:08","guid":{"rendered":"https:\/\/soydeaqui.ddns.net\/pachuca\/index.php\/producto\/kit-de-localizador-vehicular-que-incluye-un-gps-modelo-vl02-licencia-anual-para-plataforma-tracksolidpro\/"},"modified":"2026-03-19T02:17:09","modified_gmt":"2026-03-19T02:17:09","slug":"kit-de-localizador-vehicular-que-incluye-un-gps-modelo-vl02-licencia-anual-para-plataforma-tracksolidpro","status":"publish","type":"product","link":"https:\/\/soydeaqui.ddns.net\/pachuca\/index.php\/producto\/kit-de-localizador-vehicular-que-incluye-un-gps-modelo-vl02-licencia-anual-para-plataforma-tracksolidpro\/","title":{"rendered":"Kit de localizador vehicular que incluye un GPS modelo VL02 +  licencia anual para plataforma TRACKSOLIDPRO"},"content":{"rendered":"<div style='width: 100%; max-width: 1200px; margin: 0 auto; font-family: sans-serif; line-height: 1.6; color: inherit; background-color: transparent;'> <!-- Enlaces importantes --> <\/p>\n<div style='display: flex; flex-wrap: wrap; gap: 15px; margin-bottom: 30px;'>\n<div style='flex: 1 1 300px; min-width: 280px;'> <a style='color: #0070c0; text-decoration: none; font-size: 16px;' href='https:\/\/www.syscom.mx\/singlepage\/concox'> <strong>Pagina de ayuda Concox (Dar clic aqui)<\/strong> <\/a> <\/div>\n<div style='flex: 1 1 300px; min-width: 280px;'> <a style='color: #0070c0; text-decoration: none; font-size: 16px;' href='https:\/\/www.syscom.mx\/producto\/EXPERTGPS-SYSCOM-75217.html'> <strong>\u00bfQuieres certificarte en dispositivos Concox? (Dar clic aqui)<\/strong> <\/a> <\/div>\n<\/p><\/div>\n<p> <!-- Informaci\u00f3n del KIT --> <\/p>\n<div style='margin-bottom: 30px;'>\n<h3 style='font-size: 18px; border-bottom: 2px solid currentColor; padding-bottom: 5px; margin-top: 0; color: inherit; opacity: 0.8;'>Contenido del KIT<\/h3>\n<p style='margin: 15px 0; font-size: 15px; color: inherit;'> <strong>Este KIT incluye un dispositivo rastreador modelo VL02 + una licencia anual para TracksolidPro.<\/strong> <\/p>\n<\/p><\/div>\n<p> <!-- Caracter\u00edsticas principales --> <\/p>\n<div style='margin-bottom: 30px;'>\n<h3 style='font-size: 18px; border-bottom: 2px solid currentColor; padding-bottom: 5px; margin-top: 0; color: inherit; opacity: 0.8;'>Caracter\u00edsticas principales<\/h3>\n<p style='margin: 15px 0; font-size: 15px; color: inherit;'> Concox VL02 es un rastreador inteligente con tecnolog\u00eda de red 2G \/ 4G&comma; antena satelital y antena GSM internas&comma; relevador&comma; bot\u00f3n de p\u00e1nico&comma; ideal para log\u00edstica&comma; flota y gesti\u00f3n de autom\u00f3viles de renta. Incluye: <\/p>\n<ul style='padding-left: 20px; font-size: 15px; color: inherit; list-style-type: disc;'>\n<li style='margin-bottom: 8px;'>Alarmas m\u00faltiples<\/li>\n<li style='margin-bottom: 8px;'>Paro de motor v\u00eda remota<\/li>\n<li style='margin-bottom: 8px;'>Llamada de emergencia SOS<\/li>\n<li style='margin-bottom: 8px;'>Funci\u00f3n Find<\/li>\n<\/ul><\/div>\n<p> <!-- Caracter\u00edsticas t\u00e9cnicas --> <\/p>\n<div style='margin-bottom: 30px;'>\n<h3 style='font-size: 18px; border-bottom: 2px solid currentColor; padding-bottom: 5px; margin-top: 0; color: inherit; opacity: 0.8;'>Caracter\u00edsticas t\u00e9cnicas<\/h3>\n<ul style='padding-left: 20px; font-size: 15px; color: inherit; list-style-type: disc;'>\n<li style='margin-bottom: 8px;'>Utiliza un SIM de datos tama\u00f1o micro<\/li>\n<li style='margin-bottom: 8px;'>No incluye cable de programaci\u00f3n<\/li>\n<li style='margin-bottom: 8px;'>La funci\u00f3n FIND te ayudar\u00e1 a encontrar tu veh\u00edculo en estacionamientos encendiendo luces y claxon<\/li>\n<li style='margin-bottom: 8px;'>Programable para recibir alertas por SMS&comma; notificaci\u00f3n en app m\u00f3vil o llamada<\/li>\n<\/ul><\/div>\n<p> <!-- Tipos de alertas --> <\/p>\n<div style='margin-bottom: 30px;'>\n<h3 style='font-size: 18px; border-bottom: 2px solid currentColor; padding-bottom: 5px; margin-top: 0; color: inherit; opacity: 0.8;'>Tipos de alertas<\/h3>\n<ul style='padding-left: 20px; font-size: 15px; color: inherit; list-style-type: disc;'>\n<li style='margin-bottom: 8px;'>Alerta por vibraci\u00f3n<\/li>\n<li style='margin-bottom: 8px;'>Alerta por movimiento<\/li>\n<li style='margin-bottom: 8px;'>Alerta de p\u00e1nico<\/li>\n<li style='margin-bottom: 8px;'>Alerta por giro brusco<\/li>\n<li style='margin-bottom: 8px;'>Alerta por aceleraci\u00f3n brusca<\/li>\n<li style='margin-bottom: 8px;'>Alerta por apertura de puerta<\/li>\n<li style='margin-bottom: 8px;'>Alerta por exceso de velocidad<\/li>\n<li style='margin-bottom: 8px;'>Alerta por encendido de su veh\u00edculo<\/li>\n<li style='margin-bottom: 8px;'>Alerta por bater\u00eda baja<\/li>\n<li style='margin-bottom: 8px;'>Entre otras<\/li>\n<\/ul><\/div>\n<p> <!-- Especificaciones --> <\/p>\n<div style='margin-bottom: 30px;'>\n<h3 style='font-size: 18px; border-bottom: 2px solid currentColor; padding-bottom: 5px; margin-top: 0; color: inherit; opacity: 0.8;'>Especificaciones<\/h3>\n<ul style='padding-left: 20px; font-size: 15px; color: inherit; list-style-type: disc;'>\n<li style='margin-bottom: 8px;'>1 Entrada Digital para sensar ignici\u00f3n<\/li>\n<li style='margin-bottom: 8px;'>1 Entrada Digital para sensar puerta<\/li>\n<li style='margin-bottom: 8px;'>1 Entrada An\u00e1loga<\/li>\n<li style='margin-bottom: 8px;'>1 Salida para Corte de Motor<\/li>\n<li style='margin-bottom: 8px;'>1 Salida para funci\u00f3n FIND<\/li>\n<li style='margin-bottom: 8px;'>Voltaje 9 a 36 Vcc<\/li>\n<li style='margin-bottom: 8px;'>300mA<\/li>\n<li style='margin-bottom: 8px;'>Dimensiones 98.5 x 52 x 15 mm<\/li>\n<li style='margin-bottom: 8px;'>Frecuencias 850\/900\/1800\/1900MHz<\/li>\n<li style='margin-bottom: 8px;'>Peso 80g<\/li>\n<li style='margin-bottom: 8px;'>Bater\u00eda de respaldo interna de 450mAh<\/li>\n<\/ul><\/div>\n<p> <!-- Conexi\u00f3n --> <\/p>\n<div style='margin-bottom: 30px;'>\n<h3 style='font-size: 18px; border-bottom: 2px solid currentColor; padding-bottom: 5px; margin-top: 0; color: inherit; opacity: 0.8;'>Conexi\u00f3n<\/h3>\n<ul style='padding-left: 20px; font-size: 15px; color: inherit; list-style-type: disc;'>\n<li style='margin-bottom: 8px;'>TRACKSOLIDPRO<\/li>\n<li style='margin-bottom: 8px;'>IP: 47.89.58.215<\/li>\n<li style='margin-bottom: 8px;'>Puerto para GT06E: 21100<\/li>\n<li style='margin-bottom: 8px;'>EPCOMGPS<\/li>\n<li style='margin-bottom: 8px;'>IP: 193.193.165.165<\/li>\n<li style='margin-bottom: 8px;'>Puerto para GT06E: 21143<\/li>\n<\/ul><\/div>\n<p> <!-- Aviso de derechos --> <\/p>\n<div style='margin-bottom: 30px;'>\n<h3 style='font-size: 18px; border-bottom: 2px solid currentColor; padding-bottom: 5px; margin-top: 0; color: inherit; opacity: 0.8;'>Derecho de Propiedad Intelectual<\/h3>\n<p style='margin: 15px 0; font-size: 15px; color: inherit;'> Esta plataforma de rastreo Tracksolid (Web y aplicaci\u00f3n m\u00f3vil) provista por SYSCOM&comma; est\u00e1 sujeta a las Leyes de Derechos de Marca y Autor del grupo JIMI\/CONCOX. SYSCOM no se hace responsable de los cambios en los servicios que el propietario realice o deje de realizar&comma; los mantenimientos y correcciones corren por cuenta del proveedor. <\/p>\n<\/p><\/div>\n<p> <!-- Notas importantes --> <\/p>\n<div style='margin-bottom: 30px;'>\n<h3 style='font-size: 18px; border-bottom: 2px solid currentColor; padding-bottom: 5px; margin-top: 0; color: inherit; opacity: 0.8;'>Notas<\/h3>\n<ul style='padding-left: 20px; font-size: 15px; color: inherit; list-style-type: disc;'>\n<li style='margin-bottom: 8px;'>La licencia de este KIT no es cancelable o transferible<\/li>\n<li style='margin-bottom: 8px;'>La licencia es gratis solo en facturaciones en mes de noviembre<\/li>\n<li style='margin-bottom: 8px;'>Para activaci\u00f3n de licencia enviar correo a licencias@syscom.mx<\/li>\n<\/ul><\/div>\n<p> <!-- Separador final --> <\/p>\n<hr style='border: 0; border-top: 1px solid rgba(150&comma; 150&comma; 150&comma; 0.3); margin: 30px 0;'> <\/div>\n","protected":false},"excerpt":{"rendered":"<p>Kit de localizador vehicular que incluye un GPS modelo VL02 +  licencia anual para plataforma TRACKSOLIDPRO<\/p>\n","protected":false},"featured_media":32,"comment_status":"open","ping_status":"closed","template":"","meta":[],"product_brand":[],"product_cat":[1346,1388],"product_tag":[1350,1349,1420,1389],"class_list":{"0":"post-54316","1":"product","2":"type-product","3":"status-publish","4":"has-post-thumbnail","6":"product_cat-iot","7":"product_cat-trackers-gps","8":"product_tag-gps-y-telematica","9":"product_tag-iot","10":"product_tag-jimiiot","11":"product_tag-trackers-gps","13":"first","14":"outofstock","15":"sale","16":"shipping-taxable","17":"purchasable","18":"product-type-simple"},"_links":{"self":[{"href":"https:\/\/soydeaqui.ddns.net\/pachuca\/index.php\/wp-json\/wp\/v2\/product\/54316","targetHints":{"allow":["GET"]}}],"collection":[{"href":"https:\/\/soydeaqui.ddns.net\/pachuca\/index.php\/wp-json\/wp\/v2\/product"}],"about":[{"href":"https:\/\/soydeaqui.ddns.net\/pachuca\/index.php\/wp-json\/wp\/v2\/types\/product"}],"replies":[{"embeddable":true,"href":"https:\/\/soydeaqui.ddns.net\/pachuca\/index.php\/wp-json\/wp\/v2\/comments?post=54316"}],"wp:featuredmedia":[{"embeddable":true,"href":"https:\/\/soydeaqui.ddns.net\/pachuca\/index.php\/wp-json\/wp\/v2\/media\/32"}],"wp:attachment":[{"href":"https:\/\/soydeaqui.ddns.net\/pachuca\/index.php\/wp-json\/wp\/v2\/media?parent=54316"}],"wp:term":[{"taxonomy":"product_brand","embeddable":true,"href":"https:\/\/soydeaqui.ddns.net\/pachuca\/index.php\/wp-json\/wp\/v2\/product_brand?post=54316"},{"taxonomy":"product_cat","embeddable":true,"href":"https:\/\/soydeaqui.ddns.net\/pachuca\/index.php\/wp-json\/wp\/v2\/product_cat?post=54316"},{"taxonomy":"product_tag","embeddable":true,"href":"https:\/\/soydeaqui.ddns.net\/pachuca\/index.php\/wp-json\/wp\/v2\/product_tag?post=54316"}],"curies":[{"name":"wp","href":"https:\/\/api.w.org\/{rel}","templated":true}]}}