{"id":54293,"date":"2026-03-19T02:16:23","date_gmt":"2026-03-19T02:16:23","guid":{"rendered":"https:\/\/soydeaqui.ddns.net\/pachuca\/index.php\/producto\/dvr-movil-multiplataforma-4-canales-ahd-2-megapixel-almacenamiento-en-memoria-sd-h-265-chip-ia-embebido-soporta-4g-gps\/"},"modified":"2026-03-19T02:16:32","modified_gmt":"2026-03-19T02:16:32","slug":"dvr-movil-multiplataforma-4-canales-ahd-2-megapixel-almacenamiento-en-memoria-sd-h-265-chip-ia-embebido-soporta-4g-gps","status":"publish","type":"product","link":"https:\/\/soydeaqui.ddns.net\/pachuca\/index.php\/producto\/dvr-movil-multiplataforma-4-canales-ahd-2-megapixel-almacenamiento-en-memoria-sd-h-265-chip-ia-embebido-soporta-4g-gps\/","title":{"rendered":"DVR M\u00f3vil \/ Multiplataforma \/ 4 Canales AHD 2 Megapixel \/ Almacenamiento en Memoria SD \/ H.265 \/ Chip IA Embebido \/ Soporta 4G \/ GPS"},"content":{"rendered":"<div style='width: 100%; max-width: 1200px; margin: 0 auto; font-family: sans-serif; line-height: 1.6; color: inherit; background-color: transparent;'>\n<div style='width: 100%;'> <img style='width: 100%; height: auto; border: 1px solid rgba(150&comma;150&comma;150&comma;0.3); border-radius: 8px;' src='https:\/\/ftp3.syscom.mx\/usuarios\/aberumen\/Banners\/WARNING.jpg' alt='Advertencia'> <\/div>\n<div style='margin-top: 30px; margin-bottom: 30px;'>\n<h3 style='font-size: 22px; border-bottom: 2px solid currentColor; padding-bottom: 5px; margin-top: 0; color: inherit; opacity: 0.8;'> <a style='color: #e67e23; text-decoration: none;' href='https:\/\/www.youtube.com\/playlist?list=PL9PHNE1PCI2EawXzNIR88tqKhErWtCNbS'>Todo lo referente a DVR marca epcom para veh\u00edculos<\/a> <\/h3>\n<p style='margin: 0; color: inherit;'>Link para manuales y videos de configuraci\u00f3n<\/p>\n<\/p><\/div>\n<div style='width: 100%;'> <img style='width: 100%; height: auto; border: 1px solid rgba(150&comma;150&comma;150&comma;0.3); border-radius: 8px;' src='https:\/\/ftp3.syscom.mx\/usuarios\/aberumen\/Banners\/Banner%20inteligencia-artificial.jpg' alt='Inteligencia Artificial'> <\/div>\n<div style='margin-top: 30px; margin-bottom: 30px;'>\n<p style='color: #888; margin: 0;'><strong>Seguridad Sobre Ruedas<\/strong><\/p>\n<p style='margin-top: 10px; color: inherit;'>La seguridad en el transporte p\u00fablico&comma; traslado de mercanc\u00eda&comma; taxis&comma; etc.&comma; es un motivo de preocupaci\u00f3n en caso de accidentes de tr\u00e1nsito o la protecci\u00f3n contra posibles asaltos; los medios de transporte hacen necesaria la existencia de un sistema de gesti\u00f3n central que brinde protecci\u00f3n contra actividades delictivas como hurtos&comma; arrebatos&comma; entre otros.<\/p>\n<\/p><\/div>\n<div style='display: flex; flex-wrap: wrap; gap: 30px; margin-bottom: 30px;'>\n<div style='flex: 1 1 300px; min-width: 280px;'>\n<div style='border-left: 5px solid #080808; border-radius: 5px; padding: 15px; box-shadow: 2px 2px 10px rgba(216&comma;216&comma;216&comma;0.4); background-color: rgba(128&comma; 128&comma; 128&comma; 0.16);'> <strong style='color: inherit;'>Caracter\u00edsticas principales:<\/strong> <\/p>\n<ul style='padding-left: 20px; font-size: 15px; color: inherit; margin-top: 10px;'>\n<li style='margin-bottom: 5px;'>Almacenamiento en memoria <strong>SD hasta 256.<\/strong><\/li>\n<li style='margin-bottom: 5px;'>4 canales an\u00e1logos AHD hasta <strong>2MP<\/strong> + 1 canal IP hasta <strong>2MP<\/strong>.<\/li>\n<li style='margin-bottom: 5px;'>Formato de compresi\u00f3n de video <strong>H.265<\/strong><\/li>\n<\/ul><\/div>\n<\/p><\/div>\n<div style='flex: 1 1 300px; min-width: 280px;'>\n<div style='border-left: 5px solid #080808; border-radius: 5px; padding: 15px; box-shadow: 2px 2px 10px rgba(216&comma;216&comma;216&comma;0.4); background-color: rgba(128&comma; 128&comma; 128&comma; 0.16);'> <strong style='color: inherit;'>Caracter\u00edsticas F\u00edsicas y El\u00e9ctricas:<\/strong> <\/p>\n<ul style='padding-left: 20px; font-size: 15px; color: inherit; margin-top: 10px;'>\n<li style='margin-bottom: 5px;'>Voltaje de entrada 8~36Vcc.<\/li>\n<li style='margin-bottom: 5px;'>Temperatura -40~70\u00b0C.<\/li>\n<\/ul><\/div>\n<\/p><\/div>\n<div style='flex: 1 1 300px; min-width: 280px;'>\n<div style='border-left: 5px solid #080808; border-radius: 5px; padding: 15px; box-shadow: 2px 2px 10px rgba(216&comma;216&comma;216&comma;0.4); background-color: rgba(128&comma; 128&comma; 128&comma; 0.16);'> <strong style='color: inherit;'>Caracter\u00edsticas Destacadas:<\/strong> <\/p>\n<ul style='padding-left: 20px; font-size: 15px; color: inherit; margin-top: 10px;'>\n<li style='margin-bottom: 5px;'>Compatible con <strong>plataforma Ceiba2.<\/strong><\/li>\n<li style='margin-bottom: 5px;'><strong>Incluye m\u00f3dulos de 4G y GPS.<\/strong><\/li>\n<li style='margin-bottom: 5px;'><strong>Soporta entrada y salidas de alarma<\/strong><\/li>\n<\/ul><\/div>\n<\/p><\/div>\n<\/p><\/div>\n<div style='width: 100%; margin: 30px 0;'> <img style='width: 100%; height: auto; border: 1px solid rgba(150&comma;150&comma;150&comma;0.3); border-radius: 8px;' src='https:\/\/ftp3.syscom.mx\/usuarios\/albamaria\/albamaria\/XMR\/comparativodeplataformas1%20%281%29.jpg' alt='Comparativo de plataformas'> <\/div>\n<div style='margin: 30px 0;'>\n<h1 style='font-size: 24px; margin: 0 0 15px; color: inherit;'><strong>Todo Nube&comma; Soluci\u00f3n L\u00edder en Log\u00edstica&comma; Transporte y IoT<\/strong><\/h1>\n<p style='margin: 0 0 15px; color: inherit;'>Monitoree sus DVRs M\u00f3viles&comma; Trackers GPS y IoT en una misma plataforma nube l\u00edder en log\u00edstica y transporte.<\/p>\n<p style='margin: 0; color: inherit;'> <a style='color: #e67e23; text-decoration: none;' href='https:\/\/www.syscom.mx\/principal\/consultarproductosazul?global_search=epcomgps&#038;ordenar=Relevancia&#038;pag=1'>EPCOM GPS Wialon<\/a> es la plataforma l\u00edder NUBE (No requiere servidores!)&comma; con todas las herramientas necesarias para reducir costos&comma; evitar p\u00e9rdidas y s\u00faper-cargar empresas. <\/p>\n<\/p><\/div>\n<div style='display: flex; flex-wrap: wrap; gap: 30px; margin-top: 30px;'>\n<div style='flex: 1 1 400px; min-width: 300px;'>\n<div style='position: relative; padding-bottom: 56.25%; height: 0; overflow: hidden;'>   <\/div>\n<\/p><\/div>\n<div style='flex: 1 1 400px; min-width: 300px;'>\n<div style='position: relative; padding-bottom: 56.25%; height: 0; overflow: hidden;'>   <\/div>\n<\/p><\/div>\n<\/p><\/div>\n<\/p><\/div>\n","protected":false},"excerpt":{"rendered":"<p>DVR M\u00f3vil \/ Multiplataforma \/ 4 Canales AHD 2 Megapixel \/ Almacenamiento en Memoria SD \/ H.265 \/ Chip IA Embebido \/ Soporta 4G \/ GPS<\/p>\n","protected":false},"featured_media":54292,"comment_status":"open","ping_status":"closed","template":"","meta":[],"product_brand":[],"product_cat":[1343],"product_tag":[935,1345,1344],"class_list":{"0":"post-54293","1":"product","2":"type-product","3":"status-publish","4":"has-post-thumbnail","6":"product_cat-videograbadoras-moviles","7":"product_tag-epcom","8":"product_tag-videograbadoras-moviles","9":"product_tag-videograbadoras-moviles-y-portatiles","11":"first","12":"outofstock","13":"sale","14":"shipping-taxable","15":"purchasable","16":"product-type-simple"},"_links":{"self":[{"href":"https:\/\/soydeaqui.ddns.net\/pachuca\/index.php\/wp-json\/wp\/v2\/product\/54293","targetHints":{"allow":["GET"]}}],"collection":[{"href":"https:\/\/soydeaqui.ddns.net\/pachuca\/index.php\/wp-json\/wp\/v2\/product"}],"about":[{"href":"https:\/\/soydeaqui.ddns.net\/pachuca\/index.php\/wp-json\/wp\/v2\/types\/product"}],"replies":[{"embeddable":true,"href":"https:\/\/soydeaqui.ddns.net\/pachuca\/index.php\/wp-json\/wp\/v2\/comments?post=54293"}],"wp:featuredmedia":[{"embeddable":true,"href":"https:\/\/soydeaqui.ddns.net\/pachuca\/index.php\/wp-json\/wp\/v2\/media\/54292"}],"wp:attachment":[{"href":"https:\/\/soydeaqui.ddns.net\/pachuca\/index.php\/wp-json\/wp\/v2\/media?parent=54293"}],"wp:term":[{"taxonomy":"product_brand","embeddable":true,"href":"https:\/\/soydeaqui.ddns.net\/pachuca\/index.php\/wp-json\/wp\/v2\/product_brand?post=54293"},{"taxonomy":"product_cat","embeddable":true,"href":"https:\/\/soydeaqui.ddns.net\/pachuca\/index.php\/wp-json\/wp\/v2\/product_cat?post=54293"},{"taxonomy":"product_tag","embeddable":true,"href":"https:\/\/soydeaqui.ddns.net\/pachuca\/index.php\/wp-json\/wp\/v2\/product_tag?post=54293"}],"curies":[{"name":"wp","href":"https:\/\/api.w.org\/{rel}","templated":true}]}}