{"id":54280,"date":"2026-03-19T02:15:57","date_gmt":"2026-03-19T02:15:57","guid":{"rendered":"https:\/\/soydeaqui.ddns.net\/pachuca\/index.php\/producto\/puerta-de-enlace-iot-bluetooth-para-etiqueta-de-tinta-electronica-accesspro-esl-poe-wifi\/"},"modified":"2026-03-19T02:16:01","modified_gmt":"2026-03-19T02:16:01","slug":"puerta-de-enlace-iot-bluetooth-para-etiqueta-de-tinta-electronica-accesspro-esl-poe-wifi","status":"publish","type":"product","link":"https:\/\/soydeaqui.ddns.net\/pachuca\/index.php\/producto\/puerta-de-enlace-iot-bluetooth-para-etiqueta-de-tinta-electronica-accesspro-esl-poe-wifi\/","title":{"rendered":"Puerta de Enlace IoT Bluetooth para Etiqueta de Tinta Electr\u00f3nica \/ AccessPRO \/ ESL \/ PoE \/ WiFi"},"content":{"rendered":"<div style='width: 100%; max-width: 1200px; margin: 0 auto; font-family: sans-serif; line-height: 1.6; color: inherit; background-color: transparent;'>\n<div style='display: flex; flex-wrap: wrap; gap: 30px; margin-bottom: 30px;'>\n<div style='flex: 1 1 300px; min-width: 280px;'> <img style='width: 100%; height: auto; border: 1px solid rgba(150&comma;150&comma;150&comma;0.3); border-radius: 8px;' src='https:\/\/ftp3.syscom.mx\/usuarios\/xguereque\/accesspro\/esl\/APGW1E.png' alt='Puerta de enlace APGW1E'> <\/div>\n<div style='flex: 1 1 300px; min-width: 280px;'>\n<h2 style='font-size: 24px; margin-top: 0; color: inherit;'>Puerta de enlace APGW1E<\/h2>\n<p>La puerta de enlace APGW1E funciona como un controlador central de dispositivos Bluetooth&comma; monitorea su se\u00f1al inal\u00e1mbrica y transmite a IoT Cloud Platform a trav\u00e9s de WIFI o Ethernet.<\/p>\n<p>Es capaz de enviar m\u00faltiples canales de datos al mismo tiempo y vincularse con etiquetas m\u00e1s flexibles. Cuenta con alta velocidad de transmisi\u00f3n&comma; anti-interferencia y gran estabilidad&comma; adem\u00e1s de que tiene un amplio rango de monitoreo. Tambi\u00e9n presenta una apariencia moderna con un bucle de luz de 7 colores&comma; que puede aparecer en diferentes colores seg\u00fan el estado.<\/p>\n<\/p><\/div>\n<\/p><\/div>\n<div style='margin-bottom: 30px;'>\n<h2 style='font-size: 22px; border-bottom: 2px solid currentColor; padding-bottom: 5px; margin-top: 0; color: inherit; opacity: 0.8;'>Caracter\u00edsticas principales<\/h2>\n<div style='display: grid; grid-template-columns: repeat(auto-fill&comma; minmax(250px&comma; 1fr)); gap: 20px; margin-top: 20px;'>\n<div style='border: 1px solid rgba(150&comma;150&comma;150&comma;0.3); border-radius: 8px; padding: 15px; display: flex; flex-direction: column; align-items: center;'>\n<h3 style='font-size: 18px; margin-top: 0; margin-bottom: 10px; text-align: center; color: inherit;'>M\u00f3dulos BLE multicanal<\/h3>\n<p> <img style='width: 50%; height: auto; border: 1px solid rgba(150&comma;150&comma;150&comma;0.3); border-radius: 8px;' src='https:\/\/ftp3.syscom.mx\/usuarios\/xguereque\/accesspro\/esl\/iconos\/modulos.png' alt='M\u00f3dulos BLE'> <\/p>\n<p style='text-align: center; margin-top: 10px;'>Transmisi\u00f3n de m\u00faltiples canales simult\u00e1neos<\/p>\n<\/p><\/div>\n<div style='border: 1px solid rgba(150&comma;150&comma;150&comma;0.3); border-radius: 8px; padding: 15px; display: flex; flex-direction: column; align-items: center;'>\n<h3 style='font-size: 18px; margin-top: 0; margin-bottom: 10px; text-align: center; color: inherit;'>Sincronizaci\u00f3n flexible<\/h3>\n<p> <img style='width: 50%; height: auto; border: 1px solid rgba(150&comma;150&comma;150&comma;0.3); border-radius: 8px;' src='https:\/\/ftp3.syscom.mx\/usuarios\/xguereque\/accesspro\/esl\/iconos\/sincronizacion.png' alt='Sincronizaci\u00f3n flexible'> <\/p>\n<p style='text-align: center; margin-top: 10px;'>Sincronizaci\u00f3n eficiente con etiquetas electr\u00f3nicas<\/p>\n<\/p><\/div>\n<div style='border: 1px solid rgba(150&comma;150&comma;150&comma;0.3); border-radius: 8px; padding: 15px; display: flex; flex-direction: column; align-items: center;'>\n<h3 style='font-size: 18px; margin-top: 0; margin-bottom: 10px; text-align: center; color: inherit;'>Rango de monit. de 300 metros<\/h3>\n<p> <img style='width: 50%; height: auto; border: 1px solid rgba(150&comma;150&comma;150&comma;0.3); border-radius: 8px;' src='https:\/\/ftp3.syscom.mx\/usuarios\/xguereque\/accesspro\/esl\/iconos\/rango.png' alt='Rango de monitoreo'> <\/p>\n<p style='text-align: center; margin-top: 10px;'>Cobertura ampliada para monitoreo<\/p>\n<\/p><\/div>\n<div style='border: 1px solid rgba(150&comma;150&comma;150&comma;0.3); border-radius: 8px; padding: 15px; display: flex; flex-direction: column; align-items: center;'>\n<h3 style='font-size: 18px; margin-top: 0; margin-bottom: 10px; text-align: center; color: inherit;'>Transmisi\u00f3n de alta velocidad<\/h3>\n<p> <img style='width: 50%; height: auto; border: 1px solid rgba(150&comma;150&comma;150&comma;0.3); border-radius: 8px;' src='https:\/\/ftp3.syscom.mx\/usuarios\/xguereque\/accesspro\/esl\/iconos\/transmision.png' alt='Transmisi\u00f3n de alta velocidad'> <\/p>\n<p style='text-align: center; margin-top: 10px;'>R\u00e1pida transferencia de datos<\/p>\n<\/p><\/div>\n<div style='border: 1px solid rgba(150&comma;150&comma;150&comma;0.3); border-radius: 8px; padding: 15px; display: flex; flex-direction: column; align-items: center;'>\n<h3 style='font-size: 18px; margin-top: 0; margin-bottom: 10px; text-align: center; color: inherit;'>Anti-interferencia<\/h3>\n<p> <img style='width: 50%; height: auto; border: 1px solid rgba(150&comma;150&comma;150&comma;0.3); border-radius: 8px;' src='https:\/\/ftp3.syscom.mx\/usuarios\/xguereque\/accesspro\/esl\/iconos\/anti.png' alt='Anti-interferencia'> <\/p>\n<p style='text-align: center; margin-top: 10px;'>M\u00ednima interferencia en entornos complejos<\/p>\n<\/p><\/div>\n<div style='border: 1px solid rgba(150&comma;150&comma;150&comma;0.3); border-radius: 8px; padding: 15px; display: flex; flex-direction: column; align-items: center;'>\n<h3 style='font-size: 18px; margin-top: 0; margin-bottom: 10px; text-align: center; color: inherit;'>Bucle de luz de 7 colores<\/h3>\n<p> <img style='width: 50%; height: auto; border: 1px solid rgba(150&comma;150&comma;150&comma;0.3); border-radius: 8px;' src='https:\/\/ftp3.syscom.mx\/usuarios\/xguereque\/accesspro\/esl\/iconos\/bucle.png' alt='Bucle de luz'> <\/p>\n<p style='text-align: center; margin-top: 10px;'>Indicaci\u00f3n visual por colores seg\u00fan estado<\/p>\n<\/p><\/div>\n<\/p><\/div>\n<\/p><\/div>\n<div style='display: flex; flex-wrap: wrap; gap: 30px; margin-bottom: 30px;'>\n<div style='flex: 1 1 300px; min-width: 280px;'>\n<div style='border-left: 5px solid #0091ff; border-radius: 8px; padding: 15px; box-shadow: 0 2px 10px rgba(0&comma;0&comma;0&comma;0.05); background-color: rgba(0&comma;145&comma;255&comma;0.05);'>\n<h3 style='margin-top: 0; margin-bottom: 15px; font-size: 20px; color: inherit;'>Especificaciones:<\/h3>\n<ul style='padding-left: 20px; font-size: 14px; color: inherit;'>\n<li style='margin-bottom: 8px;'>Material: ABS<\/li>\n<li style='margin-bottom: 8px;'>Color: Blanco<\/li>\n<li style='margin-bottom: 8px;'>Dimensi\u00f3n: \u00d8150x36mm (antena interna)<\/li>\n<li style='margin-bottom: 8px;'>Peso: 165g<\/li>\n<li style='margin-bottom: 8px;'>Rango: 300 metros con l\u00ednea de vista<\/li>\n<li style='margin-bottom: 8px;'>Alimentaci\u00f3n: 5V 1A Vcc\/PoE<\/li>\n<li style='margin-bottom: 8px;'>Soporta hasta 1000 etiquetas electr\u00f3nicas AccessPRO<\/li>\n<li style='margin-bottom: 8px; color: #ff0000;'>Requiere una licencia modelo <a style='color: #ff0000;' href='https:\/\/www.syscom.mx\/producto\/AP-TAG-CLOUD-1S-1Y-ACCESSPRO-221060.html'><strong>AP-TAG-CLOUD\/1S<\/strong><\/a><\/li>\n<\/ul><\/div>\n<\/p><\/div>\n<div style='flex: 1 1 300px; min-width: 280px;'>\n<div style='border-left: 5px solid #0091ff; border-radius: 8px; padding: 15px; box-shadow: 0 2px 10px rgba(0&comma;0&comma;0&comma;0.05); background-color: rgba(0&comma;145&comma;255&comma;0.05);'>\n<h3 style='margin-top: 0; margin-bottom: 15px; font-size: 20px; color: inherit;'>Par\u00e1metros T\u00e9cnicos:<\/h3>\n<ul style='padding-left: 20px; font-size: 14px; color: inherit;'>\n<li style='margin-bottom: 8px;'>Protocolo WiFi: IEEE 802.11 b\/g\/n<\/li>\n<li style='margin-bottom: 8px;'>Potencia WiFi: 18dBm<\/li>\n<li style='margin-bottom: 8px;'>Protocolo Bluetooth: Bluetooth 5.0<\/li>\n<li style='margin-bottom: 8px;'>Sensibilidad de recepci\u00f3n BLE: -108dBM<\/li>\n<li style='margin-bottom: 8px;'>WI-FI: MKT Chip<\/li>\n<li style='margin-bottom: 8px;'>BLE: Nordic52 Module<\/li>\n<li style='margin-bottom: 8px;'>Temperatura de trabajo: -10\u00b0C~+50\u00b0C<\/li>\n<\/ul><\/div>\n<\/p><\/div>\n<\/p><\/div>\n<hr style='border: 0; border-top: 1px solid rgba(150&comma;150&comma;150&comma;0.3); margin: 30px 0;'>\n<div style='display: flex; flex-wrap: wrap; gap: 30px; margin-bottom: 30px;'>\n<div style='flex: 1 1 300px; min-width: 280px;'>\n<h2 style='font-size: 22px; margin-top: 0; color: inherit;'>Protocolo WiFi<\/h2>\n<p><em>Sugerencia:<\/em><\/p>\n<p>La puerta de enlace solo se puede usar para comunicarse con etiquetas electr\u00f3nicas&comma; no para comunicarse en red con otros dispositivos; de lo contrario&comma; puede funcionar de manera anormal y afectar la transmisi\u00f3n de datos a las etiquetas electr\u00f3nicas.<\/p>\n<\/p><\/div>\n<div style='flex: 1 1 300px; min-width: 280px;'> <img style='width: 100%; height: auto; border: 1px solid rgba(150&comma;150&comma;150&comma;0.3); border-radius: 8px;' src='https:\/\/ftp3.syscom.mx\/usuarios\/xguereque\/accesspro\/esl\/APGW1E-dibujo.png' alt='Dibujo APGW1E'> <\/div>\n<\/p><\/div>\n<div style='margin-bottom: 30px;'> <img style='width: 100%; height: auto; border: 1px solid rgba(150&comma;150&comma;150&comma;0.3); border-radius: 8px;' src='https:\/\/ftp3.syscom.mx\/usuarios\/xguereque\/accesspro\/esl\/diagrama2-ejemplo.png' alt='Diagrama de conexi\u00f3n'> <\/div>\n<\/p><\/div>\n","protected":false},"excerpt":{"rendered":"<p>Puerta de Enlace IoT Bluetooth para Etiqueta de Tinta Electr\u00f3nica \/ AccessPRO \/ ESL \/ PoE \/ WiFi<\/p>\n","protected":false},"featured_media":54279,"comment_status":"open","ping_status":"closed","template":"","meta":[],"product_brand":[],"product_cat":[1348,1346],"product_tag":[93,234,1350,1349],"class_list":{"0":"post-54280","1":"product","2":"type-product","3":"status-publish","4":"has-post-thumbnail","6":"product_cat-accesorios-gps-y-telematica","7":"product_cat-iot","8":"product_tag-accesorios","9":"product_tag-accesspro","10":"product_tag-gps-y-telematica","11":"product_tag-iot","13":"first","14":"instock","15":"sale","16":"shipping-taxable","17":"purchasable","18":"product-type-simple"},"_links":{"self":[{"href":"https:\/\/soydeaqui.ddns.net\/pachuca\/index.php\/wp-json\/wp\/v2\/product\/54280","targetHints":{"allow":["GET"]}}],"collection":[{"href":"https:\/\/soydeaqui.ddns.net\/pachuca\/index.php\/wp-json\/wp\/v2\/product"}],"about":[{"href":"https:\/\/soydeaqui.ddns.net\/pachuca\/index.php\/wp-json\/wp\/v2\/types\/product"}],"replies":[{"embeddable":true,"href":"https:\/\/soydeaqui.ddns.net\/pachuca\/index.php\/wp-json\/wp\/v2\/comments?post=54280"}],"wp:featuredmedia":[{"embeddable":true,"href":"https:\/\/soydeaqui.ddns.net\/pachuca\/index.php\/wp-json\/wp\/v2\/media\/54279"}],"wp:attachment":[{"href":"https:\/\/soydeaqui.ddns.net\/pachuca\/index.php\/wp-json\/wp\/v2\/media?parent=54280"}],"wp:term":[{"taxonomy":"product_brand","embeddable":true,"href":"https:\/\/soydeaqui.ddns.net\/pachuca\/index.php\/wp-json\/wp\/v2\/product_brand?post=54280"},{"taxonomy":"product_cat","embeddable":true,"href":"https:\/\/soydeaqui.ddns.net\/pachuca\/index.php\/wp-json\/wp\/v2\/product_cat?post=54280"},{"taxonomy":"product_tag","embeddable":true,"href":"https:\/\/soydeaqui.ddns.net\/pachuca\/index.php\/wp-json\/wp\/v2\/product_tag?post=54280"}],"curies":[{"name":"wp","href":"https:\/\/api.w.org\/{rel}","templated":true}]}}