{"id":54277,"date":"2026-03-19T02:15:52","date_gmt":"2026-03-19T02:15:52","guid":{"rendered":"https:\/\/soydeaqui.ddns.net\/pachuca\/index.php\/producto\/camara-dual-con-sistema-de-control-del-conductor-requiere-ci02-modulo-4g-comunicacion-dos-vias-multiples-alarmas-sistema-adas-y-dms-opcional-con-cd02\/"},"modified":"2026-03-19T02:15:54","modified_gmt":"2026-03-19T02:15:54","slug":"camara-dual-con-sistema-de-control-del-conductor-requiere-ci02-modulo-4g-comunicacion-dos-vias-multiples-alarmas-sistema-adas-y-dms-opcional-con-cd02","status":"publish","type":"product","link":"https:\/\/soydeaqui.ddns.net\/pachuca\/index.php\/producto\/camara-dual-con-sistema-de-control-del-conductor-requiere-ci02-modulo-4g-comunicacion-dos-vias-multiples-alarmas-sistema-adas-y-dms-opcional-con-cd02\/","title":{"rendered":"Camara dual con sistema de control del conductor (requiere CI02) \/ Modulo 4G \/ Comunicaci\u00f3n dos v\u00edas\/ M\u00faltiples Alarmas \/ Sistema ADAS y DMS (opcional con CD02)"},"content":{"rendered":"<div style='width: 100%; max-width: 1200px; margin: 0 auto; font-family: sans-serif; line-height: 1.6; color: inherit; background-color: transparent;'>\n<div style='width: 100%;'> <img style='width: 100%; height: auto; border: 1px solid rgba(150&comma;150&comma;150&comma;0.3); border-radius: 8px;' src='https:\/\/ftp3.syscom.mx\/usuarios\/fotos\/JC450\/212753-jc450.png' alt=''> <\/div>\n<div style='margin-top: 20px;'> <a href='https:\/\/www.syscom.mx\/singlepage\/CamaraJC300' style='font-size: 16px; color: #0070c0; text-decoration: none; font-weight: bold;'>Pagina de ayuda JC400 y JC400D (Dar clic aqui)<\/a> <\/div>\n<div style='margin-top: 20px;'>\n<p><strong>El JC450&comma;<\/strong> un sistema de c\u00e1mara de tablero LTE dise\u00f1ado espec\u00edficamente para su uso en veh\u00edculos comerciales&comma; es capaz de grabar 4\/5 canales separados simult\u00e1neamente y proporciona valiosos algoritmos ADAS y DMS que ayudan activamente a los conductores a aumentar la conciencia y la seguridad en la carretera al proporcionar en tiempo real&comma; alertas accionables. Los videoclips activados por eventos clave o el bot\u00f3n SOS en la cabina se guardan en la nube para su posterior revisi\u00f3n o apoyo probatorio.<\/p>\n<p>El JC450 tiene 1 c\u00e1mara incorporada (720P por defecto o 1080P a pedido) y admite hasta 4 c\u00e1maras remotas (opcional) para monitorear el exterior&comma; la cabina&comma; los lados&comma; la parte trasera o el conductor de un veh\u00edculo independientemente de estando en movimiento o estacionado. Algunas de las c\u00e1maras pueden incluso emitir alertas para recordar a los conductores o pasajeros sobre cualquier riesgo potencial.<\/p>\n<\/p><\/div>\n<p> <!-- Especificaciones en cards --> <\/p>\n<div style='display: flex; flex-wrap: wrap; gap: 20px; margin-top: 30px;'>\n<div style='flex: 1 1 250px; border: 1px solid rgba(150&comma; 150&comma; 150&comma; 0.4); border-radius: 8px; overflow: hidden; display: flex; flex-direction: column;'>\n<div style='padding: 15px; border-bottom: 1px solid rgba(150&comma; 150&comma; 150&comma; 0.2); font-weight: bold; font-size: 18px; color: inherit;'>Red y Conectividad<\/div>\n<div style='padding: 15px; color: inherit;'>\n<ul style='padding-left: 20px; margin: 0; font-size: 14px; list-style-type: disc;'>\n<li style='margin-bottom: 5px;'><strong>Red Est\u00e1ndar:<\/strong> 4G LTE Cat.4<\/li>\n<li style='margin-bottom: 5px;'><strong>WiFi:<\/strong> 2.4GHz&comma; Soporta Modo AP\/Modo STD\/WiFi Directo<\/li>\n<li style='margin-bottom: 5px;'><strong>Bluetooth:<\/strong> BLE 4.0<\/li>\n<\/ul><\/div>\n<\/p><\/div>\n<div style='flex: 1 1 250px; border: 1px solid rgba(150&comma; 150&comma; 150&comma; 0.4); border-radius: 8px; overflow: hidden; display: flex; flex-direction: column;'>\n<div style='padding: 15px; border-bottom: 1px solid rgba(150&comma; 150&comma; 150&comma; 0.2); font-weight: bold; font-size: 18px; color: inherit;'>Banda por Regi\u00f3n<\/div>\n<div style='padding: 15px; color: inherit;'>\n<ul style='padding-left: 20px; margin: 0; font-size: 14px; list-style-type: disc;'>\n<li style='margin-bottom: 5px;'><strong>Versi\u00f3n Euroasi\u00e1tica:<\/strong> FDD-LTE: B1\/B3\/B7\/B8\/B20\/B28A<br \/>TDD-LTE: B38\/B40\/B41<br \/>WCDMA: B1\/B8<br \/>GSM: B3\/B8<\/li>\n<li style='margin-bottom: 5px;'><strong>Versi\u00f3n Norteamericana:<\/strong> FDD-LTE: B2\/B4\/B5\/B12\/B13\/B14\/B66<br \/>WCDMA: B2\/B4\/B5<\/li>\n<li style='margin-bottom: 5px;'><strong>Versi\u00f3n Latinoamericana:<\/strong> FDD-LTE: B1\/B2\/B3\/B4\/B5\/B7\/B8\/B28<br \/>TDD-LTE: B40<br \/>WCDMA: B1\/B2\/B4\/B5\/B8<br \/>GSM: B2\/B3\/B5\/B8<\/li>\n<\/ul><\/div>\n<\/p><\/div>\n<div style='flex: 1 1 250px; border: 1px solid rgba(150&comma; 150&comma; 150&comma; 0.4); border-radius: 8px; overflow: hidden; display: flex; flex-direction: column;'>\n<div style='padding: 15px; border-bottom: 1px solid rgba(150&comma; 150&comma; 150&comma; 0.2); font-weight: bold; font-size: 18px; color: inherit;'>C\u00e1maras<\/div>\n<div style='padding: 15px; color: inherit;'>\n<ul style='padding-left: 20px; margin: 0; font-size: 14px; list-style-type: disc;'>\n<li style='margin-bottom: 5px;'><strong>Frontal (principal):<\/strong> 1920\u00d71080\/25FPS\/F2.0\/Todo color\/80\u00b0 (HFoV)<\/li>\n<li style='margin-bottom: 5px;'><strong>Secundaria (opcional CI02):<\/strong> 1280\u00d7720\/15FPS\/F2.5\/Todo color de d\u00eda y monocromo en penumbra\/135\u00b0 (HFoV)<\/li>\n<li style='margin-bottom: 5px;'><strong>Perif\u00e9rica (opcional):<\/strong> CI01: 1280\u00d7720\/15FPS\/F2.0\/Todo color de d\u00eda y monocromo en penumbra\/100\u00b0 (HFoV)<br \/>CI03: 1280\u00d7720\/15FPS\/F2.4\/Todo color de d\u00eda y monocromo en penumbra\/119\u00b0 (HFoV)<br \/>CD02: 1280\u00d7720\/15FPS\/F2.0\/Monocromo\/56\u00b0 (HFoV)<br \/>CE01: 1280\u00d7720\/15FPS\/F2.0\/Todo color\/IP67\/125\u00b0 (HFoV)<\/li>\n<\/ul><\/div>\n<\/p><\/div>\n<div style='flex: 1 1 250px; border: 1px solid rgba(150&comma; 150&comma; 150&comma; 0.4); border-radius: 8px; overflow: hidden; display: flex; flex-direction: column;'>\n<div style='padding: 15px; border-bottom: 1px solid rgba(150&comma; 150&comma; 150&comma; 0.2); font-weight: bold; font-size: 18px; color: inherit;'>Especificaciones T\u00e9cnicas<\/div>\n<div style='padding: 15px; color: inherit;'>\n<ul style='padding-left: 20px; margin: 0; font-size: 14px; list-style-type: disc;'>\n<li style='margin-bottom: 5px;'><strong>Formato de v\u00eddeo:<\/strong> .ts<\/li>\n<li style='margin-bottom: 5px;'><strong>GNSS:<\/strong> GPS\/BDS<\/li>\n<li style='margin-bottom: 5px;'><strong>Sensor:<\/strong> 3 ejes<\/li>\n<li style='margin-bottom: 5px;'><strong>Micr\u00f3fono:<\/strong> Compatible<\/li>\n<li style='margin-bottom: 5px;'><strong>Altavoz:<\/strong> Compatible<\/li>\n<li style='margin-bottom: 5px;'><strong>Interfaz:<\/strong> Type-C USB*1&comma; SOS*1&comma; RS232*1&comma; TTL*1&comma; rel\u00e9*1&comma; entrada digital*2&comma; salida CVBS*1<\/li>\n<li style='margin-bottom: 5px;'><strong>Memoria:<\/strong> Tarjeta TF (hasta 256 GB*2)<\/li>\n<li style='margin-bottom: 5px;'><strong>Tipo de tarjeta SIM:<\/strong> Nano<\/li>\n<\/ul><\/div>\n<\/p><\/div>\n<div style='flex: 1 1 250px; border: 1px solid rgba(150&comma; 150&comma; 150&comma; 0.4); border-radius: 8px; overflow: hidden; display: flex; flex-direction: column;'>\n<div style='padding: 15px; border-bottom: 1px solid rgba(150&comma; 150&comma; 150&comma; 0.2); font-weight: bold; font-size: 18px; color: inherit;'>Caracter\u00edsticas F\u00edsicas<\/div>\n<div style='padding: 15px; color: inherit;'>\n<ul style='padding-left: 20px; margin: 0; font-size: 14px; list-style-type: disc;'>\n<li style='margin-bottom: 5px;'><strong>Indicaci\u00f3n LED:<\/strong> Rojo (alimentaci\u00f3n)&comma; Azul (celular)&comma; Verde (GNSS)<\/li>\n<li style='margin-bottom: 5px;'><strong>Fuente de alimentaci\u00f3n:<\/strong> Cable de alimentaci\u00f3n: B+\/ACC\/GND<\/li>\n<li style='margin-bottom: 5px;'><strong>Tensi\u00f3n de funcionamiento:<\/strong> CC 9-30 V<\/li>\n<li style='margin-bottom: 5px;'><strong>Temperatura de funcionamiento:<\/strong> -20\u00b0C a +70\u00b0C<\/li>\n<li style='margin-bottom: 5px;'><strong>Temperatura de almacenamiento:<\/strong> -30\u00b0C a +85\u00b0C<\/li>\n<li style='margin-bottom: 5px;'><strong>Peso del dispositivo:<\/strong> 374g<\/li>\n<li style='margin-bottom: 5px;'><strong>Dimensi\u00f3n del dispositivo:<\/strong> 114*113*33mm<\/li>\n<li style='margin-bottom: 5px;'><strong>Certificaciones:<\/strong> CE\/FCC\/PTCRB\/RoHS<\/li>\n<\/ul><\/div>\n<\/p><\/div>\n<\/p><\/div>\n<div style='margin-top: 30px;'>\n<p style='font-size: 14px; margin: 0; color: inherit; opacity: 0.8;'>* Nos reservamos el derecho de la interpretaci\u00f3n final de este producto. Toda la informaci\u00f3n es solo para referencia y est\u00e1 sujeta a cambios sin previo aviso.<\/p>\n<\/p><\/div>\n<div style='margin-top: 30px;'>\n<p style='font-size: 14px; margin: 0; color: inherit;'><strong>Nota:<\/strong> Licencia requerida para visualizaci\u00f3n en tiempo real.<\/p>\n<ul style='padding-left: 20px; margin-top: 10px; font-size: 14px; color: inherit;'>\n<li style='margin-bottom: 5px;'><strong>PTSCXVIDEO:<\/strong> Primer a\u00f1o de licencia de video en plataforma Tracksolid<\/li>\n<li style='margin-bottom: 5px;'><strong>RTSCXVIDEO:<\/strong> Renovaci\u00f3n de licencia de video para plataforma Tracksolid<\/li>\n<li style='margin-bottom: 5px;'><strong>VTSCXVIDEO:<\/strong> Licencia vitalicia para plataforma Tracksolid<\/li>\n<li style='margin-bottom: 5px;'><strong>EPCOMGPSANUAL:<\/strong> Licencia anual para plataforma EPCOMGPS<\/li>\n<li style='margin-bottom: 5px;'><strong>EPCOMGPSMENSUAL:<\/strong> Licencia por un mes para plataforma EPCOMGPS<\/li>\n<\/ul><\/div>\n<div style='position: relative; padding-bottom: 56.25%; height: 0; overflow: hidden; margin-top: 30px;'>   <\/div>\n<\/p><\/div>\n","protected":false},"excerpt":{"rendered":"<p>Camara dual con sistema de control del conductor (requiere CI02) \/ Modulo 4G \/ Comunicaci\u00f3n dos v\u00edas\/ M\u00faltiples Alarmas \/ Sistema ADAS y DMS (opcional con CD02)<\/p>\n","protected":false},"featured_media":54276,"comment_status":"open","ping_status":"closed","template":"","meta":[],"product_brand":[],"product_cat":[1346,1388],"product_tag":[1350,1349,1420,1389],"class_list":{"0":"post-54277","1":"product","2":"type-product","3":"status-publish","4":"has-post-thumbnail","6":"product_cat-iot","7":"product_cat-trackers-gps","8":"product_tag-gps-y-telematica","9":"product_tag-iot","10":"product_tag-jimiiot","11":"product_tag-trackers-gps","13":"first","14":"instock","15":"sale","16":"shipping-taxable","17":"purchasable","18":"product-type-simple"},"_links":{"self":[{"href":"https:\/\/soydeaqui.ddns.net\/pachuca\/index.php\/wp-json\/wp\/v2\/product\/54277","targetHints":{"allow":["GET"]}}],"collection":[{"href":"https:\/\/soydeaqui.ddns.net\/pachuca\/index.php\/wp-json\/wp\/v2\/product"}],"about":[{"href":"https:\/\/soydeaqui.ddns.net\/pachuca\/index.php\/wp-json\/wp\/v2\/types\/product"}],"replies":[{"embeddable":true,"href":"https:\/\/soydeaqui.ddns.net\/pachuca\/index.php\/wp-json\/wp\/v2\/comments?post=54277"}],"wp:featuredmedia":[{"embeddable":true,"href":"https:\/\/soydeaqui.ddns.net\/pachuca\/index.php\/wp-json\/wp\/v2\/media\/54276"}],"wp:attachment":[{"href":"https:\/\/soydeaqui.ddns.net\/pachuca\/index.php\/wp-json\/wp\/v2\/media?parent=54277"}],"wp:term":[{"taxonomy":"product_brand","embeddable":true,"href":"https:\/\/soydeaqui.ddns.net\/pachuca\/index.php\/wp-json\/wp\/v2\/product_brand?post=54277"},{"taxonomy":"product_cat","embeddable":true,"href":"https:\/\/soydeaqui.ddns.net\/pachuca\/index.php\/wp-json\/wp\/v2\/product_cat?post=54277"},{"taxonomy":"product_tag","embeddable":true,"href":"https:\/\/soydeaqui.ddns.net\/pachuca\/index.php\/wp-json\/wp\/v2\/product_tag?post=54277"}],"curies":[{"name":"wp","href":"https:\/\/api.w.org\/{rel}","templated":true}]}}