{"id":54275,"date":"2026-03-19T02:15:49","date_gmt":"2026-03-19T02:15:49","guid":{"rendered":"https:\/\/soydeaqui.ddns.net\/pachuca\/index.php\/producto\/sim-syscom-10-gb-mensual-para-dispositivos-moviles-3g-4g-telcel-1-ano-de-servicio-solo-datos\/"},"modified":"2026-03-19T02:15:50","modified_gmt":"2026-03-19T02:15:50","slug":"sim-syscom-10-gb-mensual-para-dispositivos-moviles-3g-4g-telcel-1-ano-de-servicio-solo-datos","status":"publish","type":"product","link":"https:\/\/soydeaqui.ddns.net\/pachuca\/index.php\/producto\/sim-syscom-10-gb-mensual-para-dispositivos-moviles-3g-4g-telcel-1-ano-de-servicio-solo-datos\/","title":{"rendered":"SIM SYSCOM 10 GB mensual para dispositivos m\u00f3viles 3G\/4G (Telcel) 1 a\u00f1o de servicio (solo datos)"},"content":{"rendered":"<div style='width: 100%; max-width: 1200px; margin: 0 auto; font-family: sans-serif; line-height: 1.6; color: inherit; background-color: transparent;'>\n<div style='display: flex; flex-wrap: wrap; gap: 30px; margin-bottom: 30px;'>\n<div style='flex: 1 1 300px; min-width: 280px;'>\n<h3 style='font-size: 22px; border-bottom: 2px solid currentColor; padding-bottom: 5px; margin-top: 0; color: inherit; opacity: 0.8;'>Descripci\u00f3n<\/h3>\n<p style='font-size: 15px; color: inherit;'>Este SIM es compatible con la red de TELCEL&comma; ofrece 10GB mensual por un 1 a\u00f1o.<\/p>\n<div style='margin: 20px 0;'>\n<p style='font-size: 18px; color: #f29d12; font-weight: bold; text-decoration: underline; margin: 10px 0;'>REQUIERE ACTIVACI\u00d3N<\/p>\n<p style='font-size: 18px; color: #2880b9; font-weight: bold; text-decoration: underline; margin: 10px 0;'>El procedimiento lo encuentra en:<\/p>\n<p style='margin: 10px 0;'><a href='https:\/\/soporte.syscom.mx\/es\/articles\/7235212-sim1telcel-5gb-10gb-activacion' style='color: #2880b9; text-decoration: none;'>https:\/\/soporte.syscom.mx\/es\/articles\/7235212-sim1telcel-5gb-10gb-activacion<\/a><\/p>\n<p style='margin: 10px 0;'><strong style='color: inherit;'>Ingrese a syscom.mx\/panel\/servicios para la activaci\u00f3n<\/strong><\/p>\n<\/p><\/div>\n<p style='margin: 10px 0; color: inherit;'>El SIM10GBTELCEL tiene servicio a nivel nacional (Cobertura en M\u00e9xico) y servicio de roaming en Estados Unidos y Canad\u00e1 (Pol\u00edtica de Permanencia).<\/p>\n<\/p><\/div>\n<\/p><\/div>\n<div style='display: flex; flex-wrap: wrap; gap: 20px; margin-bottom: 30px;'>\n<div style='flex: 1 1 250px; border: 1px solid rgba(150&comma; 150&comma; 150&comma; 0.4); border-radius: 8px; overflow: hidden; display: flex; flex-direction: column;'>\n<div style='padding: 15px; border-bottom: 1px solid rgba(150&comma; 150&comma; 150&comma; 0.2); font-weight: bold; font-size: 18px; color: inherit;'>Restricciones del servicio<\/div>\n<div style='padding: 15px; color: inherit;'>\n<ul style='padding-left: 20px; margin: 0; font-size: 14px; list-style-type: disc;'>\n<li style='margin-bottom: 5px;'>No incluye navegaci\u00f3n en <strong style='color: inherit;'>Redes Sociales<\/strong> de manera Gratuita.<\/li>\n<li style='margin-bottom: 5px;'>No incluye env\u00edo de Mensajes <strong style='color: inherit;'>SMS<\/strong><\/li>\n<li style='margin-bottom: 5px;'><strong style='color: inherit;'>No Incluye llamadas<\/strong><\/li>\n<li style='margin-bottom: 5px;'><strong style='color: inherit;'>Una vez solicitada la activaci\u00f3n no es posible cancelar el servicio.<\/strong><\/li>\n<\/ul><\/div>\n<\/p><\/div>\n<div style='flex: 1 1 250px; border: 1px solid rgba(150&comma; 150&comma; 150&comma; 0.4); border-radius: 8px; overflow: hidden; display: flex; flex-direction: column;'>\n<div style='padding: 15px; border-bottom: 1px solid rgba(150&comma; 150&comma; 150&comma; 0.2); font-weight: bold; font-size: 18px; color: inherit;'>Equipos compatibles<\/div>\n<div style='padding: 15px; color: inherit;'>\n<ul style='padding-left: 20px; margin: 0; font-size: 14px; list-style-type: disc;'>\n<li style='margin-bottom: 5px;'>JC400<\/li>\n<li style='margin-bottom: 5px;'>JC400D<\/li>\n<li style='margin-bottom: 5px;'><a href='https:\/\/www.syscom.mx\/principal\/searchcont?route=AE-DI5042-G4-HIKVISION-196402&#038;autodetect=G4' style='color: #2880b9; text-decoration: none;'>AE-DI5042-G4<\/a><\/li>\n<\/ul><\/div>\n<\/p><\/div>\n<div style='flex: 1 1 250px; border: 1px solid rgba(150&comma; 150&comma; 150&comma; 0.4); border-radius: 8px; overflow: hidden; display: flex; flex-direction: column;'>\n<div style='padding: 15px; border-bottom: 1px solid rgba(150&comma; 150&comma; 150&comma; 0.2); font-weight: bold; font-size: 18px; color: inherit;'>Configuraci\u00f3n<\/div>\n<div style='padding: 15px; color: inherit;'>\n<p style='margin: 10px 0;'><strong style='color: inherit;'>Nota:<\/strong> Requiere configuraci\u00f3n de nueva APN en el dispositivo.<\/p>\n<p style='margin: 10px 0;'><strong style='color: inherit;'>APN:<\/strong><\/p>\n<pre style='overflow-wrap: break-word; white-space: pre-wrap; padding: 10px; background-color: rgba(0&comma;0&comma;0&comma;0.05); border: 1px solid rgba(150&comma;150&comma;150&comma;0.3); border-radius: 4px; color: inherit;'>Nombre: TELCEL APN wwwcorps.itelcel.com Usuario: (en blanco) Contrase\u00f1a: (en blanco)<\/pre>\n<\/p><\/div>\n<\/p><\/div>\n<\/p><\/div>\n<hr style='border: 0; border-top: 1px solid rgba(150&comma; 150&comma; 150&comma; 0.3); margin: 30px 0;'>\n<div style='display: flex; flex-wrap: wrap; gap: 30px;'>\n<div style='flex: 1 1 300px; min-width: 280px;'>\n<h3 style='font-size: 22px; border-bottom: 2px solid currentColor; padding-bottom: 5px; margin-top: 0; color: inherit; opacity: 0.8;'>Consideraciones importantes<\/h3>\n<p style='margin: 10px 0; color: inherit; font-size: 15px;'><strong style='color: inherit;'>Importante:<\/strong> La cobertura telef\u00f3nica es proporcionada por Telcel. Se deben hacer pruebas previas en la zona donde se planea utilizar el SIM para descartar cualquier problema de cobertura.<\/p>\n<p style='margin: 10px 0; color: inherit; font-size: 15px;'>Nota: Para la renovaci\u00f3n del servicio&comma; debe solicitar a su agente de ventas el producto RSIM10GBTELCEL&comma; es importante iniciar con el proceso de renovaci\u00f3n 2 semanas antes ya que este es el tiempo aproximado que demora la renovaci\u00f3n.<\/p>\n<\/p><\/div>\n<\/p><\/div>\n<\/p><\/div>\n","protected":false},"excerpt":{"rendered":"<p>SIM SYSCOM 10 GB mensual para dispositivos m\u00f3viles 3G\/4G (Telcel) 1 a\u00f1o de servicio (solo datos)<\/p>\n","protected":false},"featured_media":54274,"comment_status":"open","ping_status":"closed","template":"","meta":[],"product_brand":[],"product_cat":[1348,1346],"product_tag":[93,1350,1349,63],"class_list":{"0":"post-54275","1":"product","2":"type-product","3":"status-publish","4":"has-post-thumbnail","6":"product_cat-accesorios-gps-y-telematica","7":"product_cat-iot","8":"product_tag-accesorios","9":"product_tag-gps-y-telematica","10":"product_tag-iot","11":"product_tag-syscom","13":"first","14":"instock","15":"sale","16":"shipping-taxable","17":"purchasable","18":"product-type-simple"},"_links":{"self":[{"href":"https:\/\/soydeaqui.ddns.net\/pachuca\/index.php\/wp-json\/wp\/v2\/product\/54275","targetHints":{"allow":["GET"]}}],"collection":[{"href":"https:\/\/soydeaqui.ddns.net\/pachuca\/index.php\/wp-json\/wp\/v2\/product"}],"about":[{"href":"https:\/\/soydeaqui.ddns.net\/pachuca\/index.php\/wp-json\/wp\/v2\/types\/product"}],"replies":[{"embeddable":true,"href":"https:\/\/soydeaqui.ddns.net\/pachuca\/index.php\/wp-json\/wp\/v2\/comments?post=54275"}],"wp:featuredmedia":[{"embeddable":true,"href":"https:\/\/soydeaqui.ddns.net\/pachuca\/index.php\/wp-json\/wp\/v2\/media\/54274"}],"wp:attachment":[{"href":"https:\/\/soydeaqui.ddns.net\/pachuca\/index.php\/wp-json\/wp\/v2\/media?parent=54275"}],"wp:term":[{"taxonomy":"product_brand","embeddable":true,"href":"https:\/\/soydeaqui.ddns.net\/pachuca\/index.php\/wp-json\/wp\/v2\/product_brand?post=54275"},{"taxonomy":"product_cat","embeddable":true,"href":"https:\/\/soydeaqui.ddns.net\/pachuca\/index.php\/wp-json\/wp\/v2\/product_cat?post=54275"},{"taxonomy":"product_tag","embeddable":true,"href":"https:\/\/soydeaqui.ddns.net\/pachuca\/index.php\/wp-json\/wp\/v2\/product_tag?post=54275"}],"curies":[{"name":"wp","href":"https:\/\/api.w.org\/{rel}","templated":true}]}}