{"id":54267,"date":"2026-03-19T02:15:31","date_gmt":"2026-03-19T02:15:31","guid":{"rendered":"https:\/\/soydeaqui.ddns.net\/pachuca\/index.php\/producto\/etiqueta-de-tinta-electronica-esl-2-1-pulgadas-uso-en-estantes-bluetooth\/"},"modified":"2026-03-19T02:15:45","modified_gmt":"2026-03-19T02:15:45","slug":"etiqueta-de-tinta-electronica-esl-2-1-pulgadas-uso-en-estantes-bluetooth","status":"publish","type":"product","link":"https:\/\/soydeaqui.ddns.net\/pachuca\/index.php\/producto\/etiqueta-de-tinta-electronica-esl-2-1-pulgadas-uso-en-estantes-bluetooth\/","title":{"rendered":"Etiqueta de Tinta Electr\u00f3nica \/ ESL \/ 2.1 Pulgadas \/ Uso en Estantes \/ Bluetooth"},"content":{"rendered":"<div style='width: 100%; max-width: 1200px; margin: 0 auto; font-family: sans-serif; line-height: 1.6; color: inherit; background-color: transparent;'> <!-- Imagen principal --> <\/p>\n<div style='margin-top: 30px;'>\n<div style='border: 1px solid rgba(150&comma;150&comma;150&comma;0.3); padding: 0;'>\n<div style='background-color: #eee; padding: 15px;'> <img style='width: 50%; height: auto; border: 1px solid rgba(150&comma;150&comma;150&comma;0.3); border-radius: 8px; margin: auto;' src='https:\/\/ftp3.syscom.mx\/usuarios\/xguereque\/accesspro\/esl\/productos\/APTAG21BR-2.png' alt='...' \/> <\/div>\n<div style='border-top: 5px solid #0091ff; padding: 15px;'>\n<h2 style='text-align: center; color: inherit; margin-top: 0;'>AP-TAG-21B\/R<\/h2>\n<h4 style='color: rgba(128&comma;128&comma;128&comma;0.8); margin-top: 20px;'>Especificaciones<\/h4>\n<ul style='padding-left: 20px; font-size: 14px; color: inherit;'>\n<li style='margin-bottom: 5px;'>Dimensiones Externas: 68*35*14mm<\/li>\n<li style='margin-bottom: 5px;'>\u00c1rea de Pantalla Activa: 49*24mm<\/li>\n<li style='margin-bottom: 5px;'>Tama\u00f1o de Pantalla: 2.13in<\/li>\n<li style='margin-bottom: 5px;'>Resoluci\u00f3n: 250*122<\/li>\n<li style='margin-bottom: 5px;'>Densidad de Pixeles: 130dpi<\/li>\n<li style='margin-bottom: 5px;'>Peso: 34g<\/li>\n<li style='margin-bottom: 5px;'>Color de Pantalla: BWR\/BWY\/BW<\/li>\n<li style='margin-bottom: 5px;'>Tipo de Bater\u00eda: CR2450*2<\/li>\n<li style='margin-bottom: 5px;'>Duraci\u00f3n de la Bater\u00eda: 5 a\u00f1os (5 actualizaciones\/d\u00eda)<\/li>\n<li style='margin-bottom: 5px;'>Tecnolog\u00eda de Visualizaci\u00f3n: EPD<\/li>\n<li style='margin-bottom: 5px;'>Protocolo de Comunicaci\u00f3n: Bluetooth \u00ae de Bajo Consumo 5.0<\/li>\n<li style='margin-bottom: 5px;'>\u00c1ngulo de Visi\u00f3n: \u00c1ngulo de Visi\u00f3n cercano a 180\u00b0<\/li>\n<li style='margin-bottom: 5px;'>Temperatura de Funcionamiento: 0\u00b0C &#8211; 50\u00b0C<\/li>\n<li style='margin-bottom: 5px;'>Temperatura de Almacenamiento: -20\u00b0C \u2013 60\u00b0C<\/li>\n<li style='margin-bottom: 5px;'>Caracter\u00edsticas del Agua (Clasificaci\u00f3n IP): IPX5<\/li>\n<li style='margin-bottom: 5px;'>Maneras de Arreglar: Soporte\/Tap\u00f3n de Hielo\/Riel de Estante etc.<\/li>\n<li style='margin-bottom: 5px;'>Cumplimiento: BQB\/FCC\/CE\/RoHS\/MIC<\/li>\n<\/ul>\n<p style='text-align: center; margin-top: 20px;'> <span style='color: #ff0000;'>Require un gateway modelo <\/span> <strong style='color: #ff0000;'> <a style='color: #ff0000; text-decoration: underline;' href='https:\/\/www.syscom.mx\/producto\/APGW-1E-ACCESSPRO-212811.html'>APGW1E<\/a> <\/strong> <span style='color: #ff0000;'> para su funcionamiento.<\/span> <\/p>\n<\/p><\/div>\n<\/p><\/div>\n<\/p><\/div>\n<p> <!-- Caracter\u00edsticas principales --> <\/p>\n<div style='margin-top: 30px;'>\n<h1 style='text-align: center; color: inherit; font-size: 24px; margin-bottom: 20px;'>Caracter\u00edsticas principales<\/h1>\n<div style='display: flex; flex-wrap: wrap; gap: 20px; justify-content: center;'>\n<div style='flex: 1 1 250px; min-width: 250px; border: 1px solid rgba(224&comma;224&comma;224&comma;0.8); border-radius: 8px; padding: 10px; margin-bottom: 10px;'> <img style='width: 60px; height: auto; margin: auto; display: block;' src='https:\/\/ftp3.syscom.mx\/usuarios\/xguereque\/accesspro\/esl\/iconos\/energia.png' \/> <\/p>\n<h3 style='text-align: center; font-size: 16px; margin: 10px 0;'>Consumo de<br \/>Energ\u00eda Ultrabajo<\/h3>\n<p style='text-align: center; margin: 0;'>Equipado con chip de bajo consumo de energ\u00eda- Nordic&comma; la duraci\u00f3n de la bater\u00eda es de 5 a\u00f1os.<\/p>\n<\/p><\/div>\n<div style='flex: 1 1 250px; min-width: 250px; border: 1px solid rgba(224&comma;224&comma;224&comma;0.8); border-radius: 8px; padding: 10px; margin-bottom: 10px;'> <img style='width: 60px; height: auto; margin: auto; display: block;' src='https:\/\/ftp3.syscom.mx\/usuarios\/xguereque\/accesspro\/esl\/iconos\/estable.png' \/> <\/p>\n<h3 style='text-align: center; font-size: 16px; margin: 10px 0;'>Operaci\u00f3n Estable<\/p>\n<\/h3>\n<p style='text-align: center; margin: 0;'>El algoritmo efectivo y optimizado de la etiqueta realiza una operaci\u00f3n simple y pr\u00e1ctica para los usuarios.<\/p>\n<\/p><\/div>\n<div style='flex: 1 1 250px; min-width: 250px; border: 1px solid rgba(224&comma;224&comma;224&comma;0.8); border-radius: 8px; padding: 10px; margin-bottom: 10px;'> <img style='width: 60px; height: auto; margin: auto; display: block;' src='https:\/\/ftp3.syscom.mx\/usuarios\/xguereque\/accesspro\/esl\/iconos\/flexibilidad.png' \/> <\/p>\n<h3 style='text-align: center; font-size: 16px; margin: 10px 0;'>Flexibilidad<\/p>\n<\/h3>\n<p style='text-align: center; margin: 0;'>Las API est\u00e1n disponibles para integrarse con la plataforma del cliente.<\/p>\n<\/p><\/div>\n<div style='flex: 1 1 250px; min-width: 250px; border: 1px solid rgba(224&comma;224&comma;224&comma;0.8); border-radius: 8px; padding: 10px; margin-bottom: 10px;'> <img style='width: 60px; height: auto; margin: auto; display: block;' src='https:\/\/ftp3.syscom.mx\/usuarios\/xguereque\/accesspro\/esl\/iconos\/dinamico.png' \/> <\/p>\n<h3 style='text-align: center; font-size: 16px; margin: 10px 0;'>Visualizaci\u00f3n de<br \/>Contenido Din\u00e1mico<\/h3>\n<p style='text-align: center; margin: 0;'>La actualizaci\u00f3n en tiempo real permite la visualizaci\u00f3n de contenido din\u00e1mico.<\/p>\n<\/p><\/div>\n<div style='flex: 1 1 250px; min-width: 250px; border: 1px solid rgba(224&comma;224&comma;224&comma;0.8); border-radius: 8px; padding: 10px; margin-bottom: 10px;'> <img style='width: 60px; height: auto; margin: auto; display: block;' src='https:\/\/ftp3.syscom.mx\/usuarios\/xguereque\/accesspro\/esl\/iconos\/nfc.png' \/> <\/p>\n<h3 style='text-align: center; font-size: 16px; margin: 10px 0;'>Funciones NFC<\/p>\n<\/h3>\n<p style='text-align: center; margin: 0;'>Se puede obtener informaci\u00f3n m\u00e1s detallada del producto de una manera f\u00e1cil y pr\u00e1ctica.<\/p>\n<\/p><\/div>\n<div style='flex: 1 1 250px; min-width: 250px; border: 1px solid rgba(224&comma;224&comma;224&comma;0.8); border-radius: 8px; padding: 10px; margin-bottom: 10px;'> <img style='width: 60px; height: auto; margin: auto; display: block;' src='https:\/\/ftp3.syscom.mx\/usuarios\/xguereque\/accesspro\/esl\/iconos\/versatilidad.png' \/> <\/p>\n<h3 style='text-align: center; font-size: 16px; margin: 10px 0;'>Versatilidad<\/p>\n<\/h3>\n<p style='text-align: center; margin: 0;'>Con tama\u00f1o opcional&comma; resistente al agua y a bajas temperaturas&comma; est\u00e1 disponible para una gran cantidad de aplicaciones.<\/p>\n<\/p><\/div>\n<\/p><\/div>\n<\/p><\/div>\n<p> <!-- Informaci\u00f3n adicional --> <\/p>\n<div style='margin-top: 30px; display: flex; flex-wrap: wrap; gap: 30px;'>\n<div style='flex: 1 1 300px; min-width: 280px;'>\n<h3 style='font-size: 22px; border-bottom: 2px solid currentColor; padding-bottom: 5px; margin-top: 0; color: inherit; opacity: 0.8;'>AccessPRO Master Series<\/h3>\n<p style='margin-top: 10px;'>Master Series es una serie de etiquetas electr\u00f3nicas vers\u00e1tiles basadas en la tecnolog\u00eda Bluetooth\u00ae5.0&comma; que presentan de manera efectiva y actualizan la informaci\u00f3n en tiempo real. Con la opci\u00f3n disponible en el color de la pantalla de papel electr\u00f3nico (EPD)&comma; la Master Series se puede aplicar a diferentes soluciones relacionadas con las presentaci\u00f3n de informaci\u00f3n. Nuestras etiquetas certificadas son dignas de su confianza y ayudan a que su negocio sea m\u00e1s inteligente&comma; m\u00e1s f\u00e1cil y mejor.<\/p>\n<\/p><\/div>\n<div style='flex: 1 1 300px; min-width: 280px;'>\n<div style='border-left: 5px solid #0091ff; border-radius: 5px; padding: 10px; box-shadow: 2px 2px 10px rgba(216&comma;216&comma;216&comma;0.5);'> <strong style='display: block; margin-bottom: 10px;'>Caracter\u00edsticas:<\/strong> <\/p>\n<ul style='padding-left: 20px; margin: 0; font-size: 14px; list-style-type: disc; color: inherit;'>\n<li style='margin-bottom: 5px;'>A prueba de polvo y agua<\/li>\n<li style='margin-bottom: 5px;'>Soporta funciones NFC<\/li>\n<li style='margin-bottom: 5px;'>Vida \u00fatil de la bater\u00eda de 5 a\u00f1os<\/li>\n<li style='margin-bottom: 5px;'>Soporta configuraciones personalizadas<\/li>\n<li style='margin-bottom: 5px;'>Amplio funcionamiento y almacenamiento de temperatura<\/li>\n<li style='margin-bottom: 5px;'>Sincronizados con POS y ERP<\/li>\n<li style='margin-bottom: 5px;'>Compatible con API<\/li>\n<\/ul><\/div>\n<\/p><\/div>\n<\/p><\/div>\n<p> <!-- Im\u00e1genes adicionales --> <\/p>\n<div style='margin-top: 30px; display: flex; flex-wrap: wrap; gap: 20px; justify-content: center;'> <img style='width: 100%; max-width: 580px; height: auto; border: 1px solid rgba(150&comma;150&comma;150&comma;0.3); border-radius: 8px;' src='https:\/\/ftp3.syscom.mx\/usuarios\/xguereque\/accesspro\/esl\/esl-plano1.png' alt='Plano 1' \/> <img style='width: 100%; max-width: 580px; height: auto; border: 1px solid rgba(150&comma;150&comma;150&comma;0.3); border-radius: 8px;' src='https:\/\/ftp3.syscom.mx\/usuarios\/xguereque\/accesspro\/esl\/banner-esl.png' alt='Banner ESL' \/> <\/div>\n<p> <!-- Diagrama --> <\/p>\n<div style='margin-top: 30px; text-align: center;'> <img style='width: 80%; max-width: 900px; height: auto; border: 1px solid rgba(150&comma;150&comma;150&comma;0.3); border-radius: 8px; margin: 0 auto;' src='https:\/\/ftp3.syscom.mx\/usuarios\/xguereque\/accesspro\/esl\/diagrama2-ejemplo.png' alt='Diagrama' \/> <\/div>\n<p> <!-- Separador final --> <\/p>\n<hr style='border: 0; border-top: 1px solid rgba(150&comma; 150&comma; 150&comma; 0.3); margin: 30px 0;'> <\/div>\n","protected":false},"excerpt":{"rendered":"<p>Etiqueta de Tinta Electr\u00f3nica \/ ESL \/ 2.1 Pulgadas \/ Uso en Estantes \/ Bluetooth<\/p>\n","protected":false},"featured_media":54266,"comment_status":"open","ping_status":"closed","template":"","meta":[],"product_brand":[],"product_cat":[1348,1346],"product_tag":[93,234,1350,1349],"class_list":{"0":"post-54267","1":"product","2":"type-product","3":"status-publish","4":"has-post-thumbnail","6":"product_cat-accesorios-gps-y-telematica","7":"product_cat-iot","8":"product_tag-accesorios","9":"product_tag-accesspro","10":"product_tag-gps-y-telematica","11":"product_tag-iot","13":"first","14":"instock","15":"sale","16":"shipping-taxable","17":"purchasable","18":"product-type-simple"},"_links":{"self":[{"href":"https:\/\/soydeaqui.ddns.net\/pachuca\/index.php\/wp-json\/wp\/v2\/product\/54267","targetHints":{"allow":["GET"]}}],"collection":[{"href":"https:\/\/soydeaqui.ddns.net\/pachuca\/index.php\/wp-json\/wp\/v2\/product"}],"about":[{"href":"https:\/\/soydeaqui.ddns.net\/pachuca\/index.php\/wp-json\/wp\/v2\/types\/product"}],"replies":[{"embeddable":true,"href":"https:\/\/soydeaqui.ddns.net\/pachuca\/index.php\/wp-json\/wp\/v2\/comments?post=54267"}],"wp:featuredmedia":[{"embeddable":true,"href":"https:\/\/soydeaqui.ddns.net\/pachuca\/index.php\/wp-json\/wp\/v2\/media\/54266"}],"wp:attachment":[{"href":"https:\/\/soydeaqui.ddns.net\/pachuca\/index.php\/wp-json\/wp\/v2\/media?parent=54267"}],"wp:term":[{"taxonomy":"product_brand","embeddable":true,"href":"https:\/\/soydeaqui.ddns.net\/pachuca\/index.php\/wp-json\/wp\/v2\/product_brand?post=54267"},{"taxonomy":"product_cat","embeddable":true,"href":"https:\/\/soydeaqui.ddns.net\/pachuca\/index.php\/wp-json\/wp\/v2\/product_cat?post=54267"},{"taxonomy":"product_tag","embeddable":true,"href":"https:\/\/soydeaqui.ddns.net\/pachuca\/index.php\/wp-json\/wp\/v2\/product_tag?post=54267"}],"curies":[{"name":"wp","href":"https:\/\/api.w.org\/{rel}","templated":true}]}}