{"id":54257,"date":"2026-03-19T02:15:09","date_gmt":"2026-03-19T02:15:09","guid":{"rendered":"https:\/\/soydeaqui.ddns.net\/pachuca\/index.php\/producto\/baliza-led-de-uso-rudo-color-ambar-con-montaje-magnetico-y-de-succion-ip69k\/"},"modified":"2026-03-19T02:15:16","modified_gmt":"2026-03-19T02:15:16","slug":"baliza-led-de-uso-rudo-color-ambar-con-montaje-magnetico-y-de-succion-ip69k","status":"publish","type":"product","link":"https:\/\/soydeaqui.ddns.net\/pachuca\/index.php\/producto\/baliza-led-de-uso-rudo-color-ambar-con-montaje-magnetico-y-de-succion-ip69k\/","title":{"rendered":"Baliza LED de Uso Rudo, Color \u00c1mbar, Con Montaje Magn\u00e9tico y de Succi\u00f3n, IP69K"},"content":{"rendered":"<div style='width: 100%; max-width: 1200px; margin: 0 auto; font-family: sans-serif; line-height: 1.6; color: inherit; background-color: transparent;'> <!-- Descripci\u00f3n principal --> <\/p>\n<div style='margin-bottom: 30px;'>\n<p style='font-size: 16px; margin: 0 0 20px; color: inherit;'> La baliza de uso rudo de la serie EB8160 de ECCO mantiene a los pasajeros seguros en los entornos m\u00e1s dif\u00edciles. Una lente resistente a los golpes y una base de aluminio fundido a presi\u00f3n maximizan la durabilidad. Esta baliza LED mide los niveles de luz y los LED de atenuaci\u00f3n autom\u00e1tica se ajustan para brindar la intensidad de advertencia perfecta&comma; de d\u00eda o de noche. El EB8160 supera la certificaci\u00f3n de baja interferencia de radio y es resistente al agua incluso bajo alta presi\u00f3n. Dentro o fuera del trabajo&comma; esta baliza de alta resistencia es ideal para la miner\u00eda&comma; la agricultura o cualquier otra aplicaci\u00f3n de veh\u00edculos comerciales. <\/p>\n<\/p><\/div>\n<p> <!-- Secci\u00f3n de especificaciones --> <\/p>\n<div style='display: flex; flex-wrap: wrap; gap: 20px; margin-bottom: 30px;'>\n<div style='flex: 1 1 250px; border: 1px solid rgba(150&comma; 150&comma; 150&comma; 0.4); border-radius: 8px; overflow: hidden; display: flex; flex-direction: column;'>\n<div style='padding: 15px; border-bottom: 1px solid rgba(150&comma; 150&comma; 150&comma; 0.2); font-weight: bold; font-size: 18px; color: inherit;'>Especificaciones<\/div>\n<div style='padding: 15px; color: inherit;'>\n<ul style='padding-left: 20px; margin: 0; font-size: 14px; list-style-type: disc;'>\n<li style='margin-bottom: 5px;'><strong>COLOR:<\/strong> \u00c1mbar<\/li>\n<li style='margin-bottom: 5px;'><strong>Montaje:<\/strong> Magn\u00e9tico<\/li>\n<li style='margin-bottom: 5px;'><strong>Patrones de Destello:<\/strong> 20<\/li>\n<li style='margin-bottom: 5px;'><strong>Certificaciones:<\/strong> IP67&comma; IP69K&comma; ECE R10&comma; J845 CLASS 1&comma; CISPR 25 CLASS 5&comma; T13&comma; RCM<\/li>\n<li style='margin-bottom: 5px;'><strong>Altura:<\/strong> 3.35<\/li>\n<li style='margin-bottom: 5px;'><strong>Largo \/ Ancho:<\/strong> 6.56<\/li>\n<li style='margin-bottom: 5px;'><strong>Peso:<\/strong> 1.87<\/li>\n<li style='margin-bottom: 5px;'><strong>Garant\u00eda:<\/strong> 5 A\u00d1OS<\/li>\n<li style='margin-bottom: 5px;'><strong>Voltaje:<\/strong> 10-30 V<\/li>\n<li style='margin-bottom: 5px;'><strong>Amperaje:<\/strong> 4.4<\/li>\n<\/ul><\/div>\n<\/p><\/div>\n<\/p><\/div>\n<p> <!-- Imagen del producto --> <\/p>\n<div style='margin-bottom: 30px;'> <img style='width: 100%; height: auto; border: 1px solid rgba(150&comma;150&comma;150&comma;0.3); border-radius: 8px;' src='http:\/\/172.31.13.99\/usuarios\/sapodacaECCO\/Dim%205580.JPG' alt='Baliza LED de Uso Rudo'> <\/div>\n<p> <!-- Separador final --> <\/p>\n<hr style='border: 0; border-top: 1px solid rgba(150&comma; 150&comma; 150&comma; 0.3); margin: 30px 0;'> <\/div>\n","protected":false},"excerpt":{"rendered":"<p>Baliza LED de Uso Rudo, Color \u00c1mbar, Con Montaje Magn\u00e9tico y de Succi\u00f3n, IP69K<\/p>\n","protected":false},"featured_media":54256,"comment_status":"open","ping_status":"closed","template":"","meta":[],"product_brand":[],"product_cat":[1405],"product_tag":[950,1356,502],"class_list":{"0":"post-54257","1":"product","2":"type-product","3":"status-publish","4":"has-post-thumbnail","6":"product_cat-ambar-barras-de-luz-torretas-vehiculares","7":"product_tag-ambar","8":"product_tag-barras-de-luz-torretas-vehiculares","9":"product_tag-ecco","11":"first","12":"outofstock","13":"sale","14":"shipping-taxable","15":"purchasable","16":"product-type-simple"},"_links":{"self":[{"href":"https:\/\/soydeaqui.ddns.net\/pachuca\/index.php\/wp-json\/wp\/v2\/product\/54257","targetHints":{"allow":["GET"]}}],"collection":[{"href":"https:\/\/soydeaqui.ddns.net\/pachuca\/index.php\/wp-json\/wp\/v2\/product"}],"about":[{"href":"https:\/\/soydeaqui.ddns.net\/pachuca\/index.php\/wp-json\/wp\/v2\/types\/product"}],"replies":[{"embeddable":true,"href":"https:\/\/soydeaqui.ddns.net\/pachuca\/index.php\/wp-json\/wp\/v2\/comments?post=54257"}],"wp:featuredmedia":[{"embeddable":true,"href":"https:\/\/soydeaqui.ddns.net\/pachuca\/index.php\/wp-json\/wp\/v2\/media\/54256"}],"wp:attachment":[{"href":"https:\/\/soydeaqui.ddns.net\/pachuca\/index.php\/wp-json\/wp\/v2\/media?parent=54257"}],"wp:term":[{"taxonomy":"product_brand","embeddable":true,"href":"https:\/\/soydeaqui.ddns.net\/pachuca\/index.php\/wp-json\/wp\/v2\/product_brand?post=54257"},{"taxonomy":"product_cat","embeddable":true,"href":"https:\/\/soydeaqui.ddns.net\/pachuca\/index.php\/wp-json\/wp\/v2\/product_cat?post=54257"},{"taxonomy":"product_tag","embeddable":true,"href":"https:\/\/soydeaqui.ddns.net\/pachuca\/index.php\/wp-json\/wp\/v2\/product_tag?post=54257"}],"curies":[{"name":"wp","href":"https:\/\/api.w.org\/{rel}","templated":true}]}}