{"id":54241,"date":"2026-03-19T02:14:32","date_gmt":"2026-03-19T02:14:32","guid":{"rendered":"https:\/\/soydeaqui.ddns.net\/pachuca\/index.php\/producto\/lampara-oculta-de-6-led-color-rojo-claro-serie-ed9015\/"},"modified":"2026-03-19T02:14:44","modified_gmt":"2026-03-19T02:14:44","slug":"lampara-oculta-de-6-led-color-rojo-claro-serie-ed9015","status":"publish","type":"product","link":"https:\/\/soydeaqui.ddns.net\/pachuca\/index.php\/producto\/lampara-oculta-de-6-led-color-rojo-claro-serie-ed9015\/","title":{"rendered":"Lampara Oculta de  6 LED Color Rojo\/Claro Serie ED9015"},"content":{"rendered":"<div style='width: 100%; max-width: 1200px; margin: 0 auto; font-family: sans-serif; line-height: 1.6; color: inherit; background-color: transparent;'> <!-- T\u00edtulo y subt\u00edtulo (comentados por estar en otra parte de la p\u00e1gina) \n\n<h1 style='font-size: 36px; font-family: EurostileLTPro-BoldEx2&comma; 'Arial Black'&comma; sans-serif; text-transform: uppercase; color: #f7941d; letter-spacing: 0.35px; margin: 0 0 18px 0;'>SERIE ED9015<\/h1>\n\n \n\n<h2 style='font-size: 22px; font-family: FrutigerLTPro-Bold&comma; Arial&comma; sans-serif; color: #002e5e; letter-spacing: 0.35px; margin: 0 0 20px 0;'>Montaje de Superficie<\/h2>\n\n --> <!-- Descripci\u00f3n principal --> <\/p>\n<div style='margin-bottom: 30px;'>\n<p style='font-size: 14px; color: inherit; font-family: FrutigerLTPro-Roman&comma; Arial&comma; sans-serif; letter-spacing: 0.35px; margin: 0 0 15px 0; text-align: justify;'> La serie ED9015 de ECCO es una luz de advertencia LED direccional de alta intensidad dise\u00f1ada espec\u00edficamente para aplicaciones de luces delanteras y traseras de veh\u00edculos. Adem\u00e1s&comma; el ED9015 se puede montar en la superficie del exterior del veh\u00edculo utilizando el bisel de montaje incluido. Cuenta con seis LED que brindan una advertencia excepcional con la electr\u00f3nica integrada en el cabezal de luz&comma; lo que elimina la necesidad de un m\u00f3dulo de controlador en l\u00ednea. Los 29 patrones de destello (de un solo color) y los 69 (de dos colores) son sincronizables con otros Hide-A-LED y el ED3511. <\/p>\n<\/p><\/div>\n<p> <!-- Secci\u00f3n de especificaciones --> <\/p>\n<div style='display: flex; flex-wrap: wrap; gap: 20px; margin-bottom: 30px;'>\n<div style='flex: 1 1 250px; border: 1px solid rgba(150&comma; 150&comma; 150&comma; 0.4); border-radius: 8px; overflow: hidden; display: flex; flex-direction: column;'>\n<div style='padding: 15px; border-bottom: 1px solid rgba(150&comma; 150&comma; 150&comma; 0.2); font-weight: bold; font-size: 18px; color: inherit;'>Especificaciones<\/div>\n<div style='padding: 15px; color: inherit;'>\n<ul style='padding-left: 20px; margin: 0; font-size: 14px; list-style-type: disc;'>\n<li style='margin-bottom: 5px;'><strong>Color:<\/strong> Rojo \/ Claro<\/li>\n<li style='margin-bottom: 5px;'><strong>Montaje:<\/strong> Agujero o superficie de 1&#8242;<\/li>\n<li style='margin-bottom: 5px;'><strong>Patrones de destello:<\/strong> 69<\/li>\n<li style='margin-bottom: 5px;'><strong>Certificaciones:<\/strong> CE&comma; R10&comma; IP67&comma; IP69K&comma; ROHS&comma; REACH<\/li>\n<li style='margin-bottom: 5px;'><strong>Altura:<\/strong> 1.1<\/li>\n<li style='margin-bottom: 5px;'><strong>Largo \/ Ancho:<\/strong> 1.5<\/li>\n<li style='margin-bottom: 5px;'><strong>Garant\u00eda:<\/strong> 5 A\u00d1OS<\/li>\n<li style='margin-bottom: 5px;'><strong>Voltaje:<\/strong> 12-24 V<\/li>\n<\/ul><\/div>\n<\/p><\/div>\n<\/p><\/div>\n<p> <!-- Separador --> <\/p>\n<hr style='border: 0; border-top: 1px solid rgba(150&comma; 150&comma; 150&comma; 0.3); margin: 30px 0;'> <\/div>\n","protected":false},"excerpt":{"rendered":"<p>Lampara Oculta de  6 LED Color Rojo\/Claro Serie ED9015<\/p>\n","protected":false},"featured_media":54240,"comment_status":"open","ping_status":"closed","template":"","meta":[],"product_brand":[],"product_cat":[1376],"product_tag":[502,500,1377],"class_list":{"0":"post-54241","1":"product","2":"type-product","3":"status-publish","4":"has-post-thumbnail","6":"product_cat-estrobos-ocultos","7":"product_tag-ecco","8":"product_tag-estrobos-burbujas-vehiculares","9":"product_tag-estrobos-ocultos","11":"first","12":"outofstock","13":"sale","14":"shipping-taxable","15":"purchasable","16":"product-type-simple"},"_links":{"self":[{"href":"https:\/\/soydeaqui.ddns.net\/pachuca\/index.php\/wp-json\/wp\/v2\/product\/54241","targetHints":{"allow":["GET"]}}],"collection":[{"href":"https:\/\/soydeaqui.ddns.net\/pachuca\/index.php\/wp-json\/wp\/v2\/product"}],"about":[{"href":"https:\/\/soydeaqui.ddns.net\/pachuca\/index.php\/wp-json\/wp\/v2\/types\/product"}],"replies":[{"embeddable":true,"href":"https:\/\/soydeaqui.ddns.net\/pachuca\/index.php\/wp-json\/wp\/v2\/comments?post=54241"}],"wp:featuredmedia":[{"embeddable":true,"href":"https:\/\/soydeaqui.ddns.net\/pachuca\/index.php\/wp-json\/wp\/v2\/media\/54240"}],"wp:attachment":[{"href":"https:\/\/soydeaqui.ddns.net\/pachuca\/index.php\/wp-json\/wp\/v2\/media?parent=54241"}],"wp:term":[{"taxonomy":"product_brand","embeddable":true,"href":"https:\/\/soydeaqui.ddns.net\/pachuca\/index.php\/wp-json\/wp\/v2\/product_brand?post=54241"},{"taxonomy":"product_cat","embeddable":true,"href":"https:\/\/soydeaqui.ddns.net\/pachuca\/index.php\/wp-json\/wp\/v2\/product_cat?post=54241"},{"taxonomy":"product_tag","embeddable":true,"href":"https:\/\/soydeaqui.ddns.net\/pachuca\/index.php\/wp-json\/wp\/v2\/product_tag?post=54241"}],"curies":[{"name":"wp","href":"https:\/\/api.w.org\/{rel}","templated":true}]}}