{"id":54208,"date":"2026-03-19T02:13:24","date_gmt":"2026-03-19T02:13:24","guid":{"rendered":"https:\/\/soydeaqui.ddns.net\/pachuca\/index.php\/producto\/sirena-vehicular-de-100w-de-potencia-con-switch-giratorio-de-6-posiciones-y-microfono-integrado-de-uso-rudo-2\/"},"modified":"2026-03-19T02:13:41","modified_gmt":"2026-03-19T02:13:41","slug":"sirena-vehicular-de-100w-de-potencia-con-switch-giratorio-de-6-posiciones-y-microfono-integrado-de-uso-rudo-2","status":"publish","type":"product","link":"https:\/\/soydeaqui.ddns.net\/pachuca\/index.php\/producto\/sirena-vehicular-de-100w-de-potencia-con-switch-giratorio-de-6-posiciones-y-microfono-integrado-de-uso-rudo-2\/","title":{"rendered":"Sirena Vehicular de 100W de Potencia, Con Switch Giratorio de 6 posiciones y Micr\u00f3fono Integrado de Uso Rudo"},"content":{"rendered":"<div style='width: 100%; max-width: 1200px; margin: 0 auto; font-family: sans-serif; line-height: 1.6; color: inherit; background-color: transparent;'>\n<div style='display: flex; flex-wrap: wrap; gap: 30px; margin-bottom: 30px;'>\n<div style='flex: 1 1 300px; min-width: 280px;'>\n<h3 style='font-size: 22px; border-bottom: 2px solid currentColor; padding-bottom: 5px; margin-top: 0; color: inherit; opacity: 0.8;'>Descripci\u00f3n<\/h3>\n<p style='font-size: 14px; margin-top: 0;'>La sirena SP101 est\u00e1 especialmente dise\u00f1ada con tecnolog\u00eda avanzada&comma; proporciona una excelente calidad de sonido&comma; apta para instalarse en cualquier tipo de veh\u00edculo de emergencia.<\/p>\n<\/p><\/div>\n<\/p><\/div>\n<div style='display: flex; flex-wrap: wrap; gap: 30px; margin-bottom: 30px;'>\n<div style='flex: 1 1 300px; min-width: 280px;'>\n<h3 style='font-size: 22px; border-bottom: 2px solid currentColor; padding-bottom: 5px; margin-top: 0; color: inherit; opacity: 0.8;'>Caracter\u00edsticas<\/h3>\n<ul style='padding-left: 20px; font-size: 14px; color: inherit;'>\n<li style='margin-bottom: 5px;'><strong>6 tonos cl\u00e1sicos:<\/strong> WAIL&comma; YELP&comma; PHASER&comma; HI\/LO&comma; MAN WAIL y AIR HORN<\/li>\n<li style='margin-bottom: 5px;'><strong>Interruptor de modo giratorio de 6 posiciones<\/strong> con retroiluminaci\u00f3n LED<\/li>\n<li style='margin-bottom: 5px;'>Amplificador de sirena de 100W para configuraci\u00f3n de un solo altavoz (11Ohm)<\/li>\n<li style='margin-bottom: 5px;'>Multivoltaje 12~24VCD<\/li>\n<li style='margin-bottom: 5px;'>Amplificador Clase D de bajo consumo de amperaje con tono limpio y n\u00edtido&comma; salida alta cuando se combina con el altavoz SP100<\/li>\n<li style='margin-bottom: 5px;'><strong>Cumple con la norma ECE R10<\/strong><\/li>\n<li style='margin-bottom: 5px;'>Protecci\u00f3n de polaridad inversa<\/li>\n<li style='margin-bottom: 5px;'>Interruptor de palanca moment\u00e1neo<\/li>\n<li style='margin-bottom: 5px;'>Capacidad de megafon\u00eda mediante micr\u00f3fono de mano<\/li>\n<li style='margin-bottom: 5px;'><strong>Rendimiento y confiabilidad certificados SAE J1849 EVS1<\/strong><\/li>\n<li style='margin-bottom: 5px;'>Carcasa compacta con recubrimiento en polvo<\/li>\n<li style='margin-bottom: 5px;'>Volumen ajustable para funci\u00f3n PA<\/li>\n<li style='margin-bottom: 5px;'>Salida de 0&comma;2 amperios para control de luces de advertencia<\/li>\n<\/ul><\/div>\n<div style='flex: 1 1 300px; min-width: 280px;'>\n<h3 style='font-size: 22px; border-bottom: 2px solid currentColor; padding-bottom: 5px; margin-top: 0; color: inherit; opacity: 0.8;'>Especificaciones Generales<\/h3>\n<ul style='padding-left: 20px; font-size: 14px; color: inherit;'>\n<li style='margin-bottom: 5px;'><strong>Cumplimiento:<\/strong> SAE J1849 EVS1; CISPR 25<\/li>\n<li style='margin-bottom: 5px;'><strong>Voltaje de entrada:<\/strong> 12~24 VCD<\/li>\n<li style='margin-bottom: 5px;'><strong>Corriente en espera:<\/strong> 0 mA (sin cable IGN) \/ <0&comma;35 A (con cable IGN)<\/li>\n<li style='margin-bottom: 5px;'><strong>Promedio Corriente:<\/strong> 8&comma;5 A a 12 VCD\/4A a 24 VCD<\/li>\n<li style='margin-bottom: 5px;'><strong>M\u00e1x. Corriente:<\/strong> 10A @ 12VCD \/ 5A @ 24VCD<\/li>\n<li style='margin-bottom: 5px;'><strong>Potencia de salida de la sirena:<\/strong> 100 W<\/li>\n<li style='margin-bottom: 5px;'><strong>Carga de salida:<\/strong> 100W-ACR 11\u03a9<\/li>\n<li style='margin-bottom: 5px;'><strong>Frecuencia de sirena:<\/strong> 759 Hz \u2013 1592 Hz<\/li>\n<li style='margin-bottom: 5px;'><strong>Temperatura de funcionamiento:<\/strong> -22 \u00b0F a 149 \u00b0F<\/li>\n<li style='margin-bottom: 5px;'><strong>Garant\u00eda:<\/strong> 5 A\u00f1os<\/li>\n<\/ul>\n<h3 style='font-size: 22px; border-bottom: 2px solid currentColor; padding-bottom: 5px; margin-top: 25px; margin-bottom: 15px; color: inherit; opacity: 0.8;'>Conexiones<\/h3>\n<ul style='padding-left: 20px; font-size: 14px; color: inherit;'>\n<li style='margin-bottom: 5px;'>+VCD<\/li>\n<li style='margin-bottom: 5px;'>-GND<\/li>\n<li style='margin-bottom: 5px;'>Salida de altavoz+\/-<\/li>\n<li style='margin-bottom: 5px;'>SW1<\/li>\n<\/ul>\n<h3 style='font-size: 22px; border-bottom: 2px solid currentColor; padding-bottom: 5px; margin-top: 25px; margin-bottom: 15px; color: inherit; opacity: 0.8;'>Controles<\/h3>\n<ul style='padding-left: 20px; font-size: 14px; color: inherit;'>\n<li style='margin-bottom: 5px;'>1x perilla giratoria de 6 posiciones (OFF&comma; STBY&comma; WAIL&comma; YELP&comma; HI-LO&comma; PHSR)<\/li>\n<li style='margin-bottom: 5px;'>1x interruptor de palanca de 2 posiciones (HORN&comma; MAN)<\/li>\n<li style='margin-bottom: 5px;'>1x interruptor ON\/OFF (SW1)<\/li>\n<li style='margin-bottom: 5px;'>1x perilla de volumen MIC<\/li>\n<\/ul><\/div>\n<div style='flex: 1 1 300px; min-width: 280px;'>\n<h3 style='font-size: 22px; border-bottom: 2px solid currentColor; padding-bottom: 5px; margin-top: 0; color: inherit; opacity: 0.8;'>Caracter\u00edsticas F\u00edsicas<\/h3>\n<ul style='padding-left: 20px; font-size: 14px; color: inherit;'>\n<li style='margin-bottom: 5px;'><strong>Dimensiones:<\/strong> 140 mm (Largo) x 128 mm (Ancho) x 50 mm (Alto)<\/li>\n<li style='margin-bottom: 5px;'><strong>Controles de luz:<\/strong> Salida que alimenta hasta 0&comma;2 amperios m\u00e1x.<\/li>\n<li style='margin-bottom: 5px;'><strong>Clasificaciones de fusibles:<\/strong> Amplificador: Construido en 15A<\/li>\n<li style='margin-bottom: 5px;'><strong>Longitudes de cable:<\/strong> Cable de extensi\u00f3n del micr\u00f3fono: 200 mm (20 cm)<\/li>\n<\/ul><\/div>\n<\/p><\/div>\n<hr style='border: 0; border-top: 1px solid rgba(150&comma; 150&comma; 150&comma; 0.3); margin: 30px 0;'> <\/div>\n","protected":false},"excerpt":{"rendered":"<p>Sirena Vehicular de 100W de Potencia, Con Switch Giratorio de 6 posiciones y Micr\u00f3fono Integrado de Uso Rudo<\/p>\n","protected":false},"featured_media":54207,"comment_status":"open","ping_status":"closed","template":"","meta":[],"product_brand":[],"product_cat":[1392],"product_tag":[1461,1394,1393],"class_list":{"0":"post-54208","1":"product","2":"type-product","3":"status-publish","4":"has-post-thumbnail","6":"product_cat-sirenas","7":"product_tag-signalpro","8":"product_tag-sirenas","9":"product_tag-sirenas-bocinas-y-controladores-vehiculares","11":"first","12":"instock","13":"sale","14":"shipping-taxable","15":"purchasable","16":"product-type-simple"},"_links":{"self":[{"href":"https:\/\/soydeaqui.ddns.net\/pachuca\/index.php\/wp-json\/wp\/v2\/product\/54208","targetHints":{"allow":["GET"]}}],"collection":[{"href":"https:\/\/soydeaqui.ddns.net\/pachuca\/index.php\/wp-json\/wp\/v2\/product"}],"about":[{"href":"https:\/\/soydeaqui.ddns.net\/pachuca\/index.php\/wp-json\/wp\/v2\/types\/product"}],"replies":[{"embeddable":true,"href":"https:\/\/soydeaqui.ddns.net\/pachuca\/index.php\/wp-json\/wp\/v2\/comments?post=54208"}],"wp:featuredmedia":[{"embeddable":true,"href":"https:\/\/soydeaqui.ddns.net\/pachuca\/index.php\/wp-json\/wp\/v2\/media\/54207"}],"wp:attachment":[{"href":"https:\/\/soydeaqui.ddns.net\/pachuca\/index.php\/wp-json\/wp\/v2\/media?parent=54208"}],"wp:term":[{"taxonomy":"product_brand","embeddable":true,"href":"https:\/\/soydeaqui.ddns.net\/pachuca\/index.php\/wp-json\/wp\/v2\/product_brand?post=54208"},{"taxonomy":"product_cat","embeddable":true,"href":"https:\/\/soydeaqui.ddns.net\/pachuca\/index.php\/wp-json\/wp\/v2\/product_cat?post=54208"},{"taxonomy":"product_tag","embeddable":true,"href":"https:\/\/soydeaqui.ddns.net\/pachuca\/index.php\/wp-json\/wp\/v2\/product_tag?post=54208"}],"curies":[{"name":"wp","href":"https:\/\/api.w.org\/{rel}","templated":true}]}}