{"id":54186,"date":"2026-03-19T02:12:34","date_gmt":"2026-03-19T02:12:34","guid":{"rendered":"https:\/\/soydeaqui.ddns.net\/pachuca\/index.php\/producto\/bocina-compacta-de-uso-rudo-100-watts-de-potencia-ideal-para-vehiculos-de-encubierto-montaje-universal-11-ohms-de-impedancia\/"},"modified":"2026-03-19T02:12:52","modified_gmt":"2026-03-19T02:12:52","slug":"bocina-compacta-de-uso-rudo-100-watts-de-potencia-ideal-para-vehiculos-de-encubierto-montaje-universal-11-ohms-de-impedancia","status":"publish","type":"product","link":"https:\/\/soydeaqui.ddns.net\/pachuca\/index.php\/producto\/bocina-compacta-de-uso-rudo-100-watts-de-potencia-ideal-para-vehiculos-de-encubierto-montaje-universal-11-ohms-de-impedancia\/","title":{"rendered":"Bocina Compacta de Uso Rudo, 100 Watts de Potencia, Ideal Para Veh\u00edculos de Encubierto, Montaje Universal, 11 Ohms de Impedancia"},"content":{"rendered":"<div style='width: 100%; max-width: 1200px; margin: 0 auto; font-family: sans-serif; line-height: 1.6; color: inherit; background-color: transparent;'> <!-- Secci\u00f3n de descripci\u00f3n --> <\/p>\n<div style='margin-bottom: 30px;'>\n<p style='font-size: 15px; color: inherit; margin: 0 0 15px; padding: 0;'> La bocina <strong style='font-weight: bold;'><em>SP100<\/em><\/strong> est\u00e1 dise\u00f1ada especialmente para instalarse en veh\u00edculos con espacios reducidos. <\/p>\n<\/p><\/div>\n<p> <!-- Secci\u00f3n de caracter\u00edsticas --> <\/p>\n<div style='display: flex; flex-wrap: wrap; gap: 30px; margin-bottom: 30px;'>\n<div style='flex: 1 1 300px; min-width: 280px;'>\n<h3 style='font-size: 22px; border-bottom: 2px solid currentColor; padding-bottom: 5px; margin-top: 0; color: inherit; opacity: 0.8;'>Caracter\u00edsticas<\/h3>\n<ul style='padding-left: 20px; font-size: 15px; color: inherit; list-style-type: disc;'>\n<li style='margin-bottom: 5px;'>Alto rendimiento&comma; supera los requisitos SAE&comma; CA XIII y EVS2 con la mayor\u00eda de las sirenas de 100 W.<\/li>\n<li style='margin-bottom: 5px;'>Logre un rendimiento \u00f3ptimo con una sirena electr\u00f3nica Brooking.<\/li>\n<li style='margin-bottom: 5px;'>Carcasa compuesta de nailon reforzado con fibra para todo tipo de clima.<\/li>\n<li style='margin-bottom: 5px;'>Dise\u00f1o compacto y moderno&comma; solo 2.96\u2033 D&comma; ideal para instalaci\u00f3n en espacios reducidos.<\/li>\n<li style='margin-bottom: 5px;'>Disponible con soporte fijo en L o soporte ajustable de dos piezas.<\/li>\n<li style='margin-bottom: 5px;'>El controlador de aluminio fundido con un potente im\u00e1n de neodimio produce 124&comma;5 dB a una distancia de 9&#8217;8 \u2033.<\/li>\n<\/ul><\/div>\n<\/p><\/div>\n<p> <!-- Secci\u00f3n de especificaciones --> <\/p>\n<div style='display: flex; flex-wrap: wrap; gap: 20px; margin-bottom: 30px;'>\n<div style='flex: 1 1 250px; border: 1px solid rgba(150&comma; 150&comma; 150&comma; 0.4); border-radius: 8px; overflow: hidden; display: flex; flex-direction: column;'>\n<div style='padding: 15px; border-bottom: 1px solid rgba(150&comma; 150&comma; 150&comma; 0.2); font-weight: bold; font-size: 18px; color: inherit;'>Especificaciones Generales<\/div>\n<div style='padding: 15px; color: inherit;'>\n<ul style='padding-left: 20px; margin: 0; font-size: 14px; list-style-type: disc;'>\n<li style='margin-bottom: 5px;'><strong>Cumple con:<\/strong> SAE J1849 EVS2&comma; CA T\u00edtulo 13<\/li>\n<li style='margin-bottom: 5px;'><strong>Conductor:<\/strong> Im\u00e1n de neodimio<\/li>\n<li style='margin-bottom: 5px;'><strong>Potencia nominal:<\/strong> 100W<\/li>\n<li style='margin-bottom: 5px;'><strong>Impedancia (CA):<\/strong> 11 \u03a9<\/li>\n<li style='margin-bottom: 5px;'><strong>Resistencia CC:<\/strong> 4&comma;3 \u03a9<\/li>\n<li style='margin-bottom: 5px;'><strong>Peso:<\/strong> 4&comma;5 libras.<\/li>\n<li style='margin-bottom: 5px;'><strong>M\u00e9todo de enfriamiento:<\/strong> Ferro Fluid Cool<\/li>\n<li style='margin-bottom: 5px;'><strong>Carcasa:<\/strong> nailon reforzado con fibra y aluminio fundido<\/li>\n<li style='margin-bottom: 5px;'><strong>Temperatura de funcionamiento:<\/strong> -30\u00b0F~149\u00b0F<\/li>\n<li style='margin-bottom: 5px;'><strong>Temperatura de almacenamiento:<\/strong> -40\u00b0F~149\u00b0F<\/li>\n<li style='margin-bottom: 5px;'><strong>Clasificaci\u00f3n IP:<\/strong> IP54K<\/li>\n<li style='margin-bottom: 5px;'><strong>Salida de sonido:<\/strong> 124&comma;5 dBA a 3M (9&comma;84&#8242;)<\/li>\n<li style='margin-bottom: 5px;'><strong>Cables:<\/strong> Blanco (SPK+) \u2013 13&comma;78\u2033 (20AWG)<\/li>\n<li style='margin-bottom: 5px;'><strong>Negro:<\/strong> (SPK-) \u2013 13&comma;78\u2033 (20AWG)<\/li>\n<\/ul><\/div>\n<\/p><\/div>\n<p> <!-- Secci\u00f3n de dimensiones --> <\/p>\n<div style='flex: 1 1 250px; border: 1px solid rgba(150&comma; 150&comma; 150&comma; 0.4); border-radius: 8px; overflow: hidden; display: flex; flex-direction: column;'>\n<div style='padding: 15px; border-bottom: 1px solid rgba(150&comma; 150&comma; 150&comma; 0.2); font-weight: bold; font-size: 18px; color: inherit;'>Dimensiones<\/div>\n<div style='padding: 15px; color: inherit; font-size: 14px;'>\n<p style='margin: 0; padding: 0;'>160.99 mm (Largo) x 160.99 mm (Ancho) x 75.2 mm (Alto)<\/p>\n<\/p><\/div>\n<\/p><\/div>\n<\/p><\/div>\n<p> <!-- Separador --> <\/p>\n<hr style='border: 0; border-top: 1px solid rgba(150&comma; 150&comma; 150&comma; 0.3); margin: 30px 0;'> <\/div>\n","protected":false},"excerpt":{"rendered":"<p>Bocina Compacta de Uso Rudo, 100 Watts de Potencia, Ideal Para Veh\u00edculos de Encubierto, Montaje Universal, 11 Ohms de Impedancia<\/p>\n","protected":false},"featured_media":54185,"comment_status":"open","ping_status":"closed","template":"","meta":[],"product_brand":[],"product_cat":[1395],"product_tag":[479,1461,1393],"class_list":{"0":"post-54186","1":"product","2":"type-product","3":"status-publish","4":"has-post-thumbnail","6":"product_cat-bocinas-sirenas-bocinas-y-controladores-vehiculares","7":"product_tag-bocinas","8":"product_tag-signalpro","9":"product_tag-sirenas-bocinas-y-controladores-vehiculares","11":"first","12":"instock","13":"sale","14":"shipping-taxable","15":"purchasable","16":"product-type-simple"},"_links":{"self":[{"href":"https:\/\/soydeaqui.ddns.net\/pachuca\/index.php\/wp-json\/wp\/v2\/product\/54186","targetHints":{"allow":["GET"]}}],"collection":[{"href":"https:\/\/soydeaqui.ddns.net\/pachuca\/index.php\/wp-json\/wp\/v2\/product"}],"about":[{"href":"https:\/\/soydeaqui.ddns.net\/pachuca\/index.php\/wp-json\/wp\/v2\/types\/product"}],"replies":[{"embeddable":true,"href":"https:\/\/soydeaqui.ddns.net\/pachuca\/index.php\/wp-json\/wp\/v2\/comments?post=54186"}],"wp:featuredmedia":[{"embeddable":true,"href":"https:\/\/soydeaqui.ddns.net\/pachuca\/index.php\/wp-json\/wp\/v2\/media\/54185"}],"wp:attachment":[{"href":"https:\/\/soydeaqui.ddns.net\/pachuca\/index.php\/wp-json\/wp\/v2\/media?parent=54186"}],"wp:term":[{"taxonomy":"product_brand","embeddable":true,"href":"https:\/\/soydeaqui.ddns.net\/pachuca\/index.php\/wp-json\/wp\/v2\/product_brand?post=54186"},{"taxonomy":"product_cat","embeddable":true,"href":"https:\/\/soydeaqui.ddns.net\/pachuca\/index.php\/wp-json\/wp\/v2\/product_cat?post=54186"},{"taxonomy":"product_tag","embeddable":true,"href":"https:\/\/soydeaqui.ddns.net\/pachuca\/index.php\/wp-json\/wp\/v2\/product_tag?post=54186"}],"curies":[{"name":"wp","href":"https:\/\/api.w.org\/{rel}","templated":true}]}}