{"id":54176,"date":"2026-03-19T02:12:12","date_gmt":"2026-03-19T02:12:12","guid":{"rendered":"https:\/\/soydeaqui.ddns.net\/pachuca\/index.php\/producto\/sirena-vehicular-de-100w-de-potencia-con-controlador-unimando-para-control-de-tonos-4-salidas-auxiliares-y-microfono\/"},"modified":"2026-03-19T02:12:30","modified_gmt":"2026-03-19T02:12:30","slug":"sirena-vehicular-de-100w-de-potencia-con-controlador-unimando-para-control-de-tonos-4-salidas-auxiliares-y-microfono","status":"publish","type":"product","link":"https:\/\/soydeaqui.ddns.net\/pachuca\/index.php\/producto\/sirena-vehicular-de-100w-de-potencia-con-controlador-unimando-para-control-de-tonos-4-salidas-auxiliares-y-microfono\/","title":{"rendered":"Sirena Vehicular de 100W de Potencia, Con Controlador Unimando Para Control de Tonos, 4 Salidas Auxiliares y Microfono"},"content":{"rendered":"<div style='width: 100%; max-width: 1200px; margin: 0 auto; font-family: sans-serif; line-height: 1.6; color: inherit; background-color: transparent;'>\n<div style='display: flex; flex-wrap: wrap; gap: 30px; margin-bottom: 30px;'>\n<div style='flex: 1 1 300px; min-width: 280px;'>\n<h3 style='font-size: 22px; border-bottom: 2px solid currentColor; padding-bottom: 5px; margin-top: 0; color: inherit; opacity: 0.8;'>Descripci\u00f3n<\/h3>\n<p style='font-size: 15px; color: inherit; margin-top: 10px; margin-bottom: 10px;'>La Sirena SP104 est\u00e1 especialmente dise\u00f1ada con tecnolog\u00eda avanzada&comma; proporciona una excelente calidad de sonido&comma; apta para instalarse en cualquier tipo de veh\u00edculo de emergencia especialmente veh\u00edculos de Seguridad P\u00fablica&comma; su controlador unimando la hace \u00fanica para hacer de la comunicaci\u00f3n y el control de la seguridad m\u00e1s f\u00e1cil desde la propia sirena.<\/p>\n<\/p><\/div>\n<\/p><\/div>\n<div style='display: flex; flex-wrap: wrap; gap: 20px; margin-bottom: 30px;'>\n<div style='flex: 1 1 250px; border: 1px solid rgba(150&comma; 150&comma; 150&comma; 0.4); border-radius: 8px; overflow: hidden; display: flex; flex-direction: column;'>\n<div style='padding: 15px; border-bottom: 1px solid rgba(150&comma; 150&comma; 150&comma; 0.2); font-weight: bold; font-size: 18px; color: inherit;'>Caracter\u00edsticas<\/div>\n<div style='padding: 15px; color: inherit;'>\n<ul style='padding-left: 20px; margin: 0; font-size: 14px; list-style-type: disc;'>\n<li style='margin-bottom: 5px;'><span style='color: inherit;'>Amplificador de sirena de 100W dise\u00f1ado para (1) altavoz de 100W (11ohm)<\/span><\/li>\n<li style='margin-bottom: 5px;'><span style='color: inherit;'>Controlador port\u00e1til compacto de 12 botones con retroiluminaci\u00f3n LED<\/span><\/li>\n<li style='margin-bottom: 5px;'><span style='color: inherit;'>El amplificador Clase D de bajo consumo de amperaje produce un tono incre\u00edblemente limpio y n\u00edtido y una salida ALTA cuando se combina con el altavoz SP100<\/span><\/li>\n<li style='margin-bottom: 5px;'><span style='color: inherit;'>12~24 VCD multivoltaje<\/span><\/li>\n<li style='margin-bottom: 5px;'><span style='color: inherit;'>(4) interruptores de salida de rel\u00e9 de 5 A<\/span><\/li>\n<li style='margin-bottom: 5px;'><span style='color: inherit;'>C\u00f3digo programable 1&comma; 2 y 3 botones&comma; moment\u00e1neos \/ interruptor sostenido\/temporizado&comma; volumen y tono de sirena<\/span><\/li>\n<li style='margin-bottom: 5px;'><span style='color: inherit;'>22 ciclos de tono seleccionables (internacional y europeo)<\/span><\/li>\n<li style='margin-bottom: 5px;'><span style='color: inherit;'>Entrada positiva para activaci\u00f3n del tono horn desde el volante<\/span><\/li>\n<li style='margin-bottom: 5px;'><span style='color: inherit;'>Funci\u00f3n de retransmisi\u00f3n de radio (RRB) y megafon\u00eda<\/span><\/li>\n<li style='margin-bottom: 5px;'><span style='color: inherit;'>Incluye Micr\u00f3fono<\/span><\/li>\n<li style='margin-bottom: 5px;'><span style='color: inherit;'>El amplificador compacto de aluminio cabe en casi cualquier lugar<\/span><\/li>\n<li style='margin-bottom: 5px;'><span style='color: inherit;'>Protecci\u00f3n contra polaridad inversa<\/span><\/li>\n<li style='margin-bottom: 5px;'><span style='color: inherit; font-weight: bold;'>5 A\u00f1os de Garant\u00eda<\/span><\/li>\n<\/ul><\/div>\n<\/p><\/div>\n<div style='flex: 1 1 250px; border: 1px solid rgba(150&comma; 150&comma; 150&comma; 0.4); border-radius: 8px; overflow: hidden; display: flex; flex-direction: column;'>\n<div style='padding: 15px; border-bottom: 1px solid rgba(150&comma; 150&comma; 150&comma; 0.2); font-weight: bold; font-size: 18px; color: inherit;'>Especificaciones Generales<\/div>\n<div style='padding: 15px; color: inherit;'>\n<ul style='padding-left: 20px; margin: 0; font-size: 14px; list-style-type: disc;'>\n<li style='margin-bottom: 5px;'><span style='color: inherit; font-weight: bold;'>Cumplimiento: SAE J1849 EVS1; CA13; CEPE R10; CISPR 25<\/span><\/li>\n<li style='margin-bottom: 5px;'><span style='color: inherit;'>Voltaje de entrada: 12 ~ 24 VCD<\/span><\/li>\n<li style='margin-bottom: 5px;'><span style='color: inherit;'>Corriente en espera: 0 mA (sin cable IGN) \/ 4 A (con cable IGN)<\/span><\/li>\n<li style='margin-bottom: 5px;'><span style='color: inherit;'>Promedio Corriente: 8&comma;5 A a 12 VCD \/ 4A a 24 VCD<\/span><\/li>\n<li style='margin-bottom: 5px;'><span style='color: inherit;'>M\u00e1x. Corriente:<\/span><\/li>\n<li style='margin-bottom: 5px;'><span style='color: inherit;'>10A @ 12VCD \/ 5A @ 24VCD (sin salidas de control de luz)<\/span><\/li>\n<li style='margin-bottom: 5px;'><span style='color: inherit;'>20A @ 12VCD \/ 25A @ 24VCD (con salidas de control de luz)<\/span><\/li>\n<li style='margin-bottom: 5px;'><span style='color: inherit;'>Potencia de salida de la sirena: 100W<\/span><\/li>\n<li style='margin-bottom: 5px;'><span style='color: inherit;'>Carga de salida de sirena: 100W-ACR 11Ohms<\/span><\/li>\n<\/ul><\/div>\n<\/p><\/div>\n<div style='flex: 1 1 250px; border: 1px solid rgba(150&comma; 150&comma; 150&comma; 0.4); border-radius: 8px; overflow: hidden; display: flex; flex-direction: column;'>\n<div style='padding: 15px; border-bottom: 1px solid rgba(150&comma; 150&comma; 150&comma; 0.2); font-weight: bold; font-size: 18px; color: inherit;'>Especificaciones Adicionales<\/div>\n<div style='padding: 15px; color: inherit;'>\n<ul style='padding-left: 20px; margin: 0; font-size: 14px; list-style-type: disc;'>\n<li style='margin-bottom: 5px;'><span style='color: inherit;'>Frecuencia de sirena: 761 Hz \u2013 1592 Hz (WAIL\/YELP\/PHASER)<\/span><\/li>\n<li style='margin-bottom: 5px;'><span style='color: inherit;'>362 Hz \u2013 733 Hz (alto\/bajo)<\/span><\/li>\n<li style='margin-bottom: 5px;'><span style='color: inherit;'>Temperatura de funcionamiento: 86\u00b0F a 149\u00b0F<\/span><\/li>\n<li style='margin-bottom: 5px;'><span style='color: inherit;'>E\/S: +VCD&comma; IGN (encendido)&comma; entrada de audio de radio (+\/-)&comma; -GND<\/span><\/li>\n<li style='margin-bottom: 5px;'><span style='color: inherit;'>SW1~SW4&comma; salida de altavoz (+\/-)&comma; entrada de transferencia de anillo de bocina<\/span><\/li>\n<li style='margin-bottom: 5px;'><span style='color: inherit;'>Controles de sirena: (5) Botones de encendido\/apagado (sirena&comma; radio&comma; c\u00f3digo 1&comma; 2 y 3)<\/span><\/li>\n<li style='margin-bottom: 5px;'><span style='color: inherit;'>(3) Botones moment\u00e1neos: (PTT&comma; MAN&comma; BOCINA)<\/span><\/li>\n<li style='margin-bottom: 5px;'><span style='color: inherit;'>(4) Botones moment\u00e1neo\/sostenido\/temporizado (SW1&comma; 2&comma; 3 y 4)<\/span><\/li>\n<li style='margin-bottom: 5px;'><span style='color: inherit;'>SW1 se puede configurar para interbloquear SW2&comma; 3&comma; 4 y sirena<\/span><\/li>\n<li style='margin-bottom: 5px;'><span style='color: inherit;'>Conexi\u00f3n de entrada IGN (encendido)<\/span><\/li>\n<li style='margin-bottom: 5px;'><span style='color: inherit;'>Conexi\u00f3n de entrada de BOCINA<\/span><\/li>\n<li style='margin-bottom: 5px;'><span style='color: inherit;'>Controles de luz: 4 interruptores de bot\u00f3n iluminados<\/span><\/li>\n<li style='margin-bottom: 5px;'><span style='color: inherit;'>Clasificaciones de salida de luz: Fusible incorporado de 5 A en cada una de las (4) salidas auxiliares<\/span><\/li>\n<\/ul><\/div>\n<\/p><\/div>\n<div style='flex: 1 1 250px; border: 1px solid rgba(150&comma; 150&comma; 150&comma; 0.4); border-radius: 8px; overflow: hidden; display: flex; flex-direction: column;'>\n<div style='padding: 15px; border-bottom: 1px solid rgba(150&comma; 150&comma; 150&comma; 0.2); font-weight: bold; font-size: 18px; color: inherit;'>Dimensiones<\/div>\n<div style='padding: 15px; color: inherit;'>\n<ul style='padding-left: 20px; margin: 0; font-size: 14px; list-style-type: disc;'>\n<li style='margin-bottom: 5px;'><span style='color: inherit;'>136.2 mm (Largo) x 126.4 mm (Ancho) x 113.42 mm (Alto)<\/span><\/li>\n<\/ul><\/div>\n<\/p><\/div>\n<\/p><\/div>\n<hr style='border: 0; border-top: 1px solid rgba(150&comma; 150&comma; 150&comma; 0.3); margin: 30px 0;'> <\/div>\n","protected":false},"excerpt":{"rendered":"<p>Sirena Vehicular de 100W de Potencia, Con Controlador Unimando Para Control de Tonos, 4 Salidas Auxiliares y Microfono<\/p>\n","protected":false},"featured_media":54175,"comment_status":"open","ping_status":"closed","template":"","meta":[],"product_brand":[],"product_cat":[1392],"product_tag":[1461,1394,1393],"class_list":{"0":"post-54176","1":"product","2":"type-product","3":"status-publish","4":"has-post-thumbnail","6":"product_cat-sirenas","7":"product_tag-signalpro","8":"product_tag-sirenas","9":"product_tag-sirenas-bocinas-y-controladores-vehiculares","11":"first","12":"instock","13":"sale","14":"shipping-taxable","15":"purchasable","16":"product-type-simple"},"_links":{"self":[{"href":"https:\/\/soydeaqui.ddns.net\/pachuca\/index.php\/wp-json\/wp\/v2\/product\/54176","targetHints":{"allow":["GET"]}}],"collection":[{"href":"https:\/\/soydeaqui.ddns.net\/pachuca\/index.php\/wp-json\/wp\/v2\/product"}],"about":[{"href":"https:\/\/soydeaqui.ddns.net\/pachuca\/index.php\/wp-json\/wp\/v2\/types\/product"}],"replies":[{"embeddable":true,"href":"https:\/\/soydeaqui.ddns.net\/pachuca\/index.php\/wp-json\/wp\/v2\/comments?post=54176"}],"wp:featuredmedia":[{"embeddable":true,"href":"https:\/\/soydeaqui.ddns.net\/pachuca\/index.php\/wp-json\/wp\/v2\/media\/54175"}],"wp:attachment":[{"href":"https:\/\/soydeaqui.ddns.net\/pachuca\/index.php\/wp-json\/wp\/v2\/media?parent=54176"}],"wp:term":[{"taxonomy":"product_brand","embeddable":true,"href":"https:\/\/soydeaqui.ddns.net\/pachuca\/index.php\/wp-json\/wp\/v2\/product_brand?post=54176"},{"taxonomy":"product_cat","embeddable":true,"href":"https:\/\/soydeaqui.ddns.net\/pachuca\/index.php\/wp-json\/wp\/v2\/product_cat?post=54176"},{"taxonomy":"product_tag","embeddable":true,"href":"https:\/\/soydeaqui.ddns.net\/pachuca\/index.php\/wp-json\/wp\/v2\/product_tag?post=54176"}],"curies":[{"name":"wp","href":"https:\/\/api.w.org\/{rel}","templated":true}]}}