{"id":54163,"date":"2026-03-19T02:11:37","date_gmt":"2026-03-19T02:11:37","guid":{"rendered":"https:\/\/soydeaqui.ddns.net\/pachuca\/index.php\/producto\/luz-auxiliar-ultra-brillante-ip67-de-6-leds-color-ambar-claro-con-mica-transparente-y-bisel-negro\/"},"modified":"2026-03-19T02:11:45","modified_gmt":"2026-03-19T02:11:45","slug":"luz-auxiliar-ultra-brillante-ip67-de-6-leds-color-ambar-claro-con-mica-transparente-y-bisel-negro","status":"publish","type":"product","link":"https:\/\/soydeaqui.ddns.net\/pachuca\/index.php\/producto\/luz-auxiliar-ultra-brillante-ip67-de-6-leds-color-ambar-claro-con-mica-transparente-y-bisel-negro\/","title":{"rendered":"Luz Auxiliar Ultra Brillante  IP67 de 6 LEDs, Color Ambar\/Claro, con mica transparente y bisel negro"},"content":{"rendered":"<div style='width: 100%; max-width: 1200px; margin: 0 auto; font-family: sans-serif; line-height: 1.6; color: inherit; background-color: transparent;'> <!-- Secci\u00f3n de descripci\u00f3n --> <\/p>\n<div style='margin-bottom: 30px;'>\n<h3 style='font-size: 22px; border-bottom: 2px solid currentColor; padding-bottom: 5px; margin-top: 0; color: inherit; opacity: 0.8;'>Luz Auxiliar Ultra brillante<\/h3>\n<p style='font-size: 15px; color: inherit; margin-top: 15px; margin-bottom: 15px;'>Luz auxiliar compacta ideal para diversas aplicaciones. Cuenta con LEDs de \u00faltima generaci\u00f3n Ultra Brillosos&comma; los cuales hacen que tengan un excelente desempe\u00f1o y visibilidad.<\/p>\n<\/p><\/div>\n<p> <!-- Secci\u00f3n de caracter\u00edsticas --> <\/p>\n<div style='margin-bottom: 30px;'>\n<h3 style='font-size: 22px; border-bottom: 2px solid currentColor; padding-bottom: 5px; margin-top: 0; color: inherit; opacity: 0.8;'>Caracter\u00edsticas<\/h3>\n<ul style='padding-left: 20px; font-size: 15px; color: inherit; margin-top: 15px; margin-bottom: 15px;'>\n<li style='margin-bottom: 5px;'>6 Poderosos LEDs \u00faltima generaci\u00f3n Ultra Brillantes<\/li>\n<li style='margin-bottom: 5px;'>12 Patrones de destello<\/li>\n<li style='margin-bottom: 5px;'>Bisel negro<\/li>\n<li style='margin-bottom: 5px;'>Capacidad de sincronizar<\/li>\n<li style='margin-bottom: 5px;'>Mica transparente de policarbonato<\/li>\n<li style='margin-bottom: 5px;'>Cumplimiento ECE R65&comma; SAE J595 Clase I<\/li>\n<li style='margin-bottom: 5px;'>Puede ser instalado tanto en exterior como en interior<\/li>\n<li style='margin-bottom: 5px;'>Se puede instalar en cualquier lugar del veh\u00edculo gracias a su dise\u00f1o ultradelgado<\/li>\n<li style='margin-bottom: 5px;'>Est\u00e1ndar impermeable IP67<\/li>\n<li style='margin-bottom: 5px;'>Admite parpadeo s\u00edncrono y as\u00edncrono<\/li>\n<\/ul><\/div>\n<p> <!-- Secci\u00f3n de especificaciones t\u00e9cnicas --> <\/p>\n<div style='margin-bottom: 30px;'>\n<h3 style='font-size: 22px; border-bottom: 2px solid currentColor; padding-bottom: 5px; margin-top: 0; color: inherit; opacity: 0.8;'>Especificaciones T\u00e9cnicas<\/h3>\n<p> <!-- Tabla de especificaciones --> <\/p>\n<div style='overflow-x: auto; margin-top: 15px;'>\n<table style='width: 100%; border-collapse: collapse;'>\n<tr style='background-color: rgba(150&comma; 150&comma; 150&comma; 0.1);'>\n<td style='border: 1px solid rgba(150&comma;150&comma;150&comma;0.3); padding: 12px; font-weight: bold; min-width: 150px; color: inherit;'>Serie<\/td>\n<td style='border: 1px solid rgba(150&comma;150&comma;150&comma;0.3); padding: 12px; color: inherit;'>XLT1835<\/td>\n<\/tr>\n<tr>\n<td style='border: 1px solid rgba(150&comma;150&comma;150&comma;0.3); padding: 12px; font-weight: bold; min-width: 150px; color: inherit;'>Dimensiones<\/td>\n<td style='border: 1px solid rgba(150&comma;150&comma;150&comma;0.3); padding: 12px; color: inherit;'>142.6*36*14mm<\/td>\n<\/tr>\n<tr style='background-color: rgba(150&comma; 150&comma; 150&comma; 0.1);'>\n<td style='border: 1px solid rgba(150&comma;150&comma;150&comma;0.3); padding: 12px; font-weight: bold; min-width: 150px; color: inherit;'>Fuente de Luz LED<\/td>\n<td style='border: 1px solid rgba(150&comma;150&comma;150&comma;0.3); padding: 12px; color: inherit;'>6 Leds de 3W<\/td>\n<\/tr>\n<tr>\n<td style='border: 1px solid rgba(150&comma;150&comma;150&comma;0.3); padding: 12px; font-weight: bold; min-width: 150px; color: inherit;'>Voltaje<\/td>\n<td style='border: 1px solid rgba(150&comma;150&comma;150&comma;0.3); padding: 12px; color: inherit;'>10-30Vcc<\/td>\n<\/tr>\n<tr style='background-color: rgba(150&comma; 150&comma; 150&comma; 0.1);'>\n<td style='border: 1px solid rgba(150&comma;150&comma;150&comma;0.3); padding: 12px; font-weight: bold; min-width: 150px; color: inherit;'>Corriente de Operaci\u00f3n<\/td>\n<td style='border: 1px solid rgba(150&comma;150&comma;150&comma;0.3); padding: 12px; color: inherit;'>1.3 Amp<\/td>\n<\/tr>\n<tr>\n<td style='border: 1px solid rgba(150&comma;150&comma;150&comma;0.3); padding: 12px; font-weight: bold; min-width: 150px; color: inherit;'>Colores disponibles<\/td>\n<td style='border: 1px solid rgba(150&comma;150&comma;150&comma;0.3); padding: 12px; color: inherit;'>\u00c1mbar&comma; Azul&comma; Claro&comma; Rojo<\/td>\n<\/tr>\n<tr style='background-color: rgba(150&comma; 150&comma; 150&comma; 0.1);'>\n<td style='border: 1px solid rgba(150&comma;150&comma;150&comma;0.3); padding: 12px; font-weight: bold; min-width: 150px; color: inherit;'>Patrones de destello<\/td>\n<td style='border: 1px solid rgba(150&comma;150&comma;150&comma;0.3); padding: 12px; color: inherit;'>12 patrones de destello<\/td>\n<\/tr>\n<tr>\n<td style='border: 1px solid rgba(150&comma;150&comma;150&comma;0.3); padding: 12px; font-weight: bold; min-width: 150px; color: inherit;'>Certificaciones<\/td>\n<td style='border: 1px solid rgba(150&comma;150&comma;150&comma;0.3); padding: 12px; color: inherit;'>ECE R65&comma; SAE J595 Clase I<\/td>\n<\/tr>\n<\/table><\/div>\n<\/p><\/div>\n<p> <!-- Secci\u00f3n de configuraci\u00f3n de cables --> <\/p>\n<div style='margin-bottom: 30px;'>\n<h3 style='font-size: 22px; border-bottom: 2px solid currentColor; padding-bottom: 5px; margin-top: 0; color: inherit; opacity: 0.8;'>Configuraci\u00f3n de cables<\/h3>\n<div style='margin-top: 15px;'>\n<div style='margin-bottom: 8px;'><strong style='color: inherit;'>Rojo:<\/strong> VCC<\/div>\n<div style='margin-bottom: 8px;'><strong style='color: inherit;'>Negro:<\/strong> Tierra<\/div>\n<div style='margin-bottom: 8px;'><strong style='color: inherit;'>Blanco:<\/strong> Cable de Sincronizaci\u00f3n<\/div>\n<\/p><\/div>\n<\/p><\/div>\n<p> <!-- Separador final --> <\/p>\n<hr style='border: 0; border-top: 1px solid rgba(150&comma; 150&comma; 150&comma; 0.3); margin: 30px 0;'> <\/div>\n","protected":false},"excerpt":{"rendered":"<p>Luz Auxiliar Ultra Brillante  IP67 de 6 LEDs, Color Ambar\/Claro, con mica transparente y bisel negro<\/p>\n","protected":false},"featured_media":54162,"comment_status":"open","ping_status":"closed","template":"","meta":[],"product_brand":[],"product_cat":[1372],"product_tag":[1237,1371,1373],"class_list":{"0":"post-54163","1":"product","2":"type-product","3":"status-publish","4":"has-post-thumbnail","6":"product_cat-rojo","7":"product_tag-epcom-industrial-signaling","8":"product_tag-luces-auxiliares-vehiculares","9":"product_tag-rojo","11":"first","12":"instock","13":"sale","14":"shipping-taxable","15":"purchasable","16":"product-type-simple"},"_links":{"self":[{"href":"https:\/\/soydeaqui.ddns.net\/pachuca\/index.php\/wp-json\/wp\/v2\/product\/54163","targetHints":{"allow":["GET"]}}],"collection":[{"href":"https:\/\/soydeaqui.ddns.net\/pachuca\/index.php\/wp-json\/wp\/v2\/product"}],"about":[{"href":"https:\/\/soydeaqui.ddns.net\/pachuca\/index.php\/wp-json\/wp\/v2\/types\/product"}],"replies":[{"embeddable":true,"href":"https:\/\/soydeaqui.ddns.net\/pachuca\/index.php\/wp-json\/wp\/v2\/comments?post=54163"}],"wp:featuredmedia":[{"embeddable":true,"href":"https:\/\/soydeaqui.ddns.net\/pachuca\/index.php\/wp-json\/wp\/v2\/media\/54162"}],"wp:attachment":[{"href":"https:\/\/soydeaqui.ddns.net\/pachuca\/index.php\/wp-json\/wp\/v2\/media?parent=54163"}],"wp:term":[{"taxonomy":"product_brand","embeddable":true,"href":"https:\/\/soydeaqui.ddns.net\/pachuca\/index.php\/wp-json\/wp\/v2\/product_brand?post=54163"},{"taxonomy":"product_cat","embeddable":true,"href":"https:\/\/soydeaqui.ddns.net\/pachuca\/index.php\/wp-json\/wp\/v2\/product_cat?post=54163"},{"taxonomy":"product_tag","embeddable":true,"href":"https:\/\/soydeaqui.ddns.net\/pachuca\/index.php\/wp-json\/wp\/v2\/product_tag?post=54163"}],"curies":[{"name":"wp","href":"https:\/\/api.w.org\/{rel}","templated":true}]}}