{"id":54140,"date":"2026-03-19T02:10:55","date_gmt":"2026-03-19T02:10:55","guid":{"rendered":"https:\/\/soydeaqui.ddns.net\/pachuca\/index.php\/producto\/luz-auxiliar-ultra-brillante-ip67-de-6-leds-color-rojo-azul-con-mica-transparente-y-bisel-negro\/"},"modified":"2026-03-19T02:11:03","modified_gmt":"2026-03-19T02:11:03","slug":"luz-auxiliar-ultra-brillante-ip67-de-6-leds-color-rojo-azul-con-mica-transparente-y-bisel-negro","status":"publish","type":"product","link":"https:\/\/soydeaqui.ddns.net\/pachuca\/index.php\/producto\/luz-auxiliar-ultra-brillante-ip67-de-6-leds-color-rojo-azul-con-mica-transparente-y-bisel-negro\/","title":{"rendered":"Luz Auxiliar Ultra Brillante  IP67 de 6 LEDs, Color Rojo\/Azul, con mica transparente y bisel negro"},"content":{"rendered":"<div style='width: 100%; max-width: 1200px; margin: 0 auto; font-family: sans-serif; line-height: 1.6; color: inherit; background-color: transparent;'> <!-- Secci\u00f3n de descripci\u00f3n --> <\/p>\n<div style='margin-bottom: 30px;'>\n<h3 style='font-size: 22px; border-bottom: 2px solid currentColor; padding-bottom: 5px; margin-top: 0; color: inherit; opacity: 0.8;'>Luz Auxiliar Ultra brillante<\/h3>\n<p style='font-size: 15px; margin-top: 15px; color: inherit;'>Luz auxiliar compacta ideal para diversas aplicaciones. Cuenta con LEDs de \u00faltima generaci\u00f3n Ultra Brillosos&comma; los cuales hacen que tengan un excelente desempe\u00f1o y visibilidad.<\/p>\n<\/p><\/div>\n<p> <!-- Secci\u00f3n de caracter\u00edsticas --> <\/p>\n<div style='margin-bottom: 30px;'>\n<h3 style='font-size: 22px; border-bottom: 2px solid currentColor; padding-bottom: 5px; margin-top: 0; color: inherit; opacity: 0.8;'>Caracter\u00edsticas<\/h3>\n<ul style='padding-left: 20px; font-size: 15px; margin-top: 15px; color: inherit;'>\n<li style='margin-bottom: 5px;'>6 Poderosos LEDs \u00faltima generaci\u00f3n Ultra Brillantes<\/li>\n<li style='margin-bottom: 5px;'>12 Patrones de destello<\/li>\n<li style='margin-bottom: 5px;'>Bisel negro<\/li>\n<li style='margin-bottom: 5px;'>Capacidad de sincronizar<\/li>\n<li style='margin-bottom: 5px;'>Mica transparente de policarbonato<\/li>\n<li style='margin-bottom: 5px;'>Cumplimiento ECE R65&comma; SAE J595 Clase I<\/li>\n<li style='margin-bottom: 5px;'>Puede ser instalado tanto en exterior como en interior<\/li>\n<li style='margin-bottom: 5px;'>Se puede instalar en cualquier lugar del veh\u00edculo gracias a su dise\u00f1o ultradelgado<\/li>\n<li style='margin-bottom: 5px;'>Est\u00e1ndar impermeable IP67<\/li>\n<li style='margin-bottom: 5px;'>Admite parpadeo s\u00edncrono y as\u00edncrono<\/li>\n<\/ul><\/div>\n<p> <!-- Secci\u00f3n de especificaciones --> <\/p>\n<div style='margin-bottom: 30px;'>\n<h3 style='font-size: 22px; border-bottom: 2px solid currentColor; padding-bottom: 5px; margin-top: 0; color: inherit; opacity: 0.8;'>Especificaciones T\u00e9cnicas<\/h3>\n<div style='display: flex; flex-wrap: wrap; gap: 20px; margin-top: 15px;'>\n<div style='flex: 1 1 250px; border: 1px solid rgba(150&comma; 150&comma; 150&comma; 0.4); border-radius: 8px; overflow: hidden; display: flex; flex-direction: column;'>\n<div style='padding: 15px; border-bottom: 1px solid rgba(150&comma; 150&comma; 150&comma; 0.2); font-weight: bold; font-size: 18px; color: inherit;'>Especificaciones Generales<\/div>\n<div style='padding: 15px; color: inherit;'>\n<ul style='padding-left: 20px; margin: 0; font-size: 14px; list-style-type: disc;'>\n<li style='margin-bottom: 5px;'><strong>Serie:<\/strong> XLT1835<\/li>\n<li style='margin-bottom: 5px;'><strong>Dimensiones:<\/strong> 142.6*36*14mm<\/li>\n<li style='margin-bottom: 5px;'><strong>Fuente de Luz LED:<\/strong> 6 Leds de 3W<\/li>\n<li style='margin-bottom: 5px;'><strong>Voltaje:<\/strong> 10-30Vcc<\/li>\n<li style='margin-bottom: 5px;'><strong>Corriente de Operaci\u00f3n:<\/strong> 1.3 Amp<\/li>\n<\/ul><\/div>\n<\/p><\/div>\n<div style='flex: 1 1 250px; border: 1px solid rgba(150&comma; 150&comma; 150&comma; 0.4); border-radius: 8px; overflow: hidden; display: flex; flex-direction: column;'>\n<div style='padding: 15px; border-bottom: 1px solid rgba(150&comma; 150&comma; 150&comma; 0.2); font-weight: bold; font-size: 18px; color: inherit;'>Especificaciones Adicionales<\/div>\n<div style='padding: 15px; color: inherit;'>\n<ul style='padding-left: 20px; margin: 0; font-size: 14px; list-style-type: disc;'>\n<li style='margin-bottom: 5px;'><strong>Colores disponibles:<\/strong> \u00c1mbar&comma; Azul&comma; Claro&comma; Rojo<\/li>\n<li style='margin-bottom: 5px;'><strong>Patrones de destello:<\/strong> 12 patrones de destello<\/li>\n<li style='margin-bottom: 5px;'><strong>Certificaciones:<\/strong> ECE R65&comma; SAE J595 Clase I<\/li>\n<\/ul><\/div>\n<\/p><\/div>\n<\/p><\/div>\n<\/p><\/div>\n<p> <!-- Secci\u00f3n de configuraci\u00f3n de cables --> <\/p>\n<div style='margin-bottom: 30px;'>\n<h3 style='font-size: 22px; border-bottom: 2px solid currentColor; padding-bottom: 5px; margin-top: 0; color: inherit; opacity: 0.8;'>Configuraci\u00f3n de cables<\/h3>\n<ul style='padding-left: 20px; font-size: 15px; margin-top: 15px; color: inherit;'>\n<li style='margin-bottom: 5px;'><strong>Rojo:<\/strong> VCC<\/li>\n<li style='margin-bottom: 5px;'><strong>Negro:<\/strong> Tierra<\/li>\n<li style='margin-bottom: 5px;'><strong>Blanco:<\/strong> Cable de Sincronizacion<\/li>\n<\/ul><\/div>\n<p> <!-- Separador final --> <\/p>\n<hr style='border: 0; border-top: 1px solid rgba(150&comma; 150&comma; 150&comma; 0.3); margin: 30px 0;'> <\/div>\n","protected":false},"excerpt":{"rendered":"<p>Luz Auxiliar Ultra Brillante  IP67 de 6 LEDs, Color Rojo\/Azul, con mica transparente y bisel negro<\/p>\n","protected":false},"featured_media":54139,"comment_status":"open","ping_status":"closed","template":"","meta":[],"product_brand":[],"product_cat":[1372],"product_tag":[1237,1371,1373],"class_list":{"0":"post-54140","1":"product","2":"type-product","3":"status-publish","4":"has-post-thumbnail","6":"product_cat-rojo","7":"product_tag-epcom-industrial-signaling","8":"product_tag-luces-auxiliares-vehiculares","9":"product_tag-rojo","11":"first","12":"instock","13":"sale","14":"shipping-taxable","15":"purchasable","16":"product-type-simple"},"_links":{"self":[{"href":"https:\/\/soydeaqui.ddns.net\/pachuca\/index.php\/wp-json\/wp\/v2\/product\/54140","targetHints":{"allow":["GET"]}}],"collection":[{"href":"https:\/\/soydeaqui.ddns.net\/pachuca\/index.php\/wp-json\/wp\/v2\/product"}],"about":[{"href":"https:\/\/soydeaqui.ddns.net\/pachuca\/index.php\/wp-json\/wp\/v2\/types\/product"}],"replies":[{"embeddable":true,"href":"https:\/\/soydeaqui.ddns.net\/pachuca\/index.php\/wp-json\/wp\/v2\/comments?post=54140"}],"wp:featuredmedia":[{"embeddable":true,"href":"https:\/\/soydeaqui.ddns.net\/pachuca\/index.php\/wp-json\/wp\/v2\/media\/54139"}],"wp:attachment":[{"href":"https:\/\/soydeaqui.ddns.net\/pachuca\/index.php\/wp-json\/wp\/v2\/media?parent=54140"}],"wp:term":[{"taxonomy":"product_brand","embeddable":true,"href":"https:\/\/soydeaqui.ddns.net\/pachuca\/index.php\/wp-json\/wp\/v2\/product_brand?post=54140"},{"taxonomy":"product_cat","embeddable":true,"href":"https:\/\/soydeaqui.ddns.net\/pachuca\/index.php\/wp-json\/wp\/v2\/product_cat?post=54140"},{"taxonomy":"product_tag","embeddable":true,"href":"https:\/\/soydeaqui.ddns.net\/pachuca\/index.php\/wp-json\/wp\/v2\/product_tag?post=54140"}],"curies":[{"name":"wp","href":"https:\/\/api.w.org\/{rel}","templated":true}]}}