{"id":5412,"date":"2026-03-18T06:31:00","date_gmt":"2026-03-18T06:31:00","guid":{"rendered":"https:\/\/soydeaqui.ddns.net\/pachuca\/index.php\/producto\/panel-de-alarma-inalambrico-hasta-152-mts-con-videoverificacion-a-color-hasta-24-pir-con-camara-comunicador-3g-ip-incluidos\/"},"modified":"2026-03-18T06:31:00","modified_gmt":"2026-03-18T06:31:00","slug":"panel-de-alarma-inalambrico-hasta-152-mts-con-videoverificacion-a-color-hasta-24-pir-con-camara-comunicador-3g-ip-incluidos","status":"publish","type":"product","link":"https:\/\/soydeaqui.ddns.net\/pachuca\/index.php\/producto\/panel-de-alarma-inalambrico-hasta-152-mts-con-videoverificacion-a-color-hasta-24-pir-con-camara-comunicador-3g-ip-incluidos\/","title":{"rendered":"Panel de alarma inal\u00e1mbrico hasta 152 mts. Con VIDEOVERIFICACION a color, hasta 24 PIR con C\u00e1mara. Comunicador 3G \/ IP incluidos"},"content":{"rendered":"<div style='width: 100%; max-width: 1200px; margin: 0 auto; font-family: sans-serif; line-height: 1.6; color: inherit; background-color: transparent;'> <!-- Secci\u00f3n de banners --> <\/p>\n<div style='display: flex; flex-wrap: wrap; gap: 15px; margin-bottom: 15px;'>\n<div style='flex: 1 1 48%; min-width: 280px;'> <a href='https:\/\/www.syscomblog.com\/2017\/03\/videoverificacion-videofied-lo-mejor-en.html' style='display: block;'> <img style='width: 100%; height: auto; border: 1px solid rgba(150&comma;150&comma;150&comma;0.3); border-radius: 8px;' src='http:\/\/ftp3.syscom.mx\/usuarios\/ftp\/recursos\/viedofied.png' alt=''> <\/a> <\/div>\n<div style='flex: 1 1 48%; min-width: 280px;'> <a href='\/principal\/consultarproductosazul?global_search=sim25&#038;ordenar=Relevancia&#038;pag=1' style='display: block;'> <img style='width: 100%; height: auto; border: 1px solid rgba(150&comma;150&comma;150&comma;0.3); border-radius: 8px;' src='http:\/\/ftp3.syscom.mx\/usuarios\/ftp\/recursos\/sim-multicarrier.png' alt=''> <\/a> <\/div>\n<\/p><\/div>\n<p> <!-- Descripci\u00f3n principal --> <\/p>\n<div style='margin-bottom: 30px; font-size: 15px;'>\n<p style='margin: 15px 0;'>Descripci\u00f3n<\/p>\n<p style='margin: 15px 0;'>A trav\u00e9s de las c\u00e1maras Motion Viewer\u2122 y de la gama de productos Videofied\u00ae RSI VIDEO TECHNOLOGIES by Honeywell propone desde el 2002 la \u00fanica video verificaci\u00f3n inal\u00e1mbrica del mercado.<\/p>\n<p style='margin: 15px 0;'>Tras dos a\u00f1os de desarrollo&comma; RSI VIDEO TECHNOLOGIES est\u00e1 orgulloso de presentarles el panel W. El panel W es un sistema de seguridad inal\u00e1mbrico&comma; que funciona con la red el\u00e9ctrica v\u00eda un transformador y posee una bater\u00eda de respaldo recargable (incluida). Es el primer panel completamente conectado dise\u00f1ado por RSI VIDEO TECHNOLOGIES.<\/p>\n<p style='margin: 15px 0;'>Este panel es principalmente dise\u00f1ado para los mercados residenciales y de peque\u00f1os negocios. Como todos nuestros paneles de alarmas&comma; el W es compatible con todos los dispositivos concebidos por VIDEOFIED by Honeywell.<\/p>\n<\/p><\/div>\n<p> <!-- Caracter\u00edsticas --> <\/p>\n<div style='display: flex; flex-wrap: wrap; gap: 30px; margin-bottom: 30px;'>\n<div style='flex: 1 1 300px; min-width: 280px;'>\n<h3 style='font-size: 22px; border-bottom: 2px solid currentColor; padding-bottom: 5px; margin-top: 0; color: inherit; opacity: 0.8;'>Caracter\u00edsticas<\/h3>\n<ul style='padding-left: 20px; font-size: 15px; color: inherit;'>\n<li style='margin-bottom: 5px;'>F\u00e1cil y r\u00e1pido de Instalar<\/li>\n<li style='margin-bottom: 5px;'>Bater\u00edas de Litio de Larga duraci\u00f3n hasta 4 a\u00f1os<\/li>\n<li style='margin-bottom: 5px;'>Sin necesidad de cablear: Sistema totalmente inal\u00e1mbrico<\/li>\n<li style='margin-bottom: 5px;'>Alcance de 150 mts<\/li>\n<li style='margin-bottom: 5px;'>Sin necesidad de l\u00ednea telef\u00f3nica: Sistema con transmisi\u00f3n 3G y IP<\/li>\n<li style='margin-bottom: 5px;'>M\u00f3dulo de Comunicaci\u00f3n Wi-Fi Opcional (No incluido)<\/li>\n<li style='margin-bottom: 5px;'>R\u00e1pido de instalar<\/li>\n<li style='margin-bottom: 5px;'>Soporta hasta 25 dispositivos (1 Teclado y hasta 24 Detectores PIR con C\u00e1mara)<\/li>\n<li style='margin-bottom: 5px;'>El Panel para interior WIP630 tiene opci\u00f3n de una App para usuario Final<\/li>\n<li style='margin-bottom: 5px;'>La App Permite Armar\/Desarmar y tomar Fotos<\/li>\n<li style='margin-bottom: 5px;'>Teclado con Opci\u00f3n de lector de TAGS<\/li>\n<li style='margin-bottom: 5px;'>Env\u00edo de clip de Video de hasta 10 segundos a la Central de Monitoreo para Videoverificaci\u00f3n<\/li>\n<li style='margin-bottom: 5px;'>Software Frontel para Recepci\u00f3n de Eventos en la Central de Monitoreo (Gratis para 100 cuentas)<\/li>\n<\/ul><\/div>\n<\/p><\/div>\n<p> <!-- Nota importante --> <\/p>\n<div style='margin-bottom: 30px; font-size: 15px;'>\n<p style='margin: 15px 0;'>Nota: Requiere fuente de alimentaci\u00f3n WPS110<\/p>\n<\/p><\/div>\n<p> <!-- Im\u00e1genes --> <\/p>\n<div style='display: flex; flex-wrap: wrap; gap: 30px; margin-bottom: 30px;'>\n<div style='flex: 1 1 45%; min-width: 280px;'> <img style='width: 100%; height: auto; border: 1px solid rgba(150&comma;150&comma;150&comma;0.3); border-radius: 8px;' src='https:\/\/gallery.mailchimp.com\/2b3e9128678b450bb748bf973\/images\/9ae3d122-dc11-4a4f-b741-5088a25c3fcb.jpg' alt=''> <\/div>\n<div style='flex: 1 1 45%; min-width: 280px;'> <img style='width: 100%; height: auto; border: 1px solid rgba(150&comma;150&comma;150&comma;0.3); border-radius: 8px;' src='https:\/\/gallery.mailchimp.com\/2b3e9128678b450bb748bf973\/images\/0a54a2d0-e7dd-4add-ae00-5cd007eb7390.gif' alt=''> <\/div>\n<\/p><\/div>\n<p> <!-- Im\u00e1genes ampliadas --> <\/p>\n<div style='display: flex; flex-wrap: wrap; gap: 30px; margin-bottom: 30px;'>\n<div style='flex: 1 1 100%; min-width: 280px;'> <img style='width: 100%; height: auto; border: 1px solid rgba(150&comma;150&comma;150&comma;0.3); border-radius: 8px;' src='http:\/\/ftp3.syscom.mx\/usuarios\/yhermosillo\/HONEYWELL\/Aplicacion_recidencial.png' alt=''> <\/div>\n<div style='flex: 1 1 100%; min-width: 280px;'> <img style='width: 100%; height: auto; border: 1px solid rgba(150&comma;150&comma;150&comma;0.3); border-radius: 8px;' src='http:\/\/ftp3.syscom.mx\/usuarios\/yhermosillo\/HONEYWELL\/Envio%20de%20Alarmas%20WIP630.png' alt=''> <\/div>\n<div style='flex: 1 1 100%; min-width: 280px;'> <img style='width: 100%; height: auto; border: 1px solid rgba(150&comma;150&comma;150&comma;0.3); border-radius: 8px;' src='http:\/\/ftp3.syscom.mx\/usuarios\/yhermosillo\/HONEYWELL\/Ventajas%20Videofied.png' alt=''> <\/div>\n<\/p><\/div>\n<p> <!-- Galer\u00eda de GIFs --> <\/p>\n<div style='display: flex; flex-wrap: wrap; gap: 20px; margin-bottom: 30px;'>\n<div style='flex: 1 1 45%; min-width: 280px;'> <img style='width: 100%; height: auto; border: 1px solid rgba(150&comma;150&comma;150&comma;0.3); border-radius: 8px;' src='http:\/\/ftp3.syscom.mx\/usuarios\/yhermosillo\/VIDEOFIED\/Gifs\/Arresto.gif' alt=''> <\/div>\n<div style='flex: 1 1 45%; min-width: 280px;'> <img style='width: 100%; height: auto; border: 1px solid rgba(150&comma;150&comma;150&comma;0.3); border-radius: 8px;' src='http:\/\/ftp3.syscom.mx\/usuarios\/yhermosillo\/VIDEOFIED\/Gifs\/Intruso%20color.gif' alt=''> <\/div>\n<div style='flex: 1 1 45%; min-width: 280px;'> <img style='width: 100%; height: auto; border: 1px solid rgba(150&comma;150&comma;150&comma;0.3); border-radius: 8px;' src='http:\/\/ftp3.syscom.mx\/usuarios\/yhermosillo\/VIDEOFIED\/Gifs\/Contenedor-martillo.gif' alt=''> <\/div>\n<div style='flex: 1 1 45%; min-width: 280px;'> <img style='width: 100%; height: auto; border: 1px solid rgba(150&comma;150&comma;150&comma;0.3); border-radius: 8px;' src='http:\/\/ftp3.syscom.mx\/usuarios\/yhermosillo\/VIDEOFIED\/Gifs\/Grafiti.gif' alt=''> <\/div>\n<\/p><\/div>\n<p> <!-- Video de YouTube --> <\/p>\n<div style='margin-bottom: 30px;'>\n<div style='position: relative; padding-bottom: 56.25%; height: 0; overflow: hidden;'>   <\/div>\n<\/p><\/div>\n<\/p><\/div>\n","protected":false},"excerpt":{"rendered":"<p>Panel de alarma inal\u00e1mbrico hasta 152 mts. Con VIDEOVERIFICACION a color, hasta 24 PIR con C\u00e1mara. Comunicador 3G \/ IP incluidos<\/p>\n","protected":false},"featured_media":5411,"comment_status":"open","ping_status":"closed","template":"","meta":[],"product_brand":[],"product_cat":[60],"product_tag":[45,61,62],"class_list":{"0":"post-5412","1":"product","2":"type-product","3":"status-publish","4":"has-post-thumbnail","6":"product_cat-todos","7":"product_tag-honeywell-home-resideo","8":"product_tag-paneles-de-alarma","9":"product_tag-todos","11":"first","12":"instock","13":"sale","14":"shipping-taxable","15":"purchasable","16":"product-type-simple"},"_links":{"self":[{"href":"https:\/\/soydeaqui.ddns.net\/pachuca\/index.php\/wp-json\/wp\/v2\/product\/5412","targetHints":{"allow":["GET"]}}],"collection":[{"href":"https:\/\/soydeaqui.ddns.net\/pachuca\/index.php\/wp-json\/wp\/v2\/product"}],"about":[{"href":"https:\/\/soydeaqui.ddns.net\/pachuca\/index.php\/wp-json\/wp\/v2\/types\/product"}],"replies":[{"embeddable":true,"href":"https:\/\/soydeaqui.ddns.net\/pachuca\/index.php\/wp-json\/wp\/v2\/comments?post=5412"}],"wp:featuredmedia":[{"embeddable":true,"href":"https:\/\/soydeaqui.ddns.net\/pachuca\/index.php\/wp-json\/wp\/v2\/media\/5411"}],"wp:attachment":[{"href":"https:\/\/soydeaqui.ddns.net\/pachuca\/index.php\/wp-json\/wp\/v2\/media?parent=5412"}],"wp:term":[{"taxonomy":"product_brand","embeddable":true,"href":"https:\/\/soydeaqui.ddns.net\/pachuca\/index.php\/wp-json\/wp\/v2\/product_brand?post=5412"},{"taxonomy":"product_cat","embeddable":true,"href":"https:\/\/soydeaqui.ddns.net\/pachuca\/index.php\/wp-json\/wp\/v2\/product_cat?post=5412"},{"taxonomy":"product_tag","embeddable":true,"href":"https:\/\/soydeaqui.ddns.net\/pachuca\/index.php\/wp-json\/wp\/v2\/product_tag?post=5412"}],"curies":[{"name":"wp","href":"https:\/\/api.w.org\/{rel}","templated":true}]}}