{"id":54117,"date":"2026-03-19T02:10:10","date_gmt":"2026-03-19T02:10:10","guid":{"rendered":"https:\/\/soydeaqui.ddns.net\/pachuca\/index.php\/producto\/mini-barra-de-24-pulgadas-con-240-led-color-rojo-azul-con-montaje-magnetico\/"},"modified":"2026-03-19T02:10:20","modified_gmt":"2026-03-19T02:10:20","slug":"mini-barra-de-24-pulgadas-con-240-led-color-rojo-azul-con-montaje-magnetico","status":"publish","type":"product","link":"https:\/\/soydeaqui.ddns.net\/pachuca\/index.php\/producto\/mini-barra-de-24-pulgadas-con-240-led-color-rojo-azul-con-montaje-magnetico\/","title":{"rendered":"Mini Barra de 24 Pulgadas con 240 LED, Color Rojo\/Azul Con Montaje Magn\u00e9tico"},"content":{"rendered":"<div style='width: 100%; max-width: 1200px; margin: 0 auto; font-family: sans-serif; line-height: 1.6; color: inherit; background-color: transparent;'> <!-- Secci\u00f3n principal --> <\/p>\n<div style='display: flex; flex-wrap: wrap; gap: 30px; margin-bottom: 30px;'>\n<div style='flex: 1 1 300px; min-width: 280px;'>\n<h3 style='font-size: 22px; border-bottom: 2px solid currentColor; padding-bottom: 5px; margin-top: 0; color: inherit; opacity: 0.8;'>Mini Barra de luces Brillante con tecnolog\u00eda HyperLUX<\/h3>\n<p style='font-size: 15px; color: inherit; margin-bottom: 15px;'>Con su dise\u00f1o mejorado e Ideal para veh\u00edculos de tr\u00e1fico p\u00e9sado como montacargas&comma; gr\u00faas&comma; seguridad privada<\/p>\n<h4 style='font-size: 18px; margin-top: 20px; margin-bottom: 10px; color: inherit; opacity: 0.8;'>Caracter\u00edsticas:<\/h4>\n<ul style='padding-left: 20px; font-size: 15px; color: inherit;'>\n<li style='margin-bottom: 5px;'><strong>10 M\u00f3dulos de 24 LED Gen III<\/strong> con la novedosa tecnolog\u00eda <strong>HyperLUX<\/strong><\/li>\n<li style='margin-bottom: 5px;'>Alta Luminosidad<\/li>\n<li style='margin-bottom: 5px;'>2 a\u00f1os de garant\u00eda<\/li>\n<li style='margin-bottom: 5px;'>Larga Vida \u00datil<\/li>\n<li style='margin-bottom: 5px;'>10 Patrones de Destello<\/li>\n<li style='margin-bottom: 5px;'>Domo de Policarbonato<\/li>\n<li style='margin-bottom: 5px;'>F\u00e1cil Operaci\u00f3n e Instalaci\u00f3n<\/li>\n<li style='margin-bottom: 5px;'>Montaje Magn\u00e9tico<\/li>\n<li style='margin-bottom: 5px;'>Longitud de cable incluido 2.40 mts<\/li>\n<\/ul><\/div>\n<\/p><\/div>\n<p> <!-- Secci\u00f3n de especificaciones --> <\/p>\n<div style='display: flex; flex-wrap: wrap; gap: 30px; margin-bottom: 30px;'>\n<div style='flex: 1 1 300px; min-width: 280px;'>\n<h4 style='font-size: 18px; margin-top: 20px; margin-bottom: 10px; color: inherit; opacity: 0.8;'>Especificaciones T\u00e9cnicas:<\/h4>\n<ul style='padding-left: 20px; font-size: 15px; color: inherit;'>\n<li style='margin-bottom: 5px;'>Voltaje: 12 o 24 Vcd<\/li>\n<li style='margin-bottom: 5px;'>Consumo: 4 A m\u00e1x<\/li>\n<li style='margin-bottom: 5px;'>Temperatura de Operaci\u00f3n: -40\u00b0C a 55 \u00b0C<\/li>\n<li style='margin-bottom: 5px;'>Dimensiones: 61.2 X 28 X 9 CM (24 Pulgadas)<\/li>\n<li style='margin-bottom: 5px;'>Longitud de cable incluido 2.40 mts<\/li>\n<\/ul><\/div>\n<\/p><\/div>\n<p> <!-- Secci\u00f3n de configuraci\u00f3n --> <\/p>\n<div style='display: flex; flex-wrap: wrap; gap: 30px; margin-bottom: 30px;'>\n<div style='flex: 1 1 300px; min-width: 280px;'>\n<h4 style='font-size: 18px; margin-top: 20px; margin-bottom: 10px; color: inherit; opacity: 0.8;'>Configuraci\u00f3n de barra de luz:<\/h4>\n<p style='font-size: 15px; color: inherit; margin-bottom: 15px;'><em><strong>10 m\u00f3dulos LED de 24 LED<\/strong><\/em><\/p>\n<ul style='padding-left: 20px; font-size: 15px; color: inherit;'>\n<li style='margin-bottom: 5px;'><strong>1 m\u00f3dulo de 24 LED rojo en el frente<\/strong><\/li>\n<li style='margin-bottom: 5px;'><strong>1 m\u00f3dulo de 24 LED azul en el frente<\/strong><\/li>\n<li style='margin-bottom: 5px;'><strong>1 m\u00f3dulo de esquina de 24 LED rojo en el frente<\/strong><\/li>\n<li style='margin-bottom: 5px;'><strong>1 m\u00f3dulo de esquina de 24 LED azul en el frente<\/strong><\/li>\n<li style='margin-bottom: 5px;'><strong>1 m\u00f3dulo lateral de 24 LED azul<\/strong><\/li>\n<li style='margin-bottom: 5px;'><strong>1 m\u00f3dulo lateral de 24 LED rojo<\/strong><\/li>\n<li style='margin-bottom: 5px;'><strong>1 m\u00f3dulo de esquina de 24 LED rojo en la parte trasera<\/strong><\/li>\n<li style='margin-bottom: 5px;'><strong>1 m\u00f3dulo de esquina de 24 LED azul en la parte trasera<\/strong><\/li>\n<li style='margin-bottom: 5px;'><strong>1 m\u00f3dulo de 24 LED rojo en la parte trasera<\/strong><\/li>\n<li style='margin-bottom: 5px;'><strong>1 m\u00f3dulo de 24 LED azul en la parte trasera<\/strong><\/li>\n<\/ul><\/div>\n<\/p><\/div>\n<p> <!-- Separador --> <\/p>\n<hr style='border: 0; border-top: 1px solid rgba(150&comma; 150&comma; 150&comma; 0.3); margin: 30px 0;'> <\/div>\n","protected":false},"excerpt":{"rendered":"<p>Mini Barra de 24 Pulgadas con 240 LED, Color Rojo\/Azul Con Montaje Magn\u00e9tico<\/p>\n","protected":false},"featured_media":54116,"comment_status":"open","ping_status":"closed","template":"","meta":[],"product_brand":[],"product_cat":[1358],"product_tag":[1356,1237,1359],"class_list":{"0":"post-54117","1":"product","2":"type-product","3":"status-publish","4":"has-post-thumbnail","6":"product_cat-rojo-azul","7":"product_tag-barras-de-luz-torretas-vehiculares","8":"product_tag-epcom-industrial-signaling","9":"product_tag-rojo-azul","11":"first","12":"instock","13":"sale","14":"shipping-taxable","15":"purchasable","16":"product-type-simple"},"_links":{"self":[{"href":"https:\/\/soydeaqui.ddns.net\/pachuca\/index.php\/wp-json\/wp\/v2\/product\/54117","targetHints":{"allow":["GET"]}}],"collection":[{"href":"https:\/\/soydeaqui.ddns.net\/pachuca\/index.php\/wp-json\/wp\/v2\/product"}],"about":[{"href":"https:\/\/soydeaqui.ddns.net\/pachuca\/index.php\/wp-json\/wp\/v2\/types\/product"}],"replies":[{"embeddable":true,"href":"https:\/\/soydeaqui.ddns.net\/pachuca\/index.php\/wp-json\/wp\/v2\/comments?post=54117"}],"wp:featuredmedia":[{"embeddable":true,"href":"https:\/\/soydeaqui.ddns.net\/pachuca\/index.php\/wp-json\/wp\/v2\/media\/54116"}],"wp:attachment":[{"href":"https:\/\/soydeaqui.ddns.net\/pachuca\/index.php\/wp-json\/wp\/v2\/media?parent=54117"}],"wp:term":[{"taxonomy":"product_brand","embeddable":true,"href":"https:\/\/soydeaqui.ddns.net\/pachuca\/index.php\/wp-json\/wp\/v2\/product_brand?post=54117"},{"taxonomy":"product_cat","embeddable":true,"href":"https:\/\/soydeaqui.ddns.net\/pachuca\/index.php\/wp-json\/wp\/v2\/product_cat?post=54117"},{"taxonomy":"product_tag","embeddable":true,"href":"https:\/\/soydeaqui.ddns.net\/pachuca\/index.php\/wp-json\/wp\/v2\/product_tag?post=54117"}],"curies":[{"name":"wp","href":"https:\/\/api.w.org\/{rel}","templated":true}]}}