{"id":54099,"date":"2026-03-19T02:09:37","date_gmt":"2026-03-19T02:09:37","guid":{"rendered":"https:\/\/soydeaqui.ddns.net\/pachuca\/index.php\/producto\/luz-auxiliar-flexible-8-led-rojo-azul-bisel-negro-lente-transparente\/"},"modified":"2026-03-19T02:09:39","modified_gmt":"2026-03-19T02:09:39","slug":"luz-auxiliar-flexible-8-led-rojo-azul-bisel-negro-lente-transparente","status":"publish","type":"product","link":"https:\/\/soydeaqui.ddns.net\/pachuca\/index.php\/producto\/luz-auxiliar-flexible-8-led-rojo-azul-bisel-negro-lente-transparente\/","title":{"rendered":"Luz Auxiliar Flexible 8 LED, Rojo \/ Azul, Bisel Negro, Lente Transparente"},"content":{"rendered":"<div style='width: 100%; max-width: 1200px; margin: 0 auto; font-family: sans-serif; line-height: 1.6; color: inherit; background-color: transparent;'>\n<div style='display: flex; flex-wrap: wrap; gap: 30px; margin-bottom: 30px;'>\n<div style='flex: 1 1 300px; min-width: 280px;'>\n<h3 style='font-size: 22px; border-bottom: 2px solid currentColor; padding-bottom: 5px; margin-top: 0; color: inherit; opacity: 0.8;'>Caracter\u00edsticas<\/h3>\n<p style='font-size: 15px; color: inherit; margin-top: 0; margin-bottom: 15px;'> UltraFlex\u2122 de ECCO es una luz de advertencia direccional vers\u00e1til que se puede montar en superficies planas o curvas de hasta 120\u00b0 (el producto no se puede doblar en posici\u00f3n hacia adelante) con cinta autoadhesiva de muy alta adherencia. Sus 8 LED de dos colores brindan una salida excepcional con combinaciones de colores \u00e1mbar&comma; blanco&comma; azul y rojo disponibles. Los cabezales de luz est\u00e1n protegidos en una carcasa de silicona transparente que puede flexionarse mientras resiste el amarillamiento y la deformaci\u00f3n. Tambi\u00e9n se incluye un bisel de dos pernos para una f\u00e1cil instalaci\u00f3n en superficies planas. Patente pendiente <\/p>\n<\/p><\/div>\n<\/p><\/div>\n<div style='display: flex; flex-wrap: wrap; gap: 20px; margin-bottom: 30px;'>\n<div style='flex: 1 1 250px; border: 1px solid rgba(150&comma; 150&comma; 150&comma; 0.4); border-radius: 8px; overflow: hidden; display: flex; flex-direction: column;'>\n<div style='padding: 15px; border-bottom: 1px solid rgba(150&comma; 150&comma; 150&comma; 0.2); font-weight: bold; font-size: 18px; color: inherit;'>Especificaciones<\/div>\n<div style='padding: 15px; color: inherit;'>\n<ul style='padding-left: 20px; margin: 0; font-size: 14px; list-style-type: disc;'>\n<li style='margin-bottom: 5px;'><strong>Amperaje:<\/strong> 0.8A<\/li>\n<li style='margin-bottom: 5px;'><strong>Certificaciones:<\/strong> SAE CLASS I (J595)&comma; SAE CLASS II (J845)&comma; CA T13&comma; R10&comma; R65&comma; IP69K&comma; IP67<\/li>\n<li style='margin-bottom: 5px;'><strong>Profundidad:<\/strong> 0.6&#8242;<\/li>\n<li style='margin-bottom: 5px;'><strong>Patrones de destello:<\/strong> 69<\/li>\n<li style='margin-bottom: 5px;'><strong>Altura:<\/strong> 1.1&#8242;<\/li>\n<li style='margin-bottom: 5px;'><strong>Voltaje:<\/strong> 12-24 V<\/li>\n<li style='margin-bottom: 5px;'><strong>Ancho:<\/strong> 2.7&#8242;<\/li>\n<li style='margin-bottom: 5px;'><strong>Garant\u00eda:<\/strong> 5 a\u00f1os<\/li>\n<\/ul><\/div>\n<\/p><\/div>\n<\/p><\/div>\n<hr style='border: 0; border-top: 1px solid rgba(150&comma; 150&comma; 150&comma; 0.3); margin: 30px 0;'> <\/div>\n","protected":false},"excerpt":{"rendered":"<p>Luz Auxiliar Flexible 8 LED, Rojo \/ Azul, Bisel Negro, Lente Transparente<\/p>\n","protected":false},"featured_media":54098,"comment_status":"open","ping_status":"closed","template":"","meta":[],"product_brand":[],"product_cat":[1378],"product_tag":[502,1371,1359],"class_list":{"0":"post-54099","1":"product","2":"type-product","3":"status-publish","4":"has-post-thumbnail","6":"product_cat-rojo-azul-luces-auxiliares-vehiculares","7":"product_tag-ecco","8":"product_tag-luces-auxiliares-vehiculares","9":"product_tag-rojo-azul","11":"first","12":"instock","13":"sale","14":"shipping-taxable","15":"purchasable","16":"product-type-simple"},"_links":{"self":[{"href":"https:\/\/soydeaqui.ddns.net\/pachuca\/index.php\/wp-json\/wp\/v2\/product\/54099","targetHints":{"allow":["GET"]}}],"collection":[{"href":"https:\/\/soydeaqui.ddns.net\/pachuca\/index.php\/wp-json\/wp\/v2\/product"}],"about":[{"href":"https:\/\/soydeaqui.ddns.net\/pachuca\/index.php\/wp-json\/wp\/v2\/types\/product"}],"replies":[{"embeddable":true,"href":"https:\/\/soydeaqui.ddns.net\/pachuca\/index.php\/wp-json\/wp\/v2\/comments?post=54099"}],"wp:featuredmedia":[{"embeddable":true,"href":"https:\/\/soydeaqui.ddns.net\/pachuca\/index.php\/wp-json\/wp\/v2\/media\/54098"}],"wp:attachment":[{"href":"https:\/\/soydeaqui.ddns.net\/pachuca\/index.php\/wp-json\/wp\/v2\/media?parent=54099"}],"wp:term":[{"taxonomy":"product_brand","embeddable":true,"href":"https:\/\/soydeaqui.ddns.net\/pachuca\/index.php\/wp-json\/wp\/v2\/product_brand?post=54099"},{"taxonomy":"product_cat","embeddable":true,"href":"https:\/\/soydeaqui.ddns.net\/pachuca\/index.php\/wp-json\/wp\/v2\/product_cat?post=54099"},{"taxonomy":"product_tag","embeddable":true,"href":"https:\/\/soydeaqui.ddns.net\/pachuca\/index.php\/wp-json\/wp\/v2\/product_tag?post=54099"}],"curies":[{"name":"wp","href":"https:\/\/api.w.org\/{rel}","templated":true}]}}