{"id":54077,"date":"2026-03-19T02:08:55","date_gmt":"2026-03-19T02:08:55","guid":{"rendered":"https:\/\/soydeaqui.ddns.net\/pachuca\/index.php\/producto\/camara-movil-dash-cam-para-vehiculo-2-megapixel-1080p-microfono-y-bocina-integrado-wi-fi-micro-sd-conector-mini-usb-g-sensor\/"},"modified":"2026-03-19T02:09:05","modified_gmt":"2026-03-19T02:09:05","slug":"camara-movil-dash-cam-para-vehiculo-2-megapixel-1080p-microfono-y-bocina-integrado-wi-fi-micro-sd-conector-mini-usb-g-sensor","status":"publish","type":"product","link":"https:\/\/soydeaqui.ddns.net\/pachuca\/index.php\/producto\/camara-movil-dash-cam-para-vehiculo-2-megapixel-1080p-microfono-y-bocina-integrado-wi-fi-micro-sd-conector-mini-usb-g-sensor\/","title":{"rendered":"C\u00e1mara M\u00f3vil (Dash Cam) para Veh\u00edculo 2 Megapixel (1080p) \/ Micr\u00f3fono y Bocina Integrado \/ Wi-Fi \/ Micro SD \/ Conector Mini USB \/ G &#8211; Sensor"},"content":{"rendered":"<div style='width: 100%; max-width: 1200px; margin: 0 auto; font-family: sans-serif; line-height: 1.6; color: inherit; background-color: transparent;'>\n<p style='text-align: center; margin: 0; padding: 15px 0;'> <img style='width: 100%; max-width: 450px; height: auto; border: 1px solid rgba(150&comma;150&comma;150&comma;0.3); border-radius: 8px;' src='https:\/\/ftp3.syscom.mx\/usuarios\/jsosa\/HIKVISION\/imagenes\/logo\/hikvision%20see%20far.png' alt='Logo Hikvision'> <\/p>\n<div style='position: relative; padding-bottom: 56.25%; height: 0; overflow: hidden; margin: 30px 0;'>   <\/div>\n<div style='display: grid; grid-template-columns: 1fr; gap: 30px; margin-bottom: 30px;'>\n<div style='border: 1px solid rgba(150&comma;150&comma;150&comma;0.3); border-radius: 8px; padding: 15px; background-color: rgba(255&comma; 0&comma; 0&comma; 0.05);'>\n<h3 style='font-size: 20px; border-bottom: 2px solid currentColor; padding-bottom: 5px; margin-top: 0; margin-bottom: 15px; color: inherit;'>Caracter\u00edsticas principales<\/h3>\n<ul style='padding-left: 20px; font-size: 15px; color: inherit; list-style-type: disc;'>\n<li style='margin-bottom: 8px;'>1080p (1920*1080 = 2 Megapixel) de alta resoluci\u00f3n&comma; gran angular 122\u00b0 de visi\u00f3n en diagonal.<\/li>\n<li style='margin-bottom: 8px;'>La apertura de F 2.0 ofrece una imagen nocturna perfecta.<\/li>\n<li style='margin-bottom: 8px;'>Incluye micr\u00f3fono y altavoz integrados.<\/li>\n<li style='margin-bottom: 8px;'>Compresi\u00f3n de video H.265<\/li>\n<li style='margin-bottom: 8px;'>Incluye m\u00f3dulo WiFi (genera un AP con la App para revisar grabaciones).<\/li>\n<li style='margin-bottom: 8px;'>Incluye m\u00f3dulo G-Sensor incorporado&comma; compatible con el enlace de grabaci\u00f3n de video en caso de un accidente automovil\u00edstico o vibraci\u00f3n fuerte (la grabaci\u00f3n de video del enlace se puede configurar sin sobre-escritura).<\/li>\n<li style='margin-bottom: 8px;'>Soporta tarjeta micro SD para grabaci\u00f3n de video&comma; 16 GB hasta 256 GB (compatible con sobre-escritura).<\/li>\n<li style='margin-bottom: 8px;'>Aplicaci\u00f3n de tel\u00e9fono: visualizaci\u00f3n en vivo&comma; reproducci\u00f3n de grabaciones y configuraci\u00f3n de par\u00e1metros.<\/li>\n<li style='margin-bottom: 8px;'>F\u00e1cil instalaci\u00f3n y f\u00e1cil de usar&comma; plug and play (grabaci\u00f3n autom\u00e1tica despu\u00e9s de encender).<\/li>\n<li style='margin-bottom: 8px;'>Conector mini USB (3.4 metros de longitud) y adaptador para el cenicero (incluido).<\/li>\n<\/ul><\/div>\n<div style='border: 1px solid rgba(150&comma;150&comma;150&comma;0.3); border-radius: 8px; padding: 15px; background-color: rgba(255&comma; 0&comma; 0&comma; 0.05);'>\n<h3 style='font-size: 20px; border-bottom: 2px solid currentColor; padding-bottom: 5px; margin-top: 0; margin-bottom: 15px; color: inherit;'>Caracter\u00edsticas F\u00edsicas y El\u00e9ctricas<\/h3>\n<ul style='padding-left: 20px; font-size: 15px; color: inherit; list-style-type: disc;'>\n<li style='margin-bottom: 8px;'>Puerto USB para alimentaci\u00f3n. (incluye adaptador para encendedor y cable).<\/li>\n<li style='margin-bottom: 8px;'>Temperatura de operaci\u00f3n: -20\u00b0C a 70\u00b0C.<\/li>\n<li style='margin-bottom: 8px;'>Alimentaci\u00f3n: 5 Vcc \/ 1.5 A \/ 3 Watts.<\/li>\n<li style='margin-bottom: 8px;'>Dimensiones: 76.8 X 35.1 X 31.5 mm.<\/li>\n<li style='margin-bottom: 8px;'>Peso: 100 gramos.<\/li>\n<\/ul><\/div>\n<div style='border: 1px solid rgba(150&comma;150&comma;150&comma;0.3); border-radius: 8px; padding: 15px; background-color: rgba(255&comma; 0&comma; 0&comma; 0.05);'>\n<h3 style='font-size: 20px; border-bottom: 2px solid currentColor; padding-bottom: 5px; margin-top: 0; margin-bottom: 15px; color: inherit;'>Consideraciones<\/h3>\n<ul style='padding-left: 20px; font-size: 15px; color: inherit; list-style-type: disc;'>\n<li style='margin-bottom: 8px;'>La aplicaci\u00f3n m\u00f3vil se llama HikDashcam&comma; en el manual de usuario del producto viene un c\u00f3digo QR para poder descargar la App en el celular para equipos iOS. En Playstore si esta la App.<\/li>\n<li style='margin-bottom: 8px;'>No soporta visualizaci\u00f3n remota&comma; la App se usa para una conexi\u00f3n local para configuraci\u00f3n y visualizaci\u00f3n.<\/li>\n<\/ul><\/div>\n<\/p><\/div>\n<hr style='border: 0; border-top: 1px solid rgba(150&comma;150&comma;150&comma;0.3); margin: 30px 0;'>\n<div style='display: flex; flex-wrap: wrap; gap: 15px; margin-bottom: 30px;'>\n<div style='flex: 1 1 300px; min-width: 280px;'> <img style='width: 100%; height: auto; border: 1px solid rgba(150&comma;150&comma;150&comma;0.3); border-radius: 8px;' src='http:\/\/ftp3.syscom.mx\/usuarios\/ftp\/2025\/10\/02\/1313\/D1_preview.jpg_froala_68dea9fd78b56' alt='Vista previa del producto'> <\/div>\n<div style='flex: 1 1 300px; min-width: 280px;'>\n<div style='position: relative; padding-bottom: 56.25%; height: 0; overflow: hidden;'>   <\/div>\n<\/p><\/div>\n<\/p><\/div>\n<div style='margin-top: 30px;'> <img style='width: 100%; height: auto; border: 1px solid rgba(150&comma;150&comma;150&comma;0.3); border-radius: 8px;' src='https:\/\/ftp3.syscom.mx\/usuarios\/jsosa\/HIKVISION\/imagenes\/banners\/solution%20complete.png' alt='Soluci\u00f3n completa'> <\/div>\n<\/p><\/div>\n","protected":false},"excerpt":{"rendered":"<p>C\u00e1mara M\u00f3vil (Dash Cam) para Veh\u00edculo 2 Megapixel (1080p) \/ Micr\u00f3fono y Bocina Integrado \/ Wi-Fi \/ Micro SD \/ Conector Mini USB \/ G &#8211; Sensor<\/p>\n","protected":false},"featured_media":54076,"comment_status":"open","ping_status":"closed","template":"","meta":[],"product_brand":[],"product_cat":[1343],"product_tag":[54,1345,1344],"class_list":{"0":"post-54077","1":"product","2":"type-product","3":"status-publish","4":"has-post-thumbnail","6":"product_cat-videograbadoras-moviles","7":"product_tag-hikvision","8":"product_tag-videograbadoras-moviles","9":"product_tag-videograbadoras-moviles-y-portatiles","11":"first","12":"instock","13":"sale","14":"shipping-taxable","15":"purchasable","16":"product-type-simple"},"_links":{"self":[{"href":"https:\/\/soydeaqui.ddns.net\/pachuca\/index.php\/wp-json\/wp\/v2\/product\/54077","targetHints":{"allow":["GET"]}}],"collection":[{"href":"https:\/\/soydeaqui.ddns.net\/pachuca\/index.php\/wp-json\/wp\/v2\/product"}],"about":[{"href":"https:\/\/soydeaqui.ddns.net\/pachuca\/index.php\/wp-json\/wp\/v2\/types\/product"}],"replies":[{"embeddable":true,"href":"https:\/\/soydeaqui.ddns.net\/pachuca\/index.php\/wp-json\/wp\/v2\/comments?post=54077"}],"wp:featuredmedia":[{"embeddable":true,"href":"https:\/\/soydeaqui.ddns.net\/pachuca\/index.php\/wp-json\/wp\/v2\/media\/54076"}],"wp:attachment":[{"href":"https:\/\/soydeaqui.ddns.net\/pachuca\/index.php\/wp-json\/wp\/v2\/media?parent=54077"}],"wp:term":[{"taxonomy":"product_brand","embeddable":true,"href":"https:\/\/soydeaqui.ddns.net\/pachuca\/index.php\/wp-json\/wp\/v2\/product_brand?post=54077"},{"taxonomy":"product_cat","embeddable":true,"href":"https:\/\/soydeaqui.ddns.net\/pachuca\/index.php\/wp-json\/wp\/v2\/product_cat?post=54077"},{"taxonomy":"product_tag","embeddable":true,"href":"https:\/\/soydeaqui.ddns.net\/pachuca\/index.php\/wp-json\/wp\/v2\/product_tag?post=54077"}],"curies":[{"name":"wp","href":"https:\/\/api.w.org\/{rel}","templated":true}]}}