{"id":54065,"date":"2026-03-19T02:08:35","date_gmt":"2026-03-19T02:08:35","guid":{"rendered":"https:\/\/soydeaqui.ddns.net\/pachuca\/index.php\/producto\/sirena-electronica-multi-voltaje-seleccionable-de-forma-remota-para-areas-peligrosas-ul-y-cul-para-clase-i-division-2-grupos-a-b-c-y-d-clase-ii-division-2-grupos-f-y-g-clase-iii\/"},"modified":"2026-03-19T02:08:36","modified_gmt":"2026-03-19T02:08:36","slug":"sirena-electronica-multi-voltaje-seleccionable-de-forma-remota-para-areas-peligrosas-ul-y-cul-para-clase-i-division-2-grupos-a-b-c-y-d-clase-ii-division-2-grupos-f-y-g-clase-iii","status":"publish","type":"product","link":"https:\/\/soydeaqui.ddns.net\/pachuca\/index.php\/producto\/sirena-electronica-multi-voltaje-seleccionable-de-forma-remota-para-areas-peligrosas-ul-y-cul-para-clase-i-division-2-grupos-a-b-c-y-d-clase-ii-division-2-grupos-f-y-g-clase-iii\/","title":{"rendered":"Sirena electr\u00f3nica multi-voltaje seleccionable de forma remota para \u00e1reas peligrosas UL y cUL para Clase I, Divisi\u00f3n 2, Grupos A, B, C y D; Clase II, Divisi\u00f3n 2, Grupos F y G; Clase III"},"content":{"rendered":"<div style='width: 100%; max-width: 1200px; margin: 0 auto; font-family: sans-serif; line-height: 1.6; color: inherit; background-color: transparent;'> <!-- Secci\u00f3n de caracter\u00edsticas --> <\/p>\n<div style='display: flex; flex-wrap: wrap; gap: 30px; margin-bottom: 30px;'>\n<div style='flex: 1 1 300px; min-width: 280px;'>\n<h3 style='font-size: 22px; border-bottom: 2px solid currentColor; padding-bottom: 5px; margin-top: 0; color: inherit; opacity: 0.8;'>Caracter\u00edsticas<\/h3>\n<ul style='padding-left: 20px; font-size: 15px; color: inherit;'>\n<li style='margin-bottom: 5px;'>El dise\u00f1o multivoltaje acepta 24 VCC o 120\/240 VCA<\/li>\n<li style='margin-bottom: 5px;'>Produce tres tonos: gemido&comma; aullido y bocina.<\/li>\n<li style='margin-bottom: 5px;'>Produce hasta 110&comma;5 dBa a 10&#8242; (120&comma;5 dBa a 1 m)<\/li>\n<li style='margin-bottom: 5px;'>Tipo 4X&comma; carcasa IP66<\/li>\n<li style='margin-bottom: 5px;'>Cumple con IP69K<\/li>\n<li style='margin-bottom: 5px;'>Pesta\u00f1as de montaje externas<\/li>\n<li style='margin-bottom: 5px;'>Uso interior\/exterior<\/li>\n<li style='margin-bottom: 5px;'>UL y cUL para Clase I&comma; Divisi\u00f3n 2&comma; Grupos A&comma; B&comma; C y D; Clase II&comma; Divisi\u00f3n 2&comma; Grupos F y G; Clase III<\/li>\n<\/ul><\/div>\n<\/p><\/div>\n<p> <!-- Secci\u00f3n de descripci\u00f3n detallada --> <\/p>\n<div style='display: flex; flex-wrap: wrap; gap: 30px; margin-bottom: 30px;'>\n<div style='flex: 1 1 300px; min-width: 280px;'>\n<div style='padding: 15px; color: inherit;'>\n<p>El modelo SST3GCX-MV es una sirena electr\u00f3nica capaz de producir tres tonos diferentes de altos decibeles desde la misma unidad.<\/p>\n<p>Este modelo se puede utilizar como un dispositivo de advertencia audible independiente y de salida completa en cualquier entorno de ubicaci\u00f3n peligrosa donde se necesiten varios tonos pero no se requiere la funci\u00f3n de aviso por voz. El usuario activa cada tono (aullido&comma; aullido o bocina) con contactos secos desde un punto remoto.<\/p>\n<p>El cono del altavoz y el proyector son resistentes y est\u00e1n fabricados en aluminio hilado&comma; y los circuitos integrados est\u00e1n contenidos en una carcasa fabricada en aluminio fundido a presi\u00f3n. Todas las superficies est\u00e1n selladas con pintura en polvo. Las juntas a prueba de polvo y humedad brindan protecci\u00f3n Tipo 4X contra los elementos.<\/p>\n<p>Las aplicaciones t\u00edpicas incluyen advertencia de emergencia&comma; inicio y salida&comma; alarma general y evacuaci\u00f3n.<\/p>\n<\/p><\/div>\n<\/p><\/div>\n<\/p><\/div>\n<p> <!-- Separador --> <\/p>\n<hr style='border: 0; border-top: 1px solid rgba(150&comma; 150&comma; 150&comma; 0.3); margin: 30px 0;'> <\/div>\n","protected":false},"excerpt":{"rendered":"<p>Sirena electr\u00f3nica multi-voltaje seleccionable de forma remota para \u00e1reas peligrosas UL y cUL para Clase I, Divisi\u00f3n 2, Grupos A, B, C y D; Clase II, Divisi\u00f3n 2, Grupos F y G; Clase III<\/p>\n","protected":false},"featured_media":32,"comment_status":"open","ping_status":"closed","template":"","meta":[],"product_brand":[],"product_cat":[1413],"product_tag":[1415,552,1414],"class_list":{"0":"post-54065","1":"product","2":"type-product","3":"status-publish","4":"has-post-thumbnail","6":"product_cat-bocinas-de-alerta-y-notificacion-masiva","7":"product_tag-bocinas-de-alerta-y-notificacion-masiva","8":"product_tag-federal-signal-industrial","9":"product_tag-luces-bocinas-para-la-industria-y-edificios","11":"first","12":"outofstock","13":"sale","14":"shipping-taxable","15":"purchasable","16":"product-type-simple"},"_links":{"self":[{"href":"https:\/\/soydeaqui.ddns.net\/pachuca\/index.php\/wp-json\/wp\/v2\/product\/54065","targetHints":{"allow":["GET"]}}],"collection":[{"href":"https:\/\/soydeaqui.ddns.net\/pachuca\/index.php\/wp-json\/wp\/v2\/product"}],"about":[{"href":"https:\/\/soydeaqui.ddns.net\/pachuca\/index.php\/wp-json\/wp\/v2\/types\/product"}],"replies":[{"embeddable":true,"href":"https:\/\/soydeaqui.ddns.net\/pachuca\/index.php\/wp-json\/wp\/v2\/comments?post=54065"}],"wp:featuredmedia":[{"embeddable":true,"href":"https:\/\/soydeaqui.ddns.net\/pachuca\/index.php\/wp-json\/wp\/v2\/media\/32"}],"wp:attachment":[{"href":"https:\/\/soydeaqui.ddns.net\/pachuca\/index.php\/wp-json\/wp\/v2\/media?parent=54065"}],"wp:term":[{"taxonomy":"product_brand","embeddable":true,"href":"https:\/\/soydeaqui.ddns.net\/pachuca\/index.php\/wp-json\/wp\/v2\/product_brand?post=54065"},{"taxonomy":"product_cat","embeddable":true,"href":"https:\/\/soydeaqui.ddns.net\/pachuca\/index.php\/wp-json\/wp\/v2\/product_cat?post=54065"},{"taxonomy":"product_tag","embeddable":true,"href":"https:\/\/soydeaqui.ddns.net\/pachuca\/index.php\/wp-json\/wp\/v2\/product_tag?post=54065"}],"curies":[{"name":"wp","href":"https:\/\/api.w.org\/{rel}","templated":true}]}}