{"id":54062,"date":"2026-03-19T02:08:30","date_gmt":"2026-03-19T02:08:30","guid":{"rendered":"https:\/\/soydeaqui.ddns.net\/pachuca\/index.php\/producto\/certificacion-de-dashcam-jc261-equipos-jimiiot-concox\/"},"modified":"2026-03-19T02:08:31","modified_gmt":"2026-03-19T02:08:31","slug":"certificacion-de-dashcam-jc261-equipos-jimiiot-concox","status":"publish","type":"product","link":"https:\/\/soydeaqui.ddns.net\/pachuca\/index.php\/producto\/certificacion-de-dashcam-jc261-equipos-jimiiot-concox\/","title":{"rendered":"Certificaci\u00f3n de dashcam JC261 equipos JimiIoT &#8211; Concox"},"content":{"rendered":"<div style='width: 100%; max-width: 1200px; margin: 0 auto; font-family: sans-serif; line-height: 1.6; color: inherit; background-color: transparent;'>\n<div style='margin-bottom: 30px;'>\n<h2 style='font-size: 24px; color: #0070c0; margin-top: 0; margin-bottom: 15px;'>Certificado Digital otorgado por SYSCOM y JIMI\/CONCOX<\/h2>\n<p><strong>La certificaci\u00f3n incluye:<\/strong><\/p>\n<ul style='padding-left: 20px; margin: 15px 0;'>\n<li style='margin-bottom: 8px;'>Certificaci\u00f3n de equipos rastreadores y telemetr\u00eda Concox<\/li>\n<\/ul><\/div>\n<div style='display: flex; flex-wrap: wrap; gap: 30px; margin-bottom: 30px;'>\n<div style='flex: 1 1 300px; min-width: 280px;'>\n<h3 style='font-size: 20px; border-bottom: 2px solid #0070c0; padding-bottom: 5px; margin-top: 0; color: #0070c0; opacity: 0.8;'>Requisitos:<\/h3>\n<ul style='padding-left: 20px; margin: 15px 0;'>\n<li style='margin-bottom: 8px;'>Ser distribuidor autorizado SYSCOM<\/li>\n<li style='margin-bottom: 8px;'>Llevar laptop con sistema operativo Windows<\/li>\n<li style='margin-bottom: 8px;'>Llevar SIM de datos Telcel.<\/li>\n<li style='margin-bottom: 8px;'>Llevar desarmador peque\u00f1o<\/li>\n<\/ul><\/div>\n<div style='flex: 1 1 300px; min-width: 280px;'>\n<h3 style='font-size: 20px; border-bottom: 2px solid #0070c0; padding-bottom: 5px; margin-top: 0; color: #0070c0; opacity: 0.8;'>Dirigido a:<\/h3>\n<p style='margin: 15px 0;'>Propietarios&comma; directivos&comma; t\u00e9cnicos y todos los interesados en implementar un Sistema de Localizaci\u00f3n Personal y Control de Flotillas Vehiculares.<\/p>\n<\/p><\/div>\n<div style='flex: 1 1 300px; min-width: 280px;'>\n<h3 style='font-size: 20px; border-bottom: 2px solid #0070c0; padding-bottom: 5px; margin-top: 0; color: #0070c0; opacity: 0.8;'>Objetivos:<\/h3>\n<p style='margin: 15px 0;'>Brindar los conocimientos te\u00f3ricos y pr\u00e1cticos para ofrecer una soluci\u00f3n de localizaci\u00f3n vehicular o personal v\u00eda celular.<\/p>\n<\/p><\/div>\n<div style='flex: 1 1 300px; min-width: 280px;'>\n<h3 style='font-size: 20px; border-bottom: 2px solid #0070c0; padding-bottom: 5px; margin-top: 0; color: #0070c0; opacity: 0.8;'>Duraci\u00f3n:<\/h3>\n<p style='margin: 15px 0;'>1 d\u00eda<\/p>\n<\/p><\/div>\n<\/p><\/div>\n<div style='margin-bottom: 30px;'>\n<h3 style='font-size: 20px; border-bottom: 2px solid #0070c0; padding-bottom: 5px; margin-top: 0; color: #0070c0; opacity: 0.8;'>Incluye:<\/h3>\n<ul style='padding-left: 20px; margin: 15px 0; display: grid; grid-template-columns: repeat(auto-fill&comma; minmax(200px&comma; 1fr)); gap: 10px;'>\n<li style='margin-bottom: 8px;'>JC261<\/li>\n<li style='margin-bottom: 8px;'>CI01<\/li>\n<li style='margin-bottom: 8px;'>SIM500MB2Y<\/li>\n<li style='margin-bottom: 8px;'>PTSCXVIDEO<\/li>\n<li style='margin-bottom: 8px;'><span style='font-weight: bold; color: #0070c0;'>PS-12-DC-4C<\/span><\/li>\n<li style='margin-bottom: 8px;'><span style='font-weight: bold; color: #0070c0;'>SF-BUZZER<\/span><\/li>\n<\/ul><\/div>\n<div style='margin-bottom: 30px;'>\n<h3 style='font-size: 20px; border-bottom: 2px solid #0070c0; padding-bottom: 5px; margin-top: 0; color: #0070c0; opacity: 0.8;'>Temario:<\/h3>\n<ul style='padding-left: 20px; margin: 15px 0;'>\n<li style='margin-bottom: 8px;'>Introducci\u00f3n al sistema GPS<\/li>\n<li style='margin-bottom: 8px;'>Conceptos b\u00e1sicos<\/li>\n<li style='margin-bottom: 8px;'>Programaci\u00f3n de equipos v\u00eda SMS<\/li>\n<li style='margin-bottom: 8px;'>Calibracion sistema ADAS y DMS<\/li>\n<li style='margin-bottom: 8px;'>Soluci\u00f3n de problemas frecuentes<\/li>\n<li style='margin-bottom: 8px;'>Aplicaciones<\/li>\n<li style='margin-bottom: 8px;'>Panel de SIM de datos<\/li>\n<li style='margin-bottom: 8px;'>Plataforma de rastreo TracksolidPro y EpcomGPS<\/li>\n<li style='margin-bottom: 8px;'>Otras soluciones<\/li>\n<\/ul>\n<p style='margin-top: 20px;'>Examen practico al final de la certificacion<\/p>\n<\/p><\/div>\n<hr style='border: 0; border-top: 1px solid rgba(150&comma; 150&comma; 150&comma; 0.3); margin: 30px 0;'> <\/div>\n","protected":false},"excerpt":{"rendered":"<p>Certificaci\u00f3n de dashcam JC261 equipos JimiIoT &#8211; Concox<\/p>\n","protected":false},"featured_media":54061,"comment_status":"open","ping_status":"closed","template":"","meta":[],"product_brand":[],"product_cat":[1346,1388],"product_tag":[1350,1349,63,1389],"class_list":{"0":"post-54062","1":"product","2":"type-product","3":"status-publish","4":"has-post-thumbnail","6":"product_cat-iot","7":"product_cat-trackers-gps","8":"product_tag-gps-y-telematica","9":"product_tag-iot","10":"product_tag-syscom","11":"product_tag-trackers-gps","13":"first","14":"outofstock","15":"sale","16":"shipping-taxable","17":"purchasable","18":"product-type-simple"},"_links":{"self":[{"href":"https:\/\/soydeaqui.ddns.net\/pachuca\/index.php\/wp-json\/wp\/v2\/product\/54062","targetHints":{"allow":["GET"]}}],"collection":[{"href":"https:\/\/soydeaqui.ddns.net\/pachuca\/index.php\/wp-json\/wp\/v2\/product"}],"about":[{"href":"https:\/\/soydeaqui.ddns.net\/pachuca\/index.php\/wp-json\/wp\/v2\/types\/product"}],"replies":[{"embeddable":true,"href":"https:\/\/soydeaqui.ddns.net\/pachuca\/index.php\/wp-json\/wp\/v2\/comments?post=54062"}],"wp:featuredmedia":[{"embeddable":true,"href":"https:\/\/soydeaqui.ddns.net\/pachuca\/index.php\/wp-json\/wp\/v2\/media\/54061"}],"wp:attachment":[{"href":"https:\/\/soydeaqui.ddns.net\/pachuca\/index.php\/wp-json\/wp\/v2\/media?parent=54062"}],"wp:term":[{"taxonomy":"product_brand","embeddable":true,"href":"https:\/\/soydeaqui.ddns.net\/pachuca\/index.php\/wp-json\/wp\/v2\/product_brand?post=54062"},{"taxonomy":"product_cat","embeddable":true,"href":"https:\/\/soydeaqui.ddns.net\/pachuca\/index.php\/wp-json\/wp\/v2\/product_cat?post=54062"},{"taxonomy":"product_tag","embeddable":true,"href":"https:\/\/soydeaqui.ddns.net\/pachuca\/index.php\/wp-json\/wp\/v2\/product_tag?post=54062"}],"curies":[{"name":"wp","href":"https:\/\/api.w.org\/{rel}","templated":true}]}}