{"id":54050,"date":"2026-03-19T02:08:09","date_gmt":"2026-03-19T02:08:09","guid":{"rendered":"https:\/\/soydeaqui.ddns.net\/pachuca\/index.php\/producto\/refaccion-para-xt61-y-xt62-para-las-pilas\/"},"modified":"2026-03-19T02:08:10","modified_gmt":"2026-03-19T02:08:10","slug":"refaccion-para-xt61-y-xt62-para-las-pilas","status":"publish","type":"product","link":"https:\/\/soydeaqui.ddns.net\/pachuca\/index.php\/producto\/refaccion-para-xt61-y-xt62-para-las-pilas\/","title":{"rendered":"Refacci\u00f3n para XT61 y XT62 para las pilas"},"content":{"rendered":"<div style='width: 100%; max-width: 1200px; margin: 0 auto; font-family: sans-serif; line-height: 1.6; color: inherit; background-color: transparent;'> <!-- Secci\u00f3n de caracter\u00edsticas --> <\/p>\n<div style='display: flex; flex-wrap: wrap; gap: 30px; margin-bottom: 30px;'>\n<div style='flex: 1 1 300px; min-width: 280px;'>\n<h3 style='font-size: 22px; border-bottom: 2px solid currentColor; padding-bottom: 5px; margin-top: 0; color: inherit; opacity: 0.8;'>Caracter\u00edsticas<\/h3>\n<ul style='padding-left: 20px; font-size: 15px; color: inherit;'>\n<li style='margin-bottom: 5px;'><strong>Linterna LED:<\/strong> XT61<\/li>\n<li style='margin-bottom: 5px;'><strong>Voltaje de funcionamiento:<\/strong> 4.5 V<\/li>\n<li style='margin-bottom: 5px;'><strong>L\u00famenes:<\/strong> 600LM<\/li>\n<li style='margin-bottom: 5px;'><strong>Tama\u00f1o:<\/strong> 33*130MM<\/li>\n<li style='margin-bottom: 5px;'><strong>Peso:<\/strong> 90G<\/li>\n<li style='margin-bottom: 5px;'><strong>Impermeable:<\/strong> IPX4<\/li>\n<li style='margin-bottom: 5px;'><strong>Funci\u00f3n personalizada:<\/strong> Flash-Blanco<\/li>\n<li style='margin-bottom: 5px;'><strong>Consumo:<\/strong> Bajo consumo de energ\u00eda<\/li>\n<li style='margin-bottom: 5px;'><strong>LED:<\/strong> Ultrabrillante<\/li>\n<li style='margin-bottom: 5px;'><strong>Resistencia:<\/strong> Alta resistencia<\/li>\n<li style='margin-bottom: 5px;'><strong>Funcion Zoom:<\/strong> S\u00ed<\/li>\n<li style='margin-bottom: 5px;'><strong>Modos de destello:<\/strong> Constante&comma; S.O.S y Destellante<\/li>\n<li style='margin-bottom: 5px;'><strong>Alimentaci\u00f3n:<\/strong> 4.5 Vcc (3 x AAA) \/ 3.7 Vcc (1 x 18650)<\/li>\n<\/ul><\/div>\n<\/p><\/div>\n<p> <!-- Secci\u00f3n de descripci\u00f3n --> <\/p>\n<div style='display: flex; flex-wrap: wrap; gap: 30px; margin-bottom: 30px;'>\n<div style='flex: 1 1 300px; min-width: 280px;'>\n<h3 style='font-size: 22px; border-bottom: 2px solid currentColor; padding-bottom: 5px; margin-top: 0; color: inherit; opacity: 0.8;'>Descripci\u00f3n<\/h3>\n<p style='font-size: 15px; color: inherit; margin-top: 0; margin-bottom: 15px;'> Ten a la mano esta linterna t\u00e1ctica para esos apagones inesperados&comma; reparaciones nocturnas en el auto o para tus actividades al aire libre&comma; como camping&comma; caminatas nocturnas y m\u00e1s. <\/p>\n<p style='font-size: 15px; color: inherit; margin-top: 0; margin-bottom: 15px;'> <strong style='color: inherit;'>Iluminaci\u00f3n ultrabrillante:<\/strong> Su unidad LED de alta eficiencia otorga un brillo extraordinario y ofrece excelente iluminaci\u00f3n (600 lumenes) en cualquier situaci\u00f3n que necesites. <\/p>\n<p style='font-size: 15px; color: inherit; margin-top: 0; margin-bottom: 15px;'> <strong style='color: inherit;'>Funci\u00f3n zoom IN \/ OUT:<\/strong> Su sistema retr\u00e1ctil permite que el lente se aleje o acerque a la unidad LED&comma; esto permite iluminar a larga distancia concentrando el haz de luz en un punto (zoom in)&comma; o expandi\u00e9ndolo para iluminar \u00e1reas m\u00e1s amplias (zoom out). <\/p>\n<p style='font-size: 15px; color: inherit; margin-top: 0; margin-bottom: 15px;'> <strong style='color: inherit;'>3 tipos de iluminaci\u00f3n:<\/strong> Incorpora tres diferentes tipos de iluminaci\u00f3n para que la uses como mejor te convenga: <\/p>\n<ul style='padding-left: 20px; font-size: 14px; color: inherit; margin-top: 0;'>\n<li style='margin-bottom: 5px;'>Constante<\/li>\n<li style='margin-bottom: 5px;'>O.S<\/li>\n<li style='margin-bottom: 5px;'>Destellante<\/li>\n<\/ul>\n<p style='font-size: 15px; color: inherit; margin-top: 0; margin-bottom: 15px;'> <strong style='color: inherit;'>Resistente al agua:<\/strong> Puedes llevarla a camping o paseos al aire libre gracias a su construcci\u00f3n en aluminio y sellos herm\u00e9ticos&comma; estas caracter\u00edsticas le brindan resistencia al agua (no sumergible). <\/p>\n<p style='font-size: 15px; color: inherit; margin-top: 0; margin-bottom: 15px;'> <strong style='color: inherit;'>2 modos de alimentaci\u00f3n:<\/strong> Funciona con 3 pila tipo AAA o con 1 bater\u00eda recargable Li-Ion tipo 18650. <\/p>\n<p style='font-size: 15px; color: inherit; margin-top: 0; margin-bottom: 0;'> <strong style='color: inherit;'>Las pilas o la bater\u00eda se venden por separado.<\/strong> <\/p>\n<\/p><\/div>\n<\/p><\/div>\n<p> <!-- Separador --> <\/p>\n<hr style='border: 0; border-top: 1px solid rgba(150&comma; 150&comma; 150&comma; 0.3); margin: 30px 0;'> <\/div>\n","protected":false},"excerpt":{"rendered":"<p>Refacci\u00f3n para XT61 y XT62 para las pilas<\/p>\n","protected":false},"featured_media":54049,"comment_status":"open","ping_status":"closed","template":"","meta":[],"product_brand":[],"product_cat":[130],"product_tag":[1237,25,131],"class_list":{"0":"post-54050","1":"product","2":"type-product","3":"status-publish","4":"has-post-thumbnail","6":"product_cat-herramientas-electricas","7":"product_tag-epcom-industrial-signaling","8":"product_tag-herramientas","9":"product_tag-herramientas-electricas","11":"first","12":"instock","13":"sale","14":"shipping-taxable","15":"purchasable","16":"product-type-simple"},"_links":{"self":[{"href":"https:\/\/soydeaqui.ddns.net\/pachuca\/index.php\/wp-json\/wp\/v2\/product\/54050","targetHints":{"allow":["GET"]}}],"collection":[{"href":"https:\/\/soydeaqui.ddns.net\/pachuca\/index.php\/wp-json\/wp\/v2\/product"}],"about":[{"href":"https:\/\/soydeaqui.ddns.net\/pachuca\/index.php\/wp-json\/wp\/v2\/types\/product"}],"replies":[{"embeddable":true,"href":"https:\/\/soydeaqui.ddns.net\/pachuca\/index.php\/wp-json\/wp\/v2\/comments?post=54050"}],"wp:featuredmedia":[{"embeddable":true,"href":"https:\/\/soydeaqui.ddns.net\/pachuca\/index.php\/wp-json\/wp\/v2\/media\/54049"}],"wp:attachment":[{"href":"https:\/\/soydeaqui.ddns.net\/pachuca\/index.php\/wp-json\/wp\/v2\/media?parent=54050"}],"wp:term":[{"taxonomy":"product_brand","embeddable":true,"href":"https:\/\/soydeaqui.ddns.net\/pachuca\/index.php\/wp-json\/wp\/v2\/product_brand?post=54050"},{"taxonomy":"product_cat","embeddable":true,"href":"https:\/\/soydeaqui.ddns.net\/pachuca\/index.php\/wp-json\/wp\/v2\/product_cat?post=54050"},{"taxonomy":"product_tag","embeddable":true,"href":"https:\/\/soydeaqui.ddns.net\/pachuca\/index.php\/wp-json\/wp\/v2\/product_tag?post=54050"}],"curies":[{"name":"wp","href":"https:\/\/api.w.org\/{rel}","templated":true}]}}