{"id":54042,"date":"2026-03-19T02:07:54","date_gmt":"2026-03-19T02:07:54","guid":{"rendered":"https:\/\/soydeaqui.ddns.net\/pachuca\/index.php\/producto\/ultravoice-sirena-altavoz-compacto\/"},"modified":"2026-03-19T02:07:55","modified_gmt":"2026-03-19T02:07:55","slug":"ultravoice-sirena-altavoz-compacto","status":"publish","type":"product","link":"https:\/\/soydeaqui.ddns.net\/pachuca\/index.php\/producto\/ultravoice-sirena-altavoz-compacto\/","title":{"rendered":"UltraVoice\u00ae Sirena\/Altavoz Compacto"},"content":{"rendered":"<div style='width: 100%; max-width: 1200px; margin: 0 auto; font-family: sans-serif; line-height: 1.6; color: inherit; background-color: transparent;'> <!-- Secci\u00f3n de caracter\u00edsticas --> <\/p>\n<div style='display: flex; flex-wrap: wrap; gap: 30px; margin-bottom: 30px;'>\n<div style='flex: 1 1 300px; min-width: 280px;'>\n<h3 style='font-size: 22px; border-bottom: 2px solid currentColor; padding-bottom: 5px; margin-top: 0; color: inherit; opacity: 0.8;'>Funciones<\/h3>\n<ul style='padding-left: 20px; font-size: 15px; color: inherit;'>\n<li style='margin-bottom: 5px;'><strong>Aplicaciones:<\/strong><\/li>\n<\/ul><\/div>\n<\/p><\/div>\n<p> <!-- Secci\u00f3n de aplicaciones --> <\/p>\n<div style='display: flex; flex-wrap: wrap; gap: 20px; margin-bottom: 30px;'>\n<div style='flex: 1 1 250px; border: 1px solid rgba(150&comma; 150&comma; 150&comma; 0.4); border-radius: 8px; overflow: hidden; display: flex; flex-direction: column;'>\n<div style='padding: 15px; border-bottom: 1px solid rgba(150&comma; 150&comma; 150&comma; 0.2); font-weight: bold; font-size: 18px; color: inherit;'>Aplicaciones<\/div>\n<div style='padding: 15px; color: inherit;'>\n<ul style='padding-left: 20px; margin: 0; font-size: 14px; list-style-type: disc;'>\n<li style='margin-bottom: 5px;'>Campus y escuelas para notificaciones generales&comma; tiradores activos y anuncios de clima severo<\/li>\n<li style='margin-bottom: 5px;'>Instalaciones industriales con fines de liberaci\u00f3n de productos qu\u00edmicos&comma; seguridad y evacuaci\u00f3n<\/li>\n<li style='margin-bottom: 5px;'>Ubicaciones municipales donde se pueden preferir sistemas peque\u00f1os<\/li>\n<li style='margin-bottom: 5px;'>Parques y \u00e1reas de recreaci\u00f3n para anuncios de clima severo<\/li>\n<li style='margin-bottom: 5px;'>Recinto ferial para anuncios generales y de seguridad<\/li>\n<li style='margin-bottom: 5px;'>Zonas de evacuaci\u00f3n en caso de tsunami donde se requieren sistemas m\u00e1s peque\u00f1os<\/li>\n<li style='margin-bottom: 5px;'>Obras para anuncios generales<\/li>\n<li style='margin-bottom: 5px;'>Notificaciones para ubicaciones que requieren anuncios temporales<\/li>\n<li style='margin-bottom: 5px;'>Ampl\u00ede econ\u00f3micamente el \u00e1rea de cobertura de alerta a ubicaciones remotas<\/li>\n<\/ul><\/div>\n<\/p><\/div>\n<p> <!-- Secci\u00f3n de descripci\u00f3n --> <\/p>\n<div style='flex: 2 1 500px; border: 1px solid rgba(150&comma; 150&comma; 150&comma; 0.4); border-radius: 8px; overflow: hidden; display: flex; flex-direction: column;'>\n<div style='padding: 15px; border-bottom: 1px solid rgba(150&comma; 150&comma; 150&comma; 0.2); font-weight: bold; font-size: 18px; color: inherit;'>Descripci\u00f3n<\/div>\n<div style='padding: 15px; color: inherit;'>\n<p style='margin: 0px 0px 20px; text-align: justify;'>Federal Signal presenta un nuevo e innovador sistema compacto de sirena\/altavoces. El RF100 es una adici\u00f3n a nuestra familia actual de productos de advertencia para exteriores e interiores. Estos productos de advertencia pueden funcionar juntos como un sistema integrado o de forma independiente para aplicaciones especiales. Como sistema integrado&comma; el RF100 incluye una placa de control UltraVoice\u00ae que realiza las mismas funciones que nuestra l\u00ednea completa de productos UltraVoice. El RF100 puede ofrecer los mismos anuncios de voz de alta calidad que nuestros sistemas de altavoces Modulator y DSA.<\/p>\n<p style='margin: 0px 0px 20px; text-align: justify;'>Como dispositivo independiente&comma; el RF100 se puede activar desde un punto de control de RF utilizando codificadores digitales de 2 tonos&comma; DTMF o Federal Signal. El RF100 incluye entradas para la activaci\u00f3n local y la activaci\u00f3n remota de otros dispositivos del sistema de advertencia. El RF100 utiliza nuestro recinto de sirena\/altavoz NEMA4x que contiene una radio de 2 v\u00edas para control y supervisi\u00f3n. Adem\u00e1s&comma; dentro de la carcasa hay un amplificador de alta potencia&comma; una fuente de alimentaci\u00f3n y una placa de control UltraVoice.<\/p>\n<p style='margin: 0px 0px 20px; text-align: justify;'>El RF100 se alimenta de 120\/240 Vac o 24 Vdc. La sirena\/altavoz se puede pedir con una radio VHF o UHF. Una conexi\u00f3n de antena externa proporciona comunicaci\u00f3n de RF a nuestra l\u00ednea completa de productos de control de sistemas&comma; incluido el controlador SS2000+ habilitado para web&comma; nuestro controlador de PC Commander (Commander\u00ae) y nuestro controlador basado en la nube (CommanderOne\u00ae) con capacidades de activaci\u00f3n autom\u00e1tica para condiciones clim\u00e1ticas severas. El RF100 tiene incorporados tonos de sirena de alta potencia y puede almacenar mensajes digitales de voz o tono y puede proporcionar PA en vivo. El RF100 proporciona salidas para controlar dispositivos externos como luces estrobosc\u00f3picas o dispositivos de se\u00f1alizaci\u00f3n LED. Cuando se alimenta con 24 Vdc&comma; las salidas de CA no funcionan. El RF100 se puede combinar con los altavoces amplificados DS100 para proporcionar mayores niveles de sonido en una o varias direcciones. RF100 es un producto flexible y \u00fanico. P\u00f3ngase en contacto con el departamento de ventas de Federal Signal para analizar su aplicaci\u00f3n.<\/p>\n<\/p><\/div>\n<\/p><\/div>\n<\/p><\/div>\n<p> <!-- Separador --> <\/p>\n<hr style='border: 0; border-top: 1px solid rgba(150&comma; 150&comma; 150&comma; 0.3); margin: 30px 0;'> <\/div>\n","protected":false},"excerpt":{"rendered":"<p>UltraVoice\u00ae Sirena\/Altavoz Compacto<\/p>\n","protected":false},"featured_media":32,"comment_status":"open","ping_status":"closed","template":"","meta":[],"product_brand":[],"product_cat":[1392],"product_tag":[552,1394,1393],"class_list":{"0":"post-54042","1":"product","2":"type-product","3":"status-publish","4":"has-post-thumbnail","6":"product_cat-sirenas","7":"product_tag-federal-signal-industrial","8":"product_tag-sirenas","9":"product_tag-sirenas-bocinas-y-controladores-vehiculares","11":"first","12":"outofstock","13":"sale","14":"shipping-taxable","15":"purchasable","16":"product-type-simple"},"_links":{"self":[{"href":"https:\/\/soydeaqui.ddns.net\/pachuca\/index.php\/wp-json\/wp\/v2\/product\/54042","targetHints":{"allow":["GET"]}}],"collection":[{"href":"https:\/\/soydeaqui.ddns.net\/pachuca\/index.php\/wp-json\/wp\/v2\/product"}],"about":[{"href":"https:\/\/soydeaqui.ddns.net\/pachuca\/index.php\/wp-json\/wp\/v2\/types\/product"}],"replies":[{"embeddable":true,"href":"https:\/\/soydeaqui.ddns.net\/pachuca\/index.php\/wp-json\/wp\/v2\/comments?post=54042"}],"wp:featuredmedia":[{"embeddable":true,"href":"https:\/\/soydeaqui.ddns.net\/pachuca\/index.php\/wp-json\/wp\/v2\/media\/32"}],"wp:attachment":[{"href":"https:\/\/soydeaqui.ddns.net\/pachuca\/index.php\/wp-json\/wp\/v2\/media?parent=54042"}],"wp:term":[{"taxonomy":"product_brand","embeddable":true,"href":"https:\/\/soydeaqui.ddns.net\/pachuca\/index.php\/wp-json\/wp\/v2\/product_brand?post=54042"},{"taxonomy":"product_cat","embeddable":true,"href":"https:\/\/soydeaqui.ddns.net\/pachuca\/index.php\/wp-json\/wp\/v2\/product_cat?post=54042"},{"taxonomy":"product_tag","embeddable":true,"href":"https:\/\/soydeaqui.ddns.net\/pachuca\/index.php\/wp-json\/wp\/v2\/product_tag?post=54042"}],"curies":[{"name":"wp","href":"https:\/\/api.w.org\/{rel}","templated":true}]}}