{"id":5404,"date":"2026-03-18T06:30:54","date_gmt":"2026-03-18T06:30:54","guid":{"rendered":"https:\/\/soydeaqui.ddns.net\/pachuca\/index.php\/producto\/llavero-remoto-para-armar-desarmar-panel-wip630-videofied\/"},"modified":"2026-03-18T06:30:55","modified_gmt":"2026-03-18T06:30:55","slug":"llavero-remoto-para-armar-desarmar-panel-wip630-videofied","status":"publish","type":"product","link":"https:\/\/soydeaqui.ddns.net\/pachuca\/index.php\/producto\/llavero-remoto-para-armar-desarmar-panel-wip630-videofied\/","title":{"rendered":"Llavero remoto para Armar\/Desarmar panel WIP630 VideoFied"},"content":{"rendered":"<div style='width: 100%; max-width: 1200px; margin: 0 auto; font-family: sans-serif; line-height: 1.6; color: inherit; background-color: transparent;'>\n<div style='display: flex; flex-wrap: wrap; gap: 30px; margin-bottom: 30px;'>\n<div style='flex: 1 1 300px; min-width: 280px;'>\n<div style='margin-bottom: 15px;'> <a href='https:\/\/www.syscomblog.com\/2017\/03\/videoverificacion-videofied-lo-mejor-en.html' style='display: block; text-decoration: none;'> <img style='width: 100%; height: auto; border: 1px solid rgba(150&comma;150&comma;150&comma;0.3); border-radius: 8px;' src='http:\/\/ftp3.syscom.mx\/usuarios\/ftp\/recursos\/viedofied.png' alt=''> <\/a> <\/div>\n<div style='margin-bottom: 15px;'> <a href='\/principal\/consultarproductosazul?global_search=sim25&#038;ordenar=Relevancia&#038;pag=1' style='display: block; text-decoration: none;'> <img style='width: 100%; height: auto; border: 1px solid rgba(150&comma;150&comma;150&comma;0.3); border-radius: 8px;' src='http:\/\/ftp3.syscom.mx\/usuarios\/ftp\/recursos\/sim-multicarrier.png' alt=''> <\/a> <\/div>\n<\/p><\/div>\n<div style='flex: 1 1 300px; min-width: 280px;'>\n<p style='font-size: 15px; color: inherit; margin-top: 0;'> El control remoto RC es un mando a distancia con pilas&comma; inal\u00e1mbrico dise\u00f1ado para el funcionamiento b\u00e1sico de los sistemas de seguridad Videofied\u00ae.<\/p>\n<p> Cuatro botones de comando para armado&comma; desarmado y alerta de panico.<\/p>\n<p> La llave de control utiliza S2View\u00ae Spread Spectrum&comma; Videofied\u00ae&comma; circuitos inal\u00e1mbricos interactivos&comma; cifrado para la comunicaci\u00f3n bidireccional segura con el panel de control.<\/p>\n<p> El funcionamiento del sistema con el llavero normalmente se puede hacer desde dentro o fuera de las instalaciones y no requiere introducir el c\u00f3digo de acceso. La llave de control remoto RC es un mando a distancia con pilas&comma; inal\u00e1mbrico dise\u00f1ado para el funcionamiento b\u00e1sico de los sistemas de seguridad Videofied\u00ae. <\/p>\n<\/p><\/div>\n<\/p><\/div>\n<hr style='border: 0; border-top: 1px solid rgba(150&comma; 150&comma; 150&comma; 0.3); margin: 30px 0;'> <\/div>\n","protected":false},"excerpt":{"rendered":"<p>Llavero remoto para Armar\/Desarmar panel WIP630 VideoFied<\/p>\n","protected":false},"featured_media":5403,"comment_status":"open","ping_status":"closed","template":"","meta":[],"product_brand":[],"product_cat":[237],"product_tag":[93,238,45],"class_list":{"0":"post-5404","1":"product","2":"type-product","3":"status-publish","4":"has-post-thumbnail","6":"product_cat-controles-remotos","7":"product_tag-accesorios","8":"product_tag-controles-remotos","9":"product_tag-honeywell-home-resideo","11":"first","12":"instock","13":"sale","14":"shipping-taxable","15":"purchasable","16":"product-type-simple"},"_links":{"self":[{"href":"https:\/\/soydeaqui.ddns.net\/pachuca\/index.php\/wp-json\/wp\/v2\/product\/5404","targetHints":{"allow":["GET"]}}],"collection":[{"href":"https:\/\/soydeaqui.ddns.net\/pachuca\/index.php\/wp-json\/wp\/v2\/product"}],"about":[{"href":"https:\/\/soydeaqui.ddns.net\/pachuca\/index.php\/wp-json\/wp\/v2\/types\/product"}],"replies":[{"embeddable":true,"href":"https:\/\/soydeaqui.ddns.net\/pachuca\/index.php\/wp-json\/wp\/v2\/comments?post=5404"}],"wp:featuredmedia":[{"embeddable":true,"href":"https:\/\/soydeaqui.ddns.net\/pachuca\/index.php\/wp-json\/wp\/v2\/media\/5403"}],"wp:attachment":[{"href":"https:\/\/soydeaqui.ddns.net\/pachuca\/index.php\/wp-json\/wp\/v2\/media?parent=5404"}],"wp:term":[{"taxonomy":"product_brand","embeddable":true,"href":"https:\/\/soydeaqui.ddns.net\/pachuca\/index.php\/wp-json\/wp\/v2\/product_brand?post=5404"},{"taxonomy":"product_cat","embeddable":true,"href":"https:\/\/soydeaqui.ddns.net\/pachuca\/index.php\/wp-json\/wp\/v2\/product_cat?post=5404"},{"taxonomy":"product_tag","embeddable":true,"href":"https:\/\/soydeaqui.ddns.net\/pachuca\/index.php\/wp-json\/wp\/v2\/product_tag?post=5404"}],"curies":[{"name":"wp","href":"https:\/\/api.w.org\/{rel}","templated":true}]}}