{"id":54039,"date":"2026-03-19T02:07:47","date_gmt":"2026-03-19T02:07:47","guid":{"rendered":"https:\/\/soydeaqui.ddns.net\/pachuca\/index.php\/producto\/kit-de-sirena-bocina-y-torreta-de-48-con-216-leds-dual-color-frente-rojo-blanco-azul-blanco-trasero-rojo-ambar-azul-ambar-2\/"},"modified":"2026-03-19T02:07:48","modified_gmt":"2026-03-19T02:07:48","slug":"kit-de-sirena-bocina-y-torreta-de-48-con-216-leds-dual-color-frente-rojo-blanco-azul-blanco-trasero-rojo-ambar-azul-ambar-2","status":"publish","type":"product","link":"https:\/\/soydeaqui.ddns.net\/pachuca\/index.php\/producto\/kit-de-sirena-bocina-y-torreta-de-48-con-216-leds-dual-color-frente-rojo-blanco-azul-blanco-trasero-rojo-ambar-azul-ambar-2\/","title":{"rendered":"Kit de Sirena, Bocina y Torreta de 48&#8243;, Con 216 LEDs, Dual Color, Frente: Rojo\/Blanco, Azul\/Blanco, Trasero: Rojo\/\u00c1mbar, Azul\/\u00c1mbar"},"content":{"rendered":"<div style='width: 100%; max-width: 1200px; margin: 0 auto; font-family: sans-serif; line-height: 1.6; color: inherit; background-color: transparent;'>\n<div style='display: flex; flex-wrap: wrap; gap: 30px; margin-bottom: 30px;'>\n<div style='flex: 1 1 300px; min-width: 280px;'>\n<h3 style='font-size: 22px; border-bottom: 2px solid currentColor; padding-bottom: 5px; margin-top: 0; color: inherit; opacity: 0.8;'>Contenido del Kit<\/h3>\n<ul style='padding-left: 20px; font-size: 15px; color: inherit;'>\n<li style='margin-bottom: 5px;'><strong>1 Torreta de 216 LEDs<\/strong> Modelo: SP216<\/li>\n<li style='margin-bottom: 5px;'><strong>1 Bocina<\/strong> SP100<\/li>\n<li style='margin-bottom: 5px;'><strong>1 Sirena<\/strong> SP204RV2<\/li>\n<li style='margin-bottom: 5px;'><strong>1 Par de Ganchos Met\u00e1licos<\/strong> Para Soporte de Torreta: SPMH01<\/li>\n<\/ul><\/div>\n<\/p><\/div>\n<div style='display: flex; flex-wrap: wrap; gap: 20px; margin-bottom: 30px;'>\n<div style='flex: 1 1 250px; border: 1px solid rgba(150&comma; 150&comma; 150&comma; 0.4); border-radius: 8px; overflow: hidden; display: flex; flex-direction: column;'>\n<div style='padding: 15px; border-bottom: 1px solid rgba(150&comma; 150&comma; 150&comma; 0.2); font-weight: bold; font-size: 18px; color: inherit;'>Torreta SP216<\/div>\n<div style='padding: 15px; color: inherit;'>\n<ul style='padding-left: 20px; margin: 0; font-size: 14px; list-style-type: disc;'>\n<li style='margin-bottom: 5px;'><strong>Cumplimiento:<\/strong> SAE J845 Clase 1&comma; SAE J595 Clase 1; California T\u00edtulo 13; CE R65 II (TA2\/TB2\/TR2)1; CEPE R10; CISPR25<\/li>\n<li style='margin-bottom: 5px;'><strong>NOTA:<\/strong> Las aprobaciones reales pueden variar; basado en la configuraci\u00f3n real de la barra de luces.<\/li>\n<li style='margin-bottom: 5px;'><strong>Voltaje de funcionamiento:<\/strong> 12-24 VCD<\/li>\n<li style='margin-bottom: 5px;'><strong>Dual Color<\/strong><\/li>\n<li style='margin-bottom: 5px;'><strong>48 Pulgadas<\/strong><\/li>\n<li style='margin-bottom: 5px;'><strong>Calibre de cable:<\/strong> Cable de telar \u00fanico&comma; 300 cm (9&comma;8 pies) 42&#8242; (1066 mil\u00edmetros) ~ 66&#8242; (1675 mil\u00edmetros)<\/li>\n<li style='margin-bottom: 5px;'><strong>Cable de alimentaci\u00f3n:<\/strong> 2 hilos a 12 AWG Com. Cable &#8211; 2 hilos @24AWG 72&#8242; (1825 mil\u00edmetros)<\/li>\n<li style='margin-bottom: 5px;'><strong>M\u00f3dulo de control de bus serial:<\/strong><\/li>\n<li style='margin-bottom: 5px;'><strong>2 Arneses de 30 cm<\/strong> (11&comma;8 pulgadas)<\/li>\n<li style='margin-bottom: 5px;'><strong>1 Arn\u00e9s de 6 PINES<\/strong> (com. PWR\/LB)<\/li>\n<li style='margin-bottom: 5px;'><strong>1 Arn\u00e9s de 18 PINES<\/strong> (entrada\/salida)<\/li>\n<li style='margin-bottom: 5px;'><strong>2 cables PWR @22AWG<\/strong><\/li>\n<li style='margin-bottom: 5px;'><strong>16 cables de entrada de funci\u00f3n @24AWG<\/strong><\/li>\n<li style='margin-bottom: 5px;'><strong>2 cables de comunicaciones @24AWG<\/strong><\/li>\n<li style='margin-bottom: 5px;'><strong>12 cables de Funci\u00f3n de salida @24AWG<\/strong><\/li>\n<li style='margin-bottom: 5px;'><strong>N\u00famero de LED:<\/strong> 216 LED<\/li>\n<li style='margin-bottom: 5px;'><strong>M\u00f3dulos de luces de un solo color:<\/strong> 6 LED por M\u00f3dulo<\/li>\n<li style='margin-bottom: 5px;'><strong>M\u00f3dulos de luces de dos colores:<\/strong> 12 LED por M\u00f3dulo<\/li>\n<\/ul><\/div>\n<\/p><\/div>\n<div style='flex: 1 1 250px; border: 1px solid rgba(150&comma; 150&comma; 150&comma; 0.4); border-radius: 8px; overflow: hidden; display: flex; flex-direction: column;'>\n<div style='padding: 15px; border-bottom: 1px solid rgba(150&comma; 150&comma; 150&comma; 0.2); font-weight: bold; font-size: 18px; color: inherit;'>Opciones de Color<\/div>\n<div style='padding: 15px; color: inherit;'>\n<ul style='padding-left: 20px; margin: 0; font-size: 14px; list-style-type: disc;'>\n<li style='margin-bottom: 5px;'><strong>Opciones del color del LED:<\/strong> \u00c1mbar&comma; Azul&comma; Verde&comma; Rojo&comma; Blanco (simple o doble)<\/li>\n<li style='margin-bottom: 5px;'><strong>Color de la lente:<\/strong> Claro<\/li>\n<li style='margin-bottom: 5px;'><strong>Opciones de color de domo superior:<\/strong> \u00c1mbar&comma; Negro&comma; Azul&comma; Transparente&comma; Rojo<\/li>\n<\/ul><\/div>\n<\/p><\/div>\n<div style='flex: 1 1 250px; border: 1px solid rgba(150&comma; 150&comma; 150&comma; 0.4); border-radius: 8px; overflow: hidden; display: flex; flex-direction: column;'>\n<div style='padding: 15px; border-bottom: 1px solid rgba(150&comma; 150&comma; 150&comma; 0.2); font-weight: bold; font-size: 18px; color: inherit;'>Bocina SP100<\/div>\n<div style='padding: 15px; color: inherit;'>\n<ul style='padding-left: 20px; margin: 0; font-size: 14px; list-style-type: disc;'>\n<li style='margin-bottom: 5px;'>Alto rendimiento&comma; supera los requisitos SAE&comma; CA XIII y EVS2 con la mayor\u00eda de las sirenas de 100 W<\/li>\n<li style='margin-bottom: 5px;'>Logre un rendimiento \u00f3ptimo con una sirena electr\u00f3nica Brooking<\/li>\n<li style='margin-bottom: 5px;'>Carcasa compuesta de nylon reforzado con fibra para todo tipo de clima<\/li>\n<li style='margin-bottom: 5px;'>Dise\u00f1o compacto y moderno&comma; solo 2.96&#8242; D&comma; ideal para instalaci\u00f3n en espacios reducidos<\/li>\n<li style='margin-bottom: 5px;'>Disponible con soporte fijo en L o soporte ajustable de dos piezas<\/li>\n<li style='margin-bottom: 5px;'>El controlador de aluminio fundido con un potente im\u00e1n de neodimio produce 124&comma;5 dB a una distancia de 9&#8217;8 &#8216;<\/li>\n<\/ul><\/div>\n<\/p><\/div>\n<div style='flex: 1 1 250px; border: 1px solid rgba(150&comma; 150&comma; 150&comma; 0.4); border-radius: 8px; overflow: hidden; display: flex; flex-direction: column;'>\n<div style='padding: 15px; border-bottom: 1px solid rgba(150&comma; 150&comma; 150&comma; 0.2); font-weight: bold; font-size: 18px; color: inherit;'>Especificaciones Bocina SP100<\/div>\n<div style='padding: 15px; color: inherit;'>\n<ul style='padding-left: 20px; margin: 0; font-size: 14px; list-style-type: disc;'>\n<li style='margin-bottom: 5px;'><strong>Cumple con:<\/strong> SAE J1849 EVS2&comma; CA T\u00edtulo 13<\/li>\n<li style='margin-bottom: 5px;'><strong>Conductor:<\/strong> Im\u00e1n de neodimio<\/li>\n<li style='margin-bottom: 5px;'><strong>Potencia nominal:<\/strong> 100W<\/li>\n<li style='margin-bottom: 5px;'><strong>Impedancia (CA):<\/strong> 11 \u03a9<\/li>\n<li style='margin-bottom: 5px;'><strong>Resistencia CC:<\/strong> 4&comma;3 \u03a9<\/li>\n<li style='margin-bottom: 5px;'><strong>Peso:<\/strong> 4&comma;5 libras<\/li>\n<li style='margin-bottom: 5px;'><strong>M\u00e9todo de enfriamiento:<\/strong> Ferro Fluid Cool<\/li>\n<li style='margin-bottom: 5px;'><strong>Carcasa:<\/strong> nylon reforzado con fibra y aluminio fundido<\/li>\n<li style='margin-bottom: 5px;'><strong>Temperatura de funcionamiento:<\/strong> -30\u00b0F~149\u00b0F<\/li>\n<li style='margin-bottom: 5px;'><strong>Temperatura de almacenamiento:<\/strong> -40\u00b0F~149\u00b0F<\/li>\n<li style='margin-bottom: 5px;'><strong>Clasificaci\u00f3n IP:<\/strong> IP54K<\/li>\n<li style='margin-bottom: 5px;'><strong>Salida de sonido:<\/strong> 124&comma;5 dBA a 3M (9&comma;84&#8242;)<\/li>\n<li style='margin-bottom: 5px;'><strong>Cables:<\/strong> Blanco (SPK+) \u2013 13&comma;78&#8242; (20AWG)&comma; Negro: (SPK-) \u2013 13&comma;78&#8242; (20AWG)<\/li>\n<li style='margin-bottom: 5px;'><strong>Dimensiones:<\/strong> 160.99 mm (Largo) x 160.99 mm (Ancho) x 75.2 mm (Alto)<\/li>\n<\/ul><\/div>\n<\/p><\/div>\n<div style='flex: 1 1 250px; border: 1px solid rgba(150&comma; 150&comma; 150&comma; 0.4); border-radius: 8px; overflow: hidden; display: flex; flex-direction: column;'>\n<div style='padding: 15px; border-bottom: 1px solid rgba(150&comma; 150&comma; 150&comma; 0.2); font-weight: bold; font-size: 18px; color: inherit;'>Sirena SP204RV2<\/div>\n<div style='padding: 15px; color: inherit;'>\n<ul style='padding-left: 20px; margin: 0; font-size: 14px; list-style-type: disc;'>\n<li style='margin-bottom: 5px;'>Totalmente programable\/personalizable mediante software para PC<\/li>\n<li style='margin-bottom: 5px;'>Estilo de bot\u00f3n y entrada: sostenido&comma; moment\u00e1neo&comma; cronometrado&comma; etc.<\/li>\n<li style='margin-bottom: 5px;'>Bot\u00f3n de interconexi\u00f3n&comma; enclavamiento y puerto de salida<\/li>\n<li style='margin-bottom: 5px;'>Selecci\u00f3n de tono: Primario&comma; Anulaci\u00f3n&comma; Mixto&comma; Manos libres<\/li>\n<li style='margin-bottom: 5px;'>Funci\u00f3n de pulsaci\u00f3n m\u00faltiple<\/li>\n<li style='margin-bottom: 5px;'>Controlador de Panel Deslizante de 19 botones&comma; indicador de flecha de tr\u00e1fico de 6 LED<\/li>\n<li style='margin-bottom: 5px;'>Mecanismo de montaje de im\u00e1n de potencia<\/li>\n<li style='margin-bottom: 5px;'><strong>12 Salidas de rel\u00e9:<\/strong> (3) 15A&comma; (3) 10A&comma; (2) 2A&comma; (4) 0&comma;25A y (1) salida de rel\u00e9 de contacto seco<\/li>\n<li style='margin-bottom: 5px;'><strong>4 Entradas l\u00f3gicas<\/strong> activadas positiva o negativa y 1 entrada anal\u00f3gica de tensi\u00f3n variable<\/li>\n<li style='margin-bottom: 5px;'>El amplificador Clase D de bajo consumo de amperaje produce un tono incre\u00edblemente limpio y n\u00edtido y una salida ALTA cuando se combina con el altavoz SP100<\/li>\n<li style='margin-bottom: 5px;'><strong>El amplificador de 200W<\/strong> admite uno o dos altavoces de 100W (11 Ohm)<\/li>\n<li style='margin-bottom: 5px;'>2 modos de retroiluminaci\u00f3n (normal y encubierto)<\/li>\n<li style='margin-bottom: 5px;'>Tonos seleccionables: Wail&comma; Yelp&comma; Phaser\/Piercer&comma; Hi-Lo&comma; Mechanical&comma; tonos europeos&comma; etc.<\/li>\n<li style='margin-bottom: 5px;'>Bloques de conectores de salida y alimentaci\u00f3n de alta resistencia con fusibles de f\u00e1cil acceso<\/li>\n<li style='margin-bottom: 5px;'>Radio RE-Broadcast (RRB) para reproducci\u00f3n de audio<\/li>\n<li style='margin-bottom: 5px;'>Record-n-Play: Graba mensajes reproducibles instant\u00e1neamente (hasta 20 segundos)<\/li>\n<li style='margin-bottom: 5px;'><strong>Funci\u00f3n &#8216;Mix Tone&#8217;<\/strong> permite un efecto multitono\/multialtavoz<\/li>\n<li style='margin-bottom: 5px;'><strong>Detecci\u00f3n de voltaje:<\/strong> Programable para conexi\u00f3n autom\u00e1tica de bajo voltaje<\/li>\n<\/ul><\/div>\n<\/p><\/div>\n<div style='flex: 1 1 250px; border: 1px solid rgba(150&comma; 150&comma; 150&comma; 0.4); border-radius: 8px; overflow: hidden; display: flex; flex-direction: column;'>\n<div style='padding: 15px; border-bottom: 1px solid rgba(150&comma; 150&comma; 150&comma; 0.2); font-weight: bold; font-size: 18px; color: inherit;'>Especificaciones Generales<\/div>\n<div style='padding: 15px; color: inherit;'>\n<ul style='padding-left: 20px; margin: 0; font-size: 14px; list-style-type: disc;'>\n<li style='margin-bottom: 5px;'><strong>Cumplimiento:<\/strong> SAE J1849 EVS1; CEPE R10; CISPR 25<\/li>\n<li style='margin-bottom: 5px;'><strong>Voltaje de entrada:<\/strong> 12 ~ 24 VCD<\/li>\n<li style='margin-bottom: 5px;'><strong>Corriente en espera:<\/strong> 0 mA (sin cable IGN) \/ <0&comma;35 A (con cable IGN) Corriente promedio: 8&comma;5 A a 12 VCD \/ 4 A a 24 VCD<\/li>\n<li style='margin-bottom: 5px;'><strong>M\u00e1x. Corriente:<\/strong> 20A @ 12VCD \/ 10A @ 24VCD (sin salidas de control de luz) 100A @ 12VCD \/ 50A @ 24VCD (con control de luz)<\/li>\n<li style='margin-bottom: 0px;'><strong>Potencia de salida de la sirena:<\/strong> 200 W (altavoz de 11 W x2) 11 ohmios Carga de salida de la sirena: 100 W-ACR 11 ohmios<\/li>\n<li style='margin-bottom: 5px;'><strong>Frecuencia de sirena:<\/strong> var\u00eda seg\u00fan el tono<\/li>\n<li style='margin-bottom: 5px;'><strong>Temperatura de funcionamiento:<\/strong> 86F a 149F<\/li>\n<li style='margin-bottom: 5px;'><strong>E\/S:<\/strong> Alimentaci\u00f3n&comma; IGN (encendido)&comma; Salida de altavoz x2&comma; Salida de corriente alta x3&comma; Salida de corriente media\/baja x9&comma; Entrada l\u00f3gica x4&comma; Entrada anal\u00f3gica de voltaje variable x1&comma; Entrada de audio de radio&comma; Micr\u00f3fono TRS (opcional)&comma; Puerto de controlador&comma; Puerto USB de enlace de PC<\/li>\n<li style='margin-bottom: 5px;'><strong>Controles de luz:<\/strong> (3) salidas de control de luz de 15 A&comma; (3) 10 A&comma; (2) 2 A&comma; (4) 0&comma;25 A<\/li>\n<li style='margin-bottom: 5px;'><strong>Clasificaciones de fusibles:<\/strong> Fusible de cuchilla: (1) 30 A&comma; (3) 15 A&comma; (3) 10 A&comma; (2) 2 A<\/li>\n<li style='margin-bottom: 5px;'><strong>Fusible reajustable:<\/strong> (4) 0&comma;25 A<\/li>\n<li style='margin-bottom: 5px;'><strong>Longitudes de cables:<\/strong> 5 Cables de Arn\u00e9s de 300 mm (30 cm)<\/li>\n<li style='margin-bottom: 5px;'><strong>Cable de extensi\u00f3n:<\/strong> 333 mm (33.3 cm)<\/li>\n<li style='margin-bottom: 5px;'><strong>Garant\u00eda:<\/strong> 5 a\u00f1os<\/li>\n<li style='margin-bottom: 5px;'><strong>Dimensiones:<\/strong> 217 mm (Largo) x 190 mm (Ancho) x 45.6 mm (Alto)<\/li>\n<\/ul><\/div>\n<\/p><\/div>\n<\/p><\/div>\n<\/p><\/div>\n","protected":false},"excerpt":{"rendered":"<p>Kit de Sirena, Bocina y Torreta de 48&#8243;, Con 216 LEDs, Dual Color, Frente: Rojo\/Blanco, Azul\/Blanco, Trasero: Rojo\/\u00c1mbar, Azul\/\u00c1mbar<\/p>\n","protected":false},"featured_media":54038,"comment_status":"open","ping_status":"closed","template":"","meta":[],"product_brand":[],"product_cat":[1358],"product_tag":[1356,1359,1461],"class_list":{"0":"post-54039","1":"product","2":"type-product","3":"status-publish","4":"has-post-thumbnail","6":"product_cat-rojo-azul","7":"product_tag-barras-de-luz-torretas-vehiculares","8":"product_tag-rojo-azul","9":"product_tag-signalpro","11":"first","12":"outofstock","13":"sale","14":"shipping-taxable","15":"purchasable","16":"product-type-simple"},"_links":{"self":[{"href":"https:\/\/soydeaqui.ddns.net\/pachuca\/index.php\/wp-json\/wp\/v2\/product\/54039","targetHints":{"allow":["GET"]}}],"collection":[{"href":"https:\/\/soydeaqui.ddns.net\/pachuca\/index.php\/wp-json\/wp\/v2\/product"}],"about":[{"href":"https:\/\/soydeaqui.ddns.net\/pachuca\/index.php\/wp-json\/wp\/v2\/types\/product"}],"replies":[{"embeddable":true,"href":"https:\/\/soydeaqui.ddns.net\/pachuca\/index.php\/wp-json\/wp\/v2\/comments?post=54039"}],"wp:featuredmedia":[{"embeddable":true,"href":"https:\/\/soydeaqui.ddns.net\/pachuca\/index.php\/wp-json\/wp\/v2\/media\/54038"}],"wp:attachment":[{"href":"https:\/\/soydeaqui.ddns.net\/pachuca\/index.php\/wp-json\/wp\/v2\/media?parent=54039"}],"wp:term":[{"taxonomy":"product_brand","embeddable":true,"href":"https:\/\/soydeaqui.ddns.net\/pachuca\/index.php\/wp-json\/wp\/v2\/product_brand?post=54039"},{"taxonomy":"product_cat","embeddable":true,"href":"https:\/\/soydeaqui.ddns.net\/pachuca\/index.php\/wp-json\/wp\/v2\/product_cat?post=54039"},{"taxonomy":"product_tag","embeddable":true,"href":"https:\/\/soydeaqui.ddns.net\/pachuca\/index.php\/wp-json\/wp\/v2\/product_tag?post=54039"}],"curies":[{"name":"wp","href":"https:\/\/api.w.org\/{rel}","templated":true}]}}