{"id":54026,"date":"2026-03-19T02:07:27","date_gmt":"2026-03-19T02:07:27","guid":{"rendered":"https:\/\/soydeaqui.ddns.net\/pachuca\/index.php\/producto\/sensor-magentico-compatible-con-ts302915m\/"},"modified":"2026-03-19T02:07:28","modified_gmt":"2026-03-19T02:07:28","slug":"sensor-magentico-compatible-con-ts302915m","status":"publish","type":"product","link":"https:\/\/soydeaqui.ddns.net\/pachuca\/index.php\/producto\/sensor-magentico-compatible-con-ts302915m\/","title":{"rendered":"SENSOR MAGENTICO COMPATIBLE CON TS302915M"},"content":{"rendered":"<div style='width: 100%; max-width: 1200px; margin: 0 auto; font-family: sans-serif; line-height: 1.6; color: inherit; background-color: transparent;'> <!-- Imagen principal --> <\/p>\n<div style='width: 100%; margin-bottom: 30px;'> <img style='width: 100%; height: auto; border: 1px solid rgba(150&comma;150&comma;150&comma;0.3); border-radius: 8px;' src='https:\/\/ftp3.syscom.mx\/usuarios\/fotos\/EM500PT100915M\/229280-principal.png' alt='Sensor magn\u00e9tico SS21'> <\/div>\n<p> <!-- Videos de YouTube --> <\/p>\n<div style='display: flex; flex-wrap: wrap; gap: 20px; margin-bottom: 30px;'>\n<div style='flex: 1 1 300px; min-width: 280px;'>\n<div style='position: relative; padding-bottom: 56.25%; height: 0; overflow: hidden;'>   <\/div>\n<\/p><\/div>\n<div style='flex: 1 1 300px; min-width: 280px;'>\n<div style='position: relative; padding-bottom: 56.25%; height: 0; overflow: hidden;'>   <\/div>\n<\/p><\/div>\n<\/p><\/div>\n<p> <!-- Secci\u00f3n 1 --> <\/p>\n<div style='display: flex; flex-wrap: wrap; gap: 30px; margin-bottom: 30px;'>\n<div style='flex: 1 1 300px; min-width: 280px;'>\n<h3 style='font-size: 22px; border-bottom: 2px solid currentColor; padding-bottom: 5px; margin-top: 0; color: inherit; opacity: 0.8;'>Detecci\u00f3n precisa sin contacto con ondas ultras\u00f3nicas<\/h3>\n<p style='font-size: 15px; color: inherit;'>Con el respaldo de ondas ultras\u00f3nicas&comma; una tecnolog\u00eda de detecci\u00f3n sin contacto&comma; el dispositivo es capaz de detectar una amplia gama de l\u00edquidos&comma; incluidos productos qu\u00edmicos corrosivos&comma; al tiempo que proporciona una impresionante precisi\u00f3n de medici\u00f3n de hasta \u00b11 %. Esto permite que el dispositivo se integre perfectamente con numerosas aplicaciones industriales&comma; especialmente en las industrias del pl\u00e1stico&comma; el petr\u00f3leo&comma; los fertilizantes y otras industrias que implican un gran uso de productos qu\u00edmicos.<\/p>\n<\/p><\/div>\n<div style='flex: 1 1 300px; min-width: 280px;'> <img style='width: 100%; height: auto; border: 1px solid rgba(150&comma;150&comma;150&comma;0.3); border-radius: 8px;' src='https:\/\/ftp3.syscom.mx\/usuarios\/fotos\/EM500PT100915M\/229280-ondas.png' alt='Tecnolog\u00eda de ondas ultras\u00f3nicas'> <\/div>\n<\/p><\/div>\n<p> <!-- Secci\u00f3n 2 --> <\/p>\n<div style='display: flex; flex-wrap: wrap; gap: 30px; margin-bottom: 30px;'>\n<div style='flex: 1 1 300px; min-width: 280px;'> <img style='width: 100%; height: auto; border: 1px solid rgba(150&comma;150&comma;150&comma;0.3); border-radius: 8px;' src='https:\/\/ftp3.syscom.mx\/usuarios\/fotos\/EM500PT100915M\/229280-rango.png' alt='Amplio rango de medici\u00f3n'> <\/div>\n<div style='flex: 1 1 300px; min-width: 280px;'>\n<h3 style='font-size: 22px; border-bottom: 2px solid currentColor; padding-bottom: 5px; margin-top: 0; color: inherit; opacity: 0.8;'>Amplio rango de medici\u00f3n de 0&comma;25 ma 10 m con varias opciones de sondeo<\/h3>\n<p style='font-size: 15px; color: inherit;'>El dispositivo ofrece un amplio rango de medici\u00f3n de 0&comma;25 a 10 m con una variedad de opciones de sondeo a su elecci\u00f3n. Tambi\u00e9n es muy competente para medir contenedores de distintos tama\u00f1os&comma; incluidos contenedores con aberturas peque\u00f1as. El dispositivo se puede fabricar a medida para diversos escenarios.<\/p>\n<\/p><\/div>\n<\/p><\/div>\n<p> <!-- Secci\u00f3n 3 --> <\/p>\n<div style='display: flex; flex-wrap: wrap; gap: 30px; margin-bottom: 30px;'>\n<div style='flex: 1 1 300px; min-width: 280px;'>\n<h3 style='font-size: 22px; border-bottom: 2px solid currentColor; padding-bottom: 5px; margin-top: 0; color: inherit; opacity: 0.8;'>Excepcional rendimiento con clasificaci\u00f3n IP67 y resistente a los rayos UV<\/h3>\n<p style='font-size: 15px; color: inherit;'>El dispositivo cuenta con un rendimiento excepcional de resistencia a los rayos UV y IP67 que le permite funcionar de manera excelente incluso en entornos de trabajo hostiles&comma; lo que lo hace ideal para aplicaciones industriales y al aire libre como estaciones de esqu\u00ed&comma; industrias manufactureras y m\u00e1s.<\/p>\n<\/p><\/div>\n<div style='flex: 1 1 300px; min-width: 280px;'> <img style='width: 100%; height: auto; border: 1px solid rgba(150&comma;150&comma;150&comma;0.3); border-radius: 8px;' src='https:\/\/ftp3.syscom.mx\/usuarios\/fotos\/EM500PT100915M\/229280-ip67.png' alt='Clasificaci\u00f3n IP67'> <\/div>\n<\/p><\/div>\n<p> <!-- Secci\u00f3n 4 --> <\/p>\n<div style='display: flex; flex-wrap: wrap; gap: 30px; margin-bottom: 30px;'>\n<div style='flex: 1 1 300px; min-width: 280px;'> <img style='width: 100%; height: auto; border: 1px solid rgba(150&comma;150&comma;150&comma;0.3); border-radius: 8px;' src='https:\/\/ftp3.syscom.mx\/usuarios\/fotos\/EM500PT100915M\/229280-bateria.png' alt='Bater\u00eda de larga duraci\u00f3n'> <\/div>\n<div style='flex: 1 1 300px; min-width: 280px;'>\n<h3 style='font-size: 22px; border-bottom: 2px solid currentColor; padding-bottom: 5px; margin-top: 0; color: inherit; opacity: 0.8;'>Bater\u00eda de larga duraci\u00f3n de hasta 10 a\u00f1os<\/h3>\n<p style='font-size: 15px; color: inherit;'>&nbsp;<\/p>\n<\/p><\/div>\n<\/p><\/div>\n<p> <!-- Secci\u00f3n 5 --> <\/p>\n<div style='display: flex; flex-wrap: wrap; gap: 30px; margin-bottom: 30px;'>\n<div style='flex: 1 1 300px; min-width: 280px;'>\n<h3 style='font-size: 22px; border-bottom: 2px solid currentColor; padding-bottom: 5px; margin-top: 0; color: inherit; opacity: 0.8;'>Implementaci\u00f3n inal\u00e1mbrica LoRaWAN<\/h3>\n<p style='font-size: 15px; color: inherit;'>Equipado con la avanzada tecnolog\u00eda LoRaWAN\u00ae&comma; permite una transmisi\u00f3n de datos inal\u00e1mbrica de alta seguridad&comma; que evita la manipulaci\u00f3n de datos y cables desordenados&comma; lo que garantiza un proceso de instalaci\u00f3n simplificado y datos de primera calidad.<\/p>\n<\/p><\/div>\n<div style='flex: 1 1 300px; min-width: 280px;'> <img style='width: 100%; height: auto; border: 1px solid rgba(150&comma;150&comma;150&comma;0.3); border-radius: 8px;' src='https:\/\/ftp3.syscom.mx\/usuarios\/fotos\/EM500PT100915M\/229280-lorawan.png' alt='Tecnolog\u00eda LoRaWAN'> <\/div>\n<\/p><\/div>\n<p> <!-- Imagen final --> <\/p>\n<div style='width: 100%; margin-bottom: 30px;'> <img style='width: 100%; height: auto; border: 1px solid rgba(150&comma;150&comma;150&comma;0.3); border-radius: 8px;' src='https:\/\/ftp3.syscom.mx\/usuarios\/fotos\/WS558915MPNLN\/217705-final.png' alt='Instalaci\u00f3n del sensor'> <\/div>\n<p> <!-- Separador final --> <\/p>\n<hr style='border: 0; border-top: 1px solid rgba(150&comma; 150&comma; 150&comma; 0.3); margin: 30px 0;'> <\/div>\n","protected":false},"excerpt":{"rendered":"<p>SENSOR MAGENTICO COMPATIBLE CON TS302915M<\/p>\n","protected":false},"featured_media":32,"comment_status":"open","ping_status":"closed","template":"","meta":[],"product_brand":[],"product_cat":[1436],"product_tag":[1437,1455,1438],"class_list":{"0":"post-54026","1":"product","2":"type-product","3":"status-publish","4":"has-post-thumbnail","6":"product_cat-sensores-tags","7":"product_tag-lorawan","8":"product_tag-milesight","9":"product_tag-sensores-tags","11":"first","12":"outofstock","13":"sale","14":"shipping-taxable","15":"purchasable","16":"product-type-simple"},"_links":{"self":[{"href":"https:\/\/soydeaqui.ddns.net\/pachuca\/index.php\/wp-json\/wp\/v2\/product\/54026","targetHints":{"allow":["GET"]}}],"collection":[{"href":"https:\/\/soydeaqui.ddns.net\/pachuca\/index.php\/wp-json\/wp\/v2\/product"}],"about":[{"href":"https:\/\/soydeaqui.ddns.net\/pachuca\/index.php\/wp-json\/wp\/v2\/types\/product"}],"replies":[{"embeddable":true,"href":"https:\/\/soydeaqui.ddns.net\/pachuca\/index.php\/wp-json\/wp\/v2\/comments?post=54026"}],"wp:featuredmedia":[{"embeddable":true,"href":"https:\/\/soydeaqui.ddns.net\/pachuca\/index.php\/wp-json\/wp\/v2\/media\/32"}],"wp:attachment":[{"href":"https:\/\/soydeaqui.ddns.net\/pachuca\/index.php\/wp-json\/wp\/v2\/media?parent=54026"}],"wp:term":[{"taxonomy":"product_brand","embeddable":true,"href":"https:\/\/soydeaqui.ddns.net\/pachuca\/index.php\/wp-json\/wp\/v2\/product_brand?post=54026"},{"taxonomy":"product_cat","embeddable":true,"href":"https:\/\/soydeaqui.ddns.net\/pachuca\/index.php\/wp-json\/wp\/v2\/product_cat?post=54026"},{"taxonomy":"product_tag","embeddable":true,"href":"https:\/\/soydeaqui.ddns.net\/pachuca\/index.php\/wp-json\/wp\/v2\/product_tag?post=54026"}],"curies":[{"name":"wp","href":"https:\/\/api.w.org\/{rel}","templated":true}]}}