{"id":54020,"date":"2026-03-19T02:07:18","date_gmt":"2026-03-19T02:07:18","guid":{"rendered":"https:\/\/soydeaqui.ddns.net\/pachuca\/index.php\/producto\/kit-de-sirena-bocina-y-torreta-de-47-serie-16-con-300-leds-dual-color-frente-rojo-blanco-azul-blanco-trasero-rojo-ambar-azul-ambar-2\/"},"modified":"2026-03-19T02:07:19","modified_gmt":"2026-03-19T02:07:19","slug":"kit-de-sirena-bocina-y-torreta-de-47-serie-16-con-300-leds-dual-color-frente-rojo-blanco-azul-blanco-trasero-rojo-ambar-azul-ambar-2","status":"publish","type":"product","link":"https:\/\/soydeaqui.ddns.net\/pachuca\/index.php\/producto\/kit-de-sirena-bocina-y-torreta-de-47-serie-16-con-300-leds-dual-color-frente-rojo-blanco-azul-blanco-trasero-rojo-ambar-azul-ambar-2\/","title":{"rendered":"Kit de Sirena, Bocina y Torreta de 47&#8243;, Serie 16 con 300 LEDs, Dual Color, Frente: Rojo\/Blanco, Azul\/Blanco, Trasero: Rojo\/\u00c1mbar, Azul\/\u00c1mbar"},"content":{"rendered":"<div style='width: 100%; max-width: 1200px; margin: 0 auto; font-family: sans-serif; line-height: 1.6; color: inherit; background-color: transparent;'> <!-- Secci\u00f3n de contenido con flex\/grid --> <\/p>\n<div style='display: flex; flex-wrap: wrap; gap: 30px; margin-bottom: 30px;'>\n<div style='flex: 1 1 300px; min-width: 280px;'>\n<h3 style='font-size: 22px; border-bottom: 2px solid currentColor; padding-bottom: 5px; margin-top: 0; color: inherit; opacity: 0.8;'>Este kit incluye<\/h3>\n<ul style='padding-left: 20px; font-size: 15px; color: inherit;'>\n<li style='margin-bottom: 5px;'><strong>1 Torreta Serie 16 de 300 LEDs Modelo:<\/strong> 1633358C<\/li>\n<li style='margin-bottom: 5px;'><strong>1 Bocina:<\/strong> C3900U<\/li>\n<li style='margin-bottom: 5px;'><strong>1 Sirena:<\/strong> 3599L5<\/li>\n<\/ul><\/div>\n<\/p><\/div>\n<p> <!-- Secci\u00f3n de cards con especificaciones --> <\/p>\n<div style='display: flex; flex-wrap: wrap; gap: 20px; margin-bottom: 30px;'>\n<div style='flex: 1 1 250px; border: 1px solid rgba(150&comma; 150&comma; 150&comma; 0.4); border-radius: 8px; overflow: hidden; display: flex; flex-direction: column;'>\n<div style='padding: 15px; border-bottom: 1px solid rgba(150&comma; 150&comma; 150&comma; 0.2); font-weight: bold; font-size: 18px; color: inherit;'>Torreta Serie 16<\/div>\n<div style='padding: 15px; color: inherit;'>\n<p style='margin: 0 0 15px 0;'>La barra de luces de la Serie 16 ofrece un rendimiento excepcional en situaciones de advertencia y fuera de \u00e1ngulo con sus LED de un solo color o de dos colores. Con solo 1.6 pulgadas de alto&comma; esta discreta barra de luces complementa la l\u00ednea del techo del veh\u00edculo y al mismo tiempo ofrece una salida intensa con docenas de patrones de destellos. Dise\u00f1ada para una f\u00e1cil instalaci\u00f3n y personalizaci\u00f3n&comma; elija entre m\u00faltiples longitudes y configuraciones para satisfacer los requisitos de la flota.<\/p>\n<ul style='padding-left: 20px; margin: 0; font-size: 14px; list-style-type: disc;'>\n<li style='margin-bottom: 5px;'><strong>Tipo de m\u00f3dulos:<\/strong> 16 LEDS&comma; 2WL&comma; 2AL<\/li>\n<li style='margin-bottom: 5px;'><strong>Patrones de destello:<\/strong> 31<\/li>\n<li style='margin-bottom: 5px;'><strong>Certificaciones:<\/strong> SAE Class I&comma; CA T13<\/li>\n<li style='margin-bottom: 5px;'><strong>Altura:<\/strong> 1.6&#8242;<\/li>\n<li style='margin-bottom: 5px;'><strong>Largo\/Ancho:<\/strong> 47&#8242;<\/li>\n<li style='margin-bottom: 5px;'><strong>Profundidad:<\/strong> 12.3&#8242;<\/li>\n<li style='margin-bottom: 5px;'><strong>Garant\u00eda:<\/strong> 5 A\u00f1os<\/li>\n<li style='margin-bottom: 5px;'><strong>Voltaje:<\/strong> 12-24 V<\/li>\n<\/ul><\/div>\n<\/p><\/div>\n<div style='flex: 1 1 250px; border: 1px solid rgba(150&comma; 150&comma; 150&comma; 0.4); border-radius: 8px; overflow: hidden; display: flex; flex-direction: column;'>\n<div style='padding: 15px; border-bottom: 1px solid rgba(150&comma; 150&comma; 150&comma; 0.2); font-weight: bold; font-size: 18px; color: inherit;'>Bocina Serie C3900\u2122<\/div>\n<div style='padding: 15px; color: inherit;'>\n<p style='margin: 0 0 15px 0;'>El altavoz de la serie C3900 ofrece tecnolog\u00eda l\u00edder en la industria en un dise\u00f1o de bajo perfil. Con una disminuci\u00f3n del 40% en la profundidad en comparaci\u00f3n con los principales competidores&comma; el C3900 permite al usuario montar en m\u00faltiples ubicaciones de veh\u00edculos sin comprometer los niveles de dB. Este altavoz ofrece una durabilidad sin compromisos junto con la presi\u00f3n de sonido m\u00e1s alta del mercado cuando se combina con cualquier sirena. El C3900 est\u00e1 dise\u00f1ado para caber f\u00e1cilmente detr\u00e1s de la rejilla de veh\u00edculos policiales bajo cubierta.<\/p>\n<ul style='padding-left: 20px; margin: 0; font-size: 14px; list-style-type: disc;'>\n<li style='margin-bottom: 5px;'><strong>Certificaciones:<\/strong> SAE J1849&comma; CA TITLE 13<\/li>\n<li style='margin-bottom: 5px;'><strong>Profundidad:<\/strong> 1.6&#8242;<\/li>\n<li style='margin-bottom: 5px;'><strong>Altura:<\/strong> 6&#8242;<\/li>\n<li style='margin-bottom: 5px;'><strong>Montaje:<\/strong> U BAIL BRACKET<\/li>\n<li style='margin-bottom: 5px;'><strong>Garant\u00eda:<\/strong> 5 A\u00d1OS<\/li>\n<li style='margin-bottom: 5px;'><strong>Watts:<\/strong> 100<\/li>\n<li style='margin-bottom: 5px;'><strong>Anchura:<\/strong> 5.6&#8242;<\/li>\n<\/ul><\/div>\n<\/p><\/div>\n<div style='flex: 1 1 250px; border: 1px solid rgba(150&comma; 150&comma; 150&comma; 0.4); border-radius: 8px; overflow: hidden; display: flex; flex-direction: column;'>\n<div style='padding: 15px; border-bottom: 1px solid rgba(150&comma; 150&comma; 150&comma; 0.2); font-weight: bold; font-size: 18px; color: inherit;'>Sirena H2<\/div>\n<div style='padding: 15px; color: inherit;'>\n<p style='margin: 0 0 15px 0;'>Sistema de sirena para veh\u00edculos de emergencia encubiertos o tradicionales&comma; brinda a los usuarios un control total de la sirena&comma; las luces y un micr\u00f3fono de direcci\u00f3n p\u00fablica&comma; todo en un controlador retro iluminado de mano. Las caracter\u00edsticas incluyen retransmisi\u00f3n de radio&comma; encendido instant\u00e1neo&comma; stand-by&comma; desplazamiento de sirena&comma; tonos de sirena programables con bot\u00f3n y amplificador de sirena Banshee\u00ae compatible para funciones adicionales.<\/p>\n<ul style='padding-left: 20px; margin: 0; font-size: 14px; list-style-type: disc;'>\n<li style='margin-bottom: 5px;'><strong>Altura:<\/strong> 6.2&#8242;<\/li>\n<li style='margin-bottom: 5px;'><strong>Profundidad:<\/strong> 2.7&#8242;<\/li>\n<li style='margin-bottom: 5px;'><strong>Anchura:<\/strong> 7.1&#8242;<\/li>\n<li style='margin-bottom: 5px;'><strong>Voltaje:<\/strong> 12 V<\/li>\n<li style='margin-bottom: 5px;'><strong>Watts:<\/strong> 100\/200<\/li>\n<li style='margin-bottom: 5px;'><strong>Certificaciones:<\/strong> SAE J1849&comma; CALIFORNIA TITLE 13&comma; R10<\/li>\n<\/ul><\/div>\n<\/p><\/div>\n<\/p><\/div>\n<p> <!-- Separador --> <\/p>\n<hr style='border: 0; border-top: 1px solid rgba(150&comma; 150&comma; 150&comma; 0.3); margin: 30px 0;'> <\/div>\n","protected":false},"excerpt":{"rendered":"<p>Kit de Sirena, Bocina y Torreta de 47&#8243;, Serie 16 con 300 LEDs, Dual Color, Frente: Rojo\/Blanco, Azul\/Blanco, Trasero: Rojo\/\u00c1mbar, Azul\/\u00c1mbar<\/p>\n","protected":false},"featured_media":54019,"comment_status":"open","ping_status":"closed","template":"","meta":[],"product_brand":[],"product_cat":[1358],"product_tag":[1356,502,1359],"class_list":{"0":"post-54020","1":"product","2":"type-product","3":"status-publish","4":"has-post-thumbnail","6":"product_cat-rojo-azul","7":"product_tag-barras-de-luz-torretas-vehiculares","8":"product_tag-ecco","9":"product_tag-rojo-azul","11":"first","12":"instock","13":"sale","14":"shipping-taxable","15":"purchasable","16":"product-type-simple"},"_links":{"self":[{"href":"https:\/\/soydeaqui.ddns.net\/pachuca\/index.php\/wp-json\/wp\/v2\/product\/54020","targetHints":{"allow":["GET"]}}],"collection":[{"href":"https:\/\/soydeaqui.ddns.net\/pachuca\/index.php\/wp-json\/wp\/v2\/product"}],"about":[{"href":"https:\/\/soydeaqui.ddns.net\/pachuca\/index.php\/wp-json\/wp\/v2\/types\/product"}],"replies":[{"embeddable":true,"href":"https:\/\/soydeaqui.ddns.net\/pachuca\/index.php\/wp-json\/wp\/v2\/comments?post=54020"}],"wp:featuredmedia":[{"embeddable":true,"href":"https:\/\/soydeaqui.ddns.net\/pachuca\/index.php\/wp-json\/wp\/v2\/media\/54019"}],"wp:attachment":[{"href":"https:\/\/soydeaqui.ddns.net\/pachuca\/index.php\/wp-json\/wp\/v2\/media?parent=54020"}],"wp:term":[{"taxonomy":"product_brand","embeddable":true,"href":"https:\/\/soydeaqui.ddns.net\/pachuca\/index.php\/wp-json\/wp\/v2\/product_brand?post=54020"},{"taxonomy":"product_cat","embeddable":true,"href":"https:\/\/soydeaqui.ddns.net\/pachuca\/index.php\/wp-json\/wp\/v2\/product_cat?post=54020"},{"taxonomy":"product_tag","embeddable":true,"href":"https:\/\/soydeaqui.ddns.net\/pachuca\/index.php\/wp-json\/wp\/v2\/product_tag?post=54020"}],"curies":[{"name":"wp","href":"https:\/\/api.w.org\/{rel}","templated":true}]}}