{"id":54003,"date":"2026-03-19T02:06:47","date_gmt":"2026-03-19T02:06:47","guid":{"rendered":"https:\/\/soydeaqui.ddns.net\/pachuca\/index.php\/producto\/paquete-de-500-mensajes-commanderone-lightning-alertas\/"},"modified":"2026-03-19T02:06:48","modified_gmt":"2026-03-19T02:06:48","slug":"paquete-de-500-mensajes-commanderone-lightning-alertas","status":"publish","type":"product","link":"https:\/\/soydeaqui.ddns.net\/pachuca\/index.php\/producto\/paquete-de-500-mensajes-commanderone-lightning-alertas\/","title":{"rendered":"Paquete de 500 mensajes CommanderOne\u00ae Lightning Alertas"},"content":{"rendered":"<div style='width: 100%; max-width: 1200px; margin: 0 auto; font-family: sans-serif; line-height: 1.6; color: inherit; background-color: transparent;'> <!-- Secci\u00f3n de caracter\u00edsticas --> <\/p>\n<div style='display: flex; flex-wrap: wrap; gap: 30px; margin-bottom: 30px;'>\n<div style='flex: 1 1 300px; min-width: 280px;'>\n<h3 style='font-size: 22px; border-bottom: 2px solid currentColor; padding-bottom: 5px; margin-top: 0; color: inherit; opacity: 0.8;'>Funciones<\/h3>\n<ul style='padding-left: 20px; font-size: 15px; color: inherit;'>\n<li style='margin-bottom: 5px;'>Permite al usuario colocar los puntos de rayo y el radio deseado<\/li>\n<li style='margin-bottom: 5px;'>El intervalo de repetici\u00f3n define el tiempo de pausa de las notificaciones para evitar alertas excesivas<\/li>\n<li style='margin-bottom: 5px;'>No molestar ofrece a los usuarios la posibilidad de elegir a qu\u00e9 horas no recibir alertas<\/li>\n<\/ul><\/div>\n<\/p><\/div>\n<p> <!-- Secci\u00f3n de descripci\u00f3n detallada --> <\/p>\n<div style='display: flex; flex-wrap: wrap; gap: 30px; margin-bottom: 30px;'>\n<div style='flex: 1 1 300px; min-width: 280px;'>\n<p style='font-size: 15px; color: inherit; margin-bottom: 15px;'>La alerta de rayos de Federal Signal es una adici\u00f3n a nuestro sistema insignia de activaci\u00f3n y monitoreo de sirenas CommanderOne\u00ae. Esta funci\u00f3n es ideal para alertar a plantas industriales o qu\u00edmicas&comma; \u00e1reas recreativas al aire libre&comma; parques y campus donde los rayos son una amenaza para los empleados y las comunidades.<\/p>\n<p style='font-size: 15px; color: inherit; margin-bottom: 15px;'>Lightning Alerting ampl\u00eda las capacidades meteorol\u00f3gicas de CommanderOne al permitir a los usuarios definir un punto de rayo&comma; elegir hasta 2 radios y personalizar la comunicaci\u00f3n de emergencia dentro de cada radio. Cuando se detectan rayos dentro de un radio&comma; puede activar r\u00e1pidamente las comunicaciones de emergencia&comma; como las sirenas exteriores&comma; las notificaciones por correo electr\u00f3nico y los mensajes de texto para cada radio.<\/p>\n<p style='font-size: 15px; color: inherit; margin-bottom: 15px;'>La funci\u00f3n de alerta de rayos incluye los intervalos de no molestar y posponer (DND). Las funciones DND permiten al usuario establecer horarios en los que las alertas no se activar\u00e1n cuando la planta est\u00e9 cerrada. El usuario tambi\u00e9n puede configurar intervalos de repetici\u00f3n dentro de la aplicaci\u00f3n&comma; lo que le permitir\u00e1 pausar las notificaciones para evitar alertas excesivas.<\/p>\n<p style='font-size: 15px; color: inherit; margin-bottom: 15px;'>Los usuarios tambi\u00e9n pueden especificar una acci\u00f3n Borrar todo. All Clear se utiliza para finalizar eventos enviando mensajes&comma; tonos o desactivando cualquier se\u00f1al visual. Use todo despejado para que los usuarios sepan que no se ha producido un rayo durante un tiempo espec\u00edfico y que es seguro reanudar las actividades.<\/p>\n<\/p><\/div>\n<\/p><\/div>\n<p> <!-- Secci\u00f3n de imagen --> <\/p>\n<div style='display: flex; flex-wrap: wrap; gap: 30px; margin-bottom: 30px;'>\n<div style='flex: 1 1 300px; min-width: 280px;'>\n<div style='text-align: center;'> <img style='width: 100%; height: auto; border: 1px solid rgba(150&comma;150&comma;150&comma;0.3); border-radius: 8px;' src='https:\/\/www.fedsig.com\/sites\/default\/files\/Lightning%20info%20graphic%20.png' alt='Gr\u00e1fico de informaci\u00f3n de rel\u00e1mpagos'> <\/div>\n<\/p><\/div>\n<\/p><\/div>\n<p> <!-- Separador --> <\/p>\n<hr style='border: 0; border-top: 1px solid rgba(150&comma; 150&comma; 150&comma; 0.3); margin: 30px 0;'> <\/div>\n","protected":false},"excerpt":{"rendered":"<p>Paquete de 500 mensajes CommanderOne\u00ae Lightning Alertas<\/p>\n","protected":false},"featured_media":54002,"comment_status":"open","ping_status":"closed","template":"","meta":[],"product_brand":[],"product_cat":[1426],"product_tag":[93,552,1414],"class_list":{"0":"post-54003","1":"product","2":"type-product","3":"status-publish","4":"has-post-thumbnail","6":"product_cat-accesorios-luces-bocinas-para-la-industria-y-edificios","7":"product_tag-accesorios","8":"product_tag-federal-signal-industrial","9":"product_tag-luces-bocinas-para-la-industria-y-edificios","11":"first","12":"outofstock","13":"sale","14":"shipping-taxable","15":"purchasable","16":"product-type-simple"},"_links":{"self":[{"href":"https:\/\/soydeaqui.ddns.net\/pachuca\/index.php\/wp-json\/wp\/v2\/product\/54003","targetHints":{"allow":["GET"]}}],"collection":[{"href":"https:\/\/soydeaqui.ddns.net\/pachuca\/index.php\/wp-json\/wp\/v2\/product"}],"about":[{"href":"https:\/\/soydeaqui.ddns.net\/pachuca\/index.php\/wp-json\/wp\/v2\/types\/product"}],"replies":[{"embeddable":true,"href":"https:\/\/soydeaqui.ddns.net\/pachuca\/index.php\/wp-json\/wp\/v2\/comments?post=54003"}],"wp:featuredmedia":[{"embeddable":true,"href":"https:\/\/soydeaqui.ddns.net\/pachuca\/index.php\/wp-json\/wp\/v2\/media\/54002"}],"wp:attachment":[{"href":"https:\/\/soydeaqui.ddns.net\/pachuca\/index.php\/wp-json\/wp\/v2\/media?parent=54003"}],"wp:term":[{"taxonomy":"product_brand","embeddable":true,"href":"https:\/\/soydeaqui.ddns.net\/pachuca\/index.php\/wp-json\/wp\/v2\/product_brand?post=54003"},{"taxonomy":"product_cat","embeddable":true,"href":"https:\/\/soydeaqui.ddns.net\/pachuca\/index.php\/wp-json\/wp\/v2\/product_cat?post=54003"},{"taxonomy":"product_tag","embeddable":true,"href":"https:\/\/soydeaqui.ddns.net\/pachuca\/index.php\/wp-json\/wp\/v2\/product_tag?post=54003"}],"curies":[{"name":"wp","href":"https:\/\/api.w.org\/{rel}","templated":true}]}}