{"id":54001,"date":"2026-03-19T02:06:44","date_gmt":"2026-03-19T02:06:44","guid":{"rendered":"https:\/\/soydeaqui.ddns.net\/pachuca\/index.php\/producto\/licencia-anual-para-sistema-de-control-y-mensajeria-basado-en-la-nube-commanderone\/"},"modified":"2026-03-19T02:06:45","modified_gmt":"2026-03-19T02:06:45","slug":"licencia-anual-para-sistema-de-control-y-mensajeria-basado-en-la-nube-commanderone","status":"publish","type":"product","link":"https:\/\/soydeaqui.ddns.net\/pachuca\/index.php\/producto\/licencia-anual-para-sistema-de-control-y-mensajeria-basado-en-la-nube-commanderone\/","title":{"rendered":"Licencia Anual para Sistema de control y mensajer\u00eda basado en la nube CommanderOne\u00ae"},"content":{"rendered":"<div style='width: 100%; max-width: 1200px; margin: 0 auto; font-family: sans-serif; line-height: 1.6; color: inherit; background-color: transparent;'>\n<div style='display: flex; flex-wrap: wrap; gap: 30px; margin-bottom: 30px;'>\n<div style='flex: 1 1 300px; min-width: 280px;'>\n<h3 style='font-size: 22px; border-bottom: 2px solid currentColor; padding-bottom: 5px; margin-top: 0; color: inherit; opacity: 0.8;'>FUNCIONES<\/h3>\n<p style='font-size: 15px; color: inherit; margin-bottom: 15px;'>CommanderOne\u00ae es la \u00faltima innovaci\u00f3n que le permite conectarse con su activo m\u00e1s cr\u00edtico en cualquier momento y en cualquier lugar. La plataforma basada en la nube CommanderOne le permite monitorear y controlar sus sirenas de advertencia desde cualquier computadora de escritorio o dispositivo m\u00f3vil. Ofrece datos en tiempo real con informaci\u00f3n procesable&comma; lo que le permite tomar decisiones importantes r\u00e1pidamente.<\/p>\n<div style='display: flex; justify-content: center; gap: 15px; margin: 20px 0;'> <img style='width: auto; max-width: 135px; height: auto; border: 1px solid rgba(150&comma;150&comma;150&comma;0.3); border-radius: 8px;' src='https:\/\/www.fedsig.com\/sites\/default\/files\/news\/Download_on_the_App_Store_Badge_US-UK_135x40.jpg' alt='App Store'> <img style='width: auto; max-width: 130px; height: auto; border: 1px solid rgba(150&comma;150&comma;150&comma;0.3); border-radius: 8px;' src='https:\/\/www.fedsig.com\/sites\/default\/files\/news\/google-play-badge_0.png' alt='Google Play'> <\/div>\n<\/p><\/div>\n<\/p><\/div>\n<div style='display: flex; flex-wrap: wrap; gap: 30px; margin-bottom: 30px;'>\n<div style='flex: 1 1 300px; min-width: 280px;'>\n<h3 style='font-size: 22px; border-bottom: 2px solid currentColor; padding-bottom: 5px; margin-top: 0; color: inherit; opacity: 0.8;'>CARACTER\u00cdSTICAS DESTACADAS<\/h3>\n<p style='font-size: 15px; color: inherit; margin-bottom: 15px;'><strong style='color: inherit;'>\u00a1NUEVA CARACTER\u00cdSTICA!<\/strong> Alerta de rayos CommanderOne\u00ae. Las alertas de rayos le permiten alertar a una instalaci\u00f3n de fabricaci\u00f3n&comma; campo de golf&comma; campo de b\u00e9isbol o cualquier otro punto que defina en el mapa para que tome medidas en funci\u00f3n de la proximidad a ese punto.<\/p>\n<ul style='padding-left: 20px; font-size: 15px; color: inherit;'>\n<li style='margin-bottom: 5px;'><span style='color: inherit;'>Defina un punto de rayo y hasta dos radios para alertar<\/span><\/li>\n<li style='margin-bottom: 5px;'><span style='color: inherit;'>Configurar acciones de evento para los distintos radios<\/span><\/li>\n<li style='margin-bottom: 5px;'><span style='color: inherit;'>Por ejemplo&comma; radio de 10 millas: mensaje de texto y correo electr\u00f3nico al personal de la planta&comma; radio de 5 millas: alerta de sirena audible m\u00e1s texto<\/span><\/li>\n<li style='margin-bottom: 5px;'><span style='color: inherit;'>Configurar las horas y los d\u00edas de No molestar<\/span><\/li>\n<li style='margin-bottom: 5px;'><span style='color: inherit;'>Configurar un intervalo de repetici\u00f3n para limitar el n\u00famero de alertas<\/span><\/li>\n<li style='margin-bottom: 5px;'><span style='color: inherit;'>Configurar una acci\u00f3n &#8216;Todo borrado&#8217; o de fin del evento<\/span><\/li>\n<\/ul><\/div>\n<\/p><\/div>\n<div style='display: flex; flex-wrap: wrap; gap: 30px; margin-bottom: 30px;'>\n<div style='flex: 1 1 300px; min-width: 280px;'>\n<p style='font-size: 15px; color: inherit; margin-bottom: 15px;'>Entendemos que reemplazar una infraestructura heredada con nuevos dispositivos inteligentes puede tener un costo prohibitivo&comma; CommanderOne aprovecha su sistema de alerta Federal Signal existente y lo hace m\u00e1s inteligente. Con su sencillo panel de control y su interfaz intuitiva&comma; CommanderOne est\u00e1 dise\u00f1ado para que su misi\u00f3n sea exitosa en momentos cr\u00edticos. CommanderOne se integra f\u00e1cilmente con su sistema Commander On-premise existente. CommanderOne se comunica con su sistema a trav\u00e9s de una interfaz de comunicaciones de red segura.<\/p>\n<p style='font-size: 15px; color: inherit; margin-bottom: 15px;'>A medida que se producen cambios en el sistema local&comma; esos cambios se configuran en el sistema de control basado en la nube. La activaci\u00f3n y el monitoreo de la sirena pueden ocurrir desde cualquier lugar desde pr\u00e1cticamente cualquier dispositivo. La interfaz del mapa proporciona indicaciones de estado con activaciones manuales o pol\u00edgonos definidos por el usuario. La activaci\u00f3n autom\u00e1tica o semiautom\u00e1tica de la sirena de pol\u00edgonos basados en el clima est\u00e1 disponible para todos los usuarios de CommanderOne.<\/p>\n<\/p><\/div>\n<\/p><\/div>\n<div style='display: flex; flex-wrap: wrap; gap: 30px; margin-bottom: 30px;'>\n<div style='flex: 1 1 300px; min-width: 280px;'>\n<h3 style='font-size: 22px; border-bottom: 2px solid currentColor; padding-bottom: 5px; margin-top: 0; color: inherit; opacity: 0.8;'>Razones por las que desea la plataforma CommanderOne<\/h3>\n<ul style='padding-left: 20px; font-size: 15px; color: inherit;'>\n<li style='margin-bottom: 10px;'><strong style='color: inherit;'>Experiencia de usuario:<\/strong> la interfaz intuitiva es f\u00e1cil de configurar&comma; siempre est\u00e1 actualizada y se conecta a su sistema de control Commander local.<\/li>\n<li style='margin-bottom: 10px;'><strong style='color: inherit;'>Activaci\u00f3n basada en mapas:<\/strong> la ubicaci\u00f3n de las sirenas y su estado es cr\u00edtico. Utilice la interfaz geointeligente para ver una visi\u00f3n general de su sistema.<\/li>\n<li style='margin-bottom: 10px;'><strong style='color: inherit;'>Libertad de escritorio:<\/strong> acceda a su sistema desde cualquier computadora conectada a Internet.<\/li>\n<li style='margin-bottom: 10px;'><strong style='color: inherit;'>M\u00f3vil:<\/strong> una aplicaci\u00f3n f\u00e1cil de usar para iOS y Android. Tiene una consola basada en la web con una interfaz gr\u00e1fica de usuario adaptable a dispositivos m\u00f3viles.<\/li>\n<li style='margin-bottom: 10px;'><strong style='color: inherit;'>Seguridad:<\/strong> entendemos que la seguridad es su m\u00e1xima prioridad. CommanderOne utiliza IPSEC sobre SSL con un mecanismo de autenticaci\u00f3n multicapa.<\/li>\n<li style='margin-bottom: 10px;'><strong style='color: inherit;'>Activaci\u00f3n meteorol\u00f3gica:<\/strong> todos los sistemas CommanderOne tendr\u00e1n acceso para activar sirenas basadas en pol\u00edgonos basados en el clima.<\/li>\n<li style='margin-bottom: 10px;'><strong style='color: inherit;'>Sincronizaci\u00f3n autom\u00e1tica de teclas de acceso r\u00e1pido:<\/strong> no es necesario mantener varias ubicaciones sincronizadas&comma; la configuraci\u00f3n de activaci\u00f3n de las teclas de acceso r\u00e1pido se crea autom\u00e1ticamente en CommanderOne.<\/li>\n<li style='margin-bottom: 10px;'><strong style='color: inherit;'>Escalabilidad:<\/strong> la plataforma CommanderOne es escalable desde unos pocos dispositivos hasta miles de dispositivos. Aprovecha una red global de centros de datos para mantener la disponibilidad mientras protege sus datos.<\/li>\n<\/ul><\/div>\n<\/p><\/div>\n<div style='display: flex; flex-wrap: wrap; gap: 30px; margin-bottom: 30px;'>\n<div style='flex: 1 1 300px; min-width: 280px;'>\n<h3 style='font-size: 22px; border-bottom: 2px solid currentColor; padding-bottom: 5px; margin-top: 0; color: inherit; opacity: 0.8;'>Caracter\u00edsticas t\u00e9cnicas<\/h3>\n<div style='margin-bottom: 20px;'> <strong style='color: inherit;'>Requisitos previos de CommanderOne:<\/strong> <\/p>\n<ul style='padding-left: 20px; font-size: 15px; color: inherit;'>\n<li style='margin-bottom: 5px;'>Acceso a Internet en la Unidad de Control Central (ordenador de la estaci\u00f3n base con Commander)<\/li>\n<li style='margin-bottom: 5px;'>Direcci\u00f3n IP est\u00e1tica asignada a las CCU\/CCU de Commander locales.<\/li>\n<li style='margin-bottom: 5px;'>Puertos de red requeridos: 443 bidireccionales a commanderone.net<\/li>\n<\/ul><\/div>\n<div style='margin-bottom: 10px;'> <strong style='color: inherit;'>Requisitos del navegador:<\/strong> <\/div>\n<div style='display: flex; flex-wrap: wrap; gap: 30px; margin-bottom: 20px;'>\n<div style='flex: 1 1 250px; min-width: 200px;'>\n<div style='font-weight: bold; margin-bottom: 10px; color: inherit;'>Windows<\/div>\n<ul style='padding-left: 20px; font-size: 15px; color: inherit;'>\n<li style='margin-bottom: 5px;'>Google Chrome (\u00faltima versi\u00f3n estable)<\/li>\n<li style='margin-bottom: 5px;'>Firefox (\u00faltima versi\u00f3n estable)<\/li>\n<li style='margin-bottom: 5px;'>Microsoft Edge (\u00faltima versi\u00f3n estable; Solo a base de cromo)<\/li>\n<\/ul><\/div>\n<div style='flex: 1 1 250px; min-width: 200px;'>\n<div style='font-weight: bold; margin-bottom: 10px; color: inherit;'>MacOS<\/div>\n<ul style='padding-left: 20px; font-size: 15px; color: inherit;'>\n<li style='margin-bottom: 5px;'>Google Chrome (\u00faltima versi\u00f3n estable)<\/li>\n<li style='margin-bottom: 5px;'>Firefox (\u00faltima versi\u00f3n estable)<\/li>\n<li style='margin-bottom: 5px;'>Microsoft Edge (\u00faltima versi\u00f3n estable)<\/li>\n<\/ul><\/div>\n<\/p><\/div>\n<\/p><\/div>\n<\/p><\/div>\n<div style='display: flex; flex-wrap: wrap; gap: 30px; margin-bottom: 30px;'>\n<div style='flex: 1 1 300px; min-width: 280px;'> <img style='width: 100%; height: auto; border: 1px solid rgba(150&comma;150&comma;150&comma;0.3); border-radius: 8px;' src='https:\/\/www.fedsig.com\/sites\/default\/files\/news\/Screen%20Shot%202019-04-03%20at%2010.04.05%20AM.png' alt='Captura de pantalla CommanderOne'> <\/div>\n<\/p><\/div>\n<div style='display: flex; flex-wrap: wrap; gap: 30px; margin-bottom: 30px;'>\n<div style='flex: 1 1 300px; min-width: 280px;'>\n<h3 style='font-size: 22px; border-bottom: 2px solid currentColor; padding-bottom: 5px; margin-top: 0; color: inherit; opacity: 0.8;'>C\u00f3mo hacer un pedido<\/h3>\n<p> <img style='width: 100%; height: auto; border: 1px solid rgba(150&comma;150&comma;150&comma;0.3); border-radius: 8px;' src='https:\/\/www.fedsig.com\/sites\/default\/files\/Commadnerone%20How%20to%20Order.png' alt='C\u00f3mo hacer un pedido CommanderOne'> <\/div>\n<\/p><\/div>\n<\/p><\/div>\n","protected":false},"excerpt":{"rendered":"<p>Licencia Anual para Sistema de control y mensajer\u00eda basado en la nube CommanderOne\u00ae<\/p>\n","protected":false},"featured_media":54000,"comment_status":"open","ping_status":"closed","template":"","meta":[],"product_brand":[],"product_cat":[1426],"product_tag":[93,552,1414],"class_list":{"0":"post-54001","1":"product","2":"type-product","3":"status-publish","4":"has-post-thumbnail","6":"product_cat-accesorios-luces-bocinas-para-la-industria-y-edificios","7":"product_tag-accesorios","8":"product_tag-federal-signal-industrial","9":"product_tag-luces-bocinas-para-la-industria-y-edificios","11":"first","12":"outofstock","13":"sale","14":"shipping-taxable","15":"purchasable","16":"product-type-simple"},"_links":{"self":[{"href":"https:\/\/soydeaqui.ddns.net\/pachuca\/index.php\/wp-json\/wp\/v2\/product\/54001","targetHints":{"allow":["GET"]}}],"collection":[{"href":"https:\/\/soydeaqui.ddns.net\/pachuca\/index.php\/wp-json\/wp\/v2\/product"}],"about":[{"href":"https:\/\/soydeaqui.ddns.net\/pachuca\/index.php\/wp-json\/wp\/v2\/types\/product"}],"replies":[{"embeddable":true,"href":"https:\/\/soydeaqui.ddns.net\/pachuca\/index.php\/wp-json\/wp\/v2\/comments?post=54001"}],"wp:featuredmedia":[{"embeddable":true,"href":"https:\/\/soydeaqui.ddns.net\/pachuca\/index.php\/wp-json\/wp\/v2\/media\/54000"}],"wp:attachment":[{"href":"https:\/\/soydeaqui.ddns.net\/pachuca\/index.php\/wp-json\/wp\/v2\/media?parent=54001"}],"wp:term":[{"taxonomy":"product_brand","embeddable":true,"href":"https:\/\/soydeaqui.ddns.net\/pachuca\/index.php\/wp-json\/wp\/v2\/product_brand?post=54001"},{"taxonomy":"product_cat","embeddable":true,"href":"https:\/\/soydeaqui.ddns.net\/pachuca\/index.php\/wp-json\/wp\/v2\/product_cat?post=54001"},{"taxonomy":"product_tag","embeddable":true,"href":"https:\/\/soydeaqui.ddns.net\/pachuca\/index.php\/wp-json\/wp\/v2\/product_tag?post=54001"}],"curies":[{"name":"wp","href":"https:\/\/api.w.org\/{rel}","templated":true}]}}