{"id":53992,"date":"2026-03-19T02:06:28","date_gmt":"2026-03-19T02:06:28","guid":{"rendered":"https:\/\/soydeaqui.ddns.net\/pachuca\/index.php\/producto\/profesional-rastreador-vehicular-gps-4g-lte-cat-1-con-lectura-can-bluetooth-y-multiples-entradas-y-salidas-digitales\/"},"modified":"2026-03-19T02:06:33","modified_gmt":"2026-03-19T02:06:33","slug":"profesional-rastreador-vehicular-gps-4g-lte-cat-1-con-lectura-can-bluetooth-y-multiples-entradas-y-salidas-digitales","status":"publish","type":"product","link":"https:\/\/soydeaqui.ddns.net\/pachuca\/index.php\/producto\/profesional-rastreador-vehicular-gps-4g-lte-cat-1-con-lectura-can-bluetooth-y-multiples-entradas-y-salidas-digitales\/","title":{"rendered":"Profesional Rastreador Vehicular (GPS) 4G LTE Cat 1 Con Lectura Can \/ Bluetooth y M\u00faltiples Entradas y Salidas Digitales"},"content":{"rendered":"<div style='width: 100%; max-width: 1200px; margin: 0 auto; font-family: sans-serif; line-height: 1.6; color: inherit; background-color: transparent;'> <!-- Imagen principal --> <\/p>\n<div style='margin: 30px 0; text-align: center;'> <img style='width: 100%; max-width: 1000px; height: auto; border: 1px solid rgba(150&comma;150&comma;150&comma;0.3); border-radius: 8px;' src='https:\/\/ftp3.syscom.mx\/usuarios\/fotos\/FMC650\/233739-imagen005.png' alt=''> <\/div>\n<p> <!-- Descripci\u00f3n general --> <\/p>\n<div style='margin-bottom: 30px;'>\n<p style='font-size: 15px; color: inherit; text-align: justify;'>Reducir el consumo de combustible es uno de los mayores desaf\u00edos del mundo actual. Muchas empresas de transporte no logran gestionar sus recursos de manera eficiente debido a un comportamiento irresponsable e incorrecto de los conductores. Afortunadamente&comma; Teltonika Telematics ofrece una nueva funcionalidad basada en informes para una gama de dispositivos profesionales que ayuda a los administradores de flotas a supervisar a los conductores y determinar c\u00f3mo est\u00e1n utilizando las capacidades del veh\u00edculo.<\/p>\n<p style='font-size: 15px; color: inherit; text-align: justify;'>FMC650 de Teltonika&comma; el sucesor directo del popular dispositivo 4G para profesionales&comma; el FMC640. Esta nueva iteraci\u00f3n garantiza una cobertura de red 4G (LTE Cat 1) con compatibilidad de retroceso a 2G (GSM).<\/p>\n<\/p><\/div>\n<p> <!-- Secci\u00f3n de caracter\u00edsticas destacadas --> <\/p>\n<div style='margin-bottom: 30px;'>\n<h3 style='font-size: 22px; border-bottom: 2px solid currentColor; padding-bottom: 5px; margin-top: 0; color: inherit; opacity: 0.8;'>Caracter\u00edsticas Destacadas del FMC650<\/h3>\n<p> <!-- Secci\u00f3n de conectividad --> <\/p>\n<div style='margin-top: 20px;'>\n<h4 style='font-size: 18px; color: inherit; margin-top: 0;'>Conectividad<\/h4>\n<ul style='padding-left: 20px; font-size: 15px; color: inherit;'>\n<li style='margin-bottom: 5px;'><strong>Tecnolog\u00eda:<\/strong> LTE(CaT1) \/ 2G (GSM \/ GPRS)<\/li>\n<li style='margin-bottom: 5px;'><strong>Banda 2G:<\/strong> FMC650-MBX50: B2\/B3\/B5\/B8<\/li>\n<li style='margin-bottom: 5px;'><strong>Banda 4G:<\/strong><\/li>\n<li style='margin-bottom: 5px;'>FMC650-MBX50:<\/li>\n<li style='margin-bottom: 5px;'>LTE-FDD: B1\/B3\/B7\/B8\/B20\/B28<\/li>\n<li style='margin-bottom: 5px;'>LTE-TDD: B38\/B40\/B41<\/li>\n<\/ul><\/div>\n<p> <!-- Secci\u00f3n de transferencia de datos --> <\/p>\n<div style='margin-top: 20px;'>\n<h4 style='font-size: 18px; color: inherit; margin-top: 0;'>Transferencia de datos<\/h4>\n<ul style='padding-left: 20px; font-size: 15px; color: inherit;'>\n<li style='margin-bottom: 5px;'>LTE FDD: Max 10Mbps (DL)\/Max 5Mbps (UL)<\/li>\n<li style='margin-bottom: 5px;'>LTE TDD: Max 8Mbps (DL)\/Max 2Mbps (UL)<\/li>\n<li style='margin-bottom: 5px;'>GPRS: Max 85.6Kbps (DL)\/Max 85.6Kbps (UL)<\/li>\n<\/ul><\/div>\n<p> <!-- Secci\u00f3n de GNSS --> <\/p>\n<div style='margin-top: 20px;'>\n<h4 style='font-size: 18px; color: inherit; margin-top: 0;'>GNSS<\/h4>\n<ul style='padding-left: 20px; font-size: 15px; color: inherit;'>\n<li style='margin-bottom: 5px;'>GPS&comma; GLONASS&comma; GALILEO&comma; BEIDOU&comma; QZSS<\/li>\n<li style='margin-bottom: 5px;'><strong>Sensibilidad de seguimiento:<\/strong> -165 dBM<\/li>\n<li style='margin-bottom: 5px;'><strong>Precisi\u00f3n de posici\u00f3n:<\/strong> < 2&comma;5 m CEP<\/li>\n<li style='margin-bottom: 5px;'><strong>Hot Start:<\/strong> 1 segundo<\/li>\n<li style='margin-bottom: 5px;'><strong>Arranque caliente:<\/strong> < 25 s<\/li>\n<li style='margin-bottom: 5px;'><strong>Arranque en fr\u00edo:<\/strong> < 32 s<\/li>\n<\/ul><\/div>\n<p> <!-- Secci\u00f3n de alimentaci\u00f3n --> <\/p>\n<div style='margin-top: 20px;'>\n<h4 style='font-size: 18px; color: inherit; margin-top: 0;'>Alimentaci\u00f3n<\/h4>\n<ul style='padding-left: 20px; font-size: 15px; color: inherit;'>\n<li style='margin-bottom: 5px;'><strong>Rango de voltaje de entrada:<\/strong> 8\u201332 V CC con protecci\u00f3n contra sobretensi\u00f3n (compatible con pulso 5a y pulso 5b) y polaridad inversa.<\/li>\n<li style='margin-bottom: 5px;'><strong>Bater\u00eda de respaldo interna:<\/strong> 550 mAh Ni-Mh&comma; 8.4 V Bater\u00eda<\/li>\n<li style='margin-bottom: 5px;'><strong>Consumo de corriente a 12 V&comma; 2 W m\u00e1x:<\/strong><\/li>\n<li style='margin-bottom: 5px;'>At 12V < 4 mA (Deep Sleep)<\/li>\n<li style='margin-bottom: 5px;'>At 12V < 11 mA (Online Deep Sleep)<\/li>\n<li style='margin-bottom: 5px;'>At 12V < 32 mA (GPS Sleep)<\/li>\n<li style='margin-bottom: 5px;'>At 12V < 45 mA (nominal with no load)<\/li>\n<li style='margin-bottom: 5px;'>At 12V < 0.25 A Max. (with full Load \/ Peak)<\/li>\n<li style='margin-bottom: 5px;'><strong>Consumo de corriente a 24 V&comma; 2 W m\u00e1x:<\/strong><\/li>\n<li style='margin-bottom: 5px;'>At 24V < 2&comma;9 mA (Deep Sleep)<\/li>\n<li style='margin-bottom: 5px;'>At 24V < 7 mA (Online Deep Sleep)<\/li>\n<li style='margin-bottom: 5px;'>At 24V < 17 mA (GPS Sleep)<\/li>\n<li style='margin-bottom: 5px;'>At 24V < 35 mA (nominal with no Load)<\/li>\n<li style='margin-bottom: 5px;'><strong>Rango de voltaje de entrada RS485:<\/strong><\/li>\n<li style='margin-bottom: 5px;'>En el pin A o B (voltaje de modo com\u00fan): -7V to +12V<\/li>\n<\/ul><\/div>\n<p> <!-- Secci\u00f3n de caracter\u00edsticas del hardware --> <\/p>\n<div style='margin-top: 20px;'>\n<h4 style='font-size: 18px; color: inherit; margin-top: 0;'>Caracter\u00edsticas del hardware<\/h4>\n<ul style='padding-left: 20px; font-size: 15px; color: inherit;'>\n<li style='margin-bottom: 5px;'>Procesador NXP i.MX RT1064<\/li>\n<li style='margin-bottom: 5px;'>Memoria Flash interna de 16 MB (10 MB se utilizan para guardar registros)<\/li>\n<li style='margin-bottom: 5px;'>Ranura para tarjeta de memoria externa<\/li>\n<li style='margin-bottom: 5px;'>Aceler\u00f3metro incorporado<\/li>\n<li style='margin-bottom: 5px;'>Bluetooth 5.0 incorporado<\/li>\n<li style='margin-bottom: 5px;'>Bater\u00eda de respaldo interna incluida<\/li>\n<\/ul><\/div>\n<p> <!-- Secci\u00f3n de interfaz --> <\/p>\n<div style='margin-top: 20px;'>\n<h4 style='font-size: 18px; color: inherit; margin-top: 0;'>Interfaz<\/h4>\n<ul style='padding-left: 20px; font-size: 15px; color: inherit;'>\n<li style='margin-bottom: 5px;'>KLINE integrado<\/li>\n<li style='margin-bottom: 5px;'>Doble CAN J1939<\/li>\n<li style='margin-bottom: 5px;'>J1708<\/li>\n<li style='margin-bottom: 5px;'>Compatibilidad con RS485 y 2x RS232<\/li>\n<li style='margin-bottom: 5px;'>4 entradas digitales para monitorizaci\u00f3n del estado del objeto<\/li>\n<li style='margin-bottom: 5px;'>4 salidas digitales de colector abierto (que controlan rel\u00e9s externos&comma; LED&comma; zumbadores&comma; etc.)<\/li>\n<li style='margin-bottom: 5px;'>4 entradas anal\u00f3gicas<\/li>\n<li style='margin-bottom: 5px;'>1 interface wire<\/li>\n<li style='margin-bottom: 5px;'>Bater\u00eda interna Ni-Mh de 550 mAh<\/li>\n<li style='margin-bottom: 5px;'><strong>Tarjeta MicroSD<\/strong><\/li>\n<li style='margin-bottom: 5px;'>Conector nano para su programaci\u00f3n<\/li>\n<li style='margin-bottom: 5px;'>2 LED de estado<\/li>\n<li style='margin-bottom: 5px;'>Dimensiones: Largo (104&comma;1 mm) x Ancho (76&comma;8 mm) x Alto (31&comma;5 mm)<\/li>\n<li style='margin-bottom: 5px;'>Configuraci\u00f3n y actualizaci\u00f3n de firmware (v\u00eda FOTA y cable USB)<\/li>\n<li style='margin-bottom: 5px;'>Antena GSM externa para mayor sensibilidad<\/li>\n<li style='margin-bottom: 5px;'>Antena GNSS externa para mayor sensibilidad<\/li>\n<\/ul><\/div>\n<p> <!-- Secci\u00f3n de incluye --> <\/p>\n<div style='margin-top: 20px;'>\n<h4 style='font-size: 18px; color: inherit; margin-top: 0;'>Incluye<\/h4>\n<ul style='padding-left: 20px; font-size: 15px; color: inherit;'>\n<li style='margin-bottom: 5px;'>Rastreador FMC650<\/li>\n<li style='margin-bottom: 5px;'>Cable de alimentaci\u00f3n de entrada\/salida (0&comma;9 m)<\/li>\n<li style='margin-bottom: 5px;'>Antena 4G\/GSM (3&comma;0 m)<\/li>\n<li style='margin-bottom: 5px;'>Antena GNSS (3&comma;0 m)<\/li>\n<\/ul><\/div>\n<p> <!-- Secci\u00f3n de requerimientos --> <\/p>\n<div style='margin-top: 20px;'>\n<h4 style='font-size: 18px; color: inherit; margin-top: 0;'>\u00bfQu\u00e9 necesita para el funcionamiento?<\/h4>\n<ul style='padding-left: 20px; font-size: 15px; color: inherit;'>\n<li style='margin-bottom: 5px;'>Plataforma EPCOMGPSCODE o EPCOMGPS<\/li>\n<li style='margin-bottom: 5px;'>SIM500MB2Y&comma; SIM600MB1Y&comma; MICROSIM30M2M y MICSIM25GPS<\/li>\n<\/ul><\/div>\n<\/p><\/div>\n<p> <!-- Im\u00e1genes adicionales --> <\/p>\n<div style='display: flex; flex-wrap: wrap; gap: 15px; justify-content: center; margin: 30px 0;'> <img style='width: 100%; max-width: 1000px; height: auto; border: 1px solid rgba(150&comma;150&comma;150&comma;0.3); border-radius: 8px;' src='https:\/\/ftp3.syscom.mx\/usuarios\/fotos\/FMC650\/233739-fgbfgnghn.png' alt=''> <img style='width: 100%; max-width: 1000px; height: auto; border: 1px solid rgba(150&comma;150&comma;150&comma;0.3); border-radius: 8px;' src='https:\/\/ftp3.syscom.mx\/usuarios\/fotos\/FMC650\/233739-jhhgjghjthjgh.png' alt=''> <img style='width: 100%; max-width: 1000px; height: auto; border: 1px solid rgba(150&comma;150&comma;150&comma;0.3); border-radius: 8px;' src='https:\/\/ftp3.syscom.mx\/usuarios\/fotos\/FMC650\/233739-gfbgfng.png' alt=''> <img style='width: 100%; max-width: 1000px; height: auto; border: 1px solid rgba(150&comma;150&comma;150&comma;0.3); border-radius: 8px;' src='https:\/\/ftp3.syscom.mx\/usuarios\/fotos\/FMC650\/233739-tyntynt.png' alt=''> <img style='width: 100%; max-width: 1000px; height: auto; border: 1px solid rgba(150&comma;150&comma;150&comma;0.3); border-radius: 8px;' src='https:\/\/ftp3.syscom.mx\/usuarios\/fotos\/FMC650\/233739-defdsds.png' alt=''> <img style='width: 100%; max-width: 1000px; height: auto; border: 1px solid rgba(150&comma;150&comma;150&comma;0.3); border-radius: 8px;' src='https:\/\/ftp3.syscom.mx\/usuarios\/fotos\/FMC650\/233739-vrfbrgtvrtv.png' alt=''> <\/div>\n<p> <!-- Video de YouTube --> <\/p>\n<div style='position: relative; padding-bottom: 56.25%; height: 0; overflow: hidden; margin: 30px 0;'>   <\/div>\n<\/p><\/div>\n","protected":false},"excerpt":{"rendered":"<p>Profesional Rastreador Vehicular (GPS) 4G LTE Cat 1 Con Lectura Can \/ Bluetooth y M\u00faltiples Entradas y Salidas Digitales<\/p>\n","protected":false},"featured_media":53991,"comment_status":"open","ping_status":"closed","template":"","meta":[],"product_brand":[],"product_cat":[1346,1388],"product_tag":[1350,1349,1430,1389],"class_list":{"0":"post-53992","1":"product","2":"type-product","3":"status-publish","4":"has-post-thumbnail","6":"product_cat-iot","7":"product_cat-trackers-gps","8":"product_tag-gps-y-telematica","9":"product_tag-iot","10":"product_tag-teltonika","11":"product_tag-trackers-gps","13":"first","14":"instock","15":"sale","16":"shipping-taxable","17":"purchasable","18":"product-type-simple"},"_links":{"self":[{"href":"https:\/\/soydeaqui.ddns.net\/pachuca\/index.php\/wp-json\/wp\/v2\/product\/53992","targetHints":{"allow":["GET"]}}],"collection":[{"href":"https:\/\/soydeaqui.ddns.net\/pachuca\/index.php\/wp-json\/wp\/v2\/product"}],"about":[{"href":"https:\/\/soydeaqui.ddns.net\/pachuca\/index.php\/wp-json\/wp\/v2\/types\/product"}],"replies":[{"embeddable":true,"href":"https:\/\/soydeaqui.ddns.net\/pachuca\/index.php\/wp-json\/wp\/v2\/comments?post=53992"}],"wp:featuredmedia":[{"embeddable":true,"href":"https:\/\/soydeaqui.ddns.net\/pachuca\/index.php\/wp-json\/wp\/v2\/media\/53991"}],"wp:attachment":[{"href":"https:\/\/soydeaqui.ddns.net\/pachuca\/index.php\/wp-json\/wp\/v2\/media?parent=53992"}],"wp:term":[{"taxonomy":"product_brand","embeddable":true,"href":"https:\/\/soydeaqui.ddns.net\/pachuca\/index.php\/wp-json\/wp\/v2\/product_brand?post=53992"},{"taxonomy":"product_cat","embeddable":true,"href":"https:\/\/soydeaqui.ddns.net\/pachuca\/index.php\/wp-json\/wp\/v2\/product_cat?post=53992"},{"taxonomy":"product_tag","embeddable":true,"href":"https:\/\/soydeaqui.ddns.net\/pachuca\/index.php\/wp-json\/wp\/v2\/product_tag?post=53992"}],"curies":[{"name":"wp","href":"https:\/\/api.w.org\/{rel}","templated":true}]}}