{"id":53972,"date":"2026-03-19T02:05:47","date_gmt":"2026-03-19T02:05:47","guid":{"rendered":"https:\/\/soydeaqui.ddns.net\/pachuca\/index.php\/producto\/medidor-de-corriente-lorawan-para-tres-fases-hasta-500-ampers\/"},"modified":"2026-03-19T02:05:52","modified_gmt":"2026-03-19T02:05:52","slug":"medidor-de-corriente-lorawan-para-tres-fases-hasta-500-ampers","status":"publish","type":"product","link":"https:\/\/soydeaqui.ddns.net\/pachuca\/index.php\/producto\/medidor-de-corriente-lorawan-para-tres-fases-hasta-500-ampers\/","title":{"rendered":"Medidor de corriente LoRaWAN para tres fases hasta 500 ampers"},"content":{"rendered":"<div style='width: 100%; max-width: 1200px; margin: 0 auto; font-family: sans-serif; line-height: 1.6; color: inherit; background-color: transparent;'> <!-- Video principal --> <\/p>\n<div style='position: relative; padding-bottom: 56.25%; height: 0; overflow: hidden; margin-bottom: 30px;'>   <\/div>\n<p> <!-- Descripci\u00f3n general --> <\/p>\n<div style='margin-bottom: 30px;'>\n<h2 style='font-size: 24px; margin-top: 0; color: inherit;'>Transformador de corriente inteligente&comma; eficiencia energ\u00e9tica m\u00e1s inteligente<\/h2>\n<p style='color: inherit; font-size: 15px;'>El CT3xx es un transformador de corriente inteligente LoRaWAN dise\u00f1ado para el monitoreo de consumo energ\u00e9tico y an\u00e1lisis de uso de manera remota. Ofrece m\u00faltiples opciones de corrientes para ajuste en el monitoreo de energ\u00eda y soporte de alarmas por umbral. Su dise\u00f1o compacto permite una instalaci\u00f3n r\u00e1pida y segura en espacios interiores&comma; sin necesidad de desenergizar las instalaciones&comma; simplificando as\u00ed su implementaci\u00f3n y reduciendo costos. Compatible con gateways LoRaWAN de Milesight y la plataforma de desarrollo de Milesight&comma; el CT3xx permite una supervisi\u00f3n remota c\u00f3moda a trav\u00e9s de una p\u00e1gina web. Es ampliamente utilizado en edificios inteligentes para la monitorizaci\u00f3n energ\u00e9tica&comma; detecci\u00f3n de fallos en maquinaria&comma; prevenci\u00f3n&comma; entre otras aplicaciones.<\/p>\n<\/p><\/div>\n<p> <!-- Caracter\u00edsticas Principales --> <\/p>\n<div style='display: flex; flex-wrap: wrap; gap: 30px; margin-bottom: 30px;'>\n<div style='flex: 1 1 300px; min-width: 280px;'>\n<h3 style='font-size: 22px; border-bottom: 2px solid currentColor; padding-bottom: 5px; margin-top: 0; color: inherit; opacity: 0.8;'>Caracter\u00edsticas Principales<\/h3>\n<ul style='padding-left: 20px; font-size: 15px; color: inherit;'>\n<li style='margin-bottom: 5px;'>Informe la corriente RMS y los datos de corriente acumulada por minutos<\/li>\n<li style='margin-bottom: 5px;'>Alta precisi\u00f3n de medici\u00f3n con una frecuencia de muestreo de hasta 3.3 kHz<\/li>\n<li style='margin-bottom: 5px;'>Autoalimentado&comma; sin bater\u00edas ni cables externos<\/li>\n<li style='margin-bottom: 5px;'>Dise\u00f1o de abrazadera no invasiva para f\u00e1cil y segura instalaci\u00f3n sin desenergizar<\/li>\n<li style='margin-bottom: 5px;'>Rango de detecci\u00f3n de hasta 500A<\/li>\n<\/ul><\/div>\n<div style='flex: 1 1 300px; min-width: 280px;'> <img style='width: 100%; height: auto; border: 1px solid rgba(150&comma;150&comma;150&comma;0.3); border-radius: 8px;' src='https:\/\/ftp3.syscom.mx\/usuarios\/fotos\/CT305915M\/233131-500a.png' alt=''> <\/div>\n<\/p><\/div>\n<p> <!-- Funcionalidades --> <\/p>\n<div style='display: flex; flex-wrap: wrap; gap: 30px; margin-bottom: 30px;'>\n<div style='flex: 1 1 300px; min-width: 280px;'>\n<h3 style='font-size: 22px; border-bottom: 2px solid currentColor; padding-bottom: 5px; margin-top: 0; color: inherit; opacity: 0.8;'>Funcionalidades<\/h3>\n<ul style='padding-left: 20px; font-size: 15px; color: inherit;'>\n<li style='margin-bottom: 5px;'>Monitoreo en tiempo real y r\u00e1pida respuesta a alarmas<\/li>\n<li style='margin-bottom: 5px;'>Indicador LED para estado de funcionamiento y alarmas<\/li>\n<li style='margin-bottom: 5px;'>Soporte para sensor de temperatura de cable<\/li>\n<li style='margin-bottom: 5px;'>Cumple con gateways est\u00e1ndar LoRaWAN y servidores de red<\/li>\n<li style='margin-bottom: 5px;'>Soporte de actualizaci\u00f3n de firmware por aire (FUOTA)<\/li>\n<\/ul><\/div>\n<div style='flex: 1 1 300px; min-width: 280px;'> <img style='width: 100%; height: auto; border: 1px solid rgba(150&comma;150&comma;150&comma;0.3); border-radius: 8px;' src='https:\/\/ftp3.syscom.mx\/usuarios\/fotos\/CT305915M\/233131-medicion.png' alt=''> <\/div>\n<\/p><\/div>\n<p> <!-- Interfaces y Conectividad --> <\/p>\n<div style='display: flex; flex-wrap: wrap; gap: 30px; margin-bottom: 30px;'>\n<div style='flex: 1 1 300px; min-width: 280px;'>\n<h3 style='font-size: 22px; border-bottom: 2px solid currentColor; padding-bottom: 5px; margin-top: 0; color: inherit; opacity: 0.8;'>Interfaces y Conectividad<\/h3>\n<ul style='padding-left: 20px; font-size: 15px; color: inherit;'>\n<li style='margin-bottom: 5px;'><strong>Conector de antena:<\/strong> 1 \u00d7 SMA de 50 \u03a9 (Centro PIN: SMA Hembra)<\/li>\n<li style='margin-bottom: 5px;'><strong>Protocolos soportados:<\/strong> LoRaWAN<\/li>\n<li style='margin-bottom: 5px;'><strong>Frecuencia:<\/strong> CN470\/IN865\/RU864\/EU868\/US915\/AU915\/KR920\/AS923-1&#038;2&#038;3&#038;4<\/li>\n<li style='margin-bottom: 5px;'><strong>Potencia Tx:<\/strong> 16 dBm (868 MHz) \/ 20 dBm (915 MHz) \/ 19 dBm (470 MHz)<\/li>\n<li style='margin-bottom: 5px;'><strong>Sensibilidad:<\/strong> -137dBm<\/li>\n<li style='margin-bottom: 5px;'><strong>Modo:<\/strong> OTAA\/ABP Clase A<\/li>\n<\/ul><\/div>\n<div style='flex: 1 1 300px; min-width: 280px;'> <img style='width: 100%; height: auto; border: 1px solid rgba(150&comma;150&comma;150&comma;0.3); border-radius: 8px;' src='https:\/\/ftp3.syscom.mx\/usuarios\/fotos\/CT101915M\/227307-precision.gif' alt=''> <\/div>\n<\/p><\/div>\n<p> <!-- Requisitos y Compatibilidad --> <\/p>\n<div style='display: flex; flex-wrap: wrap; gap: 30px; margin-bottom: 30px;'>\n<div style='flex: 1 1 300px; min-width: 280px;'>\n<h3 style='font-size: 22px; border-bottom: 2px solid currentColor; padding-bottom: 5px; margin-top: 0; color: inherit; opacity: 0.8;'>Requisitos y Compatibilidad<\/h3>\n<ul style='padding-left: 20px; font-size: 15px; color: inherit;'>\n<li style='margin-bottom: 5px;'><strong>Fuente de alimentaci\u00f3n:<\/strong> Corriente inducida o 5V mediante Puerto USB Type-C<\/li>\n<li style='margin-bottom: 5px;'><strong>Voltaje de aislamiento:<\/strong> 3kVac(r.m.s)(1mA\/1min)<\/li>\n<li style='margin-bottom: 5px;'><strong>Color\/Material:<\/strong> Azul&comma; PBT+PC (UL94 V0)<\/li>\n<li style='margin-bottom: 5px;'><strong>Longitud de cable:<\/strong> 1m<\/li>\n<li style='margin-bottom: 5px;'><strong>Temperatura operativa:<\/strong> Transceptor: -20\u00b0C~70\u00b0C \/ Abrazadera: -40\u00b0C~55\u00b0C<\/li>\n<li style='margin-bottom: 5px;'><strong>Humedad relativa:<\/strong> \u226495% (No condensante)<\/li>\n<li style='margin-bottom: 5px;'><strong>Protecci\u00f3n contra ingreso:<\/strong> IP30<\/li>\n<\/ul><\/div>\n<div style='flex: 1 1 300px; min-width: 280px;'> <img style='width: 100%; height: auto; border: 1px solid rgba(150&comma;150&comma;150&comma;0.3); border-radius: 8px;' src='https:\/\/ftp3.syscom.mx\/usuarios\/fotos\/CT305915M\/233131-instalacion.png' alt=''> <\/div>\n<\/p><\/div>\n<p> <!-- Secci\u00f3n de funcionalidades adicionales --> <\/p>\n<div style='display: flex; flex-wrap: wrap; gap: 30px; margin-bottom: 30px;'>\n<div style='flex: 1 1 300px; min-width: 280px;'> <img style='width: 100%; height: auto; border: 1px solid rgba(150&comma;150&comma;150&comma;0.3); border-radius: 8px;' src='https:\/\/ftp3.syscom.mx\/usuarios\/fotos\/CT305915M\/233131-autoalimentado.png' alt=''> <\/div>\n<div style='flex: 1 1 300px; min-width: 280px;'>\n<h3 style='font-size: 22px; border-bottom: 2px solid currentColor; padding-bottom: 5px; margin-top: 0; color: inherit; opacity: 0.8;'>Autoalimentado: sin pilas&comma; sin l\u00edmites<\/h3>\n<p style='color: inherit; font-size: 15px;'>El CT305 est\u00e1 dise\u00f1ado para derivar energ\u00eda directamente del circuito medido&comma; eliminando las limitaciones de las bater\u00edas y garantizando un funcionamiento perfecto.<\/p>\n<\/p><\/div>\n<\/p><\/div>\n<p> <!-- Seguimiento eficiente de la energ\u00eda --> <\/p>\n<div style='display: flex; flex-wrap: wrap; gap: 30px; margin-bottom: 30px;'>\n<div style='flex: 1 1 300px; min-width: 280px;'>\n<h3 style='font-size: 22px; border-bottom: 2px solid currentColor; padding-bottom: 5px; margin-top: 0; color: inherit; opacity: 0.8;'>Seguimiento eficiente de la energ\u00eda<\/h3>\n<p style='color: inherit; font-size: 15px;'>En intervalo de un segundo<\/p>\n<ol style='padding-left: 20px; font-size: 15px; color: inherit;'>\n<li style='margin-bottom: 5px;'>Calcule los amperios hora acumulados en tiempo real en intervalos de un segundo. Esto permite un control y an\u00e1lisis precisos del consumo de corriente&comma; logrando objetivos como la conservaci\u00f3n de energ\u00eda y la reducci\u00f3n de costos operativos.<\/li>\n<\/ol><\/div>\n<div style='flex: 1 1 300px; min-width: 280px;'> <img style='width: 100%; height: auto; border: 1px solid rgba(150&comma;150&comma;150&comma;0.3); border-radius: 8px;' src='https:\/\/ftp3.syscom.mx\/usuarios\/fotos\/CT305915M\/233131-seguimiento.png' alt=''> <\/div>\n<\/p><\/div>\n<p> <!-- Alerta de umbral actual --> <\/p>\n<div style='display: flex; flex-wrap: wrap; gap: 30px; margin-bottom: 30px;'>\n<div style='flex: 1 1 300px; min-width: 280px;'> <img style='width: 100%; height: auto; border: 1px solid rgba(150&comma;150&comma;150&comma;0.3); border-radius: 8px;' src='https:\/\/ftp3.syscom.mx\/usuarios\/fotos\/CT305915M\/233131-umbral.png' alt=''> <\/div>\n<div style='flex: 1 1 300px; min-width: 280px;'>\n<h3 style='font-size: 22px; border-bottom: 2px solid currentColor; padding-bottom: 5px; margin-top: 0; color: inherit; opacity: 0.8;'>Alerta de umbral actual<\/h3>\n<p style='color: inherit; font-size: 15px;'>Establezca umbrales de corriente m\u00ednimos y m\u00e1ximos y reciba alarmas instant\u00e1neas cuando se activen los umbrales para actuar r\u00e1pidamente.<\/p>\n<\/p><\/div>\n<\/p><\/div>\n<p> <!-- Alerta de sobrecorriente --> <\/p>\n<div style='display: flex; flex-wrap: wrap; gap: 30px; margin-bottom: 30px;'>\n<div style='flex: 1 1 300px; min-width: 280px;'>\n<h3 style='font-size: 22px; border-bottom: 2px solid currentColor; padding-bottom: 5px; margin-top: 0; color: inherit; opacity: 0.8;'>Alerta de sobrecorriente<\/h3>\n<p style='color: inherit; font-size: 15px;'>Reciba alertas instant\u00e1neas cuando la corriente real excede el l\u00edmite nominal&comma; acompa\u00f1adas de un indicador LED inteligente que parpadea cada 2 segundos para una r\u00e1pida confirmaci\u00f3n visual del estado de la alarma.<\/p>\n<\/p><\/div>\n<div style='flex: 1 1 300px; min-width: 280px;'> <img style='width: 100%; height: auto; border: 1px solid rgba(150&comma;150&comma;150&comma;0.3); border-radius: 8px;' src='https:\/\/ftp3.syscom.mx\/usuarios\/fotos\/CT305915M\/233131-sobrecorriente.png' alt=''> <\/div>\n<\/p><\/div>\n<p> <!-- Alerta de umbral de temperatura --> <\/p>\n<div style='display: flex; flex-wrap: wrap; gap: 30px; margin-bottom: 30px;'>\n<div style='flex: 1 1 300px; min-width: 280px;'> <img style='width: 100%; height: auto; border: 1px solid rgba(150&comma;150&comma;150&comma;0.3); border-radius: 8px;' src='https:\/\/ftp3.syscom.mx\/usuarios\/fotos\/CT305915M\/233131-temperatura.png' alt=''> <\/div>\n<div style='flex: 1 1 300px; min-width: 280px;'>\n<h3 style='font-size: 22px; border-bottom: 2px solid currentColor; padding-bottom: 5px; margin-top: 0; color: inherit; opacity: 0.8;'>Alerta de umbral de temperatura<\/h3>\n<p style='color: inherit; font-size: 15px;'>Est\u00e1 disponible un sensor de temperatura de cable externo&comma; que activa alertas cuando la temperatura del cable alcanza un umbral establecido.<\/p>\n<\/p><\/div>\n<\/p><\/div>\n<p> <!-- Implementaci\u00f3n sencilla --> <\/p>\n<div style='display: flex; flex-wrap: wrap; gap: 30px; margin-bottom: 30px;'>\n<div style='flex: 1 1 300px; min-width: 280px;'>\n<h3 style='font-size: 22px; border-bottom: 2px solid currentColor; padding-bottom: 5px; margin-top: 0; color: inherit; opacity: 0.8;'>Implementaci\u00f3n sencilla sin cables<\/h3>\n<p style='color: inherit; font-size: 15px;'>Diga adi\u00f3s a los problemas de los cables. Esto simplifica el proceso de instalaci\u00f3n&comma; reduce los costos de mano de obra y permite una colocaci\u00f3n m\u00e1s flexible.<\/p>\n<h3 style='font-size: 22px; border-bottom: 2px solid currentColor; padding-bottom: 5px; margin-top: 25px; color: inherit; opacity: 0.8;'>Aplicaciones y Casos de Uso<\/h3>\n<ul style='padding-left: 20px; font-size: 15px; color: inherit;'>\n<li style='margin-bottom: 5px;'>Monitorizaci\u00f3n de energ\u00eda en edificios inteligentes.<\/li>\n<li style='margin-bottom: 5px;'>Detecci\u00f3n y prevenci\u00f3n de fallos en maquinaria.<\/li>\n<\/ul><\/div>\n<div style='flex: 1 1 300px; min-width: 280px;'> <img style='width: 100%; height: auto; border: 1px solid rgba(150&comma;150&comma;150&comma;0.3); border-radius: 8px;' src='https:\/\/ftp3.syscom.mx\/usuarios\/fotos\/CT305915M\/233131-implementacion.png' alt=''> <\/div>\n<\/p><\/div>\n<p> <!-- Imagen final --> <\/p>\n<div style='margin-bottom: 30px;'> <img style='width: 100%; height: auto; border: 1px solid rgba(150&comma;150&comma;150&comma;0.3); border-radius: 8px;' src='https:\/\/ftp3.syscom.mx\/usuarios\/fotos\/CT101915M\/227307-aplicaciones.png' alt=''> <\/div>\n<p> <!-- Separador final --> <\/p>\n<hr style='border: 0; border-top: 1px solid rgba(150&comma; 150&comma; 150&comma; 0.3); margin: 30px 0;'> <\/div>\n","protected":false},"excerpt":{"rendered":"<p>Medidor de corriente LoRaWAN para tres fases hasta 500 ampers<\/p>\n","protected":false},"featured_media":53971,"comment_status":"open","ping_status":"closed","template":"","meta":[],"product_brand":[],"product_cat":[1436],"product_tag":[1437,1455,1438],"class_list":{"0":"post-53972","1":"product","2":"type-product","3":"status-publish","4":"has-post-thumbnail","6":"product_cat-sensores-tags","7":"product_tag-lorawan","8":"product_tag-milesight","9":"product_tag-sensores-tags","11":"first","12":"instock","13":"sale","14":"shipping-taxable","15":"purchasable","16":"product-type-simple"},"_links":{"self":[{"href":"https:\/\/soydeaqui.ddns.net\/pachuca\/index.php\/wp-json\/wp\/v2\/product\/53972","targetHints":{"allow":["GET"]}}],"collection":[{"href":"https:\/\/soydeaqui.ddns.net\/pachuca\/index.php\/wp-json\/wp\/v2\/product"}],"about":[{"href":"https:\/\/soydeaqui.ddns.net\/pachuca\/index.php\/wp-json\/wp\/v2\/types\/product"}],"replies":[{"embeddable":true,"href":"https:\/\/soydeaqui.ddns.net\/pachuca\/index.php\/wp-json\/wp\/v2\/comments?post=53972"}],"wp:featuredmedia":[{"embeddable":true,"href":"https:\/\/soydeaqui.ddns.net\/pachuca\/index.php\/wp-json\/wp\/v2\/media\/53971"}],"wp:attachment":[{"href":"https:\/\/soydeaqui.ddns.net\/pachuca\/index.php\/wp-json\/wp\/v2\/media?parent=53972"}],"wp:term":[{"taxonomy":"product_brand","embeddable":true,"href":"https:\/\/soydeaqui.ddns.net\/pachuca\/index.php\/wp-json\/wp\/v2\/product_brand?post=53972"},{"taxonomy":"product_cat","embeddable":true,"href":"https:\/\/soydeaqui.ddns.net\/pachuca\/index.php\/wp-json\/wp\/v2\/product_cat?post=53972"},{"taxonomy":"product_tag","embeddable":true,"href":"https:\/\/soydeaqui.ddns.net\/pachuca\/index.php\/wp-json\/wp\/v2\/product_tag?post=53972"}],"curies":[{"name":"wp","href":"https:\/\/api.w.org\/{rel}","templated":true}]}}