{"id":53939,"date":"2026-03-19T02:04:45","date_gmt":"2026-03-19T02:04:45","guid":{"rendered":"https:\/\/soydeaqui.ddns.net\/pachuca\/index.php\/producto\/sirena-de-alarma-de-106db-12-vcd-que-se-incluye-con-la-mayoria-de-los-sistemas-de-seguridad-compustar\/"},"modified":"2026-03-19T02:04:47","modified_gmt":"2026-03-19T02:04:47","slug":"sirena-de-alarma-de-106db-12-vcd-que-se-incluye-con-la-mayoria-de-los-sistemas-de-seguridad-compustar","status":"publish","type":"product","link":"https:\/\/soydeaqui.ddns.net\/pachuca\/index.php\/producto\/sirena-de-alarma-de-106db-12-vcd-que-se-incluye-con-la-mayoria-de-los-sistemas-de-seguridad-compustar\/","title":{"rendered":"Sirena de alarma de 106dB 12 Vcd que se incluye con la mayor\u00eda de los sistemas de seguridad Compustar"},"content":{"rendered":"<div style='width: 100%; max-width: 1200px; margin: 0 auto; font-family: sans-serif; line-height: 1.6; color: inherit; background-color: transparent;'>\n<div style='display: flex; flex-direction: column; align-items: center; margin-bottom: 30px;'> <img style='width: 100%; max-width: 300px; height: auto; border: 1px solid rgba(150&comma;150&comma;150&comma;0.3); border-radius: 8px;' src='https:\/\/www.compustar.com\/live\/wp-content\/uploads\/2021\/05\/logo-compustar.png' alt='Compustar | Remote Starters | Security Systems | Car Alarms'> <\/div>\n<div style='display: flex; flex-wrap: wrap; gap: 30px; margin-bottom: 30px;'>\n<div style='flex: 1 1 300px; min-width: 280px;'>\n<p style='font-size: 16px; color: inherit; margin: 0 0 15px 0;'>Sirena de alarma universal a 12 Volts de 106 dB ideal para soluciones vehiculares y seguridad premium<\/p>\n<\/p><\/div>\n<\/p><\/div>\n<hr style='border: 0; border-top: 1px solid rgba(150&comma; 150&comma; 150&comma; 0.3); margin: 30px 0;'>\n<div style='display: flex; flex-wrap: wrap; gap: 30px; margin-bottom: 30px;'>\n<div style='flex: 1 1 300px; min-width: 280px;'>\n<h3 style='font-size: 22px; border-bottom: 2px solid currentColor; padding-bottom: 5px; margin-top: 0; color: inherit; opacity: 0.8;'>Derecho de propiedad intelectual<\/h3>\n<p style='font-size: 15px; color: inherit; margin: 15px 0;'> El acceso a la biblioteca del instalador que se provee por parte de SYSCOM&comma; esta limitado a Leyes de Derechos de Marca y Autor por grupo Firstech\/Compustar&comma; por lo cual SYSCOM no se hace responsable de los cambios en los servicios que la parte propietaria realice o en su defecto deje de realizar&comma; contenido de diagramas de apoyo&comma; correcciones&comma; mantenimientos a sitio web falta o incorporaci\u00f3n de modelos vehiculares corren por parte de proveedor. <\/p>\n<\/p><\/div>\n<\/p><\/div>\n<div style='display: flex; flex-wrap: wrap; gap: 30px; margin-bottom: 30px;'>\n<div style='flex: 1 1 300px; min-width: 280px;'>\n<h3 style='font-size: 22px; border-bottom: 2px solid currentColor; padding-bottom: 5px; margin-top: 0; color: inherit; opacity: 0.8;'>Nota importante<\/h3>\n<p style='font-size: 15px; color: inherit; margin: 15px 0;'> SYSCOM no se responzabiliza por da\u00f1o en el vehiculo por falta de conocimiento t\u00e9cnico&comma; se recomienda instalaci\u00f3n por especialistas y t\u00e9cnicos electro\/automotriz <\/p>\n<\/p><\/div>\n<\/p><\/div>\n<\/p><\/div>\n","protected":false},"excerpt":{"rendered":"<p>Sirena de alarma de 106dB 12 Vcd que se incluye con la mayor\u00eda de los sistemas de seguridad Compustar<\/p>\n","protected":false},"featured_media":53938,"comment_status":"open","ping_status":"closed","template":"","meta":[],"product_brand":[],"product_cat":[1348,1346],"product_tag":[93,1460,1350,1349],"class_list":{"0":"post-53939","1":"product","2":"type-product","3":"status-publish","4":"has-post-thumbnail","6":"product_cat-accesorios-gps-y-telematica","7":"product_cat-iot","8":"product_tag-accesorios","9":"product_tag-compustar","10":"product_tag-gps-y-telematica","11":"product_tag-iot","13":"first","14":"outofstock","15":"sale","16":"shipping-taxable","17":"purchasable","18":"product-type-simple"},"_links":{"self":[{"href":"https:\/\/soydeaqui.ddns.net\/pachuca\/index.php\/wp-json\/wp\/v2\/product\/53939","targetHints":{"allow":["GET"]}}],"collection":[{"href":"https:\/\/soydeaqui.ddns.net\/pachuca\/index.php\/wp-json\/wp\/v2\/product"}],"about":[{"href":"https:\/\/soydeaqui.ddns.net\/pachuca\/index.php\/wp-json\/wp\/v2\/types\/product"}],"replies":[{"embeddable":true,"href":"https:\/\/soydeaqui.ddns.net\/pachuca\/index.php\/wp-json\/wp\/v2\/comments?post=53939"}],"wp:featuredmedia":[{"embeddable":true,"href":"https:\/\/soydeaqui.ddns.net\/pachuca\/index.php\/wp-json\/wp\/v2\/media\/53938"}],"wp:attachment":[{"href":"https:\/\/soydeaqui.ddns.net\/pachuca\/index.php\/wp-json\/wp\/v2\/media?parent=53939"}],"wp:term":[{"taxonomy":"product_brand","embeddable":true,"href":"https:\/\/soydeaqui.ddns.net\/pachuca\/index.php\/wp-json\/wp\/v2\/product_brand?post=53939"},{"taxonomy":"product_cat","embeddable":true,"href":"https:\/\/soydeaqui.ddns.net\/pachuca\/index.php\/wp-json\/wp\/v2\/product_cat?post=53939"},{"taxonomy":"product_tag","embeddable":true,"href":"https:\/\/soydeaqui.ddns.net\/pachuca\/index.php\/wp-json\/wp\/v2\/product_tag?post=53939"}],"curies":[{"name":"wp","href":"https:\/\/api.w.org\/{rel}","templated":true}]}}