{"id":53934,"date":"2026-03-19T02:04:37","date_gmt":"2026-03-19T02:04:37","guid":{"rendered":"https:\/\/soydeaqui.ddns.net\/pachuca\/index.php\/producto\/luz-auxiliar-con-16-leds-color-azul-claro\/"},"modified":"2026-03-19T02:04:37","modified_gmt":"2026-03-19T02:04:37","slug":"luz-auxiliar-con-16-leds-color-azul-claro","status":"publish","type":"product","link":"https:\/\/soydeaqui.ddns.net\/pachuca\/index.php\/producto\/luz-auxiliar-con-16-leds-color-azul-claro\/","title":{"rendered":"LUZ AUXILIAR CON 16 LEDS COLOR AZUL \/ CLARO"},"content":{"rendered":"<div style='width: 100%; max-width: 1200px; margin: 0 auto; font-family: sans-serif; line-height: 1.6; color: inherit; background-color: transparent;'> <!-- Descripci\u00f3n principal --> <\/p>\n<div style='margin-bottom: 30px;'>\n<h2 style='font-size: 22px; border-bottom: 2px solid currentColor; padding-bottom: 5px; margin-top: 0; color: inherit; opacity: 0.8;'>Montaje de Superficie<\/h2>\n<p style='font-size: 15px; color: inherit; margin-bottom: 15px;'> La luz de advertencia LED ED3511 est\u00e1 dise\u00f1ada para ofrecer el m\u00e1ximo rendimiento con un espacio m\u00ednimo. Este LED de montaje en superficie mide solo 0&comma;5&#8242; de profundidad&comma; cuenta con 36 patrones de destello y est\u00e1 disponible en opciones de uno o dos colores \u00e1mbar&comma; azul&comma; blanco&comma; verde y rojo. Su forma compacta permite el montaje en pr\u00e1cticamente cualquier lugar de la carrocer\u00eda de un veh\u00edculo&comma; mientras que sus doce LED de 1 vatio proporcionan iluminaci\u00f3n de advertencia y utilidad de alta intensidad en todos los casos de uso. Con un bajo consumo de corriente&comma; una larga vida \u00fatil sin mantenimiento y una&comma; la serie ED3511 es un LED peque\u00f1o pero potente para camiones de trabajo&comma; gr\u00faas o cualquier otra aplicaci\u00f3n de veh\u00edculos comerciales. <\/p>\n<\/p><\/div>\n<p> <!-- Especificaciones --> <\/p>\n<div style='display: flex; flex-wrap: wrap; gap: 20px; margin-bottom: 30px;'>\n<div style='flex: 1 1 250px; border: 1px solid rgba(150&comma; 150&comma; 150&comma; 0.4); border-radius: 8px; overflow: hidden; display: flex; flex-direction: column;'>\n<div style='padding: 15px; border-bottom: 1px solid rgba(150&comma; 150&comma; 150&comma; 0.2); font-weight: bold; font-size: 18px; color: inherit;'>Especificaciones<\/div>\n<div style='padding: 15px; color: inherit;'>\n<ul style='padding-left: 20px; margin: 0; font-size: 14px; list-style-type: disc;'>\n<li style='margin-bottom: 5px;'><strong>Color:<\/strong> <span style='text-transform: uppercase;'>\u00c1mbar \/ Claro<\/span><\/li>\n<li style='margin-bottom: 5px;'><strong>Montaje:<\/strong> <span style='text-transform: uppercase;'>Superficie<\/span><\/li>\n<li style='margin-bottom: 5px;'><strong>Patrones de destello:<\/strong> 36<\/li>\n<li style='margin-bottom: 5px;'><strong>Certificaciones:<\/strong> <span style='text-transform: uppercase;'>SAE CLASE I&comma; CA T13&comma; CE&comma; R10&comma; RCM&comma; R65&comma; IP67&comma; ROHS<\/span><\/li>\n<li style='margin-bottom: 5px;'><strong>Altura:<\/strong> 1.1 Pulgadas<\/li>\n<li style='margin-bottom: 5px;'><strong>Largo\/Ancho:<\/strong> 3.3 Pulgadas<\/li>\n<li style='margin-bottom: 5px;'><strong>Profundidad:<\/strong> 0.5 Pulgadas<\/li>\n<li style='margin-bottom: 5px;'><strong>Garant\u00eda:<\/strong> 5 A\u00d1OS<\/li>\n<li style='margin-bottom: 5px;'><strong>Voltaje:<\/strong> 12-24 V<\/li>\n<li style='margin-bottom: 5px;'><strong>Amperios:<\/strong> 1.4<\/li>\n<\/ul><\/div>\n<\/p><\/div>\n<\/p><\/div>\n<\/p><\/div>\n","protected":false},"excerpt":{"rendered":"<p>LUZ AUXILIAR CON 16 LEDS COLOR AZUL \/ CLARO<\/p>\n","protected":false},"featured_media":53933,"comment_status":"open","ping_status":"closed","template":"","meta":[],"product_brand":[],"product_cat":[1378],"product_tag":[502,1371,1359],"class_list":{"0":"post-53934","1":"product","2":"type-product","3":"status-publish","4":"has-post-thumbnail","6":"product_cat-rojo-azul-luces-auxiliares-vehiculares","7":"product_tag-ecco","8":"product_tag-luces-auxiliares-vehiculares","9":"product_tag-rojo-azul","11":"first","12":"instock","13":"sale","14":"shipping-taxable","15":"purchasable","16":"product-type-simple"},"_links":{"self":[{"href":"https:\/\/soydeaqui.ddns.net\/pachuca\/index.php\/wp-json\/wp\/v2\/product\/53934","targetHints":{"allow":["GET"]}}],"collection":[{"href":"https:\/\/soydeaqui.ddns.net\/pachuca\/index.php\/wp-json\/wp\/v2\/product"}],"about":[{"href":"https:\/\/soydeaqui.ddns.net\/pachuca\/index.php\/wp-json\/wp\/v2\/types\/product"}],"replies":[{"embeddable":true,"href":"https:\/\/soydeaqui.ddns.net\/pachuca\/index.php\/wp-json\/wp\/v2\/comments?post=53934"}],"wp:featuredmedia":[{"embeddable":true,"href":"https:\/\/soydeaqui.ddns.net\/pachuca\/index.php\/wp-json\/wp\/v2\/media\/53933"}],"wp:attachment":[{"href":"https:\/\/soydeaqui.ddns.net\/pachuca\/index.php\/wp-json\/wp\/v2\/media?parent=53934"}],"wp:term":[{"taxonomy":"product_brand","embeddable":true,"href":"https:\/\/soydeaqui.ddns.net\/pachuca\/index.php\/wp-json\/wp\/v2\/product_brand?post=53934"},{"taxonomy":"product_cat","embeddable":true,"href":"https:\/\/soydeaqui.ddns.net\/pachuca\/index.php\/wp-json\/wp\/v2\/product_cat?post=53934"},{"taxonomy":"product_tag","embeddable":true,"href":"https:\/\/soydeaqui.ddns.net\/pachuca\/index.php\/wp-json\/wp\/v2\/product_tag?post=53934"}],"curies":[{"name":"wp","href":"https:\/\/api.w.org\/{rel}","templated":true}]}}