{"id":53923,"date":"2026-03-19T02:04:20","date_gmt":"2026-03-19T02:04:20","guid":{"rendered":"https:\/\/soydeaqui.ddns.net\/pachuca\/index.php\/producto\/audiomaster-intercomunicador-bidireccional-con-microfono-con-cancelacion-de-ruido\/"},"modified":"2026-03-19T02:04:21","modified_gmt":"2026-03-19T02:04:21","slug":"audiomaster-intercomunicador-bidireccional-con-microfono-con-cancelacion-de-ruido","status":"publish","type":"product","link":"https:\/\/soydeaqui.ddns.net\/pachuca\/index.php\/producto\/audiomaster-intercomunicador-bidireccional-con-microfono-con-cancelacion-de-ruido\/","title":{"rendered":"AudioMaster\u00ae Intercomunicador bidireccional con micr\u00f3fono con cancelaci\u00f3n de ruido"},"content":{"rendered":"<div style='width: 100%; max-width: 1200px; margin: 0 auto; font-family: sans-serif; line-height: 1.6; color: inherit; background-color: transparent;'> <!-- Secci\u00f3n de descripci\u00f3n --> <\/p>\n<div style='margin-bottom: 30px;'>\n<h3 style='font-size: 22px; border-bottom: 2px solid currentColor; padding-bottom: 5px; margin-top: 0; color: inherit; opacity: 0.8;'>Funciones<\/h3>\n<p style='margin: 0 0 15px; font-size: 15px; color: inherit; line-height: 1.6;'>El AudioMaster\u00ae 310-MV-MNC de Federal Signal es un intercomunicador industrial bidireccional que proporciona comunicaciones confiables y una calidad de sonido superior.<\/p>\n<p style='margin: 0 0 15px; font-size: 15px; color: inherit; line-height: 1.6;'>Las caracter\u00edsticas est\u00e1ndar del AudioMaster 310-MV-MNC incluyen control de volumen&comma; bot\u00f3n de llamada&comma; salida de l\u00ednea balanceada&comma; interruptor de escucha\/conversaci\u00f3n&comma; activaci\u00f3n remota de dispositivos y la capacidad de alimentar otro intercomunicador a 24VDC. Este intercomunicador de servicio pesado funcionar\u00e1 de -31 \u00b0F a 150 \u00b0F (-35 \u00b0C a 66 \u00b0C). La funci\u00f3n de activaci\u00f3n remota del dispositivo le permite activar una se\u00f1al auxiliar&comma; como una bocina o una luz.<\/p>\n<p style='margin: 0 0 15px; font-size: 15px; color: inherit; line-height: 1.6;'>Cuando el nivel de ruido ambiental es demasiado alto para el micr\u00f3fono integrado 310-MV est\u00e1ndar&comma; se utiliza la unidad de cancelaci\u00f3n de ruido 310-MV-MNC para mejorar la calidad de la transmisi\u00f3n.<\/p>\n<p style='margin: 0 0 15px; font-size: 15px; color: inherit; line-height: 1.6;'>El 310-MV-MNC es ideal para su uso en refiner\u00edas de petr\u00f3leo&comma; plantas petroqu\u00edmicas&comma; plataformas marinas&comma; f\u00e1bricas de pulpa y papel&comma; instalaciones de tratamiento de agua&comma; aeropuertos&comma; astilleros o en cualquier lugar donde la comunicaci\u00f3n bidireccional confiable sea importante para una operaci\u00f3n segura y eficiente.<\/p>\n<\/p><\/div>\n<p> <!-- Secci\u00f3n de im\u00e1genes --> <\/p>\n<div style='display: flex; flex-wrap: wrap; justify-content: center; gap: 20px; margin-bottom: 30px;'> <img style='width: 98px; height: 98px; border: 1px solid rgba(150&comma;150&comma;150&comma;0.3); border-radius: 8px;' src='https:\/\/files.plytix.com\/api\/v1.1\/file\/public_files\/pim\/assets\/f0\/e4\/79\/60\/6079e4f0302a91ac42e7f633\/images\/26\/f1\/54\/65\/6554f126c5ebfe508f2e258c\/FSS_C-UL-US-100-dpi.-CertLogo.png' alt='Certificaci\u00f3n UL'> <img style='width: 98px; height: 98px; border: 1px solid rgba(150&comma;150&comma;150&comma;0.3); border-radius: 8px;' src='https:\/\/files.plytix.com\/api\/v1.1\/file\/public_files\/pim\/assets\/f0\/e4\/79\/60\/6079e4f0302a91ac42e7f633\/images\/25\/f1\/54\/65\/6554f125358d0e314dbde6cd\/FSS_CSA-100-dpi.-CertLogo.png' alt='Certificaci\u00f3n CSA'> <\/div>\n<p> <!-- Secci\u00f3n de caracter\u00edsticas --> <\/p>\n<div style='display: flex; flex-wrap: wrap; gap: 20px; margin-bottom: 30px;'>\n<div style='flex: 1 1 300px; min-width: 280px; border: 1px solid rgba(150&comma; 150&comma; 150&comma; 0.4); border-radius: 8px; overflow: hidden; display: flex; flex-direction: column;'>\n<div style='padding: 15px; border-bottom: 1px solid rgba(150&comma; 150&comma; 150&comma; 0.2); font-weight: bold; font-size: 18px; color: inherit;'>Caracter\u00edsticas principales<\/div>\n<div style='padding: 15px; color: inherit;'>\n<ul style='padding-left: 20px; margin: 0; font-size: 14px; list-style-type: disc; color: inherit;'>\n<li style='margin-bottom: 5px; color: inherit;'>El dise\u00f1o multivoltaje acepta 24 V CC&comma; 120 V CA y 240 V CA<\/li>\n<li style='margin-bottom: 5px; color: inherit;'>Intercomunicador industrial de alta resistencia para aplicaciones interiores\/exteriores<\/li>\n<li style='margin-bottom: 5px; color: inherit;'>Salida de l\u00ednea balanceada<\/li>\n<li style='margin-bottom: 5px; color: inherit;'>Bot\u00f3n de llamada<\/li>\n<li style='margin-bottom: 5px; color: inherit;'>Interruptor de hablar\/escuchar<\/li>\n<li style='margin-bottom: 5px; color: inherit;'>Control de volumen<\/li>\n<li style='margin-bottom: 5px; color: inherit;'>Contacto de se\u00f1al remota auxiliar<\/li>\n<li style='margin-bottom: 5px; color: inherit;'>Listado marino<\/li>\n<li style='margin-bottom: 5px; color: inherit;'>PCBA con recubrimiento conformado<\/li>\n<li style='margin-bottom: 5px; color: inherit;'>Tipo 4X&comma; carcasa IP65<\/li>\n<\/ul><\/div>\n<\/p><\/div>\n<div style='flex: 1 1 300px; min-width: 280px; border: 1px solid rgba(150&comma; 150&comma; 150&comma; 0.4); border-radius: 8px; overflow: hidden; display: flex; flex-direction: column;'>\n<div style='padding: 15px; border-bottom: 1px solid rgba(150&comma; 150&comma; 150&comma; 0.2); font-weight: bold; font-size: 18px; color: inherit;'>Certificaciones<\/div>\n<div style='padding: 15px; color: inherit;'>\n<ul style='padding-left: 20px; margin: 0; font-size: 14px; list-style-type: disc; color: inherit;'>\n<li style='margin-bottom: 5px; color: inherit;'>Certificado CSA<\/li>\n<li style='margin-bottom: 5px; color: inherit;'>Listado por UL y cUL para Clase I&comma; Divisi\u00f3n 2&comma; Grupo A&comma; B&comma; C y D; Clase II&comma; Divisi\u00f3n 2&comma; Grupos F y G; Clase III<\/li>\n<\/ul><\/div>\n<\/p><\/div>\n<\/p><\/div>\n<p> <!-- Separador --> <\/p>\n<hr style='border: 0; border-top: 1px solid rgba(150&comma; 150&comma; 150&comma; 0.3); margin: 30px 0;'> <\/div>\n","protected":false},"excerpt":{"rendered":"<p>AudioMaster\u00ae Intercomunicador bidireccional con micr\u00f3fono con cancelaci\u00f3n de ruido<\/p>\n","protected":false},"featured_media":53922,"comment_status":"open","ping_status":"closed","template":"","meta":[],"product_brand":[],"product_cat":[1413],"product_tag":[1415,552,1414],"class_list":{"0":"post-53923","1":"product","2":"type-product","3":"status-publish","4":"has-post-thumbnail","6":"product_cat-bocinas-de-alerta-y-notificacion-masiva","7":"product_tag-bocinas-de-alerta-y-notificacion-masiva","8":"product_tag-federal-signal-industrial","9":"product_tag-luces-bocinas-para-la-industria-y-edificios","11":"first","12":"outofstock","13":"sale","14":"shipping-taxable","15":"purchasable","16":"product-type-simple"},"_links":{"self":[{"href":"https:\/\/soydeaqui.ddns.net\/pachuca\/index.php\/wp-json\/wp\/v2\/product\/53923","targetHints":{"allow":["GET"]}}],"collection":[{"href":"https:\/\/soydeaqui.ddns.net\/pachuca\/index.php\/wp-json\/wp\/v2\/product"}],"about":[{"href":"https:\/\/soydeaqui.ddns.net\/pachuca\/index.php\/wp-json\/wp\/v2\/types\/product"}],"replies":[{"embeddable":true,"href":"https:\/\/soydeaqui.ddns.net\/pachuca\/index.php\/wp-json\/wp\/v2\/comments?post=53923"}],"wp:featuredmedia":[{"embeddable":true,"href":"https:\/\/soydeaqui.ddns.net\/pachuca\/index.php\/wp-json\/wp\/v2\/media\/53922"}],"wp:attachment":[{"href":"https:\/\/soydeaqui.ddns.net\/pachuca\/index.php\/wp-json\/wp\/v2\/media?parent=53923"}],"wp:term":[{"taxonomy":"product_brand","embeddable":true,"href":"https:\/\/soydeaqui.ddns.net\/pachuca\/index.php\/wp-json\/wp\/v2\/product_brand?post=53923"},{"taxonomy":"product_cat","embeddable":true,"href":"https:\/\/soydeaqui.ddns.net\/pachuca\/index.php\/wp-json\/wp\/v2\/product_cat?post=53923"},{"taxonomy":"product_tag","embeddable":true,"href":"https:\/\/soydeaqui.ddns.net\/pachuca\/index.php\/wp-json\/wp\/v2\/product_tag?post=53923"}],"curies":[{"name":"wp","href":"https:\/\/api.w.org\/{rel}","templated":true}]}}