{"id":53917,"date":"2026-03-19T02:04:08","date_gmt":"2026-03-19T02:04:08","guid":{"rendered":"https:\/\/soydeaqui.ddns.net\/pachuca\/index.php\/producto\/barra-de-luces-de-48-pulgadas-240-led-dual-color-ambar-claro-con-montaje-fijo-de-tornillos-ideal-para-seguridad-privada\/"},"modified":"2026-03-19T02:04:15","modified_gmt":"2026-03-19T02:04:15","slug":"barra-de-luces-de-48-pulgadas-240-led-dual-color-ambar-claro-con-montaje-fijo-de-tornillos-ideal-para-seguridad-privada","status":"publish","type":"product","link":"https:\/\/soydeaqui.ddns.net\/pachuca\/index.php\/producto\/barra-de-luces-de-48-pulgadas-240-led-dual-color-ambar-claro-con-montaje-fijo-de-tornillos-ideal-para-seguridad-privada\/","title":{"rendered":"Barra de luces de 48 Pulgadas, 240 Led, Dual Color \u00c1mbar\/Claro, Con Montaje Fijo de Tornillos, Ideal para Seguridad Privada"},"content":{"rendered":"<div style='width: 100%; max-width: 1200px; margin: 0 auto; font-family: sans-serif; line-height: 1.6; color: inherit; background-color: transparent;'>\n<div style='display: flex; flex-wrap: wrap; gap: 30px; margin-bottom: 30px;'>\n<div style='flex: 1 1 300px; min-width: 280px;'>\n<h3 style='font-size: 22px; border-bottom: 2px solid currentColor; padding-bottom: 5px; margin-top: 0; color: inherit; opacity: 0.8;'>Descripci\u00f3n<\/h3>\n<p style='font-size: 15px; color: inherit; margin-top: 0; margin-bottom: 15px;'> Esta elegante barra de luces ofrece una gran durabilidad con su lente de policarbonato y marco de aluminio. Dise\u00f1ado para montarse de forma permanente con los pies de montaje incluidos&comma; en un soporte de cabeza opcional o temporalmente con opciones de montaje magn\u00e9tico&comma; RefleXL\u00ae proporciona una advertencia discreta y potente para cualquier aplicaci\u00f3n de veh\u00edculo. Disponible en opciones de un solo color o de dos colores que admiten hasta 91 patrones de destellos&comma; esta barra de luces LED equipa su veh\u00edculo con la versatilidad necesaria para hacer el trabajo: el ajuste perfecto para cualquier cami\u00f3n de remolque&comma; cami\u00f3n de trabajo o veh\u00edculo utilitario donde sea compacto. La advertencia es esencial. <\/p>\n<\/p><\/div>\n<\/p><\/div>\n<div style='display: flex; flex-wrap: wrap; gap: 20px; margin-bottom: 30px;'>\n<div style='flex: 1 1 250px; border: 1px solid rgba(150&comma; 150&comma; 150&comma; 0.4); border-radius: 8px; overflow: hidden; display: flex; flex-direction: column;'>\n<div style='padding: 15px; border-bottom: 1px solid rgba(150&comma; 150&comma; 150&comma; 0.2); font-weight: bold; font-size: 18px; color: inherit;'>Especificaciones<\/div>\n<div style='padding: 15px; color: inherit;'>\n<ul style='padding-left: 20px; margin: 0; font-size: 14px; list-style-type: disc;'>\n<li style='margin-bottom: 5px;'><strong>Color:<\/strong> \u00c1mbar<\/li>\n<li style='margin-bottom: 5px;'><strong>Montaje:<\/strong> Fijo de 4 tornillos<\/li>\n<li style='margin-bottom: 5px;'><strong>Patrones de destello:<\/strong> 35<\/li>\n<li style='margin-bottom: 5px;'><strong>Certificaciones:<\/strong> SAE CLASE I&comma; CA T13&comma; R10&comma; R65&comma; CISPR25&comma; IP69K<\/li>\n<li style='margin-bottom: 5px;'><strong>Altura:<\/strong> 1.3 Pulgadas<\/li>\n<li style='margin-bottom: 5px;'><strong>Largo\/Ancho:<\/strong> 48 Pulgadas<\/li>\n<li style='margin-bottom: 5px;'><strong>Profundidad:<\/strong> 5 Pulgadas<\/li>\n<li style='margin-bottom: 5px;'><strong>Garant\u00eda:<\/strong> 5 A\u00d1OS<\/li>\n<li style='margin-bottom: 5px;'><strong>Voltaje:<\/strong> 12-24 V<\/li>\n<li style='margin-bottom: 5px;'><strong>Amperios:<\/strong> 2.24<\/li>\n<\/ul><\/div>\n<\/p><\/div>\n<div style='flex: 1 1 250px; border: 1px solid rgba(150&comma; 150&comma; 150&comma; 0.4); border-radius: 8px; overflow: hidden; display: flex; flex-direction: column;'>\n<div style='padding: 15px; border-bottom: 1px solid rgba(150&comma; 150&comma; 150&comma; 0.2); font-weight: bold; font-size: 18px; color: inherit;'>Notas<\/div>\n<div style='padding: 15px; color: inherit;'>\n<ul style='padding-left: 20px; margin: 0; font-size: 14px; list-style-type: disc;'>\n<li style='margin-bottom: 5px;'><strong>LA BARRA DE LUCES ES DE MONTAJE FIJO&comma; INCLUYE PERNOS PARA SU INSTALACION<\/strong><\/li>\n<li style='margin-bottom: 5px;'><strong>NO INCLUYE CONTROLADOR&comma; SE RECOMIENDA EL CONTROLADOR UNIVERSAL DE ECCO SW99<\/strong><\/li>\n<\/ul>\n<p> <img style='width: 100%; height: auto; border: 1px solid rgba(150&comma;150&comma;150&comma;0.3); border-radius: 8px; margin-top: 10px;' src='http:\/\/172.31.13.99\/usuarios\/sapodacaECCO\/Dim%205580.JPG' alt=''> <\/div>\n<\/p><\/div>\n<\/p><\/div>\n<hr style='border: 0; border-top: 1px solid rgba(150&comma; 150&comma; 150&comma; 0.3); margin: 30px 0;'> <\/div>\n","protected":false},"excerpt":{"rendered":"<p>Barra de luces de 48 Pulgadas, 240 Led, Dual Color \u00c1mbar\/Claro, Con Montaje Fijo de Tornillos, Ideal para Seguridad Privada<\/p>\n","protected":false},"featured_media":53916,"comment_status":"open","ping_status":"closed","template":"","meta":[],"product_brand":[],"product_cat":[1362],"product_tag":[950,502,1363],"class_list":{"0":"post-53917","1":"product","2":"type-product","3":"status-publish","4":"has-post-thumbnail","6":"product_cat-ambar-mini-barras-vehiculares","7":"product_tag-ambar","8":"product_tag-ecco","9":"product_tag-mini-barras-vehiculares","11":"first","12":"instock","13":"sale","14":"shipping-taxable","15":"purchasable","16":"product-type-simple"},"_links":{"self":[{"href":"https:\/\/soydeaqui.ddns.net\/pachuca\/index.php\/wp-json\/wp\/v2\/product\/53917","targetHints":{"allow":["GET"]}}],"collection":[{"href":"https:\/\/soydeaqui.ddns.net\/pachuca\/index.php\/wp-json\/wp\/v2\/product"}],"about":[{"href":"https:\/\/soydeaqui.ddns.net\/pachuca\/index.php\/wp-json\/wp\/v2\/types\/product"}],"replies":[{"embeddable":true,"href":"https:\/\/soydeaqui.ddns.net\/pachuca\/index.php\/wp-json\/wp\/v2\/comments?post=53917"}],"wp:featuredmedia":[{"embeddable":true,"href":"https:\/\/soydeaqui.ddns.net\/pachuca\/index.php\/wp-json\/wp\/v2\/media\/53916"}],"wp:attachment":[{"href":"https:\/\/soydeaqui.ddns.net\/pachuca\/index.php\/wp-json\/wp\/v2\/media?parent=53917"}],"wp:term":[{"taxonomy":"product_brand","embeddable":true,"href":"https:\/\/soydeaqui.ddns.net\/pachuca\/index.php\/wp-json\/wp\/v2\/product_brand?post=53917"},{"taxonomy":"product_cat","embeddable":true,"href":"https:\/\/soydeaqui.ddns.net\/pachuca\/index.php\/wp-json\/wp\/v2\/product_cat?post=53917"},{"taxonomy":"product_tag","embeddable":true,"href":"https:\/\/soydeaqui.ddns.net\/pachuca\/index.php\/wp-json\/wp\/v2\/product_tag?post=53917"}],"curies":[{"name":"wp","href":"https:\/\/api.w.org\/{rel}","templated":true}]}}