{"id":5389,"date":"2026-03-18T06:30:45","date_gmt":"2026-03-18T06:30:45","guid":{"rendered":"https:\/\/soydeaqui.ddns.net\/pachuca\/index.php\/producto\/control-remoto-pico-4-botones-complemente-con-un-atenuador-o-switch-on-off-2\/"},"modified":"2026-03-18T06:30:45","modified_gmt":"2026-03-18T06:30:45","slug":"control-remoto-pico-4-botones-complemente-con-un-atenuador-o-switch-on-off-2","status":"publish","type":"product","link":"https:\/\/soydeaqui.ddns.net\/pachuca\/index.php\/producto\/control-remoto-pico-4-botones-complemente-con-un-atenuador-o-switch-on-off-2\/","title":{"rendered":"Control remoto PICO 4 botones, complemente con un atenuador o switch on\/off"},"content":{"rendered":"<div style='width: 100%; max-width: 1200px; margin: 0 auto; font-family: sans-serif; line-height: 1.6; color: inherit; background-color: transparent;'>\n<div style='display: flex; flex-wrap: wrap; gap: 30px; margin-bottom: 30px;'>\n<div style='flex: 1 1 300px; min-width: 280px;'>\n<h3 style='font-size: 22px; border-bottom: 2px solid currentColor; padding-bottom: 5px; margin-top: 0; color: inherit; opacity: 0.8;'>Caracter\u00edsticas Principales<\/h3>\n<ul style='padding-left: 20px; font-size: 15px; color: inherit;'>\n<li style='margin-bottom: 5px;'>Control inal\u00e1mbrico para m\u00faltiples sistemas Lutron<\/li>\n<li style='margin-bottom: 5px;'>Configurable como control remoto&comma; montaje en pared&comma; visor de auto o base de escritorio<\/li>\n<li style='margin-bottom: 5px;'>Alimentaci\u00f3n por bater\u00eda con vida \u00fatil de 10 a\u00f1os<\/li>\n<li style='margin-bottom: 5px;'>Rango de operaci\u00f3n de 30 ft (9 m) a trav\u00e9s de paredes<\/li>\n<li style='margin-bottom: 5px;'>Comunicaci\u00f3n RF entre 431-437 MHz<\/li>\n<li style='margin-bottom: 5px;'>Compatible con sistemas: Cas\u00e9ta Wireless&comma; Energi Savr NodeT&comma; Quantum&comma; myRoomT&comma; Vive&comma; Maestro Wireless&comma; PowPak&comma; GRAFIK Eye QS&comma; HomeWorks QS&comma; RadioRA 2&comma; Serena RF y Sivoia QS<\/li>\n<\/ul><\/div>\n<div style='flex: 1 1 300px; min-width: 280px;'>\n<h3 style='font-size: 22px; border-bottom: 2px solid currentColor; padding-bottom: 5px; margin-top: 0; color: inherit; opacity: 0.8;'>Especificaciones T\u00e9cnicas<\/h3>\n<ul style='padding-left: 20px; font-size: 15px; color: inherit;'>\n<li style='margin-bottom: 5px;'><strong>Modelo:<\/strong> PJ24BGWHL01<\/strong><\/li>\n<li style='margin-bottom: 5px;'><strong>Configuraci\u00f3n:<\/strong> 4 botones<\/li>\n<li style='margin-bottom: 5px;'><strong>Alimentaci\u00f3n:<\/strong> 3V con bater\u00eda CR2032 (incluida)<\/li>\n<li style='margin-bottom: 5px;'><strong>Frecuencia:<\/strong> 431.0 &#8211; 437.0 MHz<\/li>\n<li style='margin-bottom: 5px;'><strong>Temperatura operaci\u00f3n:<\/strong> 32 \u02daF a 140 \u02daF (0 \u02daC a 60 \u02daC)<\/li>\n<li style='margin-bottom: 5px;'><strong>Humedad:<\/strong> M\u00e1ximo 90% humedad relativa no condensante<\/li>\n<li style='margin-bottom: 5px;'><strong>Garant\u00eda:<\/strong> 1 a\u00f1o<\/li>\n<li style='margin-bottom: 5px;'><strong>Normas:<\/strong> FCC&comma; IC&comma; COFETEL&comma; SUTEL&comma; Anatel<\/li>\n<\/ul><\/div>\n<div style='flex: 1 1 300px; min-width: 280px;'>\n<h3 style='font-size: 22px; border-bottom: 2px solid currentColor; padding-bottom: 5px; margin-top: 0; color: inherit; opacity: 0.8;'>Montaje y Accesorios<\/h3>\n<ul style='padding-left: 20px; font-size: 15px; color: inherit;'>\n<li style='margin-bottom: 5px;'>Montaje en superficies no conductoras<\/li>\n<li style='margin-bottom: 5px;'>Adaptador para montaje en metal (PICO-MOUNT-1-XX-CPN5733) disponible por separado<\/li>\n<li style='margin-bottom: 5px;'>Adhesivo incluido para montaje<\/li>\n<li style='margin-bottom: 5px;'>Kit de montaje con tornillos (PICO-SM-KIT) disponible por separado<\/li>\n<li style='margin-bottom: 5px;'>Adaptador para caja de pared (PICO-WBX-ADAPT) disponible por separado<\/li>\n<li style='margin-bottom: 5px;'>Clip para visor de auto (PICO-CARVISOR-CL) disponible por separado<\/li>\n<li style='margin-bottom: 5px;'>Base de escritorio disponible en capacidades simple&comma; doble&comma; triple y cu\u00e1druple (L-PEDX-XX)<\/li>\n<\/ul><\/div>\n<\/p><\/div>\n<div style='display: flex; flex-wrap: wrap; gap: 20px; margin-bottom: 30px;'>\n<div style='flex: 1 1 250px; border: 1px solid rgba(150&comma; 150&comma; 150&comma; 0.4); border-radius: 8px; overflow: hidden; display: flex; flex-direction: column;'>\n<div style='padding: 15px; border-bottom: 1px solid rgba(150&comma; 150&comma; 150&comma; 0.2); font-weight: bold; font-size: 18px; color: inherit;'>Dimensiones<\/div>\n<div style='padding: 15px; color: inherit;'>\n<ul style='padding-left: 20px; margin: 0; font-size: 14px; list-style-type: disc;'>\n<li style='margin-bottom: 5px;'>2.6&#8242; (66 mm) de alto<\/li>\n<li style='margin-bottom: 5px;'>0.31&#8242; (8 mm) de grosor<\/li>\n<li style='margin-bottom: 5px;'>1.30&#8242; (33 mm) de ancho<\/li>\n<\/ul><\/div>\n<\/p><\/div>\n<div style='flex: 1 1 250px; border: 1px solid rgba(150&comma; 150&comma; 150&comma; 0.4); border-radius: 8px; overflow: hidden; display: flex; flex-direction: column;'>\n<div style='padding: 15px; border-bottom: 1px solid rgba(150&comma; 150&comma; 150&comma; 0.2); font-weight: bold; font-size: 18px; color: inherit;'>Opciones de Color<\/div>\n<div style='padding: 15px; color: inherit;'>\n<ul style='padding-left: 20px; margin: 0; font-size: 14px; list-style-type: disc;'>\n<li style='margin-bottom: 5px;'>Blanco (WH)<\/li>\n<li style='margin-bottom: 5px;'>Negro (BL)<\/li>\n<li style='margin-bottom: 5px;'>Marfil (IV)<\/li>\n<li style='margin-bottom: 5px;'>Blanco\/Gris (WG)<\/li>\n<\/ul><\/div>\n<\/p><\/div>\n<div style='flex: 1 1 250px; border: 1px solid rgba(150&comma; 150&comma; 150&comma; 0.4); border-radius: 8px; overflow: hidden; display: flex; flex-direction: column;'>\n<div style='padding: 15px; border-bottom: 1px solid rgba(150&comma; 150&comma; 150&comma; 0.2); font-weight: bold; font-size: 18px; color: inherit;'>Funciones de Botones<\/div>\n<div style='padding: 15px; color: inherit;'>\n<ul style='padding-left: 20px; margin: 0; font-size: 14px; list-style-type: disc;'>\n<li style='margin-bottom: 5px;'>Bot\u00f3n superior: Activaci\u00f3n de escena 1<\/li>\n<li style='margin-bottom: 5px;'>Bot\u00f3n inferior: Activaci\u00f3n de escena &#8216;OFF&#8217;<\/li>\n<li style='margin-bottom: 5px;'>Bot\u00f3n de subir: Aumenta intensidad de luz<\/li>\n<li style='margin-bottom: 5px;'>Bot\u00f3n de bajar: Disminuye intensidad de luz<\/li>\n<li style='margin-bottom: 5px;'>Bot\u00f3n de preset: Configura niveles preestablecidos<\/li>\n<\/ul><\/div>\n<\/p><\/div>\n<\/p><\/div>\n<hr style='border: 0; border-top: 1px solid rgba(150&comma; 150&comma; 150&comma; 0.3); margin: 30px 0;'> <\/div>\n","protected":false},"excerpt":{"rendered":"<p>Control remoto PICO 4 botones, complemente con un atenuador o switch on\/off<\/p>\n","protected":false},"featured_media":5388,"comment_status":"open","ping_status":"closed","template":"","meta":[],"product_brand":[],"product_cat":[34],"product_tag":[30,35,36],"class_list":{"0":"post-5389","1":"product","2":"type-product","3":"status-publish","4":"has-post-thumbnail","6":"product_cat-lutron","7":"product_tag-automatizacion-casa-inteligente","8":"product_tag-lutron","9":"product_tag-lutron-electronics","11":"first","12":"outofstock","13":"sale","14":"shipping-taxable","15":"purchasable","16":"product-type-simple"},"_links":{"self":[{"href":"https:\/\/soydeaqui.ddns.net\/pachuca\/index.php\/wp-json\/wp\/v2\/product\/5389","targetHints":{"allow":["GET"]}}],"collection":[{"href":"https:\/\/soydeaqui.ddns.net\/pachuca\/index.php\/wp-json\/wp\/v2\/product"}],"about":[{"href":"https:\/\/soydeaqui.ddns.net\/pachuca\/index.php\/wp-json\/wp\/v2\/types\/product"}],"replies":[{"embeddable":true,"href":"https:\/\/soydeaqui.ddns.net\/pachuca\/index.php\/wp-json\/wp\/v2\/comments?post=5389"}],"wp:featuredmedia":[{"embeddable":true,"href":"https:\/\/soydeaqui.ddns.net\/pachuca\/index.php\/wp-json\/wp\/v2\/media\/5388"}],"wp:attachment":[{"href":"https:\/\/soydeaqui.ddns.net\/pachuca\/index.php\/wp-json\/wp\/v2\/media?parent=5389"}],"wp:term":[{"taxonomy":"product_brand","embeddable":true,"href":"https:\/\/soydeaqui.ddns.net\/pachuca\/index.php\/wp-json\/wp\/v2\/product_brand?post=5389"},{"taxonomy":"product_cat","embeddable":true,"href":"https:\/\/soydeaqui.ddns.net\/pachuca\/index.php\/wp-json\/wp\/v2\/product_cat?post=5389"},{"taxonomy":"product_tag","embeddable":true,"href":"https:\/\/soydeaqui.ddns.net\/pachuca\/index.php\/wp-json\/wp\/v2\/product_tag?post=5389"}],"curies":[{"name":"wp","href":"https:\/\/api.w.org\/{rel}","templated":true}]}}