{"id":53877,"date":"2026-03-19T02:02:50","date_gmt":"2026-03-19T02:02:50","guid":{"rendered":"https:\/\/soydeaqui.ddns.net\/pachuca\/index.php\/producto\/estrobos-ocultos-de-6-led-color-ambar-claro\/"},"modified":"2026-03-19T02:02:57","modified_gmt":"2026-03-19T02:02:57","slug":"estrobos-ocultos-de-6-led-color-ambar-claro","status":"publish","type":"product","link":"https:\/\/soydeaqui.ddns.net\/pachuca\/index.php\/producto\/estrobos-ocultos-de-6-led-color-ambar-claro\/","title":{"rendered":"Estrobos Ocultos de 6 LED, Color \u00e1mbar \/ claro"},"content":{"rendered":"<div style='width: 100%; max-width: 1200px; margin: 0 auto; font-family: sans-serif; line-height: 1.6; color: inherit; background-color: transparent;'>\n<div style='display: flex; flex-wrap: wrap; gap: 30px; margin-bottom: 30px;'>\n<div style='flex: 1 1 300px; min-width: 280px;'>\n<h3 style='font-size: 22px; border-bottom: 2px solid currentColor; padding-bottom: 5px; margin-top: 0; color: inherit; opacity: 0.8;'>Descripci\u00f3n<\/h3>\n<p style='font-size: 15px; color: inherit; margin: 15px 0;'> El kit de LED ocultos X12 adopta la novedosa tecnolog\u00eda Gen III como fuente de luz con aspecto \u00fanico&comma; estructura compacta&comma; f\u00e1cil operaci\u00f3n y patrones de destello diversificados. <\/p>\n<p style='font-size: 15px; color: inherit; margin: 15px 0;'> Se caracteriza por la alta luminosidad&comma; baja intensidad de trabajo&comma; f\u00e1cil instalaci\u00f3n y un largo tiempo de servicio; adem\u00e1s est\u00e1n especialmente dise\u00f1ados para trabajar en todo tipo de veh\u00edculos de emergencia. <\/p>\n<\/p><\/div>\n<\/p><\/div>\n<div style='display: flex; flex-wrap: wrap; gap: 20px; margin-bottom: 30px;'>\n<div style='flex: 1 1 250px; border: 1px solid rgba(150&comma; 150&comma; 150&comma; 0.4); border-radius: 8px; overflow: hidden; display: flex; flex-direction: column;'>\n<div style='padding: 15px; border-bottom: 1px solid rgba(150&comma; 150&comma; 150&comma; 0.2); font-weight: bold; font-size: 18px; color: inherit;'>Caracter\u00edsticas<\/div>\n<div style='padding: 15px; color: inherit;'>\n<ul style='padding-left: 20px; margin: 0; font-size: 14px; list-style-type: disc;'>\n<li style='margin-bottom: 5px;'>2 L\u00e1mparas con 6 LED cada una<\/li>\n<li style='margin-bottom: 5px;'>10 Vcc &#8211; 24Vcc<\/li>\n<li style='margin-bottom: 5px;'>Patrones de destello: 12<\/li>\n<li style='margin-bottom: 5px;'>Consumo: 1 A m\u00e1x.<\/li>\n<li style='margin-bottom: 5px;'>Montaje: Permanente<\/li>\n<li style='margin-bottom: 5px;'>Dimensiones: 3.2 x 1.8 cm<\/li>\n<\/ul><\/div>\n<\/p><\/div>\n<div style='flex: 1 1 250px; border: 1px solid rgba(150&comma; 150&comma; 150&comma; 0.4); border-radius: 8px; overflow: hidden; display: flex; flex-direction: column;'>\n<div style='padding: 15px; border-bottom: 1px solid rgba(150&comma; 150&comma; 150&comma; 0.2); font-weight: bold; font-size: 18px; color: inherit;'>Funcionalidad<\/div>\n<div style='padding: 15px; color: inherit;'>\n<p style='font-size: 14px; margin: 0; color: inherit;'>Incluye funcion WIG WAG (Vea en Recursos Instructivo de configuraci\u00f3n)<\/p>\n<\/p><\/div>\n<\/p><\/div>\n<\/p><\/div>\n<\/p><\/div>\n","protected":false},"excerpt":{"rendered":"<p>Estrobos Ocultos de 6 LED, Color \u00e1mbar \/ claro<\/p>\n","protected":false},"featured_media":53876,"comment_status":"open","ping_status":"closed","template":"","meta":[],"product_brand":[],"product_cat":[1376],"product_tag":[1237,500,1377],"class_list":{"0":"post-53877","1":"product","2":"type-product","3":"status-publish","4":"has-post-thumbnail","6":"product_cat-estrobos-ocultos","7":"product_tag-epcom-industrial-signaling","8":"product_tag-estrobos-burbujas-vehiculares","9":"product_tag-estrobos-ocultos","11":"first","12":"instock","13":"sale","14":"shipping-taxable","15":"purchasable","16":"product-type-simple"},"_links":{"self":[{"href":"https:\/\/soydeaqui.ddns.net\/pachuca\/index.php\/wp-json\/wp\/v2\/product\/53877","targetHints":{"allow":["GET"]}}],"collection":[{"href":"https:\/\/soydeaqui.ddns.net\/pachuca\/index.php\/wp-json\/wp\/v2\/product"}],"about":[{"href":"https:\/\/soydeaqui.ddns.net\/pachuca\/index.php\/wp-json\/wp\/v2\/types\/product"}],"replies":[{"embeddable":true,"href":"https:\/\/soydeaqui.ddns.net\/pachuca\/index.php\/wp-json\/wp\/v2\/comments?post=53877"}],"wp:featuredmedia":[{"embeddable":true,"href":"https:\/\/soydeaqui.ddns.net\/pachuca\/index.php\/wp-json\/wp\/v2\/media\/53876"}],"wp:attachment":[{"href":"https:\/\/soydeaqui.ddns.net\/pachuca\/index.php\/wp-json\/wp\/v2\/media?parent=53877"}],"wp:term":[{"taxonomy":"product_brand","embeddable":true,"href":"https:\/\/soydeaqui.ddns.net\/pachuca\/index.php\/wp-json\/wp\/v2\/product_brand?post=53877"},{"taxonomy":"product_cat","embeddable":true,"href":"https:\/\/soydeaqui.ddns.net\/pachuca\/index.php\/wp-json\/wp\/v2\/product_cat?post=53877"},{"taxonomy":"product_tag","embeddable":true,"href":"https:\/\/soydeaqui.ddns.net\/pachuca\/index.php\/wp-json\/wp\/v2\/product_tag?post=53877"}],"curies":[{"name":"wp","href":"https:\/\/api.w.org\/{rel}","templated":true}]}}