{"id":53872,"date":"2026-03-19T02:02:42","date_gmt":"2026-03-19T02:02:42","guid":{"rendered":"https:\/\/soydeaqui.ddns.net\/pachuca\/index.php\/producto\/luz-auxiliar-ultra-brillante-de-8-led-color-ambar-claro-con-mica-transparente\/"},"modified":"2026-03-19T02:02:48","modified_gmt":"2026-03-19T02:02:48","slug":"luz-auxiliar-ultra-brillante-de-8-led-color-ambar-claro-con-mica-transparente","status":"publish","type":"product","link":"https:\/\/soydeaqui.ddns.net\/pachuca\/index.php\/producto\/luz-auxiliar-ultra-brillante-de-8-led-color-ambar-claro-con-mica-transparente\/","title":{"rendered":"Luz Auxiliar Ultra Brillante de 8 LED, color \u00c1mbar \/ Claro , con mica transparente."},"content":{"rendered":"<div style='width: 100%; max-width: 1200px; margin: 0 auto; font-family: sans-serif; line-height: 1.6; color: inherit; background-color: transparent;'>\n<div style='display: flex; flex-wrap: wrap; gap: 30px; margin-bottom: 30px;'>\n<div style='flex: 1 1 300px; min-width: 280px;'>\n<h3 style='font-size: 22px; border-bottom: 2px solid currentColor; padding-bottom: 5px; margin-top: 0; color: inherit; opacity: 0.8;'>Caracter\u00edsticas<\/h3>\n<ul style='padding-left: 20px; font-size: 15px; color: inherit;'>\n<li style='margin-bottom: 5px;'><span style='font-weight: bold;'>8 LED<\/span> Ultra Brillantes (4 Ambar \/ 4 Claros)<\/li>\n<li style='margin-bottom: 5px;'><span style='font-weight: bold;'>Bezel:<\/span> Negro<\/li>\n<li style='margin-bottom: 5px;'><span style='font-weight: bold;'>Consumo:<\/span> 1A m\u00e1x.<\/li>\n<li style='margin-bottom: 5px;'><span style='font-weight: bold;'>Montaje:<\/span> Permanente<\/li>\n<li style='margin-bottom: 5px;'><span style='font-weight: bold;'>Voltaje:<\/span> 10 Vcc &#8211; 30 Vdc<\/li>\n<li style='margin-bottom: 5px;'><span style='font-weight: bold;'>Patrones de destello:<\/span> 23<\/li>\n<li style='margin-bottom: 5px;'><span style='font-weight: bold;'>Dimensiones:<\/span> 9.85 x 3.37 x 2.5 cm<\/li>\n<\/ul><\/div>\n<div style='flex: 1 1 300px; min-width: 280px;'>\n<h3 style='font-size: 22px; border-bottom: 2px solid currentColor; padding-bottom: 5px; margin-top: 0; color: inherit; opacity: 0.8;'>Descripci\u00f3n<\/h3>\n<p style='font-size: 15px; color: inherit; margin-top: 0;'> La luz de advertencia Serie X13 ofrece LED de Alta Potencia Gen III como fuentes de luz&comma; una estructura compacta&comma; operaci\u00f3n conveniente y varios patrones de destello. <\/p>\n<p style='font-size: 15px; color: inherit;'> Con su novedoso dise\u00f1o&comma; sus caracter\u00edsticas son de alta luminosidad&comma; bajo consumo de corriente&comma; f\u00e1cil instalaci\u00f3n y tiempo de servicio largo. <\/p>\n<p style='font-size: 15px; color: inherit;'> El equipo est\u00e1 especialmente dise\u00f1ado para instalarse en cualquier tipo de veh\u00edculo de emergencia. Los usuarios pueden de manera f\u00e1cil definir el modo de destello. <\/p>\n<p style='font-size: 15px; color: inherit; margin-bottom: 0;'> <strong>Incluye funcion WIG WAG (Vea en Recursos Instructivo de configuraci\u00f3n)<\/strong> <\/p>\n<\/p><\/div>\n<\/p><\/div>\n<hr style='border: 0; border-top: 1px solid rgba(150&comma; 150&comma; 150&comma; 0.3); margin: 30px 0;'> <\/div>\n","protected":false},"excerpt":{"rendered":"<p>Luz Auxiliar Ultra Brillante de 8 LED, color \u00c1mbar \/ Claro , con mica transparente.<\/p>\n","protected":false},"featured_media":53871,"comment_status":"open","ping_status":"closed","template":"","meta":[],"product_brand":[],"product_cat":[1370],"product_tag":[950,1237,1371],"class_list":{"0":"post-53872","1":"product","2":"type-product","3":"status-publish","4":"has-post-thumbnail","6":"product_cat-ambar-luces-auxiliares-vehiculares","7":"product_tag-ambar","8":"product_tag-epcom-industrial-signaling","9":"product_tag-luces-auxiliares-vehiculares","11":"first","12":"instock","13":"sale","14":"shipping-taxable","15":"purchasable","16":"product-type-simple"},"_links":{"self":[{"href":"https:\/\/soydeaqui.ddns.net\/pachuca\/index.php\/wp-json\/wp\/v2\/product\/53872","targetHints":{"allow":["GET"]}}],"collection":[{"href":"https:\/\/soydeaqui.ddns.net\/pachuca\/index.php\/wp-json\/wp\/v2\/product"}],"about":[{"href":"https:\/\/soydeaqui.ddns.net\/pachuca\/index.php\/wp-json\/wp\/v2\/types\/product"}],"replies":[{"embeddable":true,"href":"https:\/\/soydeaqui.ddns.net\/pachuca\/index.php\/wp-json\/wp\/v2\/comments?post=53872"}],"wp:featuredmedia":[{"embeddable":true,"href":"https:\/\/soydeaqui.ddns.net\/pachuca\/index.php\/wp-json\/wp\/v2\/media\/53871"}],"wp:attachment":[{"href":"https:\/\/soydeaqui.ddns.net\/pachuca\/index.php\/wp-json\/wp\/v2\/media?parent=53872"}],"wp:term":[{"taxonomy":"product_brand","embeddable":true,"href":"https:\/\/soydeaqui.ddns.net\/pachuca\/index.php\/wp-json\/wp\/v2\/product_brand?post=53872"},{"taxonomy":"product_cat","embeddable":true,"href":"https:\/\/soydeaqui.ddns.net\/pachuca\/index.php\/wp-json\/wp\/v2\/product_cat?post=53872"},{"taxonomy":"product_tag","embeddable":true,"href":"https:\/\/soydeaqui.ddns.net\/pachuca\/index.php\/wp-json\/wp\/v2\/product_tag?post=53872"}],"curies":[{"name":"wp","href":"https:\/\/api.w.org\/{rel}","templated":true}]}}