{"id":53843,"date":"2026-03-19T02:01:46","date_gmt":"2026-03-19T02:01:46","guid":{"rendered":"https:\/\/soydeaqui.ddns.net\/pachuca\/index.php\/producto\/sensor-inteligente-de-presencia-y-conteo-de-personas-lorawan\/"},"modified":"2026-03-19T02:01:57","modified_gmt":"2026-03-19T02:01:57","slug":"sensor-inteligente-de-presencia-y-conteo-de-personas-lorawan","status":"publish","type":"product","link":"https:\/\/soydeaqui.ddns.net\/pachuca\/index.php\/producto\/sensor-inteligente-de-presencia-y-conteo-de-personas-lorawan\/","title":{"rendered":"Sensor Inteligente de Presencia y Conteo de Personas LoRaWAN"},"content":{"rendered":"<div style='width: 100%; max-width: 1200px; margin: 0 auto; font-family: sans-serif; line-height: 1.6; color: inherit; background-color: transparent;'> <!-- Imagen principal --> <\/p>\n<div style='width: 100%; margin-bottom: 30px;'> <img style='width: 100%; height: auto; border: 1px solid rgba(150&comma;150&comma;150&comma;0.3); border-radius: 8px;' src='https:\/\/ftp3.syscom.mx\/usuarios\/fotos\/VS121915M\/219845-principal.png' alt='Sensor Inteligente de Presencia y Conteo de Personas LoRaWAN'> <\/div>\n<p> <!-- Videos --> <\/p>\n<div style='display: flex; flex-wrap: wrap; gap: 15px; margin-bottom: 30px;'>\n<div style='flex: 1 1 300px; min-width: 280px; position: relative; padding-bottom: 56.25%; height: 0; overflow: hidden;'>   <\/div>\n<div style='flex: 1 1 300px; min-width: 280px; position: relative; padding-bottom: 56.25%; height: 0; overflow: hidden;'>   <\/div>\n<div style='flex: 1 1 300px; min-width: 280px; position: relative; padding-bottom: 56.25%; height: 0; overflow: hidden;'>   <\/div>\n<\/p><\/div>\n<p> <!-- Secciones con imagen y texto --> <\/p>\n<div style='display: flex; flex-wrap: wrap; gap: 30px; margin-bottom: 30px;'>\n<div style='flex: 1 1 300px; min-width: 280px;'>\n<h3 style='font-size: 22px; border-bottom: 2px solid currentColor; padding-bottom: 5px; margin-top: 0; color: inherit; opacity: 0.8;'>Implementaci\u00f3n inal\u00e1mbrica LoRaWAN<\/h3>\n<p style='font-size: 15px; color: inherit; margin-top: 10px; margin-bottom: 20px;'>La implementaci\u00f3n inal\u00e1mbrica f\u00e1cil y conveniente prescinde de quedarse perplejo por la conexi\u00f3n de red. Los beneficios de las tecnolog\u00edas LoRa garantizan un bajo consumo de energ\u00eda&comma; transmisi\u00f3n a larga distancia y detecci\u00f3n an\u00f3nima.<\/p>\n<p> <img style='width: 100%; height: auto; border: 1px solid rgba(150&comma;150&comma;150&comma;0.3); border-radius: 8px;' src='https:\/\/ftp3.syscom.mx\/usuarios\/fotos\/VS121915M\/219845-implementacion.png' alt='Implementaci\u00f3n inal\u00e1mbrica LoRaWAN'> <\/div>\n<div style='flex: 1 1 300px; min-width: 280px;'>\n<h3 style='font-size: 22px; border-bottom: 2px solid currentColor; padding-bottom: 5px; margin-top: 0; color: inherit; opacity: 0.8;'>Detecci\u00f3n 100% an\u00f3nima<\/h3>\n<p style='font-size: 15px; color: inherit; margin-top: 10px; margin-bottom: 20px;'>El ancho de banda estrecho de LoRaWAN\u00ae transmite datos sin informaci\u00f3n de identificaci\u00f3n personal&comma; lo que garantiza al 100% la protecci\u00f3n de la privacidad en la fuente. No hay de qu\u00e9 preocuparse&comma; cumple con GDPR.<\/p>\n<p> <img style='width: 100%; height: auto; border: 1px solid rgba(150&comma;150&comma;150&comma;0.3); border-radius: 8px;' src='https:\/\/ftp3.syscom.mx\/usuarios\/fotos\/VS121915M\/219845-anonima.png' alt='Detecci\u00f3n 100% an\u00f3nima'> <\/div>\n<div style='flex: 1 1 300px; min-width: 280px;'>\n<h3 style='font-size: 22px; border-bottom: 2px solid currentColor; padding-bottom: 5px; margin-top: 0; color: inherit; opacity: 0.8;'>Hasta 98% de alta precisi\u00f3n<\/h3>\n<p style='font-size: 15px; color: inherit; margin-top: 10px; margin-bottom: 20px;'>Algoritmo de IA integrado&comma; el sensor de ocupaci\u00f3n del lugar de trabajo de IA es capaz de realizar conteos con precisi\u00f3n. La precisi\u00f3n se mejora con el aprendizaje profundo continuo.<\/p>\n<p> <img style='width: 100%; height: auto; border: 1px solid rgba(150&comma;150&comma;150&comma;0.3); border-radius: 8px;' src='https:\/\/ftp3.syscom.mx\/usuarios\/fotos\/VS121915M\/219845-precision.gif' alt='Hasta 98% de alta precisi\u00f3n'> <\/div>\n<div style='flex: 1 1 300px; min-width: 280px;'>\n<h3 style='font-size: 22px; border-bottom: 2px solid currentColor; padding-bottom: 5px; margin-top: 0; color: inherit; opacity: 0.8;'>Detecci\u00f3n inteligente de giro en U<\/h3>\n<p style='font-size: 15px; color: inherit; margin-top: 10px; margin-bottom: 20px;'>Al detectar las trayectorias en forma de U del flujo de personas&comma; se garantiza la precisi\u00f3n del sensor para evitar un conteo innecesario de personas. Por ejemplo&comma; filtra el recuento redundante de personas que deambulan por el \u00e1rea para filtrar a las personas que realmente no ingresan a las instalaciones.<\/p>\n<p> <img style='width: 100%; height: auto; border: 1px solid rgba(150&comma;150&comma;150&comma;0.3); border-radius: 8px;' src='https:\/\/ftp3.syscom.mx\/usuarios\/fotos\/VS121915M\/219845-giro.png' alt='Detecci\u00f3n inteligente de giro en U'> <\/div>\n<div style='flex: 1 1 300px; min-width: 280px;'>\n<h3 style='font-size: 22px; border-bottom: 2px solid currentColor; padding-bottom: 5px; margin-top: 0; color: inherit; opacity: 0.8;'>An\u00e1lisis de flujo de personas<\/h3>\n<p> <img style='width: 100%; height: auto; border: 1px solid rgba(150&comma;150&comma;150&comma;0.3); border-radius: 8px;' src='https:\/\/ftp3.syscom.mx\/usuarios\/fotos\/VS121915M\/219845-flujo.png' alt='An\u00e1lisis de flujo de personas'> <\/div>\n<div style='flex: 1 1 300px; min-width: 280px;'>\n<h3 style='font-size: 22px; border-bottom: 2px solid currentColor; padding-bottom: 5px; margin-top: 0; color: inherit; opacity: 0.8;'>Detecci\u00f3n del tiempo de permanencia<\/h3>\n<p style='font-size: 15px; color: inherit; margin-top: 10px; margin-bottom: 20px;'>Con sus capacidades precisas de monitoreo del tr\u00e1fico peatonal&comma; el VS121 ofrece informaci\u00f3n valiosa para mejorar la gesti\u00f3n en una variedad de negocios como bancos&comma; tiendas minoristas y gimnasios&comma; permitiendo informaci\u00f3n procesable para tomar decisiones informadas y optimizar las operaciones.<\/p>\n<p> <img style='width: 100%; height: auto; border: 1px solid rgba(150&comma;150&comma;150&comma;0.3); border-radius: 8px;' src='https:\/\/ftp3.syscom.mx\/usuarios\/fotos\/VS121915M\/219845-tiempo.png' alt='Detecci\u00f3n del tiempo de permanencia'> <\/div>\n<div style='flex: 1 1 300px; min-width: 280px;'>\n<h3 style='font-size: 22px; border-bottom: 2px solid currentColor; padding-bottom: 5px; margin-top: 0; color: inherit; opacity: 0.8;'>Montaje en techo m\u00e1s alto<\/h3>\n<p style='font-size: 15px; color: inherit; margin-top: 10px; margin-bottom: 20px;'>Rompiendo la barrera de la instalaci\u00f3n limitada&comma; la versi\u00f3n opcional de montaje en techo m\u00e1s alto est\u00e1 disponible para instalarse a una altura de hasta 7 m cubriendo un \u00e1rea m\u00e1s amplia de hasta 126 m\u00b2. Es ideal para aplicaciones de techos altos&comma; como tiendas minoristas y centros comerciales&comma; ya que brinda adaptabilidad flexible a escenarios para mejorar la practicidad.<\/p>\n<p> <img style='width: 100%; height: auto; border: 1px solid rgba(150&comma;150&comma;150&comma;0.3); border-radius: 8px;' src='https:\/\/ftp3.syscom.mx\/usuarios\/fotos\/VS121915M\/219845-techo.png' alt='Montaje en techo m\u00e1s alto'> <\/div>\n<div style='flex: 1 1 300px; min-width: 280px;'>\n<h3 style='font-size: 22px; border-bottom: 2px solid currentColor; padding-bottom: 5px; margin-top: 0; color: inherit; opacity: 0.8;'>Gran \u00e1rea de detecci\u00f3n<\/h3>\n<p style='font-size: 15px; color: inherit; margin-top: 10px; margin-bottom: 20px;'>Instalado a la altura recomendada de 3 metros&comma; el sensor cubre un \u00e1rea amplia de 78 m\u00b2. Est\u00e1 encima de los lugares de trabajo para no dejar que ning\u00fan lugar se esconda. Adem\u00e1s&comma; la versi\u00f3n de montaje en techo alto permite una visi\u00f3n m\u00e1s amplia de un \u00e1rea mayor de 126 m\u00b2.<\/p>\n<p> <img style='width: 100%; height: auto; border: 1px solid rgba(150&comma;150&comma;150&comma;0.3); border-radius: 8px;' src='https:\/\/ftp3.syscom.mx\/usuarios\/fotos\/VS121915M\/219845-area.gif' alt='Gran \u00e1rea de detecci\u00f3n'> <\/div>\n<div style='flex: 1 1 300px; min-width: 280px;'>\n<h3 style='font-size: 22px; border-bottom: 2px solid currentColor; padding-bottom: 5px; margin-top: 0; color: inherit; opacity: 0.8;'>16 regiones de detecci\u00f3n personalizadas<\/h3>\n<p style='font-size: 15px; color: inherit; margin-top: 10px; margin-bottom: 20px;'>Se pueden configurar hasta 16 regiones personalizadas para una detecci\u00f3n precisa. Cada regi\u00f3n es independiente. Son capaces de detectar y activar alarmas individualmente&comma; lo que satisface las demandas de aplicaciones espec\u00edficas para lograr una verdadera personalizaci\u00f3n. Adem\u00e1s&comma; el cronograma se puede establecer para un desempe\u00f1o m\u00e1s flexible y personalizado.<\/p>\n<p> <img style='width: 100%; height: auto; border: 1px solid rgba(150&comma;150&comma;150&comma;0.3); border-radius: 8px;' src='https:\/\/ftp3.syscom.mx\/usuarios\/fotos\/VS121915M\/219845-regiones.gif' alt='16 regiones de detecci\u00f3n personalizadas'> <\/div>\n<div style='flex: 1 1 300px; min-width: 280px;'>\n<h3 style='font-size: 22px; border-bottom: 2px solid currentColor; padding-bottom: 5px; margin-top: 0; color: inherit; opacity: 0.8;'>Conteo de personas que cruzan la l\u00ednea<\/h3>\n<p style='font-size: 15px; color: inherit; margin-top: 10px; margin-bottom: 20px;'>Con conteo bidireccional que admite el dibujo de l\u00edneas irregulares&comma; el sensor con una tasa de reconocimiento ultra alta del 98% obtiene datos de conteo de personas m\u00e1s precisos e informados.<\/p>\n<p> <img style='width: 100%; height: auto; border: 1px solid rgba(150&comma;150&comma;150&comma;0.3); border-radius: 8px;' src='https:\/\/ftp3.syscom.mx\/usuarios\/fotos\/VS121915M\/219845-linea.png' alt='Conteo de personas que cruzan la l\u00ednea'> <\/div>\n<div style='flex: 1 1 300px; min-width: 280px;'>\n<h3 style='font-size: 22px; border-bottom: 2px solid currentColor; padding-bottom: 5px; margin-top: 0; color: inherit; opacity: 0.8;'>Comunicaci\u00f3n Milesight D2D<\/h3>\n<p style='font-size: 15px; color: inherit; margin-top: 10px; margin-bottom: 20px;'>El protocolo exclusivo basado en Milesight LoRa\u00ae permite que VS121 se comunique f\u00e1cilmente con otros dispositivos Milesight LoRaWAN\u00ae sin la participaci\u00f3n de infraestructuras de red en 1 segundo. Las instalaciones&comma; como las luces&comma; se pueden cambiar de forma inteligente a trav\u00e9s del enlace para obtener respuestas precisas&comma; oportunas y autom\u00e1ticas&comma; ahorrando energ\u00eda al personal de gesti\u00f3n.<\/p>\n<p> <img style='width: 100%; height: auto; border: 1px solid rgba(150&comma;150&comma;150&comma;0.3); border-radius: 8px;' src='https:\/\/ftp3.syscom.mx\/usuarios\/fotos\/VS121915M\/219845-luz2.gif' alt='Comunicaci\u00f3n Milesight D2D'> <\/div>\n<\/p><\/div>\n<\/p><\/div>\n","protected":false},"excerpt":{"rendered":"<p>Sensor Inteligente de Presencia y Conteo de Personas LoRaWAN<\/p>\n","protected":false},"featured_media":53842,"comment_status":"open","ping_status":"closed","template":"","meta":[],"product_brand":[],"product_cat":[1436],"product_tag":[1437,1455,1438],"class_list":{"0":"post-53843","1":"product","2":"type-product","3":"status-publish","4":"has-post-thumbnail","6":"product_cat-sensores-tags","7":"product_tag-lorawan","8":"product_tag-milesight","9":"product_tag-sensores-tags","11":"first","12":"instock","13":"sale","14":"shipping-taxable","15":"purchasable","16":"product-type-simple"},"_links":{"self":[{"href":"https:\/\/soydeaqui.ddns.net\/pachuca\/index.php\/wp-json\/wp\/v2\/product\/53843","targetHints":{"allow":["GET"]}}],"collection":[{"href":"https:\/\/soydeaqui.ddns.net\/pachuca\/index.php\/wp-json\/wp\/v2\/product"}],"about":[{"href":"https:\/\/soydeaqui.ddns.net\/pachuca\/index.php\/wp-json\/wp\/v2\/types\/product"}],"replies":[{"embeddable":true,"href":"https:\/\/soydeaqui.ddns.net\/pachuca\/index.php\/wp-json\/wp\/v2\/comments?post=53843"}],"wp:featuredmedia":[{"embeddable":true,"href":"https:\/\/soydeaqui.ddns.net\/pachuca\/index.php\/wp-json\/wp\/v2\/media\/53842"}],"wp:attachment":[{"href":"https:\/\/soydeaqui.ddns.net\/pachuca\/index.php\/wp-json\/wp\/v2\/media?parent=53843"}],"wp:term":[{"taxonomy":"product_brand","embeddable":true,"href":"https:\/\/soydeaqui.ddns.net\/pachuca\/index.php\/wp-json\/wp\/v2\/product_brand?post=53843"},{"taxonomy":"product_cat","embeddable":true,"href":"https:\/\/soydeaqui.ddns.net\/pachuca\/index.php\/wp-json\/wp\/v2\/product_cat?post=53843"},{"taxonomy":"product_tag","embeddable":true,"href":"https:\/\/soydeaqui.ddns.net\/pachuca\/index.php\/wp-json\/wp\/v2\/product_tag?post=53843"}],"curies":[{"name":"wp","href":"https:\/\/api.w.org\/{rel}","templated":true}]}}