{"id":53829,"date":"2026-03-19T02:01:06","date_gmt":"2026-03-19T02:01:06","guid":{"rendered":"https:\/\/soydeaqui.ddns.net\/pachuca\/index.php\/producto\/luz-de-trabajo-ultra-brillante-16-led-1655-lumenes-12-24-vcd\/"},"modified":"2026-03-19T02:01:24","modified_gmt":"2026-03-19T02:01:24","slug":"luz-de-trabajo-ultra-brillante-16-led-1655-lumenes-12-24-vcd","status":"publish","type":"product","link":"https:\/\/soydeaqui.ddns.net\/pachuca\/index.php\/producto\/luz-de-trabajo-ultra-brillante-16-led-1655-lumenes-12-24-vcd\/","title":{"rendered":"Luz de Trabajo Ultra brillante, 16 LED, 1655 L\u00famenes, 12-24 Vcd"},"content":{"rendered":"<div style='width: 100%; max-width: 1200px; margin: 0 auto; font-family: sans-serif; line-height: 1.6; color: inherit; background-color: transparent;'>\n<div style='display: flex; flex-wrap: wrap; gap: 30px; margin-bottom: 30px;'>\n<div style='flex: 1 1 300px; min-width: 280px;'>\n<h3 style='font-size: 22px; border-bottom: 2px solid currentColor; padding-bottom: 5px; margin-top: 0; color: inherit; opacity: 0.8;'>Caracter\u00edsticas<\/h3>\n<p style='font-size: 15px; color: inherit; margin-top: 0;'>LAS LUCES DE TRABAJO DE ECCO CONVIERTEN LA NOCHE EN D\u00cdA Y AYUDAN A ILUMINAR TAREAS IMPORTANTES. SU DISE\u00d1O COMPACTO Y ROBUSTO EN CONJUNTO CON UN PRECIO COMPETITIVO HACE QUE LAS LUCES DE TRABAJO DE ECCO SEAN LA \u00daNICA OPCI\u00d3N PARA ILUMINAR EL CAMINO.<\/p>\n<ul style='padding-left: 20px; font-size: 15px; color: inherit; margin-top: 20px;'>\n<li style='margin-bottom: 5px;'>LUZ DE TRABAJO DE 16 LED&comma; CUADRADA<\/li>\n<li style='margin-bottom: 5px;'>1655 L\u00daMENES<\/li>\n<li style='margin-bottom: 5px;'>12-24 VCD<\/li>\n<li style='margin-bottom: 5px;'>1.5 AMPS<\/li>\n<li style='margin-bottom: 5px;'>CAJA DISIPADORA T\u00c9RMICA DE ALUMINIO<\/li>\n<li style='margin-bottom: 5px;'>LENTE DE POLICARBONATO<\/li>\n<li style='margin-bottom: 5px;'>DISE\u00d1O SUPER COMPACTO<\/li>\n<li style='margin-bottom: 5px;'>SOPORTE DE MONTAJE DE ACERO<\/li>\n<li style='margin-bottom: 5px;'>HAZ AMPLIO<\/li>\n<li style='margin-bottom: 5px;'>130 mm x 101 mm x 37 mm (ALTO x LARGO x ANCHO)<\/li>\n<\/ul><\/div>\n<\/p><\/div>\n<\/p><\/div>\n","protected":false},"excerpt":{"rendered":"<p>Luz de Trabajo Ultra brillante, 16 LED, 1655 L\u00famenes, 12-24 Vcd<\/p>\n","protected":false},"featured_media":53828,"comment_status":"open","ping_status":"closed","template":"","meta":[],"product_brand":[],"product_cat":[1386],"product_tag":[1387,502,1371],"class_list":{"0":"post-53829","1":"product","2":"type-product","3":"status-publish","4":"has-post-thumbnail","6":"product_cat-claro","7":"product_tag-claro","8":"product_tag-ecco","9":"product_tag-luces-auxiliares-vehiculares","11":"first","12":"instock","13":"sale","14":"shipping-taxable","15":"purchasable","16":"product-type-simple"},"_links":{"self":[{"href":"https:\/\/soydeaqui.ddns.net\/pachuca\/index.php\/wp-json\/wp\/v2\/product\/53829","targetHints":{"allow":["GET"]}}],"collection":[{"href":"https:\/\/soydeaqui.ddns.net\/pachuca\/index.php\/wp-json\/wp\/v2\/product"}],"about":[{"href":"https:\/\/soydeaqui.ddns.net\/pachuca\/index.php\/wp-json\/wp\/v2\/types\/product"}],"replies":[{"embeddable":true,"href":"https:\/\/soydeaqui.ddns.net\/pachuca\/index.php\/wp-json\/wp\/v2\/comments?post=53829"}],"wp:featuredmedia":[{"embeddable":true,"href":"https:\/\/soydeaqui.ddns.net\/pachuca\/index.php\/wp-json\/wp\/v2\/media\/53828"}],"wp:attachment":[{"href":"https:\/\/soydeaqui.ddns.net\/pachuca\/index.php\/wp-json\/wp\/v2\/media?parent=53829"}],"wp:term":[{"taxonomy":"product_brand","embeddable":true,"href":"https:\/\/soydeaqui.ddns.net\/pachuca\/index.php\/wp-json\/wp\/v2\/product_brand?post=53829"},{"taxonomy":"product_cat","embeddable":true,"href":"https:\/\/soydeaqui.ddns.net\/pachuca\/index.php\/wp-json\/wp\/v2\/product_cat?post=53829"},{"taxonomy":"product_tag","embeddable":true,"href":"https:\/\/soydeaqui.ddns.net\/pachuca\/index.php\/wp-json\/wp\/v2\/product_tag?post=53829"}],"curies":[{"name":"wp","href":"https:\/\/api.w.org\/{rel}","templated":true}]}}