{"id":53810,"date":"2026-03-19T02:00:29","date_gmt":"2026-03-19T02:00:29","guid":{"rendered":"https:\/\/soydeaqui.ddns.net\/pachuca\/index.php\/producto\/kit-de-localizador-4g-lte-sim-sim30m2m-voucher-por-1-mes-plataforma-por-1-mes-relevador-y-boton-de-panico\/"},"modified":"2026-03-19T02:00:30","modified_gmt":"2026-03-19T02:00:30","slug":"kit-de-localizador-4g-lte-sim-sim30m2m-voucher-por-1-mes-plataforma-por-1-mes-relevador-y-boton-de-panico","status":"publish","type":"product","link":"https:\/\/soydeaqui.ddns.net\/pachuca\/index.php\/producto\/kit-de-localizador-4g-lte-sim-sim30m2m-voucher-por-1-mes-plataforma-por-1-mes-relevador-y-boton-de-panico\/","title":{"rendered":"KIT de Localizador 4G LTE, SIM SIM30M2M, VOUCHER POR 1 Mes, Plataforma Por 1 Mes, Relevador y Bot\u00f3n de P\u00e1nico."},"content":{"rendered":"<div style='width: 100%; max-width: 1200px; margin: 0 auto; font-family: sans-serif; line-height: 1.6; color: inherit; background-color: transparent;'>\n<div style='text-align: center; margin-bottom: 30px;'> <img style='width: 100%; height: auto; border: 1px solid rgba(150&comma;150&comma;150&comma;0.3); border-radius: 8px;' src='https:\/\/ftp3.syscom.mx\/usuarios\/fotos\/FMB920\/162306-fmb920_2.png' alt=''> <span style='color: inherit; font-size: 24px; font-weight: bold; text-align: center; display: block; margin-top: 20px;'>Peque\u00f1o e Inteligente Rastreador 4G LTE CAT 1 con Bluetooth y Bater\u00eda Interna<\/span> <\/div>\n<div style='margin-bottom: 30px;'>\n<p style='text-align: justify; font-size: 15px; color: inherit;'>El FMC920 es un rastreador compacto e inteligente con conectividad Bluetooth&comma; antenas internas GNSS y GSM de alta ganancia y bater\u00eda de respaldo integrada. Est\u00e1 dise\u00f1ado para el seguimiento de veh\u00edculos ligeros en aplicaciones como telem\u00e1tica de seguros&comma; alquiler de autom\u00f3viles&comma; recuperaci\u00f3n de autom\u00f3viles robados&comma; servicios de seguridad p\u00fablica&comma; transporte de entrega&comma; taxi y muchos m\u00e1s. Las entradas \/ salidas ampl\u00edan los escenarios de uso del dispositivo. La entrada digital se puede usar para el monitoreo del estado del bot\u00f3n de encendido&comma; puerta o alarma. La inmovilizaci\u00f3n remota del veh\u00edculo se puede lograr utilizando la salida digital.<\/p>\n<p style='text-align: justify; font-size: 15px; color: inherit; font-weight: bold;'>Compatible con sensores BLE de ELA y de combustible Escort.<\/p>\n<p style='text-align: center; font-size: 15px; color: inherit; margin: 15px 0;'><strong>**El tiempo de respaldo de la bater\u00eda varia dependiendo de la programaci\u00f3n.<\/strong><\/p>\n<\/p><\/div>\n<div style='margin-bottom: 30px;'>\n<h3 style='font-size: 20px; border-bottom: 2px solid currentColor; padding-bottom: 5px; margin-top: 0; color: inherit; opacity: 0.8;'>Este Kit Incluye:<\/h3>\n<ul style='padding-left: 20px; font-size: 15px; color: inherit;'>\n<li style='margin-bottom: 5px;'>1.- GPSSOS<\/li>\n<li style='margin-bottom: 5px;'>1.- EPCOMGPSMENSUAL<\/li>\n<li style='margin-bottom: 5px;'>1.- MICROSIM30M2M<\/li>\n<li style='margin-bottom: 5px;'>1.- VOUCHER1M<\/li>\n<li style='margin-bottom: 5px;'>1.- 12VRELAY<\/li>\n<li style='margin-bottom: 5px;'>1.- FMC920<\/li>\n<\/ul><\/div>\n<div style='display: flex; flex-wrap: wrap; gap: 30px; margin-bottom: 30px;'>\n<div style='flex: 1 1 300px; min-width: 280px;'>\n<div style='display: flex; flex-direction: column; align-items: center; padding: 15px; border: 1px solid rgba(150&comma;150&comma;150&comma;0.3); border-radius: 8px; margin-bottom: 20px;'> <img style='width: 160px; height: 160px; border: 1px solid rgba(150&comma;150&comma;150&comma;0.3); border-radius: 8px;' src='https:\/\/ftp3.syscom.mx\/usuarios\/fotos\/ECO4LIGHT3G\/94490-pngocean.com.png' alt=''> <\/p>\n<ul style='padding-left: 20px; margin: 20px 0; font-size: 14px; color: inherit;'>\n<li style='margin-bottom: 8px;'>Antenas GNSS y GSM internas<\/li>\n<li style='margin-bottom: 8px;'>1 Conexi\u00f3n Mini USB para programaci\u00f3n compatible con PLUSB<\/li>\n<li style='margin-bottom: 8px;'>1 Entrada digital<\/li>\n<li style='margin-bottom: 8px;'>1 Salida digital<\/li>\n<li style='margin-bottom: 8px;'>1 Entrada an\u00e1loga<\/li>\n<li style='margin-bottom: 8px;'>Geocercas internas<\/li>\n<li style='margin-bottom: 8px;'>Aceler\u00f3metro<\/li>\n<li style='margin-bottom: 8px;'>Compatible con GPS&comma; GLONASS y GALILEO<\/li>\n<li style='margin-bottom: 8px;'>Seguimiento de ubicaci\u00f3n&comma; historial&comma; kilometraje y velocidad de veh\u00edculos<\/li>\n<li style='margin-bottom: 8px;'>Bloqueo de ignici\u00f3n a distancia<\/li>\n<li style='margin-bottom: 8px;'>Bluetooth 4.0 + LE<\/li>\n<li style='margin-bottom: 8px;'>Admite sensores adicionales<\/li>\n<\/ul><\/div>\n<\/p><\/div>\n<div style='flex: 1 1 300px; min-width: 280px;'>\n<div style='display: flex; flex-direction: column; align-items: center; padding: 15px; border: 1px solid rgba(150&comma;150&comma;150&comma;0.3); border-radius: 8px; margin-bottom: 20px;'> <img style='width: 160px; height: 160px; border: 1px solid rgba(150&comma;150&comma;150&comma;0.3); border-radius: 8px;' src='https:\/\/ftp3.syscom.mx\/usuarios\/fotos\/ECO4LIGHT3G\/94490-pngocean.com(1).png' alt=''> <\/p>\n<ul style='padding-left: 20px; margin: 20px 0; font-size: 14px; color: inherit;'>\n<li style='margin-bottom: 8px;'>Compatible con EpcomGPS<\/li>\n<li style='margin-bottom: 8px;'>Sensores de combustible<\/li>\n<li style='margin-bottom: 8px;'>Sensores de temperatura<\/li>\n<li style='margin-bottom: 8px;'>EcoDriving<\/li>\n<li style='margin-bottom: 8px;'>Reporte por tiempo&comma; distancia y giro<\/li>\n<li style='margin-bottom: 8px;'>Configuraci\u00f3n por SMS<\/li>\n<li style='margin-bottom: 8px;'>Bot\u00f3n de p\u00e1nico<\/li>\n<li style='margin-bottom: 8px;'>Alarma de impacto o volcadura<\/li>\n<li style='margin-bottom: 8px;'>Alarma por exceso de velocidad<\/li>\n<li style='margin-bottom: 8px;'>Eventos personalizables<\/li>\n<li style='margin-bottom: 8px;'>Dimensiones 79 x 43 x 12 mm<\/li>\n<\/ul><\/div>\n<\/p><\/div>\n<div style='flex: 1 1 300px; min-width: 280px;'>\n<div style='display: flex; flex-direction: column; align-items: center; padding: 15px; border: 1px solid rgba(150&comma;150&comma;150&comma;0.3); border-radius: 8px; margin-bottom: 20px;'> <img style='width: 160px; height: 160px; border: 1px solid rgba(150&comma;150&comma;150&comma;0.3); border-radius: 8px;' src='https:\/\/ftp3.syscom.mx\/usuarios\/fotos\/ECO4LIGHT3G\/94490-kisspng-computer-icons-symbol-palomita-5b12de2da12d70.2979251315279631816602.png' alt=''> <\/p>\n<p style='font-size: 16px; font-weight: bold; margin: 15px 0 5px 0; color: inherit;'>Temperatura<\/p>\n<ul style='padding-left: 20px; margin: 0 0 20px 0; font-size: 14px; color: inherit;'>\n<li style='margin-bottom: 8px;'>Operaci\u00f3n: -40 a +85 \u00b0C<\/li>\n<li style='margin-bottom: 8px;'>Almacenamiento: -40 a +85 \u00b0C<\/li>\n<li style='margin-bottom: 8px;'>Carga de bater\u00eda: 0 a +45 \u00b0C<\/li>\n<li style='margin-bottom: 8px;'>Descarga de bater\u00eda: -20 a +60 \u00b0C<\/li>\n<li style='margin-bottom: 8px;'>Almacenamiento con bater\u00eda: -20 a +45 \u00b0C<\/li>\n<li style='margin-bottom: 8px;'>Humedad relativa 5 % a 95 % sin condensaci\u00f3n<\/li>\n<\/ul>\n<p style='font-size: 16px; font-weight: bold; margin: 15px 0 5px 0; color: inherit;'>Especificaciones el\u00e9ctricas<\/p>\n<ul style='padding-left: 20px; margin: 0; font-size: 14px; color: inherit;'>\n<li style='margin-bottom: 8px;'>Rango de alimentaci\u00f3n 6 \u00f7 30 V DC<\/li>\n<li style='margin-bottom: 8px;'>Corriente m\u00e1xima 25 mA @ 12 V DC<\/li>\n<li style='margin-bottom: 8px;'>Bater\u00eda interna \u2013 Li-Ion 3.7 V 170 mAh<\/li>\n<\/ul><\/div>\n<\/p><\/div>\n<\/p><\/div>\n<\/p><\/div>\n","protected":false},"excerpt":{"rendered":"<p>KIT de Localizador 4G LTE, SIM SIM30M2M, VOUCHER POR 1 Mes, Plataforma Por 1 Mes, Relevador y Bot\u00f3n de P\u00e1nico.<\/p>\n","protected":false},"featured_media":53809,"comment_status":"open","ping_status":"closed","template":"","meta":[],"product_brand":[],"product_cat":[1346,1388],"product_tag":[1350,1349,1430,1389],"class_list":{"0":"post-53810","1":"product","2":"type-product","3":"status-publish","4":"has-post-thumbnail","6":"product_cat-iot","7":"product_cat-trackers-gps","8":"product_tag-gps-y-telematica","9":"product_tag-iot","10":"product_tag-teltonika","11":"product_tag-trackers-gps","13":"first","14":"outofstock","15":"sale","16":"shipping-taxable","17":"purchasable","18":"product-type-simple"},"_links":{"self":[{"href":"https:\/\/soydeaqui.ddns.net\/pachuca\/index.php\/wp-json\/wp\/v2\/product\/53810","targetHints":{"allow":["GET"]}}],"collection":[{"href":"https:\/\/soydeaqui.ddns.net\/pachuca\/index.php\/wp-json\/wp\/v2\/product"}],"about":[{"href":"https:\/\/soydeaqui.ddns.net\/pachuca\/index.php\/wp-json\/wp\/v2\/types\/product"}],"replies":[{"embeddable":true,"href":"https:\/\/soydeaqui.ddns.net\/pachuca\/index.php\/wp-json\/wp\/v2\/comments?post=53810"}],"wp:featuredmedia":[{"embeddable":true,"href":"https:\/\/soydeaqui.ddns.net\/pachuca\/index.php\/wp-json\/wp\/v2\/media\/53809"}],"wp:attachment":[{"href":"https:\/\/soydeaqui.ddns.net\/pachuca\/index.php\/wp-json\/wp\/v2\/media?parent=53810"}],"wp:term":[{"taxonomy":"product_brand","embeddable":true,"href":"https:\/\/soydeaqui.ddns.net\/pachuca\/index.php\/wp-json\/wp\/v2\/product_brand?post=53810"},{"taxonomy":"product_cat","embeddable":true,"href":"https:\/\/soydeaqui.ddns.net\/pachuca\/index.php\/wp-json\/wp\/v2\/product_cat?post=53810"},{"taxonomy":"product_tag","embeddable":true,"href":"https:\/\/soydeaqui.ddns.net\/pachuca\/index.php\/wp-json\/wp\/v2\/product_tag?post=53810"}],"curies":[{"name":"wp","href":"https:\/\/api.w.org\/{rel}","templated":true}]}}