{"id":53806,"date":"2026-03-19T02:00:22","date_gmt":"2026-03-19T02:00:22","guid":{"rendered":"https:\/\/soydeaqui.ddns.net\/pachuca\/index.php\/producto\/medidor-de-flujo-de-agua-con-tecnologia-lorawan-para-tuberia-de-3-4-de-pulgada\/"},"modified":"2026-03-19T02:00:27","modified_gmt":"2026-03-19T02:00:27","slug":"medidor-de-flujo-de-agua-con-tecnologia-lorawan-para-tuberia-de-3-4-de-pulgada","status":"publish","type":"product","link":"https:\/\/soydeaqui.ddns.net\/pachuca\/index.php\/producto\/medidor-de-flujo-de-agua-con-tecnologia-lorawan-para-tuberia-de-3-4-de-pulgada\/","title":{"rendered":"Medidor de flujo de agua con tecnolog\u00eda LoraWAN para tuber\u00eda de 3\/4 de pulgada"},"content":{"rendered":"<div style='width: 100%; max-width: 1200px; margin: 0 auto; font-family: sans-serif; line-height: 1.6; color: inherit; background-color: transparent;'> <!-- T\u00edtulo del producto --> <\/p>\n<h2 style='font-size: 24px; margin-top: 0; margin-bottom: 20px; color: inherit; opacity: 0.9;'>Medidor Ultras\u00f3nico UP-20<\/h2>\n<p> <!-- Descripci\u00f3n general --> <\/p>\n<div style='margin-bottom: 30px;'>\n<p style='font-size: 15px; margin-bottom: 15px; color: inherit;'>Medidor digital de tipo ultras\u00f3nico tiempo en tr\u00e1nsito para medir agua limpia y\/o potable. Fabricado totalmente en pl\u00e1stico y registro electr\u00f3nico&comma; clase metrol\u00f3gica D (R400&comma; R800 opcional). Producido bajo el est\u00e1ndar ISO 4064&comma; el medidor cuenta con preparaci\u00f3n de lectura remota y data logger.<\/p>\n<\/p><\/div>\n<p> <!-- Secci\u00f3n de beneficios --> <\/p>\n<div style='display: flex; flex-wrap: wrap; gap: 30px; margin-bottom: 30px;'>\n<div style='flex: 1 1 300px; min-width: 280px;'>\n<h3 style='font-size: 20px; border-bottom: 2px solid currentColor; padding-bottom: 5px; margin-top: 0; color: inherit; opacity: 0.8;'>BENEFICIOS<\/h3>\n<ul style='padding-left: 20px; font-size: 14px; color: inherit; list-style-type: disc;'>\n<li style='margin-bottom: 8px;'>Tecnolog\u00eda ultras\u00f3nica<\/li>\n<li style='margin-bottom: 8px;'>Sin partes en movimiento. Sin necesidad de mantenimiento<\/li>\n<li style='margin-bottom: 8px;'>Registro seco con protecci\u00f3n IP68 (a prueba de agua)<\/li>\n<li style='margin-bottom: 8px;'>Vida de bater\u00eda mayor a 16 a\u00f1os<\/li>\n<li style='margin-bottom: 8px;'>Fabricado con materiales de pl\u00e1stico de larga duraci\u00f3n<\/li>\n<li style='margin-bottom: 8px;'>Clase metrol\u00f3gica D (R400&comma; R800 opcional)<\/li>\n<li style='margin-bottom: 8px;'>Instalaci\u00f3n en cualquier \u00e1ngulo&comma; U0\/D0<\/li>\n<li style='margin-bottom: 8px;'>Preparaci\u00f3n para lectura remota y data logger incluido<\/li>\n<\/ul><\/div>\n<\/p><\/div>\n<p> <!-- Secci\u00f3n de aplicaciones --> <\/p>\n<div style='display: flex; flex-wrap: wrap; gap: 30px; margin-bottom: 30px;'>\n<div style='flex: 1 1 300px; min-width: 280px;'>\n<h3 style='font-size: 20px; border-bottom: 2px solid currentColor; padding-bottom: 5px; margin-top: 0; color: inherit; opacity: 0.8;'>APLICACIONES<\/h3>\n<ul style='padding-left: 20px; font-size: 14px; color: inherit; list-style-type: disc;'>\n<li style='margin-bottom: 8px;'>Residencial: Medici\u00f3n de agua potable fr\u00eda<\/li>\n<li style='margin-bottom: 8px;'>Detecta flujos muy bajos&comma; lo que permite tener una lectura m\u00e1s precisa<\/li>\n<li style='margin-bottom: 8px;'>Municipal: Medici\u00f3n de flujo para redes de distribuci\u00f3n<\/li>\n<li style='margin-bottom: 8px;'>Industrial: Medici\u00f3n y control de agua limpia en sistemas de tuber\u00edas<\/li>\n<li style='margin-bottom: 8px;'>Medici\u00f3n de agua limpia en l\u00edneas de proceso. Con excelente precisi\u00f3n y confiabilidad<\/li>\n<\/ul><\/div>\n<\/p><\/div>\n<p> <!-- Separador --> <\/p>\n<hr style='border: 0; border-top: 1px solid rgba(150&comma; 150&comma; 150&comma; 0.3); margin: 30px 0;'> <!-- Secci\u00f3n de especificaciones --> <\/p>\n<div style='display: flex; flex-wrap: wrap; gap: 20px; margin-bottom: 30px;'>\n<div style='flex: 1 1 250px; border: 1px solid rgba(150&comma; 150&comma; 150&comma; 0.4); border-radius: 8px; overflow: hidden; display: flex; flex-direction: column;'>\n<div style='padding: 15px; border-bottom: 1px solid rgba(150&comma; 150&comma; 150&comma; 0.2); font-weight: bold; font-size: 18px; color: inherit;'>Especificaciones t\u00e9cnicas<\/div>\n<div style='padding: 15px; color: inherit;'>\n<ul style='padding-left: 20px; margin: 0; font-size: 14px; list-style-type: disc;'>\n<li style='margin-bottom: 8px;'><strong>Medida de rosca:<\/strong> para tuber\u00eda de 3\/4\u201d<\/li>\n<li style='margin-bottom: 8px;'><strong>Modelos de Serie:<\/strong> UP-15&comma; UP-20<\/li>\n<li style='margin-bottom: 8px;'><strong>Tipo de Medidor:<\/strong> Ultras\u00f3nico<\/li>\n<li style='margin-bottom: 8px;'><strong>Clase Metrol\u00f3gica:<\/strong> Clase D (R400&comma; R800 opcional)<\/li>\n<li style='margin-bottom: 8px;'><strong>Precisi\u00f3n:<\/strong> \u00b11%<\/li>\n<li style='margin-bottom: 8px;'><strong>Unidad de Medici\u00f3n:<\/strong> m\u00b3<\/li>\n<li style='margin-bottom: 8px;'><strong>Material:<\/strong> Cuerpo de pl\u00e1stico&comma; Registro electr\u00f3nico<\/li>\n<li style='margin-bottom: 8px;'><strong>Tipo de Conexi\u00f3n a Proceso Rosca:<\/strong> NPT<\/li>\n<li style='margin-bottom: 8px;'><strong>Presi\u00f3n Nominal:<\/strong> 16 bar (230 psi)<\/li>\n<li style='margin-bottom: 8px;'><strong>Instalaci\u00f3n:<\/strong> Cualquier \u00e1ngulo&comma; U0\/D0<\/li>\n<li style='margin-bottom: 8px;'><strong>Temperatura M\u00e1xima Admisible:<\/strong> 30\u00b0C (opcional 90\u00b0C)<\/li>\n<li style='margin-bottom: 8px;'><strong>Salida Remota:<\/strong> Radio frecuencia<\/li>\n<li style='margin-bottom: 0;'><strong>Normatividad:<\/strong> ISO-4064<\/li>\n<\/ul><\/div>\n<\/p><\/div>\n<\/p><\/div>\n<\/p><\/div>\n","protected":false},"excerpt":{"rendered":"<p>Medidor de flujo de agua con tecnolog\u00eda LoraWAN para tuber\u00eda de 3\/4 de pulgada<\/p>\n","protected":false},"featured_media":53805,"comment_status":"open","ping_status":"closed","template":"","meta":[],"product_brand":[],"product_cat":[1436],"product_tag":[1462,1437,1438],"class_list":{"0":"post-53806","1":"product","2":"type-product","3":"status-publish","4":"has-post-thumbnail","6":"product_cat-sensores-tags","7":"product_tag-equysis","8":"product_tag-lorawan","9":"product_tag-sensores-tags","11":"first","12":"outofstock","13":"sale","14":"shipping-taxable","15":"purchasable","16":"product-type-simple"},"_links":{"self":[{"href":"https:\/\/soydeaqui.ddns.net\/pachuca\/index.php\/wp-json\/wp\/v2\/product\/53806","targetHints":{"allow":["GET"]}}],"collection":[{"href":"https:\/\/soydeaqui.ddns.net\/pachuca\/index.php\/wp-json\/wp\/v2\/product"}],"about":[{"href":"https:\/\/soydeaqui.ddns.net\/pachuca\/index.php\/wp-json\/wp\/v2\/types\/product"}],"replies":[{"embeddable":true,"href":"https:\/\/soydeaqui.ddns.net\/pachuca\/index.php\/wp-json\/wp\/v2\/comments?post=53806"}],"wp:featuredmedia":[{"embeddable":true,"href":"https:\/\/soydeaqui.ddns.net\/pachuca\/index.php\/wp-json\/wp\/v2\/media\/53805"}],"wp:attachment":[{"href":"https:\/\/soydeaqui.ddns.net\/pachuca\/index.php\/wp-json\/wp\/v2\/media?parent=53806"}],"wp:term":[{"taxonomy":"product_brand","embeddable":true,"href":"https:\/\/soydeaqui.ddns.net\/pachuca\/index.php\/wp-json\/wp\/v2\/product_brand?post=53806"},{"taxonomy":"product_cat","embeddable":true,"href":"https:\/\/soydeaqui.ddns.net\/pachuca\/index.php\/wp-json\/wp\/v2\/product_cat?post=53806"},{"taxonomy":"product_tag","embeddable":true,"href":"https:\/\/soydeaqui.ddns.net\/pachuca\/index.php\/wp-json\/wp\/v2\/product_tag?post=53806"}],"curies":[{"name":"wp","href":"https:\/\/api.w.org\/{rel}","templated":true}]}}