{"id":53755,"date":"2026-03-19T01:58:49","date_gmt":"2026-03-19T01:58:49","guid":{"rendered":"https:\/\/soydeaqui.ddns.net\/pachuca\/index.php\/producto\/gps-localizador-para-vehiculos-4g-lte-cat1-con-fallback-a-2g-apagado-y-encendido-de-motor-remoto-entrada-analogica-sistema-de-proteccion-de-baterias-tamano-super-pequeno-con-ip66-robusto\/"},"modified":"2026-03-19T01:58:49","modified_gmt":"2026-03-19T01:58:49","slug":"gps-localizador-para-vehiculos-4g-lte-cat1-con-fallback-a-2g-apagado-y-encendido-de-motor-remoto-entrada-analogica-sistema-de-proteccion-de-baterias-tamano-super-pequeno-con-ip66-robusto","status":"publish","type":"product","link":"https:\/\/soydeaqui.ddns.net\/pachuca\/index.php\/producto\/gps-localizador-para-vehiculos-4g-lte-cat1-con-fallback-a-2g-apagado-y-encendido-de-motor-remoto-entrada-analogica-sistema-de-proteccion-de-baterias-tamano-super-pequeno-con-ip66-robusto\/","title":{"rendered":"GPS \/ Localizador para Vehiculos \/ 4G LTE CAT1 con Fallback a 2G\/ Apagado y encendido de motor remoto \/ Entrada analogica \/ Sistema de protecci\u00f3n de baterias  \/ Tama\u00f1o super peque\u00f1o con IP66 \/ Robusto"},"content":{"rendered":"<div style='width: 100%; max-width: 1200px; margin: 0 auto; font-family: sans-serif; line-height: 1.6; color: inherit; background-color: transparent;'>\n<div style='width: 100%;'> <img style='width: 100%; height: auto; border: 1px solid rgba(150&comma;150&comma;150&comma;0.3); border-radius: 8px;' src='https:\/\/ftp3.syscom.mx\/usuarios\/fotos\/VL103\/222045-vl103m.png' alt=''> <\/div>\n<div style='margin-top: 20px; margin-bottom: 30px;'>\n<h2 style='font-size: 20px; color: inherit; margin-top: 0; margin-bottom: 15px;'>Rastreador vehicular compacto y de gran tecnologia<\/h2>\n<p style='font-size: 15px; color: inherit; text-align: justify;'>Con un tama\u00f1o compacto&comma; pero equipado con m\u00faltiples funciones&comma; el VL103M es un potente rastreador dise\u00f1ado para aplicaciones de flotas industriales y comerciales&comma; desde agencias de alquiler y transporte p\u00fablico hasta transporte de carga&comma; y mucho m\u00e1s. El dispositivo tambi\u00e9n cuenta con un timbre\/alarma externa que facilita la localizaci\u00f3n de su veh\u00edculo en caso de que no pueda encontrarlo&comma; lo que aumenta a\u00fan m\u00e1s la seguridad de su flota. Adem\u00e1s&comma; la escucha remota y el conjunto de alertas activadas por eventos convertir\u00e1n al VL103M en una parte valiosa de su estrategia de gesti\u00f3n de flotas.<\/p>\n<\/p><\/div>\n<div style='margin-bottom: 30px;'>\n<div style='margin-bottom: 15px; padding: 15px; border-left: 4px solid #007bff; background-color: rgba(0&comma; 123&comma; 255&comma; 0.05);'> <strong style='color: inherit; font-size: 15px;'>Nota:<\/strong> Se configura v\u00eda mensajes de texto (SMS) <\/div>\n<div style='margin-bottom: 15px; padding: 15px; border-left: 4px solid #dc3545; background-color: rgba(220&comma; 53&comma; 69&comma; 0.05);'> <strong style='color: inherit; font-size: 15px;'>NOTA:<\/strong> Para productos Concox no se recomienda el SIM30M2M&comma; MICSIM30M2M <\/div>\n<div style='margin-bottom: 15px; padding: 15px; border-left: 4px solid #28a745; background-color: rgba(40&comma; 167&comma; 69&comma; 0.05);'> <strong style='color: inherit; font-size: 15px;'>\u00a1Recomendado tambien para Motocicletas!<\/strong> <\/div>\n<\/p><\/div>\n<div style='margin-bottom: 30px;'>\n<h3 style='font-size: 18px; border-bottom: 2px solid currentColor; padding-bottom: 5px; margin-top: 0; margin-bottom: 15px; color: inherit; opacity: 0.8;'>Incluye<\/h3>\n<ul style='padding-left: 20px; font-size: 14px; color: inherit; list-style-type: disc;'>\n<li style='margin-bottom: 8px;'>Bot\u00f3n de p\u00e1nico<\/li>\n<li style='margin-bottom: 8px;'>Relay<\/li>\n<li style='margin-bottom: 8px;'>Micr\u00f3fono<\/li>\n<li style='margin-bottom: 8px;'>Cable de alimentaci\u00f3n<\/li>\n<\/ul><\/div>\n<div style='margin-bottom: 30px;'>\n<div style='padding: 15px; border: 1px solid rgba(150&comma;150&comma;150&comma;0.3); border-radius: 8px; background-color: rgba(0&comma; 123&comma; 255&comma; 0.05);'> <a href='https:\/\/www.syscom.mx\/producto\/EXPERTGPS-SYSCOM-75217.html' style='font-weight: bold; font-size: 16px; color: #0070c0; text-decoration: none;'>\u00bfQuieres certificarte en dispositivos Concox? (Dar clic aqui)<\/a> <\/div>\n<\/p><\/div>\n<div style='display: flex; flex-wrap: wrap; gap: 20px; margin-bottom: 30px;'>\n<div style='flex: 1 1 250px; min-width: 250px;'>\n<div style='border: 1px solid rgba(150&comma; 150&comma; 150&comma; 0.4); border-radius: 8px; overflow: hidden; display: flex; flex-direction: column; height: 100%;'>\n<div style='padding: 15px; border-bottom: 1px solid rgba(150&comma; 150&comma; 150&comma; 0.2); font-weight: bold; font-size: 16px; color: inherit;'>Red LTE y GSM<\/div>\n<div style='padding: 15px; color: inherit;'> Comunicaci\u00f3n a trav\u00e9s de redes 4G LTE con respaldo GSM 2G. <\/div>\n<\/p><\/div>\n<\/p><\/div>\n<div style='flex: 1 1 250px; min-width: 250px;'>\n<div style='border: 1px solid rgba(150&comma; 150&comma; 150&comma; 0.4); border-radius: 8px; overflow: hidden; display: flex; flex-direction: column; height: 100%;'>\n<div style='padding: 15px; border-bottom: 1px solid rgba(150&comma; 150&comma; 150&comma; 0.2); font-weight: bold; font-size: 16px; color: inherit;'>Entrada\/Salida Configurable<\/div>\n<div style='padding: 15px; color: inherit;'> Configurado por defecto para monitorear el estado del bot\u00f3n de alarma&comma; tambi\u00e9n configurable como una salida digital adicional. <\/div>\n<\/p><\/div>\n<\/p><\/div>\n<div style='flex: 1 1 250px; min-width: 250px;'>\n<div style='border: 1px solid rgba(150&comma; 150&comma; 150&comma; 0.4); border-radius: 8px; overflow: hidden; display: flex; flex-direction: column; height: 100%;'>\n<div style='padding: 15px; border-bottom: 1px solid rgba(150&comma; 150&comma; 150&comma; 0.2); font-weight: bold; font-size: 16px; color: inherit;'>Protecci\u00f3n de la Bater\u00eda del Autom\u00f3vil<\/div>\n<div style='padding: 15px; color: inherit;'> Detiene autom\u00e1ticamente el consumo de energ\u00eda de la bater\u00eda del autom\u00f3vil cuando se acerca al umbral. <\/div>\n<\/p><\/div>\n<\/p><\/div>\n<div style='flex: 1 1 250px; min-width: 250px;'>\n<div style='border: 1px solid rgba(150&comma; 150&comma; 150&comma; 0.4); border-radius: 8px; overflow: hidden; display: flex; flex-direction: column; height: 100%;'>\n<div style='padding: 15px; border-bottom: 1px solid rgba(150&comma; 150&comma; 150&comma; 0.2); font-weight: bold; font-size: 16px; color: inherit;'>Resistencia al Polvo y al Agua IP66<\/div>\n<div style='padding: 15px; color: inherit;'> Su dise\u00f1o resistente asegura un rendimiento \u00f3ptimo continuo&comma; incluso en las condiciones m\u00e1s adversas. <\/div>\n<\/p><\/div>\n<\/p><\/div>\n<div style='flex: 1 1 250px; min-width: 250px;'>\n<div style='border: 1px solid rgba(150&comma; 150&comma; 150&comma; 0.4); border-radius: 8px; overflow: hidden; display: flex; flex-direction: column; height: 100%;'>\n<div style='padding: 15px; border-bottom: 1px solid rgba(150&comma; 150&comma; 150&comma; 0.2); font-weight: bold; font-size: 16px; color: inherit;'>An\u00e1lisis del Comportamiento de Conducci\u00f3n (B\u00e1sico)<\/div>\n<div style='padding: 15px; color: inherit;'> Recibe alertas cuando se detecta cualquiera de los 4 tipos de comportamientos peligrosos al conducir. <\/div>\n<\/p><\/div>\n<\/p><\/div>\n<\/p><\/div>\n<hr style='border: 0; border-top: 1px solid rgba(150&comma; 150&comma; 150&comma; 0.3); margin: 30px 0;'>\n<div style='margin-bottom: 30px;'>\n<h3 style='font-size: 18px; border-bottom: 2px solid currentColor; padding-bottom: 5px; margin-top: 0; margin-bottom: 15px; color: inherit; opacity: 0.8;'>Especificaciones t\u00e9cnicas<\/h3>\n<div style='display: flex; flex-wrap: wrap; gap: 20px; margin-bottom: 30px;'>\n<div style='flex: 1 1 400px; min-width: 300px;'>\n<div style='border: 1px solid rgba(150&comma; 150&comma; 150&comma; 0.4); border-radius: 8px; overflow: hidden; display: flex; flex-direction: column;'>\n<div style='padding: 15px; border-bottom: 1px solid rgba(150&comma; 150&comma; 150&comma; 0.2); font-weight: bold; font-size: 16px; background-color: rgba(0&comma; 0&comma; 0&comma; 0.05); color: inherit;'>GNSS<\/div>\n<div style='padding: 15px; color: inherit;'>\n<ul style='padding-left: 20px; margin: 0; font-size: 14px; list-style-type: disc;'>\n<li style='margin-bottom: 8px;'><strong>Sistema de posicionamiento:<\/strong> GPS+BDS+LBS<\/li>\n<li style='margin-bottom: 8px;'><strong>Precisi\u00f3n de posicionamiento:<\/strong> < 2.5m CEP<\/li>\n<li style='margin-bottom: 8px;'><strong>Sensibilidad de seguimiento:<\/strong> -165dBm<\/li>\n<li style='margin-bottom: 8px;'><strong>Sensibilidad de adquisici\u00f3n:<\/strong> -148dBm<\/li>\n<li style='margin-bottom: 8px;'><strong>TTFF (cielo abierto):<\/strong>\n<ul style='padding-left: 20px; margin-top: 8px; margin-bottom: 0; list-style-type: disc;'>\n<li style='margin-bottom: 4px;'>Inicio en caliente promedio \u22641 segundo<\/li>\n<li style='margin-bottom: 4px;'>Inicio en fr\u00edo promedio \u226432 segundos<\/li>\n<\/ul>\n<\/li>\n<\/ul><\/div>\n<\/p><\/div>\n<\/p><\/div>\n<div style='flex: 1 1 400px; min-width: 300px;'>\n<div style='border: 1px solid rgba(150&comma; 150&comma; 150&comma; 0.4); border-radius: 8px; overflow: hidden; display: flex; flex-direction: column;'>\n<div style='padding: 15px; border-bottom: 1px solid rgba(150&comma; 150&comma; 150&comma; 0.2); font-weight: bold; font-size: 16px; background-color: rgba(0&comma; 0&comma; 0&comma; 0.05); color: inherit;'>Red Celular<\/div>\n<div style='padding: 15px; color: inherit;'>\n<ul style='padding-left: 20px; margin: 0; font-size: 14px; list-style-type: disc;'>\n<li style='margin-bottom: 8px;'><strong>Red de comunicaci\u00f3n:<\/strong> LTE Cat 1\/GSM<\/li>\n<li style='margin-bottom: 8px;'><strong>Frecuencia:<\/strong>\n<ul style='padding-left: 20px; margin-top: 8px; margin-bottom: 0; list-style-type: disc;'>\n<li style='margin-bottom: 4px;'>VL103D (L)<\/li>\n<li style='margin-bottom: 4px;'>LTE-FDD: B1\/B2\/B3\/B4\/B5\/B7\/B8\/B28<\/li>\n<li style='margin-bottom: 4px;'>GSM: B2\/B3\/B5\/B8<\/li>\n<li style='margin-bottom: 4px;'>VL103D (E)<\/li>\n<li style='margin-bottom: 4px;'>LTE-FDD: B1\/B3\/B7\/B8\/B20\/B28<\/li>\n<li style='margin-bottom: 4px;'>LTE-TDD: B34\/B38\/B39\/B40\/B41<\/li>\n<li style='margin-bottom: 0;'>GSM: B2\/B3\/B5\/B8<\/li>\n<\/ul>\n<\/li>\n<\/ul><\/div>\n<\/p><\/div>\n<\/p><\/div>\n<\/p><\/div>\n<div style='display: flex; flex-wrap: wrap; gap: 20px; margin-bottom: 30px;'>\n<div style='flex: 1 1 400px; min-width: 300px;'>\n<div style='border: 1px solid rgba(150&comma; 150&comma; 150&comma; 0.4); border-radius: 8px; overflow: hidden; display: flex; flex-direction: column;'>\n<div style='padding: 15px; border-bottom: 1px solid rgba(150&comma; 150&comma; 150&comma; 0.2); font-weight: bold; font-size: 16px; background-color: rgba(0&comma; 0&comma; 0&comma; 0.05); color: inherit;'>Alimentaci\u00f3n<\/div>\n<div style='padding: 15px; color: inherit;'>\n<ul style='padding-left: 20px; margin: 0; font-size: 14px; list-style-type: disc;'>\n<li style='margin-bottom: 8px;'><strong>Bater\u00eda:<\/strong> Bater\u00eda de pol\u00edmero de litio industrial de 270 mAh\/3.7V<\/li>\n<li style='margin-bottom: 8px;'><strong>Voltaje de entrada:<\/strong> 9-90VDC<\/li>\n<\/ul><\/div>\n<\/p><\/div>\n<\/p><\/div>\n<div style='flex: 1 1 400px; min-width: 300px;'>\n<div style='border: 1px solid rgba(150&comma; 150&comma; 150&comma; 0.4); border-radius: 8px; overflow: hidden; display: flex; flex-direction: column;'>\n<div style='padding: 15px; border-bottom: 1px solid rgba(150&comma; 150&comma; 150&comma; 0.2); font-weight: bold; font-size: 16px; background-color: rgba(0&comma; 0&comma; 0&comma; 0.05); color: inherit;'>Interfaz<\/div>\n<div style='padding: 15px; color: inherit;'>\n<ul style='padding-left: 20px; margin: 0; font-size: 14px; list-style-type: disc;'>\n<li style='margin-bottom: 8px;'><strong>Indicaci\u00f3n LED:<\/strong> GNSS (Azul)&comma; Celular (Verde)&comma; Encendido (Rojo)<\/li>\n<li style='margin-bottom: 8px;'><strong>SIM:<\/strong> Nano-SIM<\/li>\n<li style='margin-bottom: 8px;'><strong>Entradas digitales:<\/strong> ACC o SOS<\/li>\n<li style='margin-bottom: 8px;'><strong>Salidas digitales:<\/strong> Rel\u00e9<\/li>\n<\/ul><\/div>\n<\/p><\/div>\n<\/p><\/div>\n<\/p><\/div>\n<div style='display: flex; flex-wrap: wrap; gap: 20px; margin-bottom: 30px;'>\n<div style='flex: 1 1 400px; min-width: 300px;'>\n<div style='border: 1px solid rgba(150&comma; 150&comma; 150&comma; 0.4); border-radius: 8px; overflow: hidden; display: flex; flex-direction: column;'>\n<div style='padding: 15px; border-bottom: 1px solid rgba(150&comma; 150&comma; 150&comma; 0.2); font-weight: bold; font-size: 16px; background-color: rgba(0&comma; 0&comma; 0&comma; 0.05); color: inherit;'>Especificaciones F\u00edsicas<\/div>\n<div style='padding: 15px; color: inherit;'>\n<ul style='padding-left: 20px; margin: 0; font-size: 14px; list-style-type: disc;'>\n<li style='margin-bottom: 8px;'><strong>Dimensiones:<\/strong> 92.0 x 40.0 x 20.0 mm<\/li>\n<li style='margin-bottom: 8px;'><strong>Peso:<\/strong> 55g<\/li>\n<\/ul><\/div>\n<\/p><\/div>\n<\/p><\/div>\n<div style='flex: 1 1 400px; min-width: 300px;'>\n<div style='border: 1px solid rgba(150&comma; 150&comma; 150&comma; 0.4); border-radius: 8px; overflow: hidden; display: flex; flex-direction: column;'>\n<div style='padding: 15px; border-bottom: 1px solid rgba(150&comma; 150&comma; 150&comma; 0.2); font-weight: bold; font-size: 16px; background-color: rgba(0&comma; 0&comma; 0&comma; 0.05); color: inherit;'>Entorno de Operaci\u00f3n<\/div>\n<div style='padding: 15px; color: inherit;'>\n<ul style='padding-left: 20px; margin: 0; font-size: 14px; list-style-type: disc;'>\n<li style='margin-bottom: 8px;'><strong>Temperatura de operaci\u00f3n:<\/strong> -20\u00b0C a +70\u00b0C<\/li>\n<li style='margin-bottom: 8px;'><strong>Clasificaci\u00f3n IP:<\/strong> IP66<\/li>\n<\/ul><\/div>\n<\/p><\/div>\n<\/p><\/div>\n<\/p><\/div>\n<div style='display: flex; flex-wrap: wrap; gap: 20px; margin-bottom: 30px;'>\n<div style='flex: 1 1 400px; min-width: 300px;'>\n<div style='border: 1px solid rgba(150&comma; 150&comma; 150&comma; 0.4); border-radius: 8px; overflow: hidden; display: flex; flex-direction: column;'>\n<div style='padding: 15px; border-bottom: 1px solid rgba(150&comma; 150&comma; 150&comma; 0.2); font-weight: bold; font-size: 16px; background-color: rgba(0&comma; 0&comma; 0&comma; 0.05); color: inherit;'>Caracter\u00edsticas<\/div>\n<div style='padding: 15px; color: inherit;'>\n<ul style='padding-left: 20px; margin: 0; font-size: 14px; list-style-type: disc;'>\n<li style='margin-bottom: 8px;'><strong>Sensores:<\/strong> Aceler\u00f3metro<\/li>\n<li style='margin-bottom: 8px;'><strong>Escenarios:<\/strong> Alerta de movimiento del veh\u00edculo&comma; Alerta de exceso de velocidad&comma; Entrada\/Salida de geo-cerca&comma; Detecci\u00f3n de bater\u00eda del veh\u00edculo<\/li>\n<\/ul><\/div>\n<\/p><\/div>\n<\/p><\/div>\n<\/p><\/div>\n<\/p><\/div>\n<hr style='border: 0; border-top: 1px solid rgba(150&comma; 150&comma; 150&comma; 0.3); margin: 30px 0;'>\n<div style='margin-bottom: 30px;'>\n<div style='display: flex; flex-wrap: wrap; gap: 20px;'>\n<div style='flex: 1 1 100%;'>\n<div style='border: 1px solid rgba(150&comma; 150&comma; 150&comma; 0.4); border-radius: 8px; overflow: hidden; background-color: rgba(0&comma; 123&comma; 255&comma; 0.05);'>\n<div style='padding: 15px; font-weight: bold; font-size: 16px; color: inherit;'>Anuncio de Configuraci\u00f3n de Dispositivos de Rastreo<\/div>\n<div style='padding: 15px; color: inherit;'> Para dispositivos de rastreo recomendamos la configuraci\u00f3n de 1 minuto con motor encendido o en movimiento y cada 20 minutos con motor apagado o detenido&comma; adem\u00e1s de giros de 25 o 30 grados y la distancia deshabilitada. Esto ayudar\u00e1 a que los paquetes de datos de 20 o 25 MB sean suficientes para un mes&comma; todo depende del tiempo que el veh\u00edculo est\u00e9 en movimiento. Esta tabla es solo informativa y como recomendaci\u00f3n&comma; m\u00e1s no una regla. <\/div>\n<\/p><\/div>\n<\/p><\/div>\n<\/p><\/div>\n<\/p><\/div>\n<div style='position: relative; padding-bottom: 56.25%; height: 0; overflow: hidden; margin-bottom: 30px;'>   <\/div>\n<div style='margin-top: 30px; font-size: 14px; color: inherit; opacity: 0.8;'> * Nos reservamos el derecho de la interpretaci\u00f3n final de esta p\u00e1gina. Toda la informaci\u00f3n es solo de referencia y est\u00e1 sujeta a cambios sin previo aviso. <\/div>\n<\/p><\/div>\n","protected":false},"excerpt":{"rendered":"<p>GPS \/ Localizador para Vehiculos \/ 4G LTE CAT1 con Fallback a 2G\/ Apagado y encendido de motor remoto \/ Entrada analogica \/ Sistema de protecci\u00f3n de baterias  \/ Tama\u00f1o super peque\u00f1o con IP66 \/ Robusto<\/p>\n","protected":false},"featured_media":53754,"comment_status":"open","ping_status":"closed","template":"","meta":[],"product_brand":[],"product_cat":[1346,1388],"product_tag":[1350,1349,1420,1389],"class_list":{"0":"post-53755","1":"product","2":"type-product","3":"status-publish","4":"has-post-thumbnail","6":"product_cat-iot","7":"product_cat-trackers-gps","8":"product_tag-gps-y-telematica","9":"product_tag-iot","10":"product_tag-jimiiot","11":"product_tag-trackers-gps","13":"first","14":"instock","15":"sale","16":"shipping-taxable","17":"purchasable","18":"product-type-simple"},"_links":{"self":[{"href":"https:\/\/soydeaqui.ddns.net\/pachuca\/index.php\/wp-json\/wp\/v2\/product\/53755","targetHints":{"allow":["GET"]}}],"collection":[{"href":"https:\/\/soydeaqui.ddns.net\/pachuca\/index.php\/wp-json\/wp\/v2\/product"}],"about":[{"href":"https:\/\/soydeaqui.ddns.net\/pachuca\/index.php\/wp-json\/wp\/v2\/types\/product"}],"replies":[{"embeddable":true,"href":"https:\/\/soydeaqui.ddns.net\/pachuca\/index.php\/wp-json\/wp\/v2\/comments?post=53755"}],"wp:featuredmedia":[{"embeddable":true,"href":"https:\/\/soydeaqui.ddns.net\/pachuca\/index.php\/wp-json\/wp\/v2\/media\/53754"}],"wp:attachment":[{"href":"https:\/\/soydeaqui.ddns.net\/pachuca\/index.php\/wp-json\/wp\/v2\/media?parent=53755"}],"wp:term":[{"taxonomy":"product_brand","embeddable":true,"href":"https:\/\/soydeaqui.ddns.net\/pachuca\/index.php\/wp-json\/wp\/v2\/product_brand?post=53755"},{"taxonomy":"product_cat","embeddable":true,"href":"https:\/\/soydeaqui.ddns.net\/pachuca\/index.php\/wp-json\/wp\/v2\/product_cat?post=53755"},{"taxonomy":"product_tag","embeddable":true,"href":"https:\/\/soydeaqui.ddns.net\/pachuca\/index.php\/wp-json\/wp\/v2\/product_tag?post=53755"}],"curies":[{"name":"wp","href":"https:\/\/api.w.org\/{rel}","templated":true}]}}