{"id":53746,"date":"2026-03-19T01:58:31","date_gmt":"2026-03-19T01:58:31","guid":{"rendered":"https:\/\/soydeaqui.ddns.net\/pachuca\/index.php\/producto\/etiqueta-de-tinta-electronica-esl-2-9-pulgadas-uso-en-estantes-bluetooth\/"},"modified":"2026-03-19T01:58:41","modified_gmt":"2026-03-19T01:58:41","slug":"etiqueta-de-tinta-electronica-esl-2-9-pulgadas-uso-en-estantes-bluetooth","status":"publish","type":"product","link":"https:\/\/soydeaqui.ddns.net\/pachuca\/index.php\/producto\/etiqueta-de-tinta-electronica-esl-2-9-pulgadas-uso-en-estantes-bluetooth\/","title":{"rendered":"Etiqueta de Tinta Electr\u00f3nica \/ ESL \/ 2.9 Pulgadas \/ Uso en Estantes \/ Bluetooth"},"content":{"rendered":"<div style='width: 100%; max-width: 1200px; margin: 0 auto; font-family: sans-serif; line-height: 1.6; color: inherit; background-color: transparent;'> <!-- Imagen principal --> <\/p>\n<div style='margin-top: 30px;'>\n<div style='background-color: rgba(238&comma; 238&comma; 238&comma; 0.3); padding: 15px;'> <img style='width: 50%; height: auto; border: 1px solid rgba(150&comma;150&comma;150&comma;0.3); border-radius: 8px; margin: 0 auto; display: block;' src='https:\/\/ftp3.syscom.mx\/usuarios\/xguereque\/accesspro\/esl\/productos\/APTAG29BR.png' alt='...'> <\/div>\n<\/p><\/div>\n<p> <!-- Especificaciones --> <\/p>\n<div style='border-top: 5px solid #0091ff; padding: 15px;'>\n<h2 style='text-align: center; color: inherit; margin-top: 0; font-size: 24px;'>AP-TAG-29B\/R<\/h2>\n<h4 style='color: inherit; opacity: 0.7; font-weight: 500; margin-top: 15px;'>Especificaciones<\/h4>\n<ul style='padding-left: 20px; font-size: 15px; color: inherit;'>\n<li style='margin-bottom: 8px;'><strong>Dimensiones Externas:<\/strong> 91\u00d741\u00d714mm<\/li>\n<li style='margin-bottom: 8px;'><strong>\u00c1rea de Pantalla Activa:<\/strong> 67\u00d729mm<\/li>\n<li style='margin-bottom: 8px;'><strong>Tama\u00f1o de Pantalla:<\/strong> 2.9in<\/li>\n<li style='margin-bottom: 8px;'><strong>Resoluci\u00f3n:<\/strong> 296\u00d7128<\/li>\n<li style='margin-bottom: 8px;'><strong>Densidad de Pixeles:<\/strong> 112dpi<\/li>\n<li style='margin-bottom: 8px;'><strong>Peso:<\/strong> 45g<\/li>\n<li style='margin-bottom: 8px;'><strong>Color de Pantalla:<\/strong> BWR\/BWY\/BW<\/li>\n<li style='margin-bottom: 8px;'><strong>Tipo de Bater\u00eda:<\/strong> CR2450\u00d72<\/li>\n<li style='margin-bottom: 8px;'><strong>Duraci\u00f3n de la Bater\u00eda:<\/strong> 5 a\u00f1os (5 actualizaciones\/d\u00eda)<\/li>\n<li style='margin-bottom: 8px;'><strong>Tecnolog\u00eda de Visualizaci\u00f3n:<\/strong> EPD<\/li>\n<li style='margin-bottom: 8px;'><strong>Protocolo de Comunicaci\u00f3n:<\/strong> Bluetooth \u00ae de Bajo Consumo 5.0<\/li>\n<li style='margin-bottom: 8px;'><strong>\u00c1ngulo de Visi\u00f3n:<\/strong> \u00c1ngulo de Visi\u00f3n cercano a 180\u00b0<\/li>\n<li style='margin-bottom: 8px;'><strong>Temperatura de Funcionamiento:<\/strong> 0\u00b0C &#8211; 50\u00b0C<\/li>\n<li style='margin-bottom: 8px;'><strong>Temperatura de Almacenamiento:<\/strong> -20\u00b0C \u2013 60\u00b0C<\/li>\n<li style='margin-bottom: 8px;'><strong>Caracter\u00edsticas del Agua (Clasificaci\u00f3n IP):<\/strong> IPX5<\/li>\n<li style='margin-bottom: 8px;'><strong>Maneras de Arreglar:<\/strong> Soporte\/Tap\u00f3n de Hielo\/Riel de Estante etc.<\/li>\n<li style='margin-bottom: 8px;'><strong>Cumplimiento:<\/strong> BQB\/FCC\/CE\/RoHS\/MIC<\/li>\n<\/ul>\n<p style='text-align: center; margin: 20px 0 0;'>Compatible con Puerta de enlance APGW1E<\/p>\n<\/p><\/div>\n<p> <!-- Caracter\u00edsticas principales --> <\/p>\n<div style='margin: 30px 0;'>\n<h1 style='text-align: center; color: #0091ff; font-size: 24px; margin-bottom: 20px;'>Caracter\u00edsticas principales<\/h1>\n<div style='display: flex; flex-wrap: wrap; gap: 20px; justify-content: center;'>\n<div style='flex: 1 1 250px; max-width: 300px; border: 1px solid rgba(224&comma;224&comma;224&comma;0.5); border-radius: 8px; overflow: hidden; display: flex; flex-direction: column;'>\n<div style='padding: 15px;'> <img style='width: 60px; height: 60px; margin: 0 auto 10px; display: block;' src='https:\/\/ftp3.syscom.mx\/usuarios\/xguereque\/accesspro\/esl\/iconos\/energia.png' alt='Consumo de Energ\u00eda Ultrabajo'> <\/p>\n<h3 style='text-align: center; font-size: 18px; margin: 10px 0 8px; color: inherit;'>Consumo de Energ\u00eda Ultrabajo<\/h3>\n<p style='font-size: 14px; color: inherit; margin: 0; text-align: center;'>Equipado con chip de bajo consumo de energ\u00eda Nordic&comma; la duraci\u00f3n de la bater\u00eda es de 5 a\u00f1os.<\/p>\n<\/p><\/div>\n<\/p><\/div>\n<div style='flex: 1 1 250px; max-width: 300px; border: 1px solid rgba(224&comma;224&comma;224&comma;0.5); border-radius: 8px; overflow: hidden; display: flex; flex-direction: column;'>\n<div style='padding: 15px;'> <img style='width: 60px; height: 60px; margin: 0 auto 10px; display: block;' src='https:\/\/ftp3.syscom.mx\/usuarios\/xguereque\/accesspro\/esl\/iconos\/estable.png' alt='Operaci\u00f3n Estable'> <\/p>\n<h3 style='text-align: center; font-size: 18px; margin: 10px 0 8px; color: inherit;'>Operaci\u00f3n Estable<\/h3>\n<p style='font-size: 14px; color: inherit; margin: 0; text-align: center;'>El algoritmo efectivo y optimizado de la etiqueta realiza una operaci\u00f3n simple y pr\u00e1ctica para los usuarios.<\/p>\n<\/p><\/div>\n<\/p><\/div>\n<div style='flex: 1 1 250px; max-width: 300px; border: 1px solid rgba(224&comma;224&comma;224&comma;0.5); border-radius: 8px; overflow: hidden; display: flex; flex-direction: column;'>\n<div style='padding: 15px;'> <img style='width: 60px; height: 60px; margin: 0 auto 10px; display: block;' src='https:\/\/ftp3.syscom.mx\/usuarios\/xguereque\/accesspro\/esl\/iconos\/flexibilidad.png' alt='Flexibilidad'> <\/p>\n<h3 style='text-align: center; font-size: 18px; margin: 10px 0 8px; color: inherit;'>Flexibilidad<\/h3>\n<p style='font-size: 14px; color: inherit; margin: 0; text-align: center;'>Las API est\u00e1n disponibles para integrarse con la plataforma del cliente.<\/p>\n<\/p><\/div>\n<\/p><\/div>\n<div style='flex: 1 1 250px; max-width: 300px; border: 1px solid rgba(224&comma;224&comma;224&comma;0.5); border-radius: 8px; overflow: hidden; display: flex; flex-direction: column;'>\n<div style='padding: 15px;'> <img style='width: 60px; height: 60px; margin: 0 auto 10px; display: block;' src='https:\/\/ftp3.syscom.mx\/usuarios\/xguereque\/accesspro\/esl\/iconos\/dinamico.png' alt='Visualizaci\u00f3n de Contenido Din\u00e1mico'> <\/p>\n<h3 style='text-align: center; font-size: 18px; margin: 10px 0 8px; color: inherit;'>Visualizaci\u00f3n de Contenido Din\u00e1mico<\/h3>\n<p style='font-size: 14px; color: inherit; margin: 0; text-align: center;'>La actualizaci\u00f3n en tiempo real permite la visualizaci\u00f3n de contenido din\u00e1mico.<\/p>\n<\/p><\/div>\n<\/p><\/div>\n<div style='flex: 1 1 250px; max-width: 300px; border: 1px solid rgba(224&comma;224&comma;224&comma;0.5); border-radius: 8px; overflow: hidden; display: flex; flex-direction: column;'>\n<div style='padding: 15px;'> <img style='width: 60px; height: 60px; margin: 0 auto 10px; display: block;' src='https:\/\/ftp3.syscom.mx\/usuarios\/xguereque\/accesspro\/esl\/iconos\/nfc.png' alt='Funciones NFC'> <\/p>\n<h3 style='text-align: center; font-size: 18px; margin: 10px 0 8px; color: inherit;'>Funciones NFC<\/h3>\n<p style='font-size: 14px; color: inherit; margin: 0; text-align: center;'>Se puede obtener informaci\u00f3n m\u00e1s detallada del producto de una manera f\u00e1cil y pr\u00e1ctica.<\/p>\n<\/p><\/div>\n<\/p><\/div>\n<div style='flex: 1 1 250px; max-width: 300px; border: 1px solid rgba(224&comma;224&comma;224&comma;0.5); border-radius: 8px; overflow: hidden; display: flex; flex-direction: column;'>\n<div style='padding: 15px;'> <img style='width: 60px; height: 60px; margin: 0 auto 10px; display: block;' src='https:\/\/ftp3.syscom.mx\/usuarios\/xguereque\/accesspro\/esl\/iconos\/versatilidad.png' alt='Versatilidad'> <\/p>\n<h3 style='text-align: center; font-size: 18px; margin: 10px 0 8px; color: inherit;'>Versatilidad<\/h3>\n<p style='font-size: 14px; color: inherit; margin: 0; text-align: center;'>Con tama\u00f1o opcional&comma; resistente al agua y a bajas temperaturas&comma; est\u00e1 disponible para una gran cantidad de aplicaciones.<\/p>\n<\/p><\/div>\n<\/p><\/div>\n<\/p><\/div>\n<\/p><\/div>\n<p> <!-- Informaci\u00f3n adicional --> <\/p>\n<div style='margin: 30px 0; display: flex; flex-wrap: wrap; gap: 30px;'>\n<div style='flex: 1 1 300px; min-width: 280px;'>\n<h3 style='font-size: 22px; border-bottom: 2px solid currentColor; padding-bottom: 5px; margin-top: 0; color: inherit; opacity: 0.8;'>AccessPRO Master Series<\/h3>\n<p style='font-size: 15px; color: inherit;'>Master Series es una serie de etiquetas electr\u00f3nicas vers\u00e1tiles basadas en la tecnolog\u00eda Bluetooth\u00ae5.0&comma; que presentan de manera efectiva y actualizan la informaci\u00f3n en tiempo real. Con la opci\u00f3n disponible en el color de la pantalla de papel electr\u00f3nico (EPD)&comma; la Master Series se puede aplicar a diferentes soluciones relacionadas con la presentaci\u00f3n de informaci\u00f3n. Nuestras etiquetas certificadas son dignas de su confianza y ayudan a que su negocio sea m\u00e1s inteligente&comma; m\u00e1s f\u00e1cil y mejor.<\/p>\n<\/p><\/div>\n<div style='flex: 1 1 300px; min-width: 280px;'>\n<div style='border-left: 5px solid #0091ff; border-radius: 5px; padding: 15px; box-shadow: 2px 2px 10px rgba(216&comma;216&comma;216&comma;0.3);'> <strong style='color: inherit;'>Caracter\u00edsticas:<\/strong> <\/p>\n<ul style='padding-left: 20px; margin-top: 10px; font-size: 15px; color: inherit;'>\n<li style='margin-bottom: 5px;'>A prueba de polvo y agua<\/li>\n<li style='margin-bottom: 5px;'>Soporta funciones NFC<\/li>\n<li style='margin-bottom: 5px;'>Vida \u00fatil de la bater\u00eda de 5 a\u00f1os<\/li>\n<li style='margin-bottom: 5px;'>Soporta configuraciones personalizadas<\/li>\n<li style='margin-bottom: 5px;'>Amplio funcionamiento y almacenamiento de temperatura<\/li>\n<li style='margin-bottom: 5px;'>Sincronizados con POS y ERP<\/li>\n<li style='margin-bottom: 5px;'>Compatible con API<\/li>\n<\/ul><\/div>\n<\/p><\/div>\n<\/p><\/div>\n<p> <!-- Im\u00e1genes adicionales --> <\/p>\n<div style='margin: 30px 0; display: flex; flex-wrap: wrap; gap: 20px;'>\n<div style='flex: 1 1 45%; min-width: 300px;'> <img style='width: 100%; height: auto; border: 1px solid rgba(150&comma;150&comma;150&comma;0.3); border-radius: 8px;' src='https:\/\/ftp3.syscom.mx\/usuarios\/xguereque\/accesspro\/esl\/esl-plano1.png' alt=''> <\/div>\n<div style='flex: 1 1 45%; min-width: 300px;'> <img style='width: 100%; height: auto; border: 1px solid rgba(150&comma;150&comma;150&comma;0.3); border-radius: 8px;' src='https:\/\/ftp3.syscom.mx\/usuarios\/xguereque\/accesspro\/esl\/banner-esl.png' alt=''> <\/div>\n<\/p><\/div>\n<\/p><\/div>\n","protected":false},"excerpt":{"rendered":"<p>Etiqueta de Tinta Electr\u00f3nica \/ ESL \/ 2.9 Pulgadas \/ Uso en Estantes \/ Bluetooth<\/p>\n","protected":false},"featured_media":53745,"comment_status":"open","ping_status":"closed","template":"","meta":[],"product_brand":[],"product_cat":[1348,1346],"product_tag":[93,234,1350,1349],"class_list":{"0":"post-53746","1":"product","2":"type-product","3":"status-publish","4":"has-post-thumbnail","6":"product_cat-accesorios-gps-y-telematica","7":"product_cat-iot","8":"product_tag-accesorios","9":"product_tag-accesspro","10":"product_tag-gps-y-telematica","11":"product_tag-iot","13":"first","14":"outofstock","15":"sale","16":"shipping-taxable","17":"purchasable","18":"product-type-simple"},"_links":{"self":[{"href":"https:\/\/soydeaqui.ddns.net\/pachuca\/index.php\/wp-json\/wp\/v2\/product\/53746","targetHints":{"allow":["GET"]}}],"collection":[{"href":"https:\/\/soydeaqui.ddns.net\/pachuca\/index.php\/wp-json\/wp\/v2\/product"}],"about":[{"href":"https:\/\/soydeaqui.ddns.net\/pachuca\/index.php\/wp-json\/wp\/v2\/types\/product"}],"replies":[{"embeddable":true,"href":"https:\/\/soydeaqui.ddns.net\/pachuca\/index.php\/wp-json\/wp\/v2\/comments?post=53746"}],"wp:featuredmedia":[{"embeddable":true,"href":"https:\/\/soydeaqui.ddns.net\/pachuca\/index.php\/wp-json\/wp\/v2\/media\/53745"}],"wp:attachment":[{"href":"https:\/\/soydeaqui.ddns.net\/pachuca\/index.php\/wp-json\/wp\/v2\/media?parent=53746"}],"wp:term":[{"taxonomy":"product_brand","embeddable":true,"href":"https:\/\/soydeaqui.ddns.net\/pachuca\/index.php\/wp-json\/wp\/v2\/product_brand?post=53746"},{"taxonomy":"product_cat","embeddable":true,"href":"https:\/\/soydeaqui.ddns.net\/pachuca\/index.php\/wp-json\/wp\/v2\/product_cat?post=53746"},{"taxonomy":"product_tag","embeddable":true,"href":"https:\/\/soydeaqui.ddns.net\/pachuca\/index.php\/wp-json\/wp\/v2\/product_tag?post=53746"}],"curies":[{"name":"wp","href":"https:\/\/api.w.org\/{rel}","templated":true}]}}