{"id":53743,"date":"2026-03-19T01:58:26","date_gmt":"2026-03-19T01:58:26","guid":{"rendered":"https:\/\/soydeaqui.ddns.net\/pachuca\/index.php\/producto\/licencia-anual-para-gestion-de-accesspro-esl-cloud-etiqueta-de-tinta-electronica-esl-100-nube-1-tienda\/"},"modified":"2026-03-19T01:58:27","modified_gmt":"2026-03-19T01:58:27","slug":"licencia-anual-para-gestion-de-accesspro-esl-cloud-etiqueta-de-tinta-electronica-esl-100-nube-1-tienda","status":"publish","type":"product","link":"https:\/\/soydeaqui.ddns.net\/pachuca\/index.php\/producto\/licencia-anual-para-gestion-de-accesspro-esl-cloud-etiqueta-de-tinta-electronica-esl-100-nube-1-tienda\/","title":{"rendered":"Licencia Anual Para Gesti\u00f3n de AccessPro ESL Cloud \/ Etiqueta de Tinta Electr\u00f3nica \/ ESL \/ 100% Nube \/ 1 Tienda"},"content":{"rendered":"<div style='width: 100%; max-width: 1200px; margin: 0 auto; font-family: sans-serif; line-height: 1.6; color: inherit; background-color: transparent;'> <!-- Banner --> <\/p>\n<div style='width: 100%; margin-bottom: 30px;'> <img style='width: 100%; height: auto; border: 1px solid rgba(150&comma;150&comma;150&comma;0.3); border-radius: 8px;' src='https:\/\/ftp3.syscom.mx\/usuarios\/xguereque\/accesspro\/esl\/banner-licencia.png' alt='Banner'> <\/div>\n<p> <!-- T\u00edtulo --> <\/p>\n<h1 style='text-align: center; font-size: 28px; color: inherit; margin-bottom: 30px;'>AccessPro ESL Cloud<\/h1>\n<p> <!-- Introducci\u00f3n --> <\/p>\n<div style='margin-bottom: 30px;'>\n<p style='font-size: 16px;'> <strong style='color: inherit;'>AccessPro ESL Cloud<\/strong> es un panel de gesti\u00f3n centralizado que puede conectar gateways y etiquetas E-paper e integrarse con otros sistemas de aplicaci\u00f3n como ERP&comma; POS&comma; MES&comma; etc. para lograr la actualizaci\u00f3n de informaci\u00f3n en tiempo real y de forma visual. Esta plataforma incluye las siguientes funciones principales: <\/p>\n<\/p><\/div>\n<p> <!-- Secci\u00f3n de acorde\u00f3n --> <\/p>\n<div style='margin-bottom: 30px;'>\n<div style='margin-bottom: 15px;'>\n<div style='border: 1px solid rgba(150&comma;150&comma;150&comma;0.4); border-radius: 8px; overflow: hidden; margin-bottom: 10px;'>\n<div style='background-color: rgba(150&comma;150&comma;150&comma;0.1); padding: 15px; cursor: pointer; display: flex; justify-content: space-between; align-items: center; color: inherit;'> <strong style='color: inherit;'>Gesti\u00f3n de Tiendas<\/strong> <span style='transform: rotate(0deg); transition: transform 0.3s; display: inline-block; width: 12px; height: 12px; background: url('data:image\/svg+xml;utf8&comma;<svg fill='%23666666' height='12' viewBox='0 0 24 24' width='12' xmlns='http:\/\/www.w3.org\/2000\/svg'><path d='M7 10l5 5 5-5z'\/><\/svg>&#8216;) no-repeat center center; background-size: contain;&#8217;><\/span> <\/div>\n<div style='padding: 15px; border-top: 1px solid rgba(150&comma;150&comma;150&comma;0.3);'>\n<p style='margin: 0; font-size: 14px;'>Administra tus tiendas en la Plataforma en la Nube de manera eficiente. Agrega&comma; modifica&comma; abre y cierra tiendas con facilidad&comma; todo desde un solo lugar.<\/p>\n<\/p><\/div>\n<\/p><\/div>\n<\/p><\/div>\n<div style='margin-bottom: 15px;'>\n<div style='border: 1px solid rgba(150&comma;150&comma;150&comma;0.4); border-radius: 8px; overflow: hidden; margin-bottom: 10px;'>\n<div style='background-color: rgba(150&comma;150&comma;150&comma;0.1); padding: 15px; cursor: pointer; display: flex; justify-content: space-between; align-items: center; color: inherit;'> <strong style='color: inherit;'>Gesti\u00f3n de Datos<\/strong> <span style='transform: rotate(0deg); transition: transform 0.3s; display: inline-block; width: 12px; height: 12px; background: url('data:image\/svg+xml;utf8&comma;<svg fill='%23666666' height='12' viewBox='0 0 24 24' width='12' xmlns='http:\/\/www.w3.org\/2000\/svg'><path d='M7 10l5 5 5-5z'\/><\/svg>&#8216;) no-repeat center center; background-size: contain;&#8217;><\/span> <\/div>\n<div style='padding: 15px; border-top: 1px solid rgba(150&comma;150&comma;150&comma;0.3);'>\n<p style='margin: 0; font-size: 14px;'>Toma el control de tus datos y productos. Agrega&comma; modifica y elimina datos y productos individualmente o en lotes&comma; agilizando tus procesos de gesti\u00f3n.<\/p>\n<\/p><\/div>\n<\/p><\/div>\n<\/p><\/div>\n<div style='margin-bottom: 15px;'>\n<div style='border: 1px solid rgba(150&comma;150&comma;150&comma;0.4); border-radius: 8px; overflow: hidden; margin-bottom: 10px;'>\n<div style='background-color: rgba(150&comma;150&comma;150&comma;0.1); padding: 15px; cursor: pointer; display: flex; justify-content: space-between; align-items: center; color: inherit;'> <strong style='color: inherit;'>Gesti\u00f3n de Etiquetas<\/strong> <span style='transform: rotate(0deg); transition: transform 0.3s; display: inline-block; width: 12px; height: 12px; background: url('data:image\/svg+xml;utf8&comma;<svg fill='%23666666' height='12' viewBox='0 0 24 24' width='12' xmlns='http:\/\/www.w3.org\/2000\/svg'><path d='M7 10l5 5 5-5z'\/><\/svg>&#8216;) no-repeat center center; background-size: contain;&#8217;><\/span> <\/div>\n<div style='padding: 15px; border-top: 1px solid rgba(150&comma;150&comma;150&comma;0.3);'>\n<p style='margin: 0; font-size: 14px;'>Optimiza tus etiquetas en la tienda correspondiente. Importa&comma; actualiza&comma; vincula y elimina etiquetas de manera eficiente&comma; manteniendo tus registros organizados.<\/p>\n<\/p><\/div>\n<\/p><\/div>\n<\/p><\/div>\n<div style='margin-bottom: 15px;'>\n<div style='border: 1px solid rgba(150&comma;150&comma;150&comma;0.4); border-radius: 8px; overflow: hidden; margin-bottom: 10px;'>\n<div style='background-color: rgba(150&comma;150&comma;150&comma;0.1); padding: 15px; cursor: pointer; display: flex; justify-content: space-between; align-items: center; color: inherit;'> <strong style='color: inherit;'>Gesti\u00f3n de Gateway\/Hub<\/strong> <span style='transform: rotate(0deg); transition: transform 0.3s; display: inline-block; width: 12px; height: 12px; background: url('data:image\/svg+xml;utf8&comma;<svg fill='%23666666' height='12' viewBox='0 0 24 24' width='12' xmlns='http:\/\/www.w3.org\/2000\/svg'><path d='M7 10l5 5 5-5z'\/><\/svg>&#8216;) no-repeat center center; background-size: contain;&#8217;><\/span> <\/div>\n<div style='padding: 15px; border-top: 1px solid rgba(150&comma;150&comma;150&comma;0.3);'>\n<p style='margin: 0; font-size: 14px;'>Administra tus gateways\/hubs en la tienda de forma sencilla. Agrega&comma; modifica&comma; reinicia&comma; actualiza y elimina gateways\/hubs seg\u00fan tus necesidades operativas.<\/p>\n<\/p><\/div>\n<\/p><\/div>\n<\/p><\/div>\n<div style='margin-bottom: 15px;'>\n<div style='border: 1px solid rgba(150&comma;150&comma;150&comma;0.4); border-radius: 8px; overflow: hidden; margin-bottom: 10px;'>\n<div style='background-color: rgba(150&comma;150&comma;150&comma;0.1); padding: 15px; cursor: pointer; display: flex; justify-content: space-between; align-items: center; color: inherit;'> <strong style='color: inherit;'>Gesti\u00f3n de Registros de Operaci\u00f3n<\/strong> <span style='transform: rotate(0deg); transition: transform 0.3s; display: inline-block; width: 12px; height: 12px; background: url('data:image\/svg+xml;utf8&comma;<svg fill='%23666666' height='12' viewBox='0 0 24 24' width='12' xmlns='http:\/\/www.w3.org\/2000\/svg'><path d='M7 10l5 5 5-5z'\/><\/svg>&#8216;) no-repeat center center; background-size: contain;&#8217;><\/span> <\/div>\n<div style='padding: 15px; border-top: 1px solid rgba(150&comma;150&comma;150&comma;0.3);'>\n<p style='margin: 0; font-size: 14px;'>Mant\u00e9n un historial claro de las operaciones realizadas. Registra las actualizaciones y mejoras realizadas&comma; garantizando un registro completo y accesible cuando lo necesites.<\/p>\n<\/p><\/div>\n<\/p><\/div>\n<\/p><\/div>\n<div style='margin-bottom: 15px;'>\n<div style='border: 1px solid rgba(150&comma;150&comma;150&comma;0.4); border-radius: 8px; overflow: hidden; margin-bottom: 10px;'>\n<div style='background-color: rgba(150&comma;150&comma;150&comma;0.1); padding: 15px; cursor: pointer; display: flex; justify-content: space-between; align-items: center; color: inherit;'> <strong style='color: inherit;'>Gesti\u00f3n de Plantillas<\/strong> <span style='transform: rotate(0deg); transition: transform 0.3s; display: inline-block; width: 12px; height: 12px; background: url('data:image\/svg+xml;utf8&comma;<svg fill='%23666666' height='12' viewBox='0 0 24 24' width='12' xmlns='http:\/\/www.w3.org\/2000\/svg'><path d='M7 10l5 5 5-5z'\/><\/svg>&#8216;) no-repeat center center; background-size: contain;&#8217;><\/span> <\/div>\n<div style='padding: 15px; border-top: 1px solid rgba(150&comma;150&comma;150&comma;0.3);'>\n<p style='margin: 0; font-size: 14px;'>Crea&comma; edita y elimina plantillas seg\u00fan tus requisitos. Personaliza tu entorno de trabajo para que se adapte perfectamente a tu flujo de trabajo.<\/p>\n<\/p><\/div>\n<\/p><\/div>\n<\/p><\/div>\n<div style='margin-bottom: 15px;'>\n<div style='border: 1px solid rgba(150&comma;150&comma;150&comma;0.4); border-radius: 8px; overflow: hidden; margin-bottom: 10px;'>\n<div style='background-color: rgba(150&comma;150&comma;150&comma;0.1); padding: 15px; cursor: pointer; display: flex; justify-content: space-between; align-items: center; color: inherit;'> <strong style='color: inherit;'>Gesti\u00f3n del Sistema<\/strong> <span style='transform: rotate(0deg); transition: transform 0.3s; display: inline-block; width: 12px; height: 12px; background: url('data:image\/svg+xml;utf8&comma;<svg fill='%23666666' height='12' viewBox='0 0 24 24' width='12' xmlns='http:\/\/www.w3.org\/2000\/svg'><path d='M7 10l5 5 5-5z'\/><\/svg>&#8216;) no-repeat center center; background-size: contain;&#8217;><\/span> <\/div>\n<div style='padding: 15px; border-top: 1px solid rgba(150&comma;150&comma;150&comma;0.3);'>\n<p style='margin: 0; font-size: 14px;'><strong style='color: inherit;'>Creaci\u00f3n de Roles y Usuarios: <\/strong>Crea roles y usuarios personalizados y asigna sus respectivas autoridades. Mant\u00e9n el control total sobre qui\u00e9n accede y qu\u00e9 acciones pueden llevar a cabo.<\/p>\n<p style='margin: 0 0 5px 0; font-size: 14px;'><strong style='color: inherit;'>Gesti\u00f3n de Paquetes de Actualizaci\u00f3n de Firmware: <\/strong>Administra de manera centralizada los paquetes de actualizaci\u00f3n de firmware para gateways y etiquetas. Mant\u00e9n tus dispositivos actualizados con las \u00faltimas mejoras de rendimiento y seguridad.<\/p>\n<p style='margin: 0; font-size: 14px;'><strong style='color: inherit;'>Configuraci\u00f3n de Campos de Datos\/Productos: <\/strong>Personaliza los campos de datos y productos de acuerdo con tus necesidades. Aseg\u00farate de que la plataforma se ajuste a tu flujo de trabajo espec\u00edfico.<\/p>\n<\/p><\/div>\n<\/p><\/div>\n<\/p><\/div>\n<\/p><\/div>\n<p> <!-- Separador --> <\/p>\n<hr style='border: 0; border-top: 1px solid rgba(150&comma;150&comma;150&comma;0.3); margin: 30px 0;'> <!-- Especificaciones --> <\/p>\n<div style='margin-bottom: 30px;'>\n<div style='text-align: center; margin-bottom: 20px;'>\n<h2 style='font-size: 24px; color: inherit; margin: 0;'>Especificaciones<\/h2>\n<\/p><\/div>\n<div style='display: flex; flex-wrap: wrap; gap: 20px;'>\n<div style='flex: 1 1 300px; min-width: 280px;'>\n<div style='border: 1px solid rgba(150&comma;150&comma;150&comma;0.4); border-radius: 8px; overflow: hidden;'>\n<div style='padding: 15px; border-bottom: 1px solid rgba(150&comma;150&comma;150&comma;0.2); font-weight: bold; font-size: 18px; background-color: rgba(150&comma;150&comma;150&comma;0.1); color: inherit;'>Caracter\u00edsticas Principales:<\/div>\n<ul style='padding: 15px; margin: 0; font-size: 14px; list-style-type: disc;'>\n<li style='margin-bottom: 5px;'>Licencia anual para 1 tienda.<\/li>\n<li style='margin-bottom: 5px;'>Sin l\u00edmite de productos.<\/li>\n<li style='margin-bottom: 5px;'>M\u00e1ximo 5 gateways por tienda (<a style='color: inherit; text-decoration: none; font-weight: 600;' href='https:\/\/www.syscom.mx\/principal\/searchcont?route=APGW-1E-ACCESSPRO-212811&#038;autodetect=accesspro_esl'>APGW-1E<\/a>).<\/li>\n<li style='margin-bottom: 5px;'>M\u00e1ximo 5000 etiquetas por tienda distribuidas en 5 gateways (1000 en cada uno).<\/li>\n<li style='margin-bottom: 5px;'>Plataforma web: <a style='color: inherit; text-decoration: none; font-weight: 600;' href='https:\/\/esl.syscom.mx'>https:\/\/esl.syscom.mx<\/a><\/li>\n<li style='margin-bottom: 5px;'>Soporta im\u00e1genes&comma; codigos de barra y c\u00f3digos QR.<\/li>\n<\/ul><\/div>\n<\/p><\/div>\n<div style='flex: 1 1 300px; min-width: 280px;'>\n<div style='border: 1px solid rgba(150&comma;150&comma;150&comma;0.4); border-radius: 8px; overflow: hidden;'>\n<div style='padding: 15px; border-bottom: 1px solid rgba(150&comma;150&comma;150&comma;0.2); font-weight: bold; font-size: 18px; background-color: rgba(150&comma;150&comma;150&comma;0.1); color: inherit;'>Caracter\u00edsticas adicionales:<\/div>\n<ul style='padding: 15px; margin: 0; font-size: 14px; list-style-type: disc;'>\n<li style='margin-bottom: 5px;'>Campos personalizables&comma; ej. precio&comma; precio mayoreo&comma; descripci\u00f3n&comma; etc.<\/li>\n<li style='margin-bottom: 5px;'>Alta masiva de productos (CSV).<\/li>\n<li style='margin-bottom: 5px;'>Alta masiva de etiquetas (CSV).<\/li>\n<li style='margin-bottom: 5px;'>Personalizaci\u00f3n de plantillas.<\/li>\n<li style='margin-bottom: 5px;'>Gesti\u00f3n de usuarios<\/li>\n<li style='margin-bottom: 5px;'>API disponible para integraciones<\/li>\n<\/ul><\/div>\n<\/p><\/div>\n<\/p><\/div>\n<\/p><\/div>\n<p> <!-- Separador --> <\/p>\n<hr style='border: 0; border-top: 1px solid rgba(150&comma;150&comma;150&comma;0.3); margin: 30px 0;'> <!-- Beneficios clave --> <\/p>\n<div style='margin-bottom: 30px;'>\n<h2 style='text-align: center; font-size: 24px; color: inherit; margin-bottom: 20px;'>Beneficios clave<\/h2>\n<div style='display: flex; flex-wrap: wrap; gap: 20px;'>\n<div style='flex: 1 1 250px; min-width: 280px;'>\n<div style='border: 1px solid rgba(150&comma;150&comma;150&comma;0.4); border-radius: 8px; overflow: hidden; height: 100%; display: flex; flex-direction: column;'>\n<div style='padding: 15px; border-bottom: 1px solid rgba(150&comma;150&comma;150&comma;0.2); font-weight: bold; font-size: 18px; background-color: rgba(150&comma;150&comma;150&comma;0.1); color: inherit;'>Eficiencia mejorada<\/div>\n<div style='padding: 15px; color: inherit; flex-grow: 1;'>\n<p style='margin: 0; font-size: 14px;'>Tus equipos pueden acceder a la informaci\u00f3n que necesitan de manera r\u00e1pida y eficiente&comma; lo que agiliza la toma de decisiones y mejora la productividad general.<\/p>\n<\/p><\/div>\n<\/p><\/div>\n<\/p><\/div>\n<div style='flex: 1 1 250px; min-width: 280px;'>\n<div style='border: 1px solid rgba(150&comma;150&comma;150&comma;0.4); border-radius: 8px; overflow: hidden; height: 100%; display: flex; flex-direction: column;'>\n<div style='padding: 15px; border-bottom: 1px solid rgba(150&comma;150&comma;150&comma;0.2); font-weight: bold; font-size: 18px; background-color: rgba(150&comma;150&comma;150&comma;0.1); color: inherit;'>Personalizaci\u00f3n total<\/div>\n<div style='padding: 15px; color: inherit; flex-grow: 1;'>\n<p style='margin: 0; font-size: 14px;'>Adaptado a las necesidades \u00fanicas de tu empresa&comma; AccessPro te permite crear soluciones espec\u00edficas que se ajusten a tus procesos y flujos de trabajo.<\/p>\n<\/p><\/div>\n<\/p><\/div>\n<\/p><\/div>\n<div style='flex: 1 1 250px; min-width: 280px;'>\n<div style='border: 1px solid rgba(150&comma;150&comma;150&comma;0.4); border-radius: 8px; overflow: hidden; height: 100%; display: flex; flex-direction: column;'>\n<div style='padding: 15px; border-bottom: 1px solid rgba(150&comma;150&comma;150&comma;0.2); font-weight: bold; font-size: 18px; background-color: rgba(150&comma;150&comma;150&comma;0.1); color: inherit;'>Ahorro de tiempo y recursos<\/div>\n<div style='padding: 15px; color: inherit; flex-grow: 1;'>\n<p style='margin: 0; font-size: 14px;'>La automatizaci\u00f3n de tareas rutinarias reduce la carga de trabajo manual&comma; permitiendo a tus empleados concentrarse en actividades m\u00e1s estrat\u00e9gicas.<\/p>\n<\/p><\/div>\n<\/p><\/div>\n<\/p><\/div>\n<div style='flex: 1 1 250px; min-width: 280px;'>\n<div style='border: 1px solid rgba(150&comma;150&comma;150&comma;0.4); border-radius: 8px; overflow: hidden; height: 100%; display: flex; flex-direction: column;'>\n<div style='padding: 15px; border-bottom: 1px solid rgba(150&comma;150&comma;150&comma;0.2); font-weight: bold; font-size: 18px; background-color: rgba(150&comma;150&comma;150&comma;0.1); color: inherit;'>Toma de decisiones informada<\/div>\n<div style='padding: 15px; color: inherit; flex-grow: 1;'>\n<p style='margin: 0; font-size: 14px;'>Accede a informes y an\u00e1lisis detallados generados por AccessPro para obtener insights valiosos que respalden tus decisiones empresariales.<\/p>\n<\/p><\/div>\n<\/p><\/div>\n<\/p><\/div>\n<\/p><\/div>\n<\/p><\/div>\n<p> <!-- Separador --> <\/p>\n<hr style='border: 0; border-top: 1px solid rgba(150&comma;150&comma;150&comma;0.3); margin: 30px 0;'> <!-- Aplicaci\u00f3n --> <\/p>\n<div style='margin-bottom: 30px;'>\n<div style='display: flex; flex-wrap: wrap; gap: 20px; align-items: flex-start;'>\n<div style='flex: 1 1 300px; min-width: 280px;'>\n<h3 style='font-size: 20px; color: inherit; margin-top: 0; margin-bottom: 10px;'>Escenarios de Aplicaci\u00f3n<\/h3>\n<p style='margin-bottom: 10px;'>La soluci\u00f3n AccessPro ESL puede ser aplicada en una variedad de escenarios&comma; como: el sector minorista<\/p>\n<ul style='padding-left: 20px; margin-bottom: 10px; font-size: 14px;'>\n<li style='margin-bottom: 5px;'>oficinas<\/li>\n<li style='margin-bottom: 5px;'>almacenes<\/li>\n<li style='margin-bottom: 5px;'>industrias de salud.<\/li>\n<\/ul>\n<p style='margin-top: 10px;'>Al reemplazar las etiquetas tradicionales de papel&comma; ESL puede lograr la transformaci\u00f3n digital y actualizaci\u00f3n de tiendas&comma; edificios&comma; almacenes y hospitales.<\/p>\n<\/p><\/div>\n<div style='flex: 1 1 300px; min-width: 280px;'> <img style='width: 100%; height: auto; border: 1px solid rgba(150&comma;150&comma;150&comma;0.3); border-radius: 8px;' src='https:\/\/ftp3.syscom.mx\/usuarios\/xguereque\/accesspro\/esl\/imagen-interfaz-1.png' alt='Interfaz 1'> <\/div>\n<\/p><\/div>\n<\/p><\/div>\n<p> <!-- Imagen adicional --> <\/p>\n<div style='margin-bottom: 30px;'> <img style='width: 80%; height: auto; margin: 0 10%; border: 1px solid rgba(150&comma;150&comma;150&comma;0.3); border-radius: 8px;' src='https:\/\/ftp3.syscom.mx\/usuarios\/xguereque\/accesspro\/esl\/diagrama2-ejemplo.png' alt='Diagrama Ejemplo'> <\/div>\n<\/p><\/div>\n","protected":false},"excerpt":{"rendered":"<p>Licencia Anual Para Gesti\u00f3n de AccessPro ESL Cloud \/ Etiqueta de Tinta Electr\u00f3nica \/ ESL \/ 100% Nube \/ 1 Tienda<\/p>\n","protected":false},"featured_media":53742,"comment_status":"open","ping_status":"closed","template":"","meta":[],"product_brand":[],"product_cat":[1346,1352],"product_tag":[234,1350,1349,1353],"class_list":{"0":"post-53743","1":"product","2":"type-product","3":"status-publish","4":"has-post-thumbnail","6":"product_cat-iot","7":"product_cat-software","8":"product_tag-accesspro","9":"product_tag-gps-y-telematica","10":"product_tag-iot","11":"product_tag-software","13":"first","14":"outofstock","15":"sale","16":"shipping-taxable","17":"purchasable","18":"product-type-simple"},"_links":{"self":[{"href":"https:\/\/soydeaqui.ddns.net\/pachuca\/index.php\/wp-json\/wp\/v2\/product\/53743","targetHints":{"allow":["GET"]}}],"collection":[{"href":"https:\/\/soydeaqui.ddns.net\/pachuca\/index.php\/wp-json\/wp\/v2\/product"}],"about":[{"href":"https:\/\/soydeaqui.ddns.net\/pachuca\/index.php\/wp-json\/wp\/v2\/types\/product"}],"replies":[{"embeddable":true,"href":"https:\/\/soydeaqui.ddns.net\/pachuca\/index.php\/wp-json\/wp\/v2\/comments?post=53743"}],"wp:featuredmedia":[{"embeddable":true,"href":"https:\/\/soydeaqui.ddns.net\/pachuca\/index.php\/wp-json\/wp\/v2\/media\/53742"}],"wp:attachment":[{"href":"https:\/\/soydeaqui.ddns.net\/pachuca\/index.php\/wp-json\/wp\/v2\/media?parent=53743"}],"wp:term":[{"taxonomy":"product_brand","embeddable":true,"href":"https:\/\/soydeaqui.ddns.net\/pachuca\/index.php\/wp-json\/wp\/v2\/product_brand?post=53743"},{"taxonomy":"product_cat","embeddable":true,"href":"https:\/\/soydeaqui.ddns.net\/pachuca\/index.php\/wp-json\/wp\/v2\/product_cat?post=53743"},{"taxonomy":"product_tag","embeddable":true,"href":"https:\/\/soydeaqui.ddns.net\/pachuca\/index.php\/wp-json\/wp\/v2\/product_tag?post=53743"}],"curies":[{"name":"wp","href":"https:\/\/api.w.org\/{rel}","templated":true}]}}