{"id":53718,"date":"2026-03-19T01:57:32","date_gmt":"2026-03-19T01:57:32","guid":{"rendered":"https:\/\/soydeaqui.ddns.net\/pachuca\/index.php\/producto\/sensor-inalambrico-de-angulo-de-inclinacion-ble-4-0-hormigoneras-excavadoras-gruas\/"},"modified":"2026-03-19T01:57:33","modified_gmt":"2026-03-19T01:57:33","slug":"sensor-inalambrico-de-angulo-de-inclinacion-ble-4-0-hormigoneras-excavadoras-gruas","status":"publish","type":"product","link":"https:\/\/soydeaqui.ddns.net\/pachuca\/index.php\/producto\/sensor-inalambrico-de-angulo-de-inclinacion-ble-4-0-hormigoneras-excavadoras-gruas\/","title":{"rendered":"Sensor inal\u00e1mbrico de \u00e1ngulo de inclinaci\u00f3n \/ BLE 4.0 \/ Hormigoneras \/ excavadoras \/ gruas"},"content":{"rendered":"<div style='width: 100%; max-width: 1200px; margin: 0 auto; font-family: sans-serif; line-height: 1.6; color: inherit; background-color: transparent;'>\n<div style='display: flex; flex-wrap: wrap; gap: 30px; margin-bottom: 30px;'>\n<div style='flex: 1 1 300px; min-width: 280px;'>\n<h3 style='font-size: 22px; border-bottom: 2px solid currentColor; padding-bottom: 5px; margin-top: 0; color: inherit; opacity: 0.8;'>Casos de uso<\/h3>\n<\/p><\/div>\n<\/p><\/div>\n<p> <!-- Caso 1 --> <\/p>\n<div style='display: flex; flex-wrap: wrap; gap: 30px; margin-bottom: 40px;'>\n<div style='flex: 1 1 300px; min-width: 280px;'> <img style='width: 100%; height: auto; border: 1px solid rgba(150&comma;150&comma;150&comma;0.3); border-radius: 8px;' src='https:\/\/www.fmeter.ru\/img\/products\/distancionnyj-kontrol\/case\/case-escort-net-03-kontrol-avtobetonosmesitelya.jpg' alt='Control de funcionamiento del cami\u00f3n hormigonera'> <\/div>\n<div style='flex: 1 1 300px; min-width: 280px;'>\n<h2 style='font-size: 20px; margin-top: 0; color: inherit;'><span style='font-family: verdana&comma; geneva&comma; sans-serif;'>Control de funcionamiento del cami\u00f3n hormigonera<\/span><\/h2>\n<p style='font-size: 15px; color: inherit;'><span style='font-family: verdana&comma; geneva&comma; sans-serif;'>Con <strong>el sensor de inclinaci\u00f3n inal\u00e1mbrico<\/strong> Escort DU-BLE&comma; se puede monitorear la direcci\u00f3n de rotaci\u00f3n del mecanismo de la mezcladora de concreto.<\/span><\/p>\n<p style='font-size: 15px; color: inherit;'><span style='font-family: verdana&comma; geneva&comma; sans-serif;'>Mediante el seguimiento del funcionamiento de la hormigonera&comma; es posible controlar tanto el hecho de la mezcla como el lugar de descarga de la mezcla transportada.<\/span><\/p>\n<\/p><\/div>\n<\/p><\/div>\n<p> <!-- Caso 2 --> <\/p>\n<div style='display: flex; flex-wrap: wrap; gap: 30px; margin-bottom: 40px; flex-direction: row-reverse;'>\n<div style='flex: 1 1 300px; min-width: 280px;'> <img style='width: 100%; height: auto; border: 1px solid rgba(150&comma;150&comma;150&comma;0.3); border-radius: 8px;' src='https:\/\/www.fmeter.ru\/img\/products\/datchik-ugla-naklona\/case\/case-du180-01-ekskavator.jpg' alt='Control de operaciones de una excavadora'> <\/div>\n<div style='flex: 1 1 300px; min-width: 280px;'>\n<h2 style='font-size: 20px; margin-top: 0; color: inherit;'><span style='font-family: verdana&comma; geneva&comma; sans-serif;'>Control de operaciones de una excavadora<\/span><\/h2>\n<p style='font-size: 15px; color: inherit;'><span style='font-family: verdana&comma; geneva&comma; sans-serif;'><strong>El sensor inal\u00e1mbrico de \u00e1ngulo de inclinaci\u00f3n<\/strong> &#8216;Escort DU-BLE&#8217; se monta en brazo de una excavadora y transmite informaci\u00f3n sobre su estado a un dispositivo de monitoreo solo cuando se realiza la manipulaci\u00f3n con la cuchara y determina la cantidad total de manipulaciones realizadas&comma; la duraci\u00f3n de operaciones&comma; el tiempo de paradas&comma; y tambi\u00e9n informaci\u00f3n sobre el primero y el \u00faltimo arranque de cuchara.<\/span><\/p>\n<p style='font-size: 15px; color: inherit;'><span style='font-family: verdana&comma; geneva&comma; sans-serif;'>Por lo tanto&comma; usted siempre sabr\u00e1 el volumen exacto de operaciones ejecutadas.<\/span><\/p>\n<\/p><\/div>\n<\/p><\/div>\n<p> <!-- Caso 3 --> <\/p>\n<div style='display: flex; flex-wrap: wrap; gap: 30px; margin-bottom: 40px;'>\n<div style='flex: 1 1 300px; min-width: 280px;'> <img style='width: 100%; height: auto; border: 1px solid rgba(150&comma;150&comma;150&comma;0.3); border-radius: 8px;' src='https:\/\/www.fmeter.ru\/img\/products\/datchik-ugla-naklona\/case\/case-du180-02-avtokran.jpg' alt='Control de operaciones de una gr\u00faa'> <\/div>\n<div style='flex: 1 1 300px; min-width: 280px;'>\n<h2 style='font-size: 20px; margin-top: 0; color: inherit;'><span style='font-family: verdana&comma; geneva&comma; sans-serif;'>Control de operaciones de una gr\u00faa<\/span><\/h2>\n<p style='font-size: 15px; color: inherit;'><span style='font-family: verdana&comma; geneva&comma; sans-serif;'><strong>El sensor inal\u00e1mbrico de \u00e1ngulo de inclinaci\u00f3n<\/strong> &#8216;Escort DU-BLE&#8217; se instala en pluma de una gr\u00faa y transmite a un dispositivo de monitoreo GPS informaci\u00f3n sobre el inicio y fin de levantamiento de la pluma&comma; cantidad de levantamientos&comma; duraci\u00f3n de operaciones realizadas.<\/span><\/p>\n<\/p><\/div>\n<\/p><\/div>\n<p> <!-- Caso 4 --> <\/p>\n<div style='display: flex; flex-wrap: wrap; gap: 30px; margin-bottom: 40px; flex-direction: row-reverse;'>\n<div style='flex: 1 1 300px; min-width: 280px;'> <img style='width: 100%; height: auto; border: 1px solid rgba(150&comma;150&comma;150&comma;0.3); border-radius: 8px;' src='https:\/\/www.fmeter.ru\/img\/products\/datchik-ugla-naklona\/case\/case-du180-03-samosval.jpg' alt='Control de operaciones de un cami\u00f3n de volteo'> <\/div>\n<div style='flex: 1 1 300px; min-width: 280px;'>\n<h2 style='font-size: 20px; margin-top: 0; color: inherit;'><span style='font-family: verdana&comma; geneva&comma; sans-serif;'>Control de operaciones de un cami\u00f3n de volteo<\/span><\/h2>\n<p style='font-size: 15px; color: inherit;'><span style='font-family: verdana&comma; geneva&comma; sans-serif;'><strong>El sensor inal\u00e1mbrico de \u00e1ngulo de inclinaci\u00f3n<\/strong> &#8216;Escort DU-BLE&#8217; se monta en una plataforma basculante y transmite a un dispositivo de monitoreo GPS informaci\u00f3n sobre cada volcamiento de la tolva&comma; es decir &#8211; el tiempo del inicio y del fin del levantamiento&comma; la cantidad y la duraci\u00f3n de descargas.<\/span><\/p>\n<\/p><\/div>\n<\/p><\/div>\n<p> <!-- Caso 5 --> <\/p>\n<div style='display: flex; flex-wrap: wrap; gap: 30px; margin-bottom: 40px;'>\n<div style='flex: 1 1 300px; min-width: 280px;'> <img style='width: 100%; height: auto; border: 1px solid rgba(150&comma;150&comma;150&comma;0.3); border-radius: 8px;' src='https:\/\/www.fmeter.ru\/img\/products\/datchik-ugla-naklona\/case\/case-du180-04-musorovoz.jpg' alt='Control de operaciones de un cami\u00f3n recolector de residuos'> <\/div>\n<div style='flex: 1 1 300px; min-width: 280px;'>\n<h2 style='font-size: 20px; margin-top: 0; color: inherit;'><span style='font-family: verdana&comma; geneva&comma; sans-serif;'>Control de operaciones de un cami\u00f3n recolector de residuos<\/span><\/h2>\n<p style='font-size: 15px; color: inherit;'><span style='font-family: verdana&comma; geneva&comma; sans-serif;'><strong>El sensor inal\u00e1mbrico de \u00e1ngulo de inclinaci\u00f3n<\/strong> &#8216;Escort DU-BLE&#8217; se monta en el mecanismo elevador del veh\u00edculo y a la hora de captar y volcar el contenedor transmite informaci\u00f3n sobre la cantidad de contenedores recolectados y el tiempo labrado&comma; para que usted pueda evaluar la calidad de operaciones realizadas y evitar que la m\u00e1quina salga del \u00e1rea de operaciones predefinida.<\/span><\/p>\n<\/p><\/div>\n<\/p><\/div>\n<p> <!-- Caso 6 --> <\/p>\n<div style='display: flex; flex-wrap: wrap; gap: 30px; margin-bottom: 40px; flex-direction: row-reverse;'>\n<div style='flex: 1 1 300px; min-width: 280px;'> <img style='width: 100%; height: auto; border: 1px solid rgba(150&comma;150&comma;150&comma;0.3); border-radius: 8px;' src='https:\/\/www.fmeter.ru\/img\/products\/datchik-ugla-naklona\/case\/case-du180-05-snegoubor.jpg' alt='Control de operaciones de veh\u00edculos quitanieves \/ motoniveladoras'> <\/div>\n<div style='flex: 1 1 300px; min-width: 280px;'>\n<h2 style='font-size: 20px; margin-top: 0; color: inherit;'><span style='font-family: verdana&comma; geneva&comma; sans-serif;'>Control de operaciones de veh\u00edculos quitanieves \/ motoniveladoras<\/span><\/h2>\n<p style='font-size: 15px; color: inherit;'><span style='font-family: verdana&comma; geneva&comma; sans-serif;'><strong>El sensor inal\u00e1mbrico de \u00e1ngulo de inclinaci\u00f3n<\/strong> &#8216;Escort DU-BLE&#8217; se instala en el bastidor de la cuchilla frontal de la m\u00e1quina quitanieves. El modo \u201cCuchilla\u201d creado especialmente nos da informaci\u00f3n sobre posici\u00f3n de la cuchilla \u2013 si la m\u00e1quina se mueve con la cuchilla levantada o bajada.<\/span><\/p>\n<p style='font-size: 15px; color: inherit;'><span style='font-family: verdana&comma; geneva&comma; sans-serif;'>Principio de funcionamiento de &#8216;DU-BLE&#8217; en niveladoras es el mismo que en las m\u00e1quinas quitanieves. Con la ayuda del sistema instalado usted siempre sabr\u00e1 d\u00f3nde&comma; cu\u00e1ndo y cu\u00e1nto oper\u00f3 la m\u00e1quina.<\/span><\/p>\n<\/p><\/div>\n<\/p><\/div>\n<p> <!-- Caso 7 --> <\/p>\n<div style='display: flex; flex-wrap: wrap; gap: 30px; margin-bottom: 40px;'>\n<div style='flex: 1 1 300px; min-width: 280px;'> <img style='width: 100%; height: auto; border: 1px solid rgba(150&comma;150&comma;150&comma;0.3); border-radius: 8px;' src='https:\/\/www.fmeter.ru\/img\/products\/datchik-ugla-naklona\/case\/case-du180-06-kombayn.jpg' alt='Control del proceso de cosechar'> <\/div>\n<div style='flex: 1 1 300px; min-width: 280px;'>\n<h2 style='font-size: 20px; margin-top: 0; color: inherit;'><span style='font-family: verdana&comma; geneva&comma; sans-serif;'>Control del proceso de cosechar<\/span><\/h2>\n<p style='font-size: 15px; color: inherit;'><span style='font-family: verdana&comma; geneva&comma; sans-serif;'>Instalado en una segadora de cosechadora&comma; el <strong>sensor inal\u00e1mbrico de \u00e1ngulo de inclinaci\u00f3n<\/strong> &#8216;Escort DU-BLE&#8217; proporcionar\u00e1 datos sobre la altura de levantamiento de la segadora. Sabiendo este par\u00e1metro usted siempre calcular\u00e1 del volumen exacto de operaciones realizadas.<\/span><\/p>\n<\/p><\/div>\n<\/p><\/div>\n<\/p><\/div>\n","protected":false},"excerpt":{"rendered":"<p>Sensor inal\u00e1mbrico de \u00e1ngulo de inclinaci\u00f3n \/ BLE 4.0 \/ Hormigoneras \/ excavadoras \/ gruas<\/p>\n","protected":false},"featured_media":53717,"comment_status":"open","ping_status":"closed","template":"","meta":[],"product_brand":[],"product_cat":[1348,1346],"product_tag":[93,1450,1350,1349],"class_list":{"0":"post-53718","1":"product","2":"type-product","3":"status-publish","4":"has-post-thumbnail","6":"product_cat-accesorios-gps-y-telematica","7":"product_cat-iot","8":"product_tag-accesorios","9":"product_tag-escort","10":"product_tag-gps-y-telematica","11":"product_tag-iot","13":"first","14":"outofstock","15":"sale","16":"shipping-taxable","17":"purchasable","18":"product-type-simple"},"_links":{"self":[{"href":"https:\/\/soydeaqui.ddns.net\/pachuca\/index.php\/wp-json\/wp\/v2\/product\/53718","targetHints":{"allow":["GET"]}}],"collection":[{"href":"https:\/\/soydeaqui.ddns.net\/pachuca\/index.php\/wp-json\/wp\/v2\/product"}],"about":[{"href":"https:\/\/soydeaqui.ddns.net\/pachuca\/index.php\/wp-json\/wp\/v2\/types\/product"}],"replies":[{"embeddable":true,"href":"https:\/\/soydeaqui.ddns.net\/pachuca\/index.php\/wp-json\/wp\/v2\/comments?post=53718"}],"wp:featuredmedia":[{"embeddable":true,"href":"https:\/\/soydeaqui.ddns.net\/pachuca\/index.php\/wp-json\/wp\/v2\/media\/53717"}],"wp:attachment":[{"href":"https:\/\/soydeaqui.ddns.net\/pachuca\/index.php\/wp-json\/wp\/v2\/media?parent=53718"}],"wp:term":[{"taxonomy":"product_brand","embeddable":true,"href":"https:\/\/soydeaqui.ddns.net\/pachuca\/index.php\/wp-json\/wp\/v2\/product_brand?post=53718"},{"taxonomy":"product_cat","embeddable":true,"href":"https:\/\/soydeaqui.ddns.net\/pachuca\/index.php\/wp-json\/wp\/v2\/product_cat?post=53718"},{"taxonomy":"product_tag","embeddable":true,"href":"https:\/\/soydeaqui.ddns.net\/pachuca\/index.php\/wp-json\/wp\/v2\/product_tag?post=53718"}],"curies":[{"name":"wp","href":"https:\/\/api.w.org\/{rel}","templated":true}]}}