{"id":53712,"date":"2026-03-19T01:57:19","date_gmt":"2026-03-19T01:57:19","guid":{"rendered":"https:\/\/soydeaqui.ddns.net\/pachuca\/index.php\/producto\/contador-de-personas-para-gestion-de-aforo-con-lorawan\/"},"modified":"2026-03-19T01:57:25","modified_gmt":"2026-03-19T01:57:25","slug":"contador-de-personas-para-gestion-de-aforo-con-lorawan","status":"publish","type":"product","link":"https:\/\/soydeaqui.ddns.net\/pachuca\/index.php\/producto\/contador-de-personas-para-gestion-de-aforo-con-lorawan\/","title":{"rendered":"Contador de Personas para Gesti\u00f3n de Aforo con LoRaWAN"},"content":{"rendered":"<div style='width: 100%; max-width: 1200px; margin: 0 auto; font-family: sans-serif; line-height: 1.6; color: inherit; background-color: transparent;'>\n<div style='width: 100%;'> <img style='width: 100%; height: auto; border: 1px solid rgba(150&comma;150&comma;150&comma;0.3); border-radius: 8px;' src='https:\/\/ftp3.syscom.mx\/usuarios\/fotos\/VS133915M\/218719-1.jpg' alt=''> <\/div>\n<h1 style='font-size: 24px; margin-top: 20px; margin-bottom: 20px; color: inherit; opacity: 0.9;'>Desbloquee el potencial con VS133<\/h1>\n<p style='font-size: 15px; color: inherit; margin-bottom: 30px;'>VS133 utiliza inteligencia artificial integrada y tecnologia ToF de segunda generaci\u00f3n para obtener informaci\u00f3n procesable en el conteo de personas. Con hasta 99.8% de presici\u00f3n y una detecci\u00f3n 100% an\u00f3nima&comma; es ideal para edificios inteligentes y tiendas minoristas.<\/p>\n<div style='display: flex; flex-wrap: wrap; gap: 30px; margin-bottom: 30px;'>\n<div style='position: relative; padding-bottom: 56.25%; height: 0; overflow: hidden; flex: 1 1 45%; min-width: 300px;'>   <\/div>\n<div style='position: relative; padding-bottom: 56.25%; height: 0; overflow: hidden; flex: 1 1 45%; min-width: 300px;'>   <\/div>\n<\/p><\/div>\n<div style='display: flex; flex-wrap: wrap; gap: 30px; margin-bottom: 30px;'>\n<div style='flex: 1 1 300px; min-width: 280px;'>\n<h2 style='font-size: 20px; margin-top: 0; margin-bottom: 15px; color: inherit; opacity: 0.8;'>Algoritmo de IA<\/h2>\n<p style='font-size: 14px; color: inherit; margin-bottom: 20px;'>Es un sensor de conteo de personas de pr\u00f3xima generaci\u00f3n con un algoritmo de IA incorporado que permite filtrar conteos innecesarios y distinguir diferentes multitudes&comma; mejorando en gran medida la precisi\u00f3n y la adaptaci\u00f3n al escenario para un rendimiento \u00f3ptimo.<\/p>\n<\/p><\/div>\n<div style='flex: 1 1 300px; min-width: 280px;'> <img style='width: 100%; height: auto; border: 1px solid rgba(150&comma;150&comma;150&comma;0.3); border-radius: 8px;' src='https:\/\/ftp3.syscom.mx\/usuarios\/fotos\/VS133915M\/218719-2.jpg' alt=''> <\/div>\n<\/p><\/div>\n<div style='display: flex; flex-wrap: wrap; gap: 30px; margin-bottom: 30px;'>\n<div style='flex: 1 1 300px; min-width: 280px;'> <img style='width: 100%; height: auto; border: 1px solid rgba(150&comma;150&comma;150&comma;0.3); border-radius: 8px;' src='https:\/\/ftp3.syscom.mx\/usuarios\/fotos\/VS133915M\/218719-3.jpg' alt=''> <\/div>\n<div style='flex: 1 1 300px; min-width: 280px;'>\n<h2 style='font-size: 20px; margin-top: 0; margin-bottom: 15px; color: inherit; opacity: 0.8;'>Tennolog\u00eda ToF de segunda generaci\u00f3n<\/h2>\n<p style='font-size: 14px; color: inherit; margin-bottom: 20px;'>Basado en la favorable tecnolog\u00eda ToF (Tiempo de vuelo) que presenta alta precisi\u00f3n y protecci\u00f3n an\u00f3nima&comma; el sensor adapta revolucionariamente la tecnolog\u00eda mejorada con un rendimiento m\u00e1s s\u00f3lido&comma; una mayor precisi\u00f3n y una mejor adaptabilidad al escenario para impulsar la aplicaci\u00f3n.<\/p>\n<\/p><\/div>\n<\/p><\/div>\n<div style='display: flex; flex-wrap: wrap; gap: 30px; margin-bottom: 30px;'>\n<div style='flex: 1 1 300px; min-width: 280px;'>\n<h2 style='font-size: 20px; margin-top: 0; margin-bottom: 15px; color: inherit; opacity: 0.8;'>Detecci\u00f3n 100% an\u00f3nima<\/h2>\n<p style='font-size: 14px; color: inherit; margin-bottom: 20px;'>El sensor cumple con el RGPD. Solo obtiene im\u00e1genes en profundidad sin involucrar informaci\u00f3n de identificaci\u00f3n personal basada en la tecnolog\u00eda ToF&comma; que protege en la fuente.<\/p>\n<\/p><\/div>\n<div style='flex: 1 1 300px; min-width: 280px;'> <img style='width: 100%; height: auto; border: 1px solid rgba(150&comma;150&comma;150&comma;0.3); border-radius: 8px;' src='https:\/\/ftp3.syscom.mx\/usuarios\/fotos\/VS133915M\/218719-4.jpg' alt=''> <\/div>\n<\/p><\/div>\n<\/p><\/div>\n","protected":false},"excerpt":{"rendered":"<p>Contador de Personas para Gesti\u00f3n de Aforo con LoRaWAN<\/p>\n","protected":false},"featured_media":53711,"comment_status":"open","ping_status":"closed","template":"","meta":[],"product_brand":[],"product_cat":[1436],"product_tag":[1437,1455,1438],"class_list":{"0":"post-53712","1":"product","2":"type-product","3":"status-publish","4":"has-post-thumbnail","6":"product_cat-sensores-tags","7":"product_tag-lorawan","8":"product_tag-milesight","9":"product_tag-sensores-tags","11":"first","12":"instock","13":"sale","14":"shipping-taxable","15":"purchasable","16":"product-type-simple"},"_links":{"self":[{"href":"https:\/\/soydeaqui.ddns.net\/pachuca\/index.php\/wp-json\/wp\/v2\/product\/53712","targetHints":{"allow":["GET"]}}],"collection":[{"href":"https:\/\/soydeaqui.ddns.net\/pachuca\/index.php\/wp-json\/wp\/v2\/product"}],"about":[{"href":"https:\/\/soydeaqui.ddns.net\/pachuca\/index.php\/wp-json\/wp\/v2\/types\/product"}],"replies":[{"embeddable":true,"href":"https:\/\/soydeaqui.ddns.net\/pachuca\/index.php\/wp-json\/wp\/v2\/comments?post=53712"}],"wp:featuredmedia":[{"embeddable":true,"href":"https:\/\/soydeaqui.ddns.net\/pachuca\/index.php\/wp-json\/wp\/v2\/media\/53711"}],"wp:attachment":[{"href":"https:\/\/soydeaqui.ddns.net\/pachuca\/index.php\/wp-json\/wp\/v2\/media?parent=53712"}],"wp:term":[{"taxonomy":"product_brand","embeddable":true,"href":"https:\/\/soydeaqui.ddns.net\/pachuca\/index.php\/wp-json\/wp\/v2\/product_brand?post=53712"},{"taxonomy":"product_cat","embeddable":true,"href":"https:\/\/soydeaqui.ddns.net\/pachuca\/index.php\/wp-json\/wp\/v2\/product_cat?post=53712"},{"taxonomy":"product_tag","embeddable":true,"href":"https:\/\/soydeaqui.ddns.net\/pachuca\/index.php\/wp-json\/wp\/v2\/product_tag?post=53712"}],"curies":[{"name":"wp","href":"https:\/\/api.w.org\/{rel}","templated":true}]}}